{"id":8,"date":"2026-02-24T18:14:22","date_gmt":"2026-02-24T21:14:22","guid":{"rendered":"https:\/\/memo.museudapessoa.org\/a-vida-que-compartilhamos\/historias\/"},"modified":"2026-03-16T22:52:24","modified_gmt":"2026-03-17T01:52:24","slug":"historias","status":"publish","type":"page","link":"https:\/\/memo.museudapessoa.org\/a-vida-que-compartilhamos\/historias\/","title":{"rendered":"Hist\u00f3rias"},"content":{"rendered":"\n        <section class=\"conteudo\">\n          <div class=\"container\">\n            <div class=\"row\">\n              <div class=\"col-md-12 conteudo content margin-center text-md-\">\n                \n<h2 id=\"nossas-historias\" class=\"wp-block-heading has-text-align-center\">Nossas hist\u00f3rias<\/h2>\n\n              <\/div>\n            <\/div>\n          <\/div>\n        <\/section>\n\n\n        <section class=\"conteudo\">\n          <div class=\"container\">\n            <div class=\"row\">\n              <div class=\"col-md-12 conteudo content margin-center text-md-\">\n                \n<p class=\"has-text-align-center\">Aqui, voc\u00ea encontra hist\u00f3rias de encontros que transformam o cotidiano e criam la\u00e7os profundos entre pessoas e animais. S\u00e3o v\u00ednculos que se constroem no tempo, nas pequenas rotinas e na conviv\u00eancia di\u00e1ria, at\u00e9 que duas vidas passem a seguir como uma hist\u00f3ria compartilhada.<\/p>\n\n              <\/div>\n            <\/div>\n          <\/div>\n        <\/section>\n\n<section id=\"historias-categorias\" class=' margin-top-none margin-bottom-medium padding-top-none padding-bottom-none' style='background-color:rgba(255,255,255,0);'>\n  <div class=\"container\">\n    <div class=\"row pb-5 justify-content-center history-category__btns\" role=\"tablist\">\n          <div role=\"presentation\" class=\"col-auto\">\n        <a id=\"link-categoria-1\" href=\"#compromisso-do-cuidado\" \n        role=\"tab\" aria-controls=\"categoria-1\" aria-selected=\"true\"\n        class=\"btn btn-category-compromisso-do-cuidado active\">Compromisso do Cuidado        <\/a>\n      <\/div>\n            <div role=\"presentation\" class=\"col-auto\">\n        <a id=\"link-categoria-2\" href=\"#caminhos-de-convivencia\" \n        role=\"tab\" aria-controls=\"categoria-2\" aria-selected=\"false\"\n        class=\"btn btn-category-caminhos-de-convivencia \">Caminhos de Conviv\u00eancia        <\/a>\n      <\/div>\n            <div role=\"presentation\" class=\"col-auto\">\n        <a id=\"link-categoria-3\" href=\"#tempos-de-travessia\" \n        role=\"tab\" aria-controls=\"categoria-3\" aria-selected=\"false\"\n        class=\"btn btn-category-tempos-de-travessia \">Tempos de Travessia        <\/a>\n      <\/div>\n          <\/div>\n          <div id='compromisso-do-cuidado' \n      role=\"tabpanel\" aria-labelledby=\"link-categoria-1\" aria-hidden=\"false\"\n      class=\"history-category history-category-compromisso-do-cuidado item-1 active\"\n          style=\"display:block;\"          >\n          <div class=\"row justify-content-center\">\n                              <div class=\"pb-5\">\n                    <p style=\"text-align: center\">Hist\u00f3rias de quem escolheu cuidar \u2014 e transformou o afeto em compromisso. Tutores que assumem a responsabilidade de proteger, acompanhar e garantir o bem-estar de quem caminha ao seu lado. Entre gestos de cuidado e presen\u00e7a, surgem encontros que levam conforto, atravessam dist\u00e2ncias e fazem do amor uma verdadeira miss\u00e3o.<\/p>\n                <\/div>\n                                           <div class=\"col-md-3 history-item mb-5 mb-md-4 wow fadeInUp\" data-wow-delay=\"0.1s\">\n                  <a href=\"https:\/\/memo.museudapessoa.org\/a-vida-que-compartilhamos\/historia-detalhe\/69973\/historias\/1\">\n                      <picture><source srcset='https:\/\/memo.museudapessoa.org\/app\/_lib\/file\/img\/thumb\/PRE_HV007_FT001(3).JPG' \/>\n\t\t<img  src='https:\/\/memo.museudapessoa.org\/app\/_lib\/file\/img\/thumb\/PRE_HV007_FT001(3).JPG' alt='Volunt\u00e1rios do Carinho' \/><\/picture>                      <p class=\"bold history-item__title mb-0\">\n                            Volunt\u00e1rios do Carinho                      <\/p>\n                  <\/a>\n                                      <p class=\"small\">Marina Matsumoto e Toddy<\/p>\n                    <!-- <a target=\"_blank\" href=\"https:\/\/museudapessoa.org\/historias\/pessoadetalhe\/?id=104366\" class=\"history-item__char\"><\/a>  -->\n                                 <\/div> \n                             <div class=\"col-md-3 history-item mb-5 mb-md-4 wow fadeInUp\" data-wow-delay=\"0.2s\">\n                  <a href=\"https:\/\/memo.museudapessoa.org\/a-vida-que-compartilhamos\/historia-detalhe\/69974\/historias\/1\">\n                      <picture><source srcset='https:\/\/memo.museudapessoa.org\/app\/_lib\/file\/img\/thumb\/PRE_HV008_FT013(1).jpeg' \/>\n\t\t<img  src='https:\/\/memo.museudapessoa.org\/app\/_lib\/file\/img\/thumb\/PRE_HV008_FT013(1).jpeg' alt='Uma Estrada Compartilhada' \/><\/picture>                      <p class=\"bold history-item__title mb-0\">\n                            Uma Estrada Compartilhada                      <\/p>\n                  <\/a>\n                                      <p class=\"small\">Oriana Hernandez e Marta<\/p>\n                    <!-- <a target=\"_blank\" href=\"https:\/\/museudapessoa.org\/historias\/pessoadetalhe\/?id=104367\" class=\"history-item__char\"><\/a>  -->\n                                 <\/div> \n                             <div class=\"col-md-3 history-item mb-5 mb-md-4 wow fadeInUp\" data-wow-delay=\"0.3s\">\n                  <a href=\"https:\/\/memo.museudapessoa.org\/a-vida-que-compartilhamos\/historia-detalhe\/69969\/historias\/1\">\n                      <picture><source srcset='https:\/\/memo.museudapessoa.org\/app\/_lib\/file\/img\/thumb\/PRE_HV003_FT006(2).jpg' \/>\n\t\t<img  src='https:\/\/memo.museudapessoa.org\/app\/_lib\/file\/img\/thumb\/PRE_HV003_FT006(2).jpg' alt='Parceiros de Aventura' \/><\/picture>                      <p class=\"bold history-item__title mb-0\">\n                            Parceiros de Aventura                      <\/p>\n                  <\/a>\n                                      <p class=\"small\">Sandra Melo e Dean<\/p>\n                    <!-- <a target=\"_blank\" href=\"https:\/\/museudapessoa.org\/historias\/pessoadetalhe\/?id=104361\" class=\"history-item__char\"><\/a>  -->\n                                 <\/div> \n                            <\/div>\n          <\/div>\n          <div id='caminhos-de-convivencia' \n      role=\"tabpanel\" aria-labelledby=\"link-categoria-2\" aria-hidden=\"true\"\n      class=\"history-category history-category-caminhos-de-convivencia item-2 \"\n                    >\n          <div class=\"row justify-content-center\">\n                              <div class=\"pb-5\">\n                    <p style=\"text-align: center\">Aprendizados feitos de sil\u00eancios, gestos e presen\u00e7as constantes. Entre madrugadas de estudo, rotinas partilhadas, momentos dif\u00edceis e aventuras inesperadas, tutores e seus animais aprendem novas formas de comunica\u00e7\u00e3o e carinho. Assim, no respeito ao tempo e ao afeto, a conviv\u00eancia transforma companhia em la\u00e7o profundo.<\/p>\n                <\/div>\n                                           <div class=\"col-md-3 history-item mb-5 mb-md-4 wow fadeInUp\" data-wow-delay=\"0.1s\">\n                  <a href=\"https:\/\/memo.museudapessoa.org\/a-vida-que-compartilhamos\/historia-detalhe\/69976\/historias\/2\">\n                      <picture><source srcset='https:\/\/memo.museudapessoa.org\/app\/_lib\/file\/img\/thumb\/3V1A9907.jpg' \/>\n\t\t<img  src='https:\/\/memo.museudapessoa.org\/app\/_lib\/file\/img\/thumb\/3V1A9907.jpg' alt='Destino Tra\u00e7ado na Pele' loading='lazy' \/><\/picture>                      <p class=\"bold history-item__title mb-0\">\n                            Destino Tra\u00e7ado na Pele                      <\/p>\n                  <\/a>\n                                      <p class=\"small\">Daniel Garcia e Mia<\/p>\n                    <!-- <a target=\"_blank\" href=\"https:\/\/museudapessoa.org\/historias\/pessoadetalhe\/?id=104369\" class=\"history-item__char\"><\/a>  -->\n                                 <\/div> \n                             <div class=\"col-md-3 history-item mb-5 mb-md-4 wow fadeInUp\" data-wow-delay=\"0.2s\">\n                  <a href=\"https:\/\/memo.museudapessoa.org\/a-vida-que-compartilhamos\/historia-detalhe\/69967\/historias\/2\">\n                      <picture><source srcset='https:\/\/memo.museudapessoa.org\/app\/_lib\/file\/img\/thumb\/PRE_HV001_FT009(1).jpg' \/>\n\t\t<img  src='https:\/\/memo.museudapessoa.org\/app\/_lib\/file\/img\/thumb\/PRE_HV001_FT009(1).jpg' alt='Escolhida pra Ser Companhia' \/><\/picture>                      <p class=\"bold history-item__title mb-0\">\n                            Escolhida pra Ser Companhia                      <\/p>\n                  <\/a>\n                                      <p class=\"small\">Milena Klinke e Olga<\/p>\n                    <!-- <a target=\"_blank\" href=\"https:\/\/museudapessoa.org\/historias\/pessoadetalhe\/?id=104358\" class=\"history-item__char\"><\/a>  -->\n                                 <\/div> \n                             <div class=\"col-md-3 history-item mb-5 mb-md-4 wow fadeInUp\" data-wow-delay=\"0.3s\">\n                  <a href=\"https:\/\/memo.museudapessoa.org\/a-vida-que-compartilhamos\/historia-detalhe\/69968\/historias\/2\">\n                      <picture><source srcset='https:\/\/memo.museudapessoa.org\/app\/_lib\/file\/img\/thumb\/PRE_HV002_MO025(1).jpg' \/>\n\t\t<img  src='https:\/\/memo.museudapessoa.org\/app\/_lib\/file\/img\/thumb\/PRE_HV002_MO025(1).jpg' alt='As F\u00eameas da Minha Vida' \/><\/picture>                      <p class=\"bold history-item__title mb-0\">\n                            As F\u00eameas da Minha Vida                      <\/p>\n                  <\/a>\n                                      <p class=\"small\">Cintia Oliveira e F\u00eanix<\/p>\n                    <!-- <a target=\"_blank\" href=\"https:\/\/museudapessoa.org\/historias\/pessoadetalhe\/?id=104360\" class=\"history-item__char\"><\/a>  -->\n                                 <\/div> \n                             <div class=\"col-md-3 history-item mb-5 mb-md-4 wow fadeInUp\" data-wow-delay=\"0.4s\">\n                  <a href=\"https:\/\/memo.museudapessoa.org\/a-vida-que-compartilhamos\/historia-detalhe\/69970\/historias\/2\">\n                      <picture><source srcset='https:\/\/memo.museudapessoa.org\/app\/_lib\/file\/img\/thumb\/3V1A1616.jpg' \/>\n\t\t<img  src='https:\/\/memo.museudapessoa.org\/app\/_lib\/file\/img\/thumb\/3V1A1616.jpg' alt='S\u00f3cios do Amor' loading='lazy' \/><\/picture>                      <p class=\"bold history-item__title mb-0\">\n                            S\u00f3cios do Amor                      <\/p>\n                  <\/a>\n                                      <p class=\"small\">Dayana Gomes e Bento<\/p>\n                    <!-- <a target=\"_blank\" href=\"https:\/\/museudapessoa.org\/historias\/pessoadetalhe\/?id=104362\" class=\"history-item__char\"><\/a>  -->\n                                 <\/div> \n                            <\/div>\n          <\/div>\n          <div id='tempos-de-travessia' \n      role=\"tabpanel\" aria-labelledby=\"link-categoria-3\" aria-hidden=\"true\"\n      class=\"history-category history-category-tempos-de-travessia item-3 \"\n                    >\n          <div class=\"row justify-content-center\">\n                              <div class=\"pb-5\">\n                    <p style=\"text-align: center\">Hist\u00f3rias de recome\u00e7o, quando a vida muda de rumo e o afeto se torna abrigo. Entre mudan\u00e7as, despedidas e sil\u00eancios dif\u00edceis, a presen\u00e7a de um animal transforma cuidado em for\u00e7a para seguir. Assim, na companhia que chega no momento certo, nascem novos caminhos e a vida encontra maneiras de existir outra vez.<\/p>\n                <\/div>\n                                           <div class=\"col-md-3 history-item mb-5 mb-md-4 wow fadeInUp\" data-wow-delay=\"0.1s\">\n                  <a href=\"https:\/\/memo.museudapessoa.org\/a-vida-que-compartilhamos\/historia-detalhe\/69971\/historias\/3\">\n                      <picture><source srcset='https:\/\/memo.museudapessoa.org\/app\/_lib\/file\/img\/thumb\/PRE_HV005_MO002(1).jpg' \/>\n\t\t<img  src='https:\/\/memo.museudapessoa.org\/app\/_lib\/file\/img\/thumb\/PRE_HV005_MO002(1).jpg' alt='Raissa e D\u00e9j\u00e0 vu Contra o Mundo' \/><\/picture>                      <p class=\"bold history-item__title mb-0\">\n                            Raissa e D\u00e9j\u00e0 vu Contra o Mundo                      <\/p>\n                  <\/a>\n                                      <p class=\"small\">Raissa Ferreira e D\u00e9j\u00e0-vu<\/p>\n                    <!-- <a target=\"_blank\" href=\"https:\/\/museudapessoa.org\/historias\/pessoadetalhe\/?id=104363\" class=\"history-item__char\"><\/a>  -->\n                                 <\/div> \n                             <div class=\"col-md-3 history-item mb-5 mb-md-4 wow fadeInUp\" data-wow-delay=\"0.2s\">\n                  <a href=\"https:\/\/memo.museudapessoa.org\/a-vida-que-compartilhamos\/historia-detalhe\/69975\/historias\/3\">\n                      <picture><source srcset='https:\/\/memo.museudapessoa.org\/app\/_lib\/file\/img\/thumb\/3V1A0080.jpg' \/>\n\t\t<img  src='https:\/\/memo.museudapessoa.org\/app\/_lib\/file\/img\/thumb\/3V1A0080.jpg' alt='La\u00e7os de Cura' loading='lazy' \/><\/picture>                      <p class=\"bold history-item__title mb-0\">\n                            La\u00e7os de Cura                      <\/p>\n                  <\/a>\n                                      <p class=\"small\">Christiane Aguiar e Carlota<\/p>\n                    <!-- <a target=\"_blank\" href=\"https:\/\/museudapessoa.org\/historias\/pessoadetalhe\/?id=104368\" class=\"history-item__char\"><\/a>  -->\n                                 <\/div> \n                             <div class=\"col-md-3 history-item mb-5 mb-md-4 wow fadeInUp\" data-wow-delay=\"0.3s\">\n                  <a href=\"https:\/\/memo.museudapessoa.org\/a-vida-que-compartilhamos\/historia-detalhe\/69972\/historias\/3\">\n                      <picture><source srcset='https:\/\/memo.museudapessoa.org\/app\/_lib\/file\/img\/thumb\/PRE_HV006_MO024.jpg' \/>\n\t\t<img  src='https:\/\/memo.museudapessoa.org\/app\/_lib\/file\/img\/thumb\/PRE_HV006_MO024.jpg' alt='Responsabilidade do Cuidado' loading='lazy' \/><\/picture>                      <p class=\"bold history-item__title mb-0\">\n                            Responsabilidade do Cuidado                      <\/p>\n                  <\/a>\n                                      <p class=\"small\">Rafaela Azevedo e Mel Radical<\/p>\n                    <!-- <a target=\"_blank\" href=\"https:\/\/museudapessoa.org\/historias\/pessoadetalhe\/?id=104364\" class=\"history-item__char\"><\/a>  -->\n                                 <\/div> \n                            <\/div>\n          <\/div>\n      <\/div>\n<\/section>\n","protected":false},"excerpt":{"rendered":"<p>Nossas hist\u00f3rias Aqui, voc\u00ea encontra hist\u00f3rias de encontros que transformam o cotidiano e criam la\u00e7os profundos entre pessoas e animais. S\u00e3o v\u00ednculos que se constroem no tempo, nas pequenas rotinas e na conviv\u00eancia di\u00e1ria, at\u00e9 que duas vidas passem a&#8230;<\/p>\n","protected":false},"author":12047,"featured_media":0,"parent":0,"menu_order":0,"comment_status":"closed","ping_status":"closed","template":"","meta":{"_acf_changed":false,"footnotes":""},"class_list":["post-8","page","type-page","status-publish","hentry"],"acf":[],"yoast_head":"<!-- This site is optimized with the Yoast SEO plugin v23.3 - https:\/\/yoast.com\/wordpress\/plugins\/seo\/ -->\n<title>Hist\u00f3rias - A Vida que Compartilhamos<\/title>\n<meta name=\"robots\" content=\"noindex, follow, max-snippet:-1, max-image-preview:large, max-video-preview:-1\" \/>\n<meta property=\"og:locale\" content=\"pt_BR\" \/>\n<meta property=\"og:type\" content=\"article\" \/>\n<meta property=\"og:title\" content=\"Hist\u00f3rias - A Vida que Compartilhamos\" \/>\n<meta property=\"og:description\" content=\"Nossas hist\u00f3rias Aqui, voc\u00ea encontra hist\u00f3rias de encontros que transformam o cotidiano e criam la\u00e7os profundos entre pessoas e animais. S\u00e3o v\u00ednculos que se constroem no tempo, nas pequenas rotinas e na conviv\u00eancia di\u00e1ria, at\u00e9 que duas vidas passem a...\" \/>\n<meta property=\"og:url\" content=\"https:\/\/memo.museudapessoa.org\/a-vida-que-compartilhamos\/historias\/\" \/>\n<meta property=\"og:site_name\" content=\"A Vida que Compartilhamos\" \/>\n<meta property=\"article:modified_time\" content=\"2026-03-17T01:52:24+00:00\" \/>\n<meta name=\"twitter:card\" content=\"summary_large_image\" \/>\n<meta name=\"twitter:label1\" content=\"Est. tempo de leitura\" \/>\n\t<meta name=\"twitter:data1\" content=\"1 minuto\" \/>\n<script type=\"application\/ld+json\" class=\"yoast-schema-graph\">{\"@context\":\"https:\/\/schema.org\",\"@graph\":[{\"@type\":\"WebPage\",\"@id\":\"https:\/\/memo.museudapessoa.org\/a-vida-que-compartilhamos\/historias\/\",\"url\":\"https:\/\/memo.museudapessoa.org\/a-vida-que-compartilhamos\/historias\/\",\"name\":\"Hist\u00f3rias - A Vida que Compartilhamos\",\"isPartOf\":{\"@id\":\"https:\/\/memo.museudapessoa.org\/a-vida-que-compartilhamos\/#website\"},\"datePublished\":\"2026-02-24T21:14:22+00:00\",\"dateModified\":\"2026-03-17T01:52:24+00:00\",\"breadcrumb\":{\"@id\":\"https:\/\/memo.museudapessoa.org\/a-vida-que-compartilhamos\/historias\/#breadcrumb\"},\"inLanguage\":\"pt-BR\",\"potentialAction\":[{\"@type\":\"ReadAction\",\"target\":[\"https:\/\/memo.museudapessoa.org\/a-vida-que-compartilhamos\/historias\/\"]}]},{\"@type\":\"BreadcrumbList\",\"@id\":\"https:\/\/memo.museudapessoa.org\/a-vida-que-compartilhamos\/historias\/#breadcrumb\",\"itemListElement\":[{\"@type\":\"ListItem\",\"position\":1,\"name\":\"In\u00edcio\",\"item\":\"https:\/\/memo.museudapessoa.org\/a-vida-que-compartilhamos\/\"},{\"@type\":\"ListItem\",\"position\":2,\"name\":\"Hist\u00f3rias\"}]},{\"@type\":\"WebSite\",\"@id\":\"https:\/\/memo.museudapessoa.org\/a-vida-que-compartilhamos\/#website\",\"url\":\"https:\/\/memo.museudapessoa.org\/a-vida-que-compartilhamos\/\",\"name\":\"A Vida que Compartilhamos\",\"description\":\"\",\"potentialAction\":[{\"@type\":\"SearchAction\",\"target\":{\"@type\":\"EntryPoint\",\"urlTemplate\":\"https:\/\/memo.museudapessoa.org\/a-vida-que-compartilhamos\/?s={search_term_string}\"},\"query-input\":\"required name=search_term_string\"}],\"inLanguage\":\"pt-BR\"}]}<\/script>\n<!-- \/ Yoast SEO plugin. -->","yoast_head_json":{"title":"Hist\u00f3rias - A Vida que Compartilhamos","robots":{"index":"noindex","follow":"follow","max-snippet":"max-snippet:-1","max-image-preview":"max-image-preview:large","max-video-preview":"max-video-preview:-1"},"og_locale":"pt_BR","og_type":"article","og_title":"Hist\u00f3rias - A Vida que Compartilhamos","og_description":"Nossas hist\u00f3rias Aqui, voc\u00ea encontra hist\u00f3rias de encontros que transformam o cotidiano e criam la\u00e7os profundos entre pessoas e animais. S\u00e3o v\u00ednculos que se constroem no tempo, nas pequenas rotinas e na conviv\u00eancia di\u00e1ria, at\u00e9 que duas vidas passem a...","og_url":"https:\/\/memo.museudapessoa.org\/a-vida-que-compartilhamos\/historias\/","og_site_name":"A Vida que Compartilhamos","article_modified_time":"2026-03-17T01:52:24+00:00","twitter_card":"summary_large_image","twitter_misc":{"Est. tempo de leitura":"1 minuto"},"schema":{"@context":"https:\/\/schema.org","@graph":[{"@type":"WebPage","@id":"https:\/\/memo.museudapessoa.org\/a-vida-que-compartilhamos\/historias\/","url":"https:\/\/memo.museudapessoa.org\/a-vida-que-compartilhamos\/historias\/","name":"Hist\u00f3rias - A Vida que Compartilhamos","isPartOf":{"@id":"https:\/\/memo.museudapessoa.org\/a-vida-que-compartilhamos\/#website"},"datePublished":"2026-02-24T21:14:22+00:00","dateModified":"2026-03-17T01:52:24+00:00","breadcrumb":{"@id":"https:\/\/memo.museudapessoa.org\/a-vida-que-compartilhamos\/historias\/#breadcrumb"},"inLanguage":"pt-BR","potentialAction":[{"@type":"ReadAction","target":["https:\/\/memo.museudapessoa.org\/a-vida-que-compartilhamos\/historias\/"]}]},{"@type":"BreadcrumbList","@id":"https:\/\/memo.museudapessoa.org\/a-vida-que-compartilhamos\/historias\/#breadcrumb","itemListElement":[{"@type":"ListItem","position":1,"name":"In\u00edcio","item":"https:\/\/memo.museudapessoa.org\/a-vida-que-compartilhamos\/"},{"@type":"ListItem","position":2,"name":"Hist\u00f3rias"}]},{"@type":"WebSite","@id":"https:\/\/memo.museudapessoa.org\/a-vida-que-compartilhamos\/#website","url":"https:\/\/memo.museudapessoa.org\/a-vida-que-compartilhamos\/","name":"A Vida que Compartilhamos","description":"","potentialAction":[{"@type":"SearchAction","target":{"@type":"EntryPoint","urlTemplate":"https:\/\/memo.museudapessoa.org\/a-vida-que-compartilhamos\/?s={search_term_string}"},"query-input":"required name=search_term_string"}],"inLanguage":"pt-BR"}]}},"_links":{"self":[{"href":"https:\/\/memo.museudapessoa.org\/a-vida-que-compartilhamos\/wp-json\/wp\/v2\/pages\/8"}],"collection":[{"href":"https:\/\/memo.museudapessoa.org\/a-vida-que-compartilhamos\/wp-json\/wp\/v2\/pages"}],"about":[{"href":"https:\/\/memo.museudapessoa.org\/a-vida-que-compartilhamos\/wp-json\/wp\/v2\/types\/page"}],"author":[{"embeddable":true,"href":"https:\/\/memo.museudapessoa.org\/a-vida-que-compartilhamos\/wp-json\/wp\/v2\/users\/12047"}],"replies":[{"embeddable":true,"href":"https:\/\/memo.museudapessoa.org\/a-vida-que-compartilhamos\/wp-json\/wp\/v2\/comments?post=8"}],"version-history":[{"count":22,"href":"https:\/\/memo.museudapessoa.org\/a-vida-que-compartilhamos\/wp-json\/wp\/v2\/pages\/8\/revisions"}],"predecessor-version":[{"id":201,"href":"https:\/\/memo.museudapessoa.org\/a-vida-que-compartilhamos\/wp-json\/wp\/v2\/pages\/8\/revisions\/201"}],"wp:attachment":[{"href":"https:\/\/memo.museudapessoa.org\/a-vida-que-compartilhamos\/wp-json\/wp\/v2\/media?parent=8"}],"curies":[{"name":"wp","href":"https:\/\/api.w.org\/{rel}","templated":true}]}}