{"id":464,"date":"2024-01-11T19:22:09","date_gmt":"2024-01-11T22:22:09","guid":{"rendered":"https:\/\/memo.museudapessoa.org\/biomas-que-transformam\/copia-de-personagens\/"},"modified":"2024-01-11T19:24:23","modified_gmt":"2024-01-11T22:24:23","slug":"copia-de-personagens","status":"publish","type":"page","link":"https:\/\/memo.museudapessoa.org\/biomas-que-transformam\/copia-de-personagens\/","title":{"rendered":"C\u00f3pia de Personagens"},"content":{"rendered":"\n        <section class=\"conteudo\">\n          <div class=\"container\">\n            <div class=\"row\">\n              <div class=\"col-md-12 conteudo content margin-center text-md-\">\n                \n<h2 id=\"personagens\" class=\"wp-block-heading\">Personagens<\/h2>\n\n              <\/div>\n            <\/div>\n          <\/div>\n        <\/section>\n\n\n<section id=\"grade-elementos\" class='histories-home block-grid margin-top-none margin-bottom-medium padding-top-none padding-bottom-none' style='background-color:rgba(255,255,255,0);' >\n  <div class=\"container\">\n    <div class=\"row\">\n      <div class=\"col-md-12\">\n                      <\/div>\n    <\/div>\n  <\/div>\n  <div class=\"container mt-4\">\n          <style>\n          #grade-elementos .block-grid__item img,  #grade-elementos .block-grid__item--image{ \n              height:300px;\n          }\n          @media(max-width: 767.98px){\n            #grade-elementos .block-grid__item img,  #grade-elementos .block-grid__item--image{ \n              height:225px;\n            }\n          }\n      <\/style>      \n        <div class=\"row\">\n            <div data-wow-delay=\"100ms\" class=\"element-item wow fadeInUp px-md-4 mb-4 col-6 col-md-4\">\n                      <div class=\"block-grid__item\">\n                    <div class=\"block-grid__item--image\">\n            <div class=\"flipper\">\n                      <div class=\"front\">\n                <img decoding=\"async\" class=\"w-100\"  src=\"https:\/\/memo.museudapessoa.org\/biomas-que-transformam\/wp-content\/uploads\/sites\/20\/2023\/06\/Captura-de-Tela-179-1024x576.png\" alt=\"Dailson Andrade Santos \"\n                 loading=\"lazy\">\n                <\/div>\n                                    <\/div>\n          <\/div>\n            <h3 class=\"title-small mb-1 mt-1 text-uppercase\">Dailson Andrade Santos <\/h3>\n                      <p>Nascido no dia 27 de abril de 1987, em Tucano (BA). \u00c9 formado em Ci\u00eancias Cont\u00e1beis. Politizou-se ainda cedo e auxiliou no crescimento da sua comunidade. Nessas experi\u00eancias, conheceu a Coopercuc e acabou se envolvendo em suas atividades relacionadas a extra\u00e7\u00e3o de frutas origin\u00e1rias da Caatinga.<\/p>\n                                    <\/div>\n                <\/div>\n            <div data-wow-delay=\"200ms\" class=\"element-item wow fadeInUp px-md-4 mb-4 col-6 col-md-4\">\n                      <div class=\"block-grid__item\">\n                    <div class=\"block-grid__item--image\">\n            <div class=\"flipper\">\n                      <div class=\"front\">\n                <img decoding=\"async\" class=\"w-100\"  src=\"https:\/\/memo.museudapessoa.org\/biomas-que-transformam\/wp-content\/uploads\/sites\/20\/2023\/06\/Captura-de-Tela-180-1024x576.png\" alt=\"Durvalina Ribeiro de Souza\"\n                 loading=\"lazy\">\n                <\/div>\n                                    <\/div>\n          <\/div>\n            <h3 class=\"title-small mb-1 mt-1 text-uppercase\">Durvalina Ribeiro de Souza<\/h3>\n                      <p>Durvalina nasceu no dia 9 de junho de 1974, em S\u00e3o F\u00e9lix (TO). \u00c9 de regi\u00e3o quilombola e filha de pais artes\u00e3os. Com a voca\u00e7\u00e3o de artes\u00e3 passada de gera\u00e7\u00e3o em gera\u00e7\u00e3o, tem mais de tr\u00eas d\u00e9cadas de experi\u00eancia no tran\u00e7ado do capim dourado, abundante na regi\u00e3o do Jalap\u00e3o.<\/p>\n                                    <\/div>\n                <\/div>\n            <div data-wow-delay=\"300ms\" class=\"element-item wow fadeInUp px-md-4 mb-4 col-6 col-md-4\">\n                      <div class=\"block-grid__item\">\n                    <div class=\"block-grid__item--image\">\n            <div class=\"flipper\">\n                      <div class=\"front\">\n                <img decoding=\"async\" class=\"w-100\"  src=\"https:\/\/memo.museudapessoa.org\/biomas-que-transformam\/wp-content\/uploads\/sites\/20\/2023\/06\/Captura-de-Tela-182-1024x576.png\" alt=\"Joanna Martins\"\n                 loading=\"lazy\">\n                <\/div>\n                                    <\/div>\n          <\/div>\n            <h3 class=\"title-small mb-1 mt-1 text-uppercase\">Joanna Martins<\/h3>\n                      <p>Joanna Martins nasceu no dia 9 de setembro de 1980, em Bel\u00e9m (PA). \u00c9 formada em Publicidade e Propaganda. Criada no restaurante da fam\u00edlia, o \u201cL\u00e1 Em Casa\u201d, e apaixonada pela Amaz\u00f4nia, \u00e9 cofundadora da Manioca, empresa foodtech que busca colocar os ingredientes da Amaz\u00f4nia nas mesas do mundo inteiro.<\/p>\n                                    <\/div>\n                <\/div>\n            <div data-wow-delay=\"100ms\" class=\"element-item wow fadeInUp px-md-4 mb-4 col-6 col-md-4\">\n                      <div class=\"block-grid__item\">\n                    <div class=\"block-grid__item--image\">\n            <div class=\"flipper\">\n                      <div class=\"front\">\n                <img decoding=\"async\" class=\"w-100\"  src=\"https:\/\/memo.museudapessoa.org\/biomas-que-transformam\/wp-content\/uploads\/sites\/20\/2023\/06\/Captura-de-Tela-184-1024x576.png\" alt=\"Jonatas Machado Ibernon\"\n                 loading=\"lazy\">\n                <\/div>\n                                    <\/div>\n          <\/div>\n            <h3 class=\"title-small mb-1 mt-1 text-uppercase\">Jonatas Machado Ibernon<\/h3>\n                      <p>Jonatas nasceu no dia 29 de julho de 1995, em Manaus (AM). Formado em Marketing, visa empreender atrav\u00e9s da biodiversidade e da conserva\u00e7\u00e3o da floresta amaz\u00f4nica a partir da produ\u00e7\u00e3o e comercializa\u00e7\u00e3o do caf\u00e9 agroflorestal. Atualmente, \u00e9 s\u00f3cio-diretor da Amaz\u00f4nia Agroflorestal e diretor comercial do Caf\u00e9 Apu\u00ed Agroflorestal.<\/p>\n                                    <\/div>\n                <\/div>\n            <div data-wow-delay=\"200ms\" class=\"element-item wow fadeInUp px-md-4 mb-4 col-6 col-md-4\">\n                      <div class=\"block-grid__item\">\n                    <div class=\"block-grid__item--image\">\n            <div class=\"flipper\">\n                      <div class=\"front\">\n                <img decoding=\"async\" class=\"w-100\"  src=\"https:\/\/memo.museudapessoa.org\/biomas-que-transformam\/wp-content\/uploads\/sites\/20\/2023\/06\/Captura-de-Tela-187-1024x764.png\" alt=\"Marcia Pereira de Pereira\"\n                 loading=\"lazy\">\n                <\/div>\n                                    <\/div>\n          <\/div>\n            <h3 class=\"title-small mb-1 mt-1 text-uppercase\">Marcia Pereira de Pereira<\/h3>\n                      <p>Nasceu no dia 20 de maio de 1959, em Pelotas (RS). \u00c9 formada em Arquitetura e Urbanismo. Ap\u00f3s sofrer um quadro de depress\u00e3o, recome\u00e7ou sua vida como artes\u00e3 e bordadeira. Hoje faz parte da Associa\u00e7\u00e3o Bichos do Mar de Dentro, cujos produtos s\u00e3o inspirados na fauna da regi\u00e3o da Costa Doce, no Pampa Ga\u00facho.<\/p>\n                                    <\/div>\n                <\/div>\n            <div data-wow-delay=\"300ms\" class=\"element-item wow fadeInUp px-md-4 mb-4 col-6 col-md-4\">\n                      <div class=\"block-grid__item\">\n                    <div class=\"block-grid__item--image\">\n            <div class=\"flipper\">\n                      <div class=\"front\">\n                <img decoding=\"async\" class=\"w-100\"  src=\"https:\/\/memo.museudapessoa.org\/biomas-que-transformam\/wp-content\/uploads\/sites\/20\/2023\/06\/Captura-de-Tela-189-1-1024x611.png\" alt=\"Mareilde Freire Almeida\"\n                 loading=\"lazy\">\n                <\/div>\n                                    <\/div>\n          <\/div>\n            <h3 class=\"title-small mb-1 mt-1 text-uppercase\">Mareilde Freire Almeida<\/h3>\n                      <p>Mareilde nasceu no dia 20 de novembro de 1961, em Freire Cardoso (MG). \u00c9 formada em Administra\u00e7\u00e3o e possui p\u00f3s em Cosmetologia. Mudou-se quando crian\u00e7a para Rond\u00f4nia e l\u00e1 descobriu as riquezas da Amaz\u00f4nia. \u00c9 cofundadora da Saboaria Rond\u00f4nia, empresa de cosm\u00e9ticos aliada a biodiversidade amaz\u00f4nica e ao trabalho comunit\u00e1rio de mulheres rurais.<\/p>\n                                    <\/div>\n                <\/div>\n            <div data-wow-delay=\"100ms\" class=\"element-item wow fadeInUp px-md-4 mb-4 col-6 col-md-4\">\n                      <div class=\"block-grid__item\">\n                    <div class=\"block-grid__item--image\">\n            <div class=\"flipper\">\n                      <div class=\"front\">\n                <img decoding=\"async\" class=\"w-100\"  src=\"https:\/\/memo.museudapessoa.org\/biomas-que-transformam\/wp-content\/uploads\/sites\/20\/2023\/06\/Captura-de-Tela-190-1024x576.png\" alt=\"Ney Ralison Silva de Oliveira\"\n                 loading=\"lazy\">\n                <\/div>\n                                    <\/div>\n          <\/div>\n            <h3 class=\"title-small mb-1 mt-1 text-uppercase\">Ney Ralison Silva de Oliveira<\/h3>\n                      <p>Ney nasceu no dia 26 de setembro de 1985, em Tucuru\u00ed (PA). Vivendo sempre em comunidades na beira da Transamaz\u00f4nica, encontrou desde cedo interesse no meio rural. Tem forma\u00e7\u00e3o como T\u00e9cnico Agr\u00edcola \u2013 Habilitado em Agroind\u00fastria e Educa\u00e7\u00e3o do Campo \u2013 Habilitado em Ci\u00eancias Agr\u00e1rias e Naturais. Atualmente, \u00e9 t\u00e9cnico agr\u00edcola e produtor rural na Coopercau.<\/p>\n                                    <\/div>\n                <\/div>\n            <div data-wow-delay=\"200ms\" class=\"element-item wow fadeInUp px-md-4 mb-4 col-6 col-md-4\">\n                      <div class=\"block-grid__item\">\n                    <div class=\"block-grid__item--image\">\n            <div class=\"flipper\">\n                      <div class=\"front\">\n                <img decoding=\"async\" class=\"w-100\"  src=\"https:\/\/memo.museudapessoa.org\/biomas-que-transformam\/wp-content\/uploads\/sites\/20\/2023\/06\/Captura-de-Tela-191-1.png\" alt=\"Sebasti\u00e3o de Souza Brand\u00e3o\"\n                 loading=\"lazy\">\n                <\/div>\n                                    <\/div>\n          <\/div>\n            <h3 class=\"title-small mb-1 mt-1 text-uppercase\">Sebasti\u00e3o de Souza Brand\u00e3o<\/h3>\n                      <p>Sebasti\u00e3o nasceu no dia 21 de janeiro de 1944, em Corumb\u00e1 (MS). Nascido no ber\u00e7o dos cururueiros, aos 8 anos j\u00e1 fazia pequenas violas. Trabalhou durante 19 anos em ferrovia, onde se aposentou. Atualmente, \u00e9 um artista reconhecido nacionalmente na constru\u00e7\u00e3o de violas-de-cocho.<\/p>\n                                    <\/div>\n                <\/div>\n            <div data-wow-delay=\"300ms\" class=\"element-item wow fadeInUp px-md-4 mb-4 col-6 col-md-4\">\n                      <div class=\"block-grid__item\">\n                    <div class=\"block-grid__item--image\">\n            <div class=\"flipper\">\n                      <div class=\"front\">\n                <img decoding=\"async\" class=\"w-100\"  src=\"https:\/\/memo.museudapessoa.org\/biomas-que-transformam\/wp-content\/uploads\/sites\/20\/2023\/06\/Captura-de-Tela-192-1024x585.png\" alt=\"Vanda Alves de Souza\"\n                 loading=\"lazy\">\n                <\/div>\n                                    <\/div>\n          <\/div>\n            <h3 class=\"title-small mb-1 mt-1 text-uppercase\">Vanda Alves de Souza<\/h3>\n                      <p>Vanda nasceu no dia 20 de julho de 1961, em Taia\u00e7upeba, distrito de Mogi das Cruzes (SP). Trabalhou desde cedo com o pai, que era comerciante, e se encantou com as pessoas da mata. Fundou a Natural da Mata com o objetivo de mostrar o valor dos nativos da regi\u00e3o e dos ingredientes origin\u00e1rios da Mata Atl\u00e2ntica.<\/p>\n                                    <\/div>\n                <\/div>\n          <\/div>\n  <\/div>\n<\/section>\n\n","protected":false},"excerpt":{"rendered":"<p>Personagens<\/p>\n","protected":false},"author":18,"featured_media":0,"parent":0,"menu_order":0,"comment_status":"closed","ping_status":"closed","template":"","meta":{"_acf_changed":false,"footnotes":""},"class_list":["post-464","page","type-page","status-publish","hentry"],"acf":[],"yoast_head":"<!-- This site is optimized with the Yoast SEO plugin v23.3 - https:\/\/yoast.com\/wordpress\/plugins\/seo\/ -->\n<title>C\u00f3pia de Personagens - Biomas que Transformam<\/title>\n<meta name=\"robots\" content=\"index, follow, max-snippet:-1, max-image-preview:large, max-video-preview:-1\" \/>\n<link rel=\"canonical\" href=\"https:\/\/memo.museudapessoa.org\/biomas-que-transformam\/copia-de-personagens\/\" \/>\n<meta property=\"og:locale\" content=\"pt_BR\" \/>\n<meta property=\"og:type\" content=\"article\" \/>\n<meta property=\"og:title\" content=\"C\u00f3pia de Personagens - Biomas que Transformam\" \/>\n<meta property=\"og:description\" content=\"Personagens\" \/>\n<meta property=\"og:url\" content=\"https:\/\/memo.museudapessoa.org\/biomas-que-transformam\/copia-de-personagens\/\" \/>\n<meta property=\"og:site_name\" content=\"Biomas que Transformam\" \/>\n<meta property=\"article:modified_time\" content=\"2024-01-11T22:24:23+00:00\" \/>\n<meta name=\"twitter:card\" content=\"summary_large_image\" \/>\n<script type=\"application\/ld+json\" class=\"yoast-schema-graph\">{\"@context\":\"https:\/\/schema.org\",\"@graph\":[{\"@type\":\"WebPage\",\"@id\":\"https:\/\/memo.museudapessoa.org\/biomas-que-transformam\/copia-de-personagens\/\",\"url\":\"https:\/\/memo.museudapessoa.org\/biomas-que-transformam\/copia-de-personagens\/\",\"name\":\"C\u00f3pia de Personagens - Biomas que Transformam\",\"isPartOf\":{\"@id\":\"https:\/\/memo.museudapessoa.org\/biomas-que-transformam\/#website\"},\"datePublished\":\"2024-01-11T22:22:09+00:00\",\"dateModified\":\"2024-01-11T22:24:23+00:00\",\"breadcrumb\":{\"@id\":\"https:\/\/memo.museudapessoa.org\/biomas-que-transformam\/copia-de-personagens\/#breadcrumb\"},\"inLanguage\":\"pt-BR\",\"potentialAction\":[{\"@type\":\"ReadAction\",\"target\":[\"https:\/\/memo.museudapessoa.org\/biomas-que-transformam\/copia-de-personagens\/\"]}]},{\"@type\":\"BreadcrumbList\",\"@id\":\"https:\/\/memo.museudapessoa.org\/biomas-que-transformam\/copia-de-personagens\/#breadcrumb\",\"itemListElement\":[{\"@type\":\"ListItem\",\"position\":1,\"name\":\"Home\",\"item\":\"https:\/\/memo.museudapessoa.org\/biomas-que-transformam\/\"},{\"@type\":\"ListItem\",\"position\":2,\"name\":\"C\u00f3pia de Personagens\"}]},{\"@type\":\"WebSite\",\"@id\":\"https:\/\/memo.museudapessoa.org\/biomas-que-transformam\/#website\",\"url\":\"https:\/\/memo.museudapessoa.org\/biomas-que-transformam\/\",\"name\":\"Biomas que Transformam\",\"description\":\"\",\"potentialAction\":[{\"@type\":\"SearchAction\",\"target\":{\"@type\":\"EntryPoint\",\"urlTemplate\":\"https:\/\/memo.museudapessoa.org\/biomas-que-transformam\/?s={search_term_string}\"},\"query-input\":\"required name=search_term_string\"}],\"inLanguage\":\"pt-BR\"}]}<\/script>\n<!-- \/ Yoast SEO plugin. -->","yoast_head_json":{"title":"C\u00f3pia de Personagens - Biomas que Transformam","robots":{"index":"index","follow":"follow","max-snippet":"max-snippet:-1","max-image-preview":"max-image-preview:large","max-video-preview":"max-video-preview:-1"},"canonical":"https:\/\/memo.museudapessoa.org\/biomas-que-transformam\/copia-de-personagens\/","og_locale":"pt_BR","og_type":"article","og_title":"C\u00f3pia de Personagens - Biomas que Transformam","og_description":"Personagens","og_url":"https:\/\/memo.museudapessoa.org\/biomas-que-transformam\/copia-de-personagens\/","og_site_name":"Biomas que Transformam","article_modified_time":"2024-01-11T22:24:23+00:00","twitter_card":"summary_large_image","schema":{"@context":"https:\/\/schema.org","@graph":[{"@type":"WebPage","@id":"https:\/\/memo.museudapessoa.org\/biomas-que-transformam\/copia-de-personagens\/","url":"https:\/\/memo.museudapessoa.org\/biomas-que-transformam\/copia-de-personagens\/","name":"C\u00f3pia de Personagens - Biomas que Transformam","isPartOf":{"@id":"https:\/\/memo.museudapessoa.org\/biomas-que-transformam\/#website"},"datePublished":"2024-01-11T22:22:09+00:00","dateModified":"2024-01-11T22:24:23+00:00","breadcrumb":{"@id":"https:\/\/memo.museudapessoa.org\/biomas-que-transformam\/copia-de-personagens\/#breadcrumb"},"inLanguage":"pt-BR","potentialAction":[{"@type":"ReadAction","target":["https:\/\/memo.museudapessoa.org\/biomas-que-transformam\/copia-de-personagens\/"]}]},{"@type":"BreadcrumbList","@id":"https:\/\/memo.museudapessoa.org\/biomas-que-transformam\/copia-de-personagens\/#breadcrumb","itemListElement":[{"@type":"ListItem","position":1,"name":"Home","item":"https:\/\/memo.museudapessoa.org\/biomas-que-transformam\/"},{"@type":"ListItem","position":2,"name":"C\u00f3pia de Personagens"}]},{"@type":"WebSite","@id":"https:\/\/memo.museudapessoa.org\/biomas-que-transformam\/#website","url":"https:\/\/memo.museudapessoa.org\/biomas-que-transformam\/","name":"Biomas que Transformam","description":"","potentialAction":[{"@type":"SearchAction","target":{"@type":"EntryPoint","urlTemplate":"https:\/\/memo.museudapessoa.org\/biomas-que-transformam\/?s={search_term_string}"},"query-input":"required name=search_term_string"}],"inLanguage":"pt-BR"}]}},"_links":{"self":[{"href":"https:\/\/memo.museudapessoa.org\/biomas-que-transformam\/wp-json\/wp\/v2\/pages\/464"}],"collection":[{"href":"https:\/\/memo.museudapessoa.org\/biomas-que-transformam\/wp-json\/wp\/v2\/pages"}],"about":[{"href":"https:\/\/memo.museudapessoa.org\/biomas-que-transformam\/wp-json\/wp\/v2\/types\/page"}],"author":[{"embeddable":true,"href":"https:\/\/memo.museudapessoa.org\/biomas-que-transformam\/wp-json\/wp\/v2\/users\/18"}],"replies":[{"embeddable":true,"href":"https:\/\/memo.museudapessoa.org\/biomas-que-transformam\/wp-json\/wp\/v2\/comments?post=464"}],"version-history":[{"count":2,"href":"https:\/\/memo.museudapessoa.org\/biomas-que-transformam\/wp-json\/wp\/v2\/pages\/464\/revisions"}],"predecessor-version":[{"id":466,"href":"https:\/\/memo.museudapessoa.org\/biomas-que-transformam\/wp-json\/wp\/v2\/pages\/464\/revisions\/466"}],"wp:attachment":[{"href":"https:\/\/memo.museudapessoa.org\/biomas-que-transformam\/wp-json\/wp\/v2\/media?parent=464"}],"curies":[{"name":"wp","href":"https:\/\/api.w.org\/{rel}","templated":true}]}}