
{"id":463,"date":"2024-08-06T16:55:39","date_gmt":"2024-08-06T19:55:39","guid":{"rendered":"https:\/\/memo.museudapessoa.org\/conferencia-2025\/copia-de-storycenter\/"},"modified":"2025-04-23T12:27:43","modified_gmt":"2025-04-23T15:27:43","slug":"receba-novidades-por-e-mail","status":"publish","type":"page","link":"https:\/\/memo.museudapessoa.org\/conferencia-2025\/receba-novidades-por-e-mail\/","title":{"rendered":"Receba novidades por e-mail"},"content":{"rendered":"\n<div style=\"height:50px\" aria-hidden=\"true\" class=\"wp-block-spacer\"><\/div>\n\n\n\n\n<section id=\"newsletter\" class=\"block-newsletter no-link py-4\">\n    <div class=\"container\">\n        <div class=\"row\">\n            <div class=\"col-md-8\">\n                <h2 class=\"mx-0\">Fique por dentro!<\/h2>\n                <p><\/p>\n            <\/div>\n            <div class=\"col-12\">\n\n                <!-- <form action=\"https:\/\/museudapessoa.us10.list-manage.com\/subscribe\/post?u=50cf1cee8ddf1afde00b87af7&id=96a65a42b3&f_id=00cfd0e1f0\" method=\"post\" id=\"mc-embedded-subscribe-form\" name=\"mc-embedded-subscribe-form\" class=\"validate\" target=\"_blank\"> -->\n                            <form id=\"conferencia_storytelling_pre-inscricao\" class=\"rd\">\n                <div class=\"row\">\n                    <div class=\"col-md align-self-center my-2\"><input type=\"text\" class=\"my-0\" name=\"nome\" placeholder=\"Nome Completo\" required><\/div>\n                    <div class=\"col-md align-self-center my-2\"><input type=\"email\" class=\"my-0\" name=\"email\" placeholder=\"E-mail\" required><\/div>\n                    <input type=\"hidden\" class=\"rd_identificador\" value=\"conferencia_storytelling_pre-inscricao\">\n                    <input type=\"hidden\" class=\"rd_token\" value=\"GRznPsSBerjrobAiZZMfgwFBvwXzkZKMqmFG\">\n                    <div class=\"col-md-auto my-2\"><input type=\"submit\" class=\"my-0\" value=\"Enviar\" required><\/div>\n                                        <div class=\"indicates-required col-12 pt-4 small bold\"><span class=\"asterisk\">*<\/span> Campos obrigat\u00f3rios<\/div>\n                    <div class=\"col-md-8\">\n                        <p class=\"btn h-auto mt-4 d-none response\">Confirmado.<\/p>\n                        <p class=\"bg-black color-white px-2 py-2 h-auto mt-4 d-none error text-left\">Ocorreu um erro inesperado. Por favor, envie seus dados (nome, e-mail e localiza\u00e7\u00e3o) para que possamos concluir sua inscri\u00e7\u00e3o para o seguinte e-mail:\r\ndigitalstorytelling@museudapessoa.org<\/p>\n                    <\/div>\n                <\/div>\n            <\/form>\n\n        \n        <\/div>\n    <\/div>\n\n\n\n    <\/div>\n<\/section>\n\n\n\n\n<div style=\"height:78px\" aria-hidden=\"true\" class=\"wp-block-spacer\"><\/div>\n","protected":false},"excerpt":{"rendered":"","protected":false},"author":51,"featured_media":0,"parent":0,"menu_order":0,"comment_status":"closed","ping_status":"closed","template":"","meta":{"_acf_changed":false,"footnotes":""},"class_list":["post-463","page","type-page","status-publish","hentry"],"acf":[],"yoast_head":"<!-- This site is optimized with the Yoast SEO plugin v23.3 - https:\/\/yoast.com\/wordpress\/plugins\/seo\/ -->\n<title>Receba novidades por e-mail - 1\u00aa Confer\u00eancia Internacional de Tecnologias Sociais da Mem\u00f3ria<\/title>\n<meta name=\"robots\" content=\"index, follow, max-snippet:-1, max-image-preview:large, max-video-preview:-1\" \/>\n<link rel=\"canonical\" href=\"https:\/\/dst2025.org\/receba-novidades-por-e-mail\/\" \/>\n<meta property=\"og:locale\" content=\"pt_BR\" \/>\n<meta property=\"og:type\" content=\"article\" \/>\n<meta property=\"og:title\" content=\"Receba novidades por e-mail - 1\u00aa Confer\u00eancia Internacional de Tecnologias Sociais da Mem\u00f3ria\" \/>\n<meta property=\"og:url\" content=\"https:\/\/dst2025.org\/receba-novidades-por-e-mail\/\" \/>\n<meta property=\"og:site_name\" content=\"1\u00aa Confer\u00eancia Internacional de Tecnologias Sociais da Mem\u00f3ria\" \/>\n<meta property=\"article:modified_time\" content=\"2025-04-23T15:27:43+00:00\" \/>\n<meta name=\"twitter:card\" content=\"summary_large_image\" \/>\n<script type=\"application\/ld+json\" class=\"yoast-schema-graph\">{\"@context\":\"https:\/\/schema.org\",\"@graph\":[{\"@type\":\"WebPage\",\"@id\":\"https:\/\/dst2025.org\/receba-novidades-por-e-mail\/\",\"url\":\"https:\/\/dst2025.org\/receba-novidades-por-e-mail\/\",\"name\":\"Receba novidades por e-mail - 1\u00aa Confer\u00eancia Internacional de Tecnologias Sociais da Mem\u00f3ria\",\"isPartOf\":{\"@id\":\"https:\/\/dst2025.org\/#website\"},\"datePublished\":\"2024-08-06T19:55:39+00:00\",\"dateModified\":\"2025-04-23T15:27:43+00:00\",\"breadcrumb\":{\"@id\":\"https:\/\/dst2025.org\/receba-novidades-por-e-mail\/#breadcrumb\"},\"inLanguage\":\"pt-BR\",\"potentialAction\":[{\"@type\":\"ReadAction\",\"target\":[\"https:\/\/dst2025.org\/receba-novidades-por-e-mail\/\"]}]},{\"@type\":\"BreadcrumbList\",\"@id\":\"https:\/\/dst2025.org\/receba-novidades-por-e-mail\/#breadcrumb\",\"itemListElement\":[{\"@type\":\"ListItem\",\"position\":1,\"name\":\"Home\",\"item\":\"https:\/\/dst2025.org\/\"},{\"@type\":\"ListItem\",\"position\":2,\"name\":\"Receba novidades por e-mail\"}]},{\"@type\":\"WebSite\",\"@id\":\"https:\/\/dst2025.org\/#website\",\"url\":\"https:\/\/dst2025.org\/\",\"name\":\"1\u00aa Confer\u00eancia Internacional de Tecnologias Sociais da Mem\u00f3ria\",\"description\":\"\",\"potentialAction\":[{\"@type\":\"SearchAction\",\"target\":{\"@type\":\"EntryPoint\",\"urlTemplate\":\"https:\/\/dst2025.org\/?s={search_term_string}\"},\"query-input\":\"required name=search_term_string\"}],\"inLanguage\":\"pt-BR\"}]}<\/script>\n<!-- \/ Yoast SEO plugin. -->","yoast_head_json":{"title":"Receba novidades por e-mail - 1\u00aa Confer\u00eancia Internacional de Tecnologias Sociais da Mem\u00f3ria","robots":{"index":"index","follow":"follow","max-snippet":"max-snippet:-1","max-image-preview":"max-image-preview:large","max-video-preview":"max-video-preview:-1"},"canonical":"https:\/\/dst2025.org\/receba-novidades-por-e-mail\/","og_locale":"pt_BR","og_type":"article","og_title":"Receba novidades por e-mail - 1\u00aa Confer\u00eancia Internacional de Tecnologias Sociais da Mem\u00f3ria","og_url":"https:\/\/dst2025.org\/receba-novidades-por-e-mail\/","og_site_name":"1\u00aa Confer\u00eancia Internacional de Tecnologias Sociais da Mem\u00f3ria","article_modified_time":"2025-04-23T15:27:43+00:00","twitter_card":"summary_large_image","schema":{"@context":"https:\/\/schema.org","@graph":[{"@type":"WebPage","@id":"https:\/\/dst2025.org\/receba-novidades-por-e-mail\/","url":"https:\/\/dst2025.org\/receba-novidades-por-e-mail\/","name":"Receba novidades por e-mail - 1\u00aa Confer\u00eancia Internacional de Tecnologias Sociais da Mem\u00f3ria","isPartOf":{"@id":"https:\/\/dst2025.org\/#website"},"datePublished":"2024-08-06T19:55:39+00:00","dateModified":"2025-04-23T15:27:43+00:00","breadcrumb":{"@id":"https:\/\/dst2025.org\/receba-novidades-por-e-mail\/#breadcrumb"},"inLanguage":"pt-BR","potentialAction":[{"@type":"ReadAction","target":["https:\/\/dst2025.org\/receba-novidades-por-e-mail\/"]}]},{"@type":"BreadcrumbList","@id":"https:\/\/dst2025.org\/receba-novidades-por-e-mail\/#breadcrumb","itemListElement":[{"@type":"ListItem","position":1,"name":"Home","item":"https:\/\/dst2025.org\/"},{"@type":"ListItem","position":2,"name":"Receba novidades por e-mail"}]},{"@type":"WebSite","@id":"https:\/\/dst2025.org\/#website","url":"https:\/\/dst2025.org\/","name":"1\u00aa Confer\u00eancia Internacional de Tecnologias Sociais da Mem\u00f3ria","description":"","potentialAction":[{"@type":"SearchAction","target":{"@type":"EntryPoint","urlTemplate":"https:\/\/dst2025.org\/?s={search_term_string}"},"query-input":"required name=search_term_string"}],"inLanguage":"pt-BR"}]}},"_links":{"self":[{"href":"https:\/\/memo.museudapessoa.org\/conferencia-2025\/wp-json\/wp\/v2\/pages\/463"}],"collection":[{"href":"https:\/\/memo.museudapessoa.org\/conferencia-2025\/wp-json\/wp\/v2\/pages"}],"about":[{"href":"https:\/\/memo.museudapessoa.org\/conferencia-2025\/wp-json\/wp\/v2\/types\/page"}],"author":[{"embeddable":true,"href":"https:\/\/memo.museudapessoa.org\/conferencia-2025\/wp-json\/wp\/v2\/users\/51"}],"replies":[{"embeddable":true,"href":"https:\/\/memo.museudapessoa.org\/conferencia-2025\/wp-json\/wp\/v2\/comments?post=463"}],"version-history":[{"count":27,"href":"https:\/\/memo.museudapessoa.org\/conferencia-2025\/wp-json\/wp\/v2\/pages\/463\/revisions"}],"predecessor-version":[{"id":1226,"href":"https:\/\/memo.museudapessoa.org\/conferencia-2025\/wp-json\/wp\/v2\/pages\/463\/revisions\/1226"}],"wp:attachment":[{"href":"https:\/\/memo.museudapessoa.org\/conferencia-2025\/wp-json\/wp\/v2\/media?parent=463"}],"curies":[{"name":"wp","href":"https:\/\/api.w.org\/{rel}","templated":true}]}}