
{"id":87,"date":"2024-04-02T23:52:39","date_gmt":"2024-04-03T02:52:39","guid":{"rendered":"https:\/\/memo.museudapessoa.org\/conferencia-2025\/87-2\/"},"modified":"2025-09-23T11:52:13","modified_gmt":"2025-09-23T14:52:13","slug":"organizacao","status":"publish","type":"page","link":"https:\/\/memo.museudapessoa.org\/conferencia-2025\/organizacao\/","title":{"rendered":"Organiza\u00e7\u00e3o"},"content":{"rendered":"\n        <section class=\"conteudo\">\n          <div class=\"container\">\n            <div class=\"row\">\n              <div class=\"col-md-12 conteudo content margin-center text-md-\">\n                \n<h2 id=\"museu-da-pessoa\" class=\"wp-block-heading has-text-align-center\">Museu da Pessoa<\/h2>\n\n              <\/div>\n            <\/div>\n          <\/div>\n        <\/section>\n\n\n<div style=\"height:8px\" aria-hidden=\"true\" class=\"wp-block-spacer\"><\/div>\n\n\n\n        <section class=\"conteudo\">\n          <div class=\"container\">\n            <div class=\"row\">\n              <div class=\"col-md-12 conteudo content margin-center text-md-\">\n                \n<p class=\"has-text-align-left\">O Museu da Pessoa \u00e9 um museu virtual e colaborativo de hist\u00f3rias de vida aberto \u00e0 participa\u00e7\u00e3o de toda pessoa. Fundado em 1991, o Museu da Pessoa acredita que contar, escutar, conhecer e preservar hist\u00f3rias de vida pode mudar seu jeito de ver o mundo.&nbsp;<\/p>\n\n              <\/div>\n            <\/div>\n          <\/div>\n        <\/section>\n\n\n        <section class=\"conteudo\">\n          <div class=\"container\">\n            <div class=\"row\">\n              <div class=\"col-md-12 conteudo content margin-center text-md-\">\n                \n<p class=\"has-text-align-left\">O Museu da Pessoa trabalha para fazer das hist\u00f3rias de vida um ant\u00eddoto contra a intoler\u00e2ncia. Registra, preserva e compartilha hist\u00f3rias de vida e atrav\u00e9s de sua tecnologia social de mem\u00f3ria fomenta, capacita e engaja pessoas e grupos.<\/p>\n\n              <\/div>\n            <\/div>\n          <\/div>\n        <\/section>\n\n\n<div style=\"height:35px\" aria-hidden=\"true\" class=\"wp-block-spacer\"><\/div>\n\n\n\n        <section class=\"conteudo\">\n          <div class=\"container\">\n            <div class=\"row\">\n              <div class=\"col-md-12 conteudo content margin-center text-md-\">\n                <div class=\"block-btn text-center \">\n<a class=\"btn inverse\" href=\"https:\/\/museudapessoa.org\/\" target=\"_blank\">Conhe\u00e7a mais sobre o Museu da Pessoa<\/a>\n<\/div>\n              <\/div>\n            <\/div>\n          <\/div>\n        <\/section>\n\n\n<div style=\"height:95px\" aria-hidden=\"true\" class=\"wp-block-spacer\"><\/div>\n\n\n\n        <section class=\"conteudo\">\n          <div class=\"container\">\n            <div class=\"row\">\n              <div class=\"col-md-12 conteudo content margin-center text-md-\">\n                \n<p><\/p>\n\n              <\/div>\n            <\/div>\n          <\/div>\n        <\/section>\n\n\n        <section class=\"conteudo\">\n          <div class=\"container\">\n            <div class=\"row\">\n              <div class=\"col-md-12 conteudo content margin-center text-md-\">\n                \n<h2 id=\"storycenter\" class=\"wp-block-heading has-text-align-center\">Storycenter<\/h2>\n\n              <\/div>\n            <\/div>\n          <\/div>\n        <\/section>\n\n<div class=\"wp-block-image\">\n<figure class=\"aligncenter size-large is-resized\"><img decoding=\"async\" width=\"1024\" height=\"461\" src=\"https:\/\/memo.museudapessoa.org\/conferencia-2025\/wp-content\/uploads\/sites\/30\/2024\/09\/01-1024x461.png\" alt=\"\" class=\"wp-image-745\" style=\"width:837px;height:auto\" srcset=\"https:\/\/memo.museudapessoa.org\/conferencia-2025\/wp-content\/uploads\/sites\/30\/2024\/09\/01-1024x461.png 1024w, https:\/\/memo.museudapessoa.org\/conferencia-2025\/wp-content\/uploads\/sites\/30\/2024\/09\/01-300x135.png 300w, https:\/\/memo.museudapessoa.org\/conferencia-2025\/wp-content\/uploads\/sites\/30\/2024\/09\/01-768x346.png 768w, https:\/\/memo.museudapessoa.org\/conferencia-2025\/wp-content\/uploads\/sites\/30\/2024\/09\/01-1536x692.png 1536w, https:\/\/memo.museudapessoa.org\/conferencia-2025\/wp-content\/uploads\/sites\/30\/2024\/09\/01.png 1779w\" sizes=\"(max-width: 1024px) 100vw, 1024px\" loading=\"lazy\" \/><\/figure><\/div>\n\n\n<div style=\"height:40px\" aria-hidden=\"true\" class=\"wp-block-spacer\"><\/div>\n\n\n\n        <section class=\"conteudo\">\n          <div class=\"container\">\n            <div class=\"row\">\n              <div class=\"col-md-12 conteudo content margin-center text-md-\">\n                \n<p>O StoryCenter promove a cura, o crescimento e a mudan\u00e7a social criando espa\u00e7os para ouvir e compartilhar hist\u00f3rias. Eles acreditam que contar hist\u00f3rias inspira conex\u00e3o e a\u00e7\u00e3o, e est\u00e3o comprometidos em ajudar pessoas de todas as esferas da vida a usar o poder de suas vozes e experi\u00eancias para construir um mundo justo e saud\u00e1vel.<\/p>\n\n              <\/div>\n            <\/div>\n          <\/div>\n        <\/section>\n\n\n        <section class=\"conteudo\">\n          <div class=\"container\">\n            <div class=\"row\">\n              <div class=\"col-md-12 conteudo content margin-center text-md-\">\n                <div class=\"block-btn text-center \">\n<a class=\"btn inverse\" href=\"https:\/\/www.storycenter.org\" target=\"_blank\">Conhe\u00e7a mais sobre o Storycenter<\/a>\n<\/div>\n              <\/div>\n            <\/div>\n          <\/div>\n        <\/section>\n\n\n<div style=\"height:105px\" aria-hidden=\"true\" class=\"wp-block-spacer\"><\/div>\n\n\n\n        <section class=\"conteudo\">\n          <div class=\"container\">\n            <div class=\"row\">\n              <div class=\"col-md-12 conteudo content margin-center text-md-\">\n                \n<h2 id=\"parceiros\" class=\"wp-block-heading has-text-align-center\">Parceiros<\/h2>\n\n              <\/div>\n            <\/div>\n          <\/div>\n        <\/section>\n\n\n<section id=\"logos\" class='footer-logos margin-top-none margin-bottom-medium padding-top-none padding-bottom-none' style='background-color:rgba(255,255,255,0);' >\n  <div class=\"container\">\n    <div class=\"row justify-content-center\">\n            <div class=\"col-auto mb-5\" style=\"max-width:100%\">\n          <div class=\"row\">\n                        <div class=\"col-12 text-center\">             \n                  <p><b>Realiza\u00e7\u00e3o<\/b><\/p>\n              <\/div>  \n               \n            <div class=\"col \">\n              <div class=\"row justify-content-center\">\n                                  <div class=\"col-auto align-self-center px-4 mb-4\">\n                                            <a target=\"_blank\" href=\"https:\/\/museudapessoa.org\/\">\n                                        <img decoding=\"async\" class=\"footer-logos__image\" src=\"https:\/\/memo.museudapessoa.org\/conferencia-2025\/wp-content\/uploads\/sites\/30\/2024\/04\/LOGO_Museu_da_pessoa-VERSOES_Preto-11-1024x576.png\" alt=\"Museu da Pessoa\" loading=\"lazy\">\n                                            <\/a>\n                                      <\/div>\n                                  <div class=\"col-auto align-self-center px-4 mb-4\">\n                                            <a target=\"_blank\" href=\"https:\/\/www.storycenter.org\/\">\n                                        <img decoding=\"async\" class=\"footer-logos__image\" src=\"https:\/\/memo.museudapessoa.org\/conferencia-2025\/wp-content\/uploads\/sites\/30\/2024\/07\/WhatsApp_Image_2024-07-05_at_13.50.14-removebg-preview-1024x180.png\" alt=\"StoryCenter\" loading=\"lazy\">\n                                            <\/a>\n                                      <\/div>\n                                  <div class=\"col-auto align-self-center px-4 mb-4\">\n                                            <a target=\"_blank\" href=\"https:\/\/www.sescsp.org.br\/unidades\/14-bis\/\">\n                                        <img decoding=\"async\" class=\"footer-logos__image\" src=\"https:\/\/memo.museudapessoa.org\/conferencia-2025\/wp-content\/uploads\/sites\/30\/2025\/06\/Marca-Black1-1024x512.png\" alt=\"SESC\" loading=\"lazy\">\n                                            <\/a>\n                                      <\/div>\n                              <\/div>\n            <\/div>\n          <\/div>\n        <\/div>\n              <div class=\"col-auto mb-5\" style=\"max-width:100%\">\n          <div class=\"row\">\n                        <div class=\"col-12 text-center\">             \n                  <p><b>Parcerias<\/b><\/p>\n              <\/div>  \n               \n            <div class=\"col \">\n              <div class=\"row justify-content-center\">\n                                  <div class=\"col-auto align-self-center px-4 mb-4\">\n                                            <a target=\"_blank\" href=\"https:\/\/www.montgomerycollege.edu\/events\/digital-storytelling-conference-2023\/index.html\">\n                                        <img decoding=\"async\" class=\"footer-logos__image\" src=\"https:\/\/memo.museudapessoa.org\/conferencia-2025\/wp-content\/uploads\/sites\/30\/2024\/07\/image-removebg-preview-9.png\" alt=\"Montgomery College\" loading=\"lazy\">\n                                            <\/a>\n                                      <\/div>\n                                  <div class=\"col-auto align-self-center px-4 mb-4\">\n                                            <a target=\"_blank\" href=\"https:\/\/stories.umbc.edu\/\">\n                                        <img decoding=\"async\" class=\"footer-logos__image\" src=\"https:\/\/memo.museudapessoa.org\/conferencia-2025\/wp-content\/uploads\/sites\/30\/2024\/05\/UMBC-primary-logo-RGB-1.png\" alt=\"University of Montgomery, Baltimore College\" loading=\"lazy\">\n                                            <\/a>\n                                      <\/div>\n                                  <div class=\"col-auto align-self-center px-4 mb-4\">\n                                            <a target=\"_blank\" href=\"https:\/\/storytellingacademy.education\/\">\n                                        <img decoding=\"async\" class=\"footer-logos__image\" src=\"https:\/\/memo.museudapessoa.org\/conferencia-2025\/wp-content\/uploads\/sites\/30\/2024\/05\/lu-logo-1.png\" alt=\"Loughborough University Storytelling Academy\" loading=\"lazy\">\n                                            <\/a>\n                                      <\/div>\n                                  <div class=\"col-auto align-self-center px-4 mb-4\">\n                                            <a target=\"_blank\" href=\"https:\/\/www.durham.ac.uk\/\">\n                                        <img decoding=\"async\" class=\"footer-logos__image\" src=\"https:\/\/memo.museudapessoa.org\/conferencia-2025\/wp-content\/uploads\/sites\/30\/2024\/07\/image-removebg-preview-10.png\" alt=\"Durham University\" loading=\"lazy\">\n                                            <\/a>\n                                      <\/div>\n                                  <div class=\"col-auto align-self-center px-4 mb-4\">\n                                            <a target=\"_blank\" href=\"https:\/\/www.hacettepe.edu.tr\/english\/\">\n                                        <img decoding=\"async\" class=\"footer-logos__image\" src=\"https:\/\/memo.museudapessoa.org\/conferencia-2025\/wp-content\/uploads\/sites\/30\/2024\/07\/image-removebg-preview-11.png\" alt=\"Hacettepe University\" loading=\"lazy\">\n                                            <\/a>\n                                      <\/div>\n                                  <div class=\"col-auto align-self-center px-4 mb-4\">\n                                            <a target=\"_blank\" href=\"https:\/\/en.uoa.gr\/\">\n                                        <img decoding=\"async\" class=\"footer-logos__image\" src=\"https:\/\/memo.museudapessoa.org\/conferencia-2025\/wp-content\/uploads\/sites\/30\/2025\/08\/hellenic-republic.jpg.png\" alt=\"National and Kapodistrian University of Athens\" loading=\"lazy\">\n                                            <\/a>\n                                      <\/div>\n                                  <div class=\"col-auto align-self-center px-4 mb-4\">\n                                            <a target=\"_blank\" href=\"https:\/\/www.mcmaster.ca\/\">\n                                        <img decoding=\"async\" class=\"footer-logos__image\" src=\"https:\/\/memo.museudapessoa.org\/conferencia-2025\/wp-content\/uploads\/sites\/30\/2025\/08\/mcmaster-university.png\" alt=\"McMaster University\" loading=\"lazy\">\n                                            <\/a>\n                                      <\/div>\n                                  <div class=\"col-auto align-self-center px-4 mb-4\">\n                                            <a target=\"_blank\" href=\"https:\/\/learninglab.si.edu\/\">\n                                        <img decoding=\"async\" class=\"footer-logos__image\" src=\"https:\/\/memo.museudapessoa.org\/conferencia-2025\/wp-content\/uploads\/sites\/30\/2024\/07\/image-removebg-preview-12.png\" alt=\"Smithsonian Learning Lab\" loading=\"lazy\">\n                                            <\/a>\n                                      <\/div>\n                                  <div class=\"col-auto align-self-center px-4 mb-4\">\n                                        <img decoding=\"async\" class=\"footer-logos__image\" src=\"https:\/\/memo.museudapessoa.org\/conferencia-2025\/wp-content\/uploads\/sites\/30\/2024\/07\/image-removebg-preview-13.png\" alt=\"DigiTales\" loading=\"lazy\">\n                                      <\/div>\n                                  <div class=\"col-auto align-self-center px-4 mb-4\">\n                                            <a target=\"_blank\" href=\"https:\/\/www.facebook.com\/PatientVoices\/\">\n                                        <img decoding=\"async\" class=\"footer-logos__image\" src=\"https:\/\/memo.museudapessoa.org\/conferencia-2025\/wp-content\/uploads\/sites\/30\/2024\/05\/patient-voices-cropped-logo-1024x327-1.png\" alt=\"Patient Voices\" loading=\"lazy\">\n                                            <\/a>\n                                      <\/div>\n                                  <div class=\"col-auto align-self-center px-4 mb-4\">\n                                            <a target=\"_blank\" href=\"https:\/\/mediashots.org\/sobre-nos\/\">\n                                        <img decoding=\"async\" class=\"footer-logos__image\" src=\"https:\/\/memo.museudapessoa.org\/conferencia-2025\/wp-content\/uploads\/sites\/30\/2025\/02\/Logo6-2.png\" alt=\"Media Shots\" loading=\"lazy\">\n                                            <\/a>\n                                      <\/div>\n                              <\/div>\n            <\/div>\n          <\/div>\n        <\/div>\n            <\/div>\n    <\/div>\n  <\/div>\n<\/section>\n\n\n\n\n        <section class=\"conteudo\">\n          <div class=\"container\">\n            <div class=\"row\">\n              <div class=\"col-md-12 conteudo content margin-center text-md-\">\n                \n<h3 class=\"wp-block-heading has-text-align-center\">reconhecimento<\/h3>\n\n              <\/div>\n            <\/div>\n          <\/div>\n        <\/section>\n\n\n        <section class=\"conteudo\">\n          <div class=\"container\">\n            <div class=\"row\">\n              <div class=\"col-md-12 conteudo content margin-center text-md-\">\n                \n<p class=\"has-text-align-left\">O trabalho do Museu da Pessoa \u00e9 reconhecido em diferentes esferas.&nbsp;J\u00e1 foram&nbsp;<strong>16 pr\u00eamios<\/strong>&nbsp;recebidos nas \u00e1reas de mem\u00f3ria empresarial, inclus\u00e3o digital e educa\u00e7\u00e3o.<\/p>\n\n              <\/div>\n            <\/div>\n          <\/div>\n        <\/section>\n\n\n<div style=\"height:30px\" aria-hidden=\"true\" class=\"wp-block-spacer\"><\/div>\n\n\n\n<figure class=\"wp-block-image size-large is-resized\"><img decoding=\"async\" width=\"1024\" height=\"122\" src=\"https:\/\/memo.museudapessoa.org\/conferencia-2025\/wp-content\/uploads\/sites\/30\/2024\/09\/asa-1024x122.png\" alt=\"\" class=\"wp-image-744\" style=\"width:799px;height:auto\" srcset=\"https:\/\/memo.museudapessoa.org\/conferencia-2025\/wp-content\/uploads\/sites\/30\/2024\/09\/asa-1024x122.png 1024w, https:\/\/memo.museudapessoa.org\/conferencia-2025\/wp-content\/uploads\/sites\/30\/2024\/09\/asa-300x36.png 300w, https:\/\/memo.museudapessoa.org\/conferencia-2025\/wp-content\/uploads\/sites\/30\/2024\/09\/asa-768x92.png 768w, https:\/\/memo.museudapessoa.org\/conferencia-2025\/wp-content\/uploads\/sites\/30\/2024\/09\/asa-1536x183.png 1536w, https:\/\/memo.museudapessoa.org\/conferencia-2025\/wp-content\/uploads\/sites\/30\/2024\/09\/asa.png 1779w\" sizes=\"(max-width: 1024px) 100vw, 1024px\" loading=\"lazy\" \/><\/figure>\n\n\n\n<div style=\"height:95px\" aria-hidden=\"true\" class=\"wp-block-spacer\"><\/div>\n\n\n\n<figure class=\"wp-block-image size-large d-md-none\"><img decoding=\"async\" width=\"819\" height=\"1024\" src=\"https:\/\/memo.museudapessoa.org\/conferencia-2025\/wp-content\/uploads\/sites\/30\/2025\/09\/regua-dst_mb-819x1024.png\" alt=\"\" class=\"wp-image-1417\" srcset=\"https:\/\/memo.museudapessoa.org\/conferencia-2025\/wp-content\/uploads\/sites\/30\/2025\/09\/regua-dst_mb-819x1024.png 819w, https:\/\/memo.museudapessoa.org\/conferencia-2025\/wp-content\/uploads\/sites\/30\/2025\/09\/regua-dst_mb-240x300.png 240w, https:\/\/memo.museudapessoa.org\/conferencia-2025\/wp-content\/uploads\/sites\/30\/2025\/09\/regua-dst_mb-768x960.png 768w, https:\/\/memo.museudapessoa.org\/conferencia-2025\/wp-content\/uploads\/sites\/30\/2025\/09\/regua-dst_mb-1229x1536.png 1229w, https:\/\/memo.museudapessoa.org\/conferencia-2025\/wp-content\/uploads\/sites\/30\/2025\/09\/regua-dst_mb-1638x2048.png 1638w, https:\/\/memo.museudapessoa.org\/conferencia-2025\/wp-content\/uploads\/sites\/30\/2025\/09\/regua-dst_mb.png 1622w\" sizes=\"(max-width: 819px) 100vw, 819px\" loading=\"lazy\" \/><\/figure>\n\n\n\n<div class=\"container\">\n<div class=\"row\">\n<div class=\"col-md-12\">\n<img decoding=\"async\" src=\"https:\/\/memo.museudapessoa.org\/conferencia-2025\/wp-content\/uploads\/sites\/30\/2025\/09\/regua-dst.png\" loading=\"lazy\" \/>\n<\/div>\n<\/div>\n<\/div>\n","protected":false},"excerpt":{"rendered":"<p>Museu da Pessoa O Museu da Pessoa \u00e9 um museu virtual e colaborativo de hist\u00f3rias de vida aberto \u00e0 participa\u00e7\u00e3o de toda pessoa. Fundado em 1991, o Museu da Pessoa acredita que contar, escutar, conhecer e preservar hist\u00f3rias de vida&#8230;<\/p>\n","protected":false},"author":51,"featured_media":0,"parent":0,"menu_order":0,"comment_status":"closed","ping_status":"closed","template":"","meta":{"_acf_changed":false,"footnotes":""},"class_list":["post-87","page","type-page","status-publish","hentry"],"acf":[],"yoast_head":"<!-- This site is optimized with the Yoast SEO plugin v23.3 - https:\/\/yoast.com\/wordpress\/plugins\/seo\/ -->\n<title>Organiza\u00e7\u00e3o - 1\u00aa Confer\u00eancia Internacional de Tecnologias Sociais da Mem\u00f3ria<\/title>\n<meta name=\"robots\" content=\"index, follow, max-snippet:-1, max-image-preview:large, max-video-preview:-1\" \/>\n<link rel=\"canonical\" href=\"https:\/\/dst2025.org\/organizacao\/\" \/>\n<meta property=\"og:locale\" content=\"pt_BR\" \/>\n<meta property=\"og:type\" content=\"article\" \/>\n<meta property=\"og:title\" content=\"Organiza\u00e7\u00e3o - 1\u00aa Confer\u00eancia Internacional de Tecnologias Sociais da Mem\u00f3ria\" \/>\n<meta property=\"og:description\" content=\"Museu da Pessoa O Museu da Pessoa \u00e9 um museu virtual e colaborativo de hist\u00f3rias de vida aberto \u00e0 participa\u00e7\u00e3o de toda pessoa. Fundado em 1991, o Museu da Pessoa acredita que contar, escutar, conhecer e preservar hist\u00f3rias de vida...\" \/>\n<meta property=\"og:url\" content=\"https:\/\/dst2025.org\/organizacao\/\" \/>\n<meta property=\"og:site_name\" content=\"1\u00aa Confer\u00eancia Internacional de Tecnologias Sociais da Mem\u00f3ria\" \/>\n<meta property=\"article:modified_time\" content=\"2025-09-23T14:52:13+00:00\" \/>\n<meta property=\"og:image\" content=\"https:\/\/memo.museudapessoa.org\/conferencia-2025\/wp-content\/uploads\/sites\/30\/2024\/09\/01-1024x461.png\" \/>\n<meta name=\"twitter:card\" content=\"summary_large_image\" \/>\n<meta name=\"twitter:label1\" content=\"Est. tempo de leitura\" \/>\n\t<meta name=\"twitter:data1\" content=\"2 minutos\" \/>\n<script type=\"application\/ld+json\" class=\"yoast-schema-graph\">{\"@context\":\"https:\/\/schema.org\",\"@graph\":[{\"@type\":\"WebPage\",\"@id\":\"https:\/\/dst2025.org\/organizacao\/\",\"url\":\"https:\/\/dst2025.org\/organizacao\/\",\"name\":\"Organiza\u00e7\u00e3o - 1\u00aa Confer\u00eancia Internacional de Tecnologias Sociais da Mem\u00f3ria\",\"isPartOf\":{\"@id\":\"https:\/\/dst2025.org\/#website\"},\"primaryImageOfPage\":{\"@id\":\"https:\/\/dst2025.org\/organizacao\/#primaryimage\"},\"image\":{\"@id\":\"https:\/\/dst2025.org\/organizacao\/#primaryimage\"},\"thumbnailUrl\":\"https:\/\/memo.museudapessoa.org\/conferencia-2025\/wp-content\/uploads\/sites\/30\/2024\/09\/01-1024x461.png\",\"datePublished\":\"2024-04-03T02:52:39+00:00\",\"dateModified\":\"2025-09-23T14:52:13+00:00\",\"breadcrumb\":{\"@id\":\"https:\/\/dst2025.org\/organizacao\/#breadcrumb\"},\"inLanguage\":\"pt-BR\",\"potentialAction\":[{\"@type\":\"ReadAction\",\"target\":[\"https:\/\/dst2025.org\/organizacao\/\"]}]},{\"@type\":\"ImageObject\",\"inLanguage\":\"pt-BR\",\"@id\":\"https:\/\/dst2025.org\/organizacao\/#primaryimage\",\"url\":\"https:\/\/memo.museudapessoa.org\/conferencia-2025\/wp-content\/uploads\/sites\/30\/2024\/09\/01.png\",\"contentUrl\":\"https:\/\/memo.museudapessoa.org\/conferencia-2025\/wp-content\/uploads\/sites\/30\/2024\/09\/01.png\",\"width\":1779,\"height\":801},{\"@type\":\"BreadcrumbList\",\"@id\":\"https:\/\/dst2025.org\/organizacao\/#breadcrumb\",\"itemListElement\":[{\"@type\":\"ListItem\",\"position\":1,\"name\":\"Home\",\"item\":\"https:\/\/dst2025.org\/\"},{\"@type\":\"ListItem\",\"position\":2,\"name\":\"Organiza\u00e7\u00e3o\"}]},{\"@type\":\"WebSite\",\"@id\":\"https:\/\/dst2025.org\/#website\",\"url\":\"https:\/\/dst2025.org\/\",\"name\":\"1\u00aa Confer\u00eancia Internacional de Tecnologias Sociais da Mem\u00f3ria\",\"description\":\"\",\"potentialAction\":[{\"@type\":\"SearchAction\",\"target\":{\"@type\":\"EntryPoint\",\"urlTemplate\":\"https:\/\/dst2025.org\/?s={search_term_string}\"},\"query-input\":\"required name=search_term_string\"}],\"inLanguage\":\"pt-BR\"}]}<\/script>\n<!-- \/ Yoast SEO plugin. -->","yoast_head_json":{"title":"Organiza\u00e7\u00e3o - 1\u00aa Confer\u00eancia Internacional de Tecnologias Sociais da Mem\u00f3ria","robots":{"index":"index","follow":"follow","max-snippet":"max-snippet:-1","max-image-preview":"max-image-preview:large","max-video-preview":"max-video-preview:-1"},"canonical":"https:\/\/dst2025.org\/organizacao\/","og_locale":"pt_BR","og_type":"article","og_title":"Organiza\u00e7\u00e3o - 1\u00aa Confer\u00eancia Internacional de Tecnologias Sociais da Mem\u00f3ria","og_description":"Museu da Pessoa O Museu da Pessoa \u00e9 um museu virtual e colaborativo de hist\u00f3rias de vida aberto \u00e0 participa\u00e7\u00e3o de toda pessoa. Fundado em 1991, o Museu da Pessoa acredita que contar, escutar, conhecer e preservar hist\u00f3rias de vida...","og_url":"https:\/\/dst2025.org\/organizacao\/","og_site_name":"1\u00aa Confer\u00eancia Internacional de Tecnologias Sociais da Mem\u00f3ria","article_modified_time":"2025-09-23T14:52:13+00:00","og_image":[{"url":"https:\/\/memo.museudapessoa.org\/conferencia-2025\/wp-content\/uploads\/sites\/30\/2024\/09\/01-1024x461.png"}],"twitter_card":"summary_large_image","twitter_misc":{"Est. tempo de leitura":"2 minutos"},"schema":{"@context":"https:\/\/schema.org","@graph":[{"@type":"WebPage","@id":"https:\/\/dst2025.org\/organizacao\/","url":"https:\/\/dst2025.org\/organizacao\/","name":"Organiza\u00e7\u00e3o - 1\u00aa Confer\u00eancia Internacional de Tecnologias Sociais da Mem\u00f3ria","isPartOf":{"@id":"https:\/\/dst2025.org\/#website"},"primaryImageOfPage":{"@id":"https:\/\/dst2025.org\/organizacao\/#primaryimage"},"image":{"@id":"https:\/\/dst2025.org\/organizacao\/#primaryimage"},"thumbnailUrl":"https:\/\/memo.museudapessoa.org\/conferencia-2025\/wp-content\/uploads\/sites\/30\/2024\/09\/01-1024x461.png","datePublished":"2024-04-03T02:52:39+00:00","dateModified":"2025-09-23T14:52:13+00:00","breadcrumb":{"@id":"https:\/\/dst2025.org\/organizacao\/#breadcrumb"},"inLanguage":"pt-BR","potentialAction":[{"@type":"ReadAction","target":["https:\/\/dst2025.org\/organizacao\/"]}]},{"@type":"ImageObject","inLanguage":"pt-BR","@id":"https:\/\/dst2025.org\/organizacao\/#primaryimage","url":"https:\/\/memo.museudapessoa.org\/conferencia-2025\/wp-content\/uploads\/sites\/30\/2024\/09\/01.png","contentUrl":"https:\/\/memo.museudapessoa.org\/conferencia-2025\/wp-content\/uploads\/sites\/30\/2024\/09\/01.png","width":1779,"height":801},{"@type":"BreadcrumbList","@id":"https:\/\/dst2025.org\/organizacao\/#breadcrumb","itemListElement":[{"@type":"ListItem","position":1,"name":"Home","item":"https:\/\/dst2025.org\/"},{"@type":"ListItem","position":2,"name":"Organiza\u00e7\u00e3o"}]},{"@type":"WebSite","@id":"https:\/\/dst2025.org\/#website","url":"https:\/\/dst2025.org\/","name":"1\u00aa Confer\u00eancia Internacional de Tecnologias Sociais da Mem\u00f3ria","description":"","potentialAction":[{"@type":"SearchAction","target":{"@type":"EntryPoint","urlTemplate":"https:\/\/dst2025.org\/?s={search_term_string}"},"query-input":"required name=search_term_string"}],"inLanguage":"pt-BR"}]}},"_links":{"self":[{"href":"https:\/\/memo.museudapessoa.org\/conferencia-2025\/wp-json\/wp\/v2\/pages\/87"}],"collection":[{"href":"https:\/\/memo.museudapessoa.org\/conferencia-2025\/wp-json\/wp\/v2\/pages"}],"about":[{"href":"https:\/\/memo.museudapessoa.org\/conferencia-2025\/wp-json\/wp\/v2\/types\/page"}],"author":[{"embeddable":true,"href":"https:\/\/memo.museudapessoa.org\/conferencia-2025\/wp-json\/wp\/v2\/users\/51"}],"replies":[{"embeddable":true,"href":"https:\/\/memo.museudapessoa.org\/conferencia-2025\/wp-json\/wp\/v2\/comments?post=87"}],"version-history":[{"count":95,"href":"https:\/\/memo.museudapessoa.org\/conferencia-2025\/wp-json\/wp\/v2\/pages\/87\/revisions"}],"predecessor-version":[{"id":1424,"href":"https:\/\/memo.museudapessoa.org\/conferencia-2025\/wp-json\/wp\/v2\/pages\/87\/revisions\/1424"}],"wp:attachment":[{"href":"https:\/\/memo.museudapessoa.org\/conferencia-2025\/wp-json\/wp\/v2\/media?parent=87"}],"curies":[{"name":"wp","href":"https:\/\/api.w.org\/{rel}","templated":true}]}}