{"id":11,"date":"2023-06-14T13:14:36","date_gmt":"2023-06-14T16:14:36","guid":{"rendered":"https:\/\/hhh.memo.museudapessoa.org\/tecban\/historias\/"},"modified":"2024-10-08T17:31:32","modified_gmt":"2024-10-08T20:31:32","slug":"historias-de-vida","status":"publish","type":"page","link":"https:\/\/memo.museudapessoa.org\/diversidade-mercado\/historias-de-vida\/","title":{"rendered":"Hist\u00f3rias de vida"},"content":{"rendered":"\n        <section class=\"conteudo\">\n          <div class=\"container\">\n            <div class=\"row\">\n              <div class=\"col-md-12 conteudo content margin-center text-md-\">\n                \n<p><\/p>\n\n              <\/div>\n            <\/div>\n          <\/div>\n        <\/section>\n\n\n<section id=\"historias-destaque\" class='histories-home margin-top-medium margin-bottom-medium padding-top-none padding-bottom-none' style='background-color:rgba(255,255,255,0);'>\n    <div class=\"container-fluid\">\n    <div class=\"row\">\n            <div class=\"history-item col-6 col-md mb-4 mb-md-3 wow fadeInUp\" data-wow-delay=\"0.0s\">\n          <a href=\"https:\/\/memo.museudapessoa.org\/diversidade-mercado\/historia-detalhe\/44926\/\">\n          <picture><source srcset='https:\/\/memo.museudapessoa.org\/app\/_lib\/file\/img\/thumb\/Ilustra\u00e7\u00e3o_Paulo%20Ferrari.png' \/>\n\t\t<img  src='https:\/\/memo.museudapessoa.org\/app\/_lib\/file\/img\/thumb\/Ilustra\u00e7\u00e3o_Paulo%20Ferrari.png' alt='Transforma\u00e7\u00e3o' loading='lazy' \/><\/picture>          <h3 class=\"title-small\">Transforma\u00e7\u00e3o<\/h3>\n          <\/a>\n      <\/div>\n            <div class=\"history-item col-6 col-md mb-4 mb-md-3 wow fadeInUp\" data-wow-delay=\"0.1s\">\n          <a href=\"https:\/\/memo.museudapessoa.org\/diversidade-mercado\/historia-detalhe\/44927\/\">\n          <picture><source srcset='https:\/\/memo.museudapessoa.org\/app\/_lib\/file\/img\/thumb\/2%20Discrimina\u00e7\u00e3o%20-Ilustra\u00e7\u00e3o_Marun%20Reis%20(2).jpg' \/>\n\t\t<img  src='https:\/\/memo.museudapessoa.org\/app\/_lib\/file\/img\/thumb\/2%20Discrimina\u00e7\u00e3o%20-Ilustra\u00e7\u00e3o_Marun%20Reis%20(2).jpg' alt='Discrimina\u00e7\u00e3o' \/><\/picture>          <h3 class=\"title-small\">Discrimina\u00e7\u00e3o<\/h3>\n          <\/a>\n      <\/div>\n            <div class=\"history-item col-6 col-md mb-4 mb-md-3 wow fadeInUp\" data-wow-delay=\"0.2s\">\n          <a href=\"https:\/\/memo.museudapessoa.org\/diversidade-mercado\/historia-detalhe\/44928\/\">\n          <picture><source srcset='https:\/\/memo.museudapessoa.org\/app\/_lib\/file\/img\/thumb\/Ilustra\u00e7\u00e3o_Xiomara%20Mart\u00ednez%20Nogueira.png' \/>\n\t\t<img  src='https:\/\/memo.museudapessoa.org\/app\/_lib\/file\/img\/thumb\/Ilustra\u00e7\u00e3o_Xiomara%20Mart\u00ednez%20Nogueira.png' alt='Supera\u00e7\u00e3o' loading='lazy' \/><\/picture>          <h3 class=\"title-small\">Supera\u00e7\u00e3o<\/h3>\n          <\/a>\n      <\/div>\n            <div class=\"history-item col-6 col-md mb-4 mb-md-3 wow fadeInUp\" data-wow-delay=\"0.3s\">\n          <a href=\"https:\/\/memo.museudapessoa.org\/diversidade-mercado\/historia-detalhe\/44929\/\">\n          <picture><source srcset='https:\/\/memo.museudapessoa.org\/app\/_lib\/file\/img\/thumb\/5%20Reconhecimento_Ariane%20Cor%20(8).png' \/>\n\t\t<img  src='https:\/\/memo.museudapessoa.org\/app\/_lib\/file\/img\/thumb\/5%20Reconhecimento_Ariane%20Cor%20(8).png' alt='Equidade' \/><\/picture>          <h3 class=\"title-small\">Equidade<\/h3>\n          <\/a>\n      <\/div>\n            <div class=\"history-item col-6 col-md mb-4 mb-md-3 wow fadeInUp\" data-wow-delay=\"0.4s\">\n          <a href=\"https:\/\/memo.museudapessoa.org\/diversidade-mercado\/historia-detalhe\/44930\/\">\n          <picture><source srcset='https:\/\/memo.museudapessoa.org\/app\/_lib\/file\/img\/thumb\/' \/>\n\t\t<img  src='https:\/\/memo.museudapessoa.org\/app\/_lib\/file\/img\/thumb\/' alt='Reconhecimento' \/><\/picture>          <h3 class=\"title-small\">Reconhecimento<\/h3>\n          <\/a>\n      <\/div>\n            <div class=\"history-item col-6 col-md mb-4 mb-md-3 wow fadeInUp\" data-wow-delay=\"0.5s\">\n          <a href=\"https:\/\/memo.museudapessoa.org\/diversidade-mercado\/historia-detalhe\/44930\/\">\n          <picture><source srcset='https:\/\/memo.museudapessoa.org\/app\/_lib\/file\/img\/thumb\/' \/>\n\t\t<img  src='https:\/\/memo.museudapessoa.org\/app\/_lib\/file\/img\/thumb\/' alt='Reconhecimento' \/><\/picture>          <h3 class=\"title-small\">Reconhecimento<\/h3>\n          <\/a>\n      <\/div>\n          <\/div>\n  <\/div>\n<\/section>\n\n","protected":false},"excerpt":{"rendered":"","protected":false},"author":1,"featured_media":0,"parent":0,"menu_order":0,"comment_status":"closed","ping_status":"closed","template":"","meta":{"_acf_changed":false,"footnotes":""},"class_list":["post-11","page","type-page","status-publish","hentry"],"acf":[],"yoast_head":"<!-- This site is optimized with the Yoast SEO plugin v23.3 - https:\/\/yoast.com\/wordpress\/plugins\/seo\/ -->\n<title>Hist\u00f3rias de vida - Os desafios da diversidade no mercado de trabalho<\/title>\n<meta name=\"robots\" content=\"index, follow, max-snippet:-1, max-image-preview:large, max-video-preview:-1\" \/>\n<link rel=\"canonical\" href=\"https:\/\/memo.museudapessoa.org\/diversidade-mercado\/historias-de-vida\/\" \/>\n<meta property=\"og:locale\" content=\"pt_BR\" \/>\n<meta property=\"og:type\" content=\"article\" \/>\n<meta property=\"og:title\" content=\"Hist\u00f3rias de vida - Os desafios da diversidade no mercado de trabalho\" \/>\n<meta property=\"og:url\" content=\"https:\/\/memo.museudapessoa.org\/diversidade-mercado\/historias-de-vida\/\" \/>\n<meta property=\"og:site_name\" content=\"Os desafios da diversidade no mercado de trabalho\" \/>\n<meta property=\"article:modified_time\" content=\"2024-10-08T20:31:32+00:00\" \/>\n<meta name=\"twitter:card\" content=\"summary_large_image\" \/>\n<script type=\"application\/ld+json\" class=\"yoast-schema-graph\">{\"@context\":\"https:\/\/schema.org\",\"@graph\":[{\"@type\":\"WebPage\",\"@id\":\"https:\/\/memo.museudapessoa.org\/diversidade-mercado\/historias-de-vida\/\",\"url\":\"https:\/\/memo.museudapessoa.org\/diversidade-mercado\/historias-de-vida\/\",\"name\":\"Hist\u00f3rias de vida - Os desafios da diversidade no mercado de trabalho\",\"isPartOf\":{\"@id\":\"https:\/\/memo.museudapessoa.org\/diversidade-mercado\/#website\"},\"datePublished\":\"2023-06-14T16:14:36+00:00\",\"dateModified\":\"2024-10-08T20:31:32+00:00\",\"breadcrumb\":{\"@id\":\"https:\/\/memo.museudapessoa.org\/diversidade-mercado\/historias-de-vida\/#breadcrumb\"},\"inLanguage\":\"pt-BR\",\"potentialAction\":[{\"@type\":\"ReadAction\",\"target\":[\"https:\/\/memo.museudapessoa.org\/diversidade-mercado\/historias-de-vida\/\"]}]},{\"@type\":\"BreadcrumbList\",\"@id\":\"https:\/\/memo.museudapessoa.org\/diversidade-mercado\/historias-de-vida\/#breadcrumb\",\"itemListElement\":[{\"@type\":\"ListItem\",\"position\":1,\"name\":\"Home\",\"item\":\"https:\/\/memo.museudapessoa.org\/diversidade-mercado\/\"},{\"@type\":\"ListItem\",\"position\":2,\"name\":\"Hist\u00f3rias de vida\"}]},{\"@type\":\"WebSite\",\"@id\":\"https:\/\/memo.museudapessoa.org\/diversidade-mercado\/#website\",\"url\":\"https:\/\/memo.museudapessoa.org\/diversidade-mercado\/\",\"name\":\"Os desafios da diversidade no mercado de trabalho\",\"description\":\"\",\"potentialAction\":[{\"@type\":\"SearchAction\",\"target\":{\"@type\":\"EntryPoint\",\"urlTemplate\":\"https:\/\/memo.museudapessoa.org\/diversidade-mercado\/?s={search_term_string}\"},\"query-input\":\"required name=search_term_string\"}],\"inLanguage\":\"pt-BR\"}]}<\/script>\n<!-- \/ Yoast SEO plugin. -->","yoast_head_json":{"title":"Hist\u00f3rias de vida - Os desafios da diversidade no mercado de trabalho","robots":{"index":"index","follow":"follow","max-snippet":"max-snippet:-1","max-image-preview":"max-image-preview:large","max-video-preview":"max-video-preview:-1"},"canonical":"https:\/\/memo.museudapessoa.org\/diversidade-mercado\/historias-de-vida\/","og_locale":"pt_BR","og_type":"article","og_title":"Hist\u00f3rias de vida - Os desafios da diversidade no mercado de trabalho","og_url":"https:\/\/memo.museudapessoa.org\/diversidade-mercado\/historias-de-vida\/","og_site_name":"Os desafios da diversidade no mercado de trabalho","article_modified_time":"2024-10-08T20:31:32+00:00","twitter_card":"summary_large_image","schema":{"@context":"https:\/\/schema.org","@graph":[{"@type":"WebPage","@id":"https:\/\/memo.museudapessoa.org\/diversidade-mercado\/historias-de-vida\/","url":"https:\/\/memo.museudapessoa.org\/diversidade-mercado\/historias-de-vida\/","name":"Hist\u00f3rias de vida - Os desafios da diversidade no mercado de trabalho","isPartOf":{"@id":"https:\/\/memo.museudapessoa.org\/diversidade-mercado\/#website"},"datePublished":"2023-06-14T16:14:36+00:00","dateModified":"2024-10-08T20:31:32+00:00","breadcrumb":{"@id":"https:\/\/memo.museudapessoa.org\/diversidade-mercado\/historias-de-vida\/#breadcrumb"},"inLanguage":"pt-BR","potentialAction":[{"@type":"ReadAction","target":["https:\/\/memo.museudapessoa.org\/diversidade-mercado\/historias-de-vida\/"]}]},{"@type":"BreadcrumbList","@id":"https:\/\/memo.museudapessoa.org\/diversidade-mercado\/historias-de-vida\/#breadcrumb","itemListElement":[{"@type":"ListItem","position":1,"name":"Home","item":"https:\/\/memo.museudapessoa.org\/diversidade-mercado\/"},{"@type":"ListItem","position":2,"name":"Hist\u00f3rias de vida"}]},{"@type":"WebSite","@id":"https:\/\/memo.museudapessoa.org\/diversidade-mercado\/#website","url":"https:\/\/memo.museudapessoa.org\/diversidade-mercado\/","name":"Os desafios da diversidade no mercado de trabalho","description":"","potentialAction":[{"@type":"SearchAction","target":{"@type":"EntryPoint","urlTemplate":"https:\/\/memo.museudapessoa.org\/diversidade-mercado\/?s={search_term_string}"},"query-input":"required name=search_term_string"}],"inLanguage":"pt-BR"}]}},"_links":{"self":[{"href":"https:\/\/memo.museudapessoa.org\/diversidade-mercado\/wp-json\/wp\/v2\/pages\/11"}],"collection":[{"href":"https:\/\/memo.museudapessoa.org\/diversidade-mercado\/wp-json\/wp\/v2\/pages"}],"about":[{"href":"https:\/\/memo.museudapessoa.org\/diversidade-mercado\/wp-json\/wp\/v2\/types\/page"}],"author":[{"embeddable":true,"href":"https:\/\/memo.museudapessoa.org\/diversidade-mercado\/wp-json\/wp\/v2\/users\/1"}],"replies":[{"embeddable":true,"href":"https:\/\/memo.museudapessoa.org\/diversidade-mercado\/wp-json\/wp\/v2\/comments?post=11"}],"version-history":[{"count":10,"href":"https:\/\/memo.museudapessoa.org\/diversidade-mercado\/wp-json\/wp\/v2\/pages\/11\/revisions"}],"predecessor-version":[{"id":710,"href":"https:\/\/memo.museudapessoa.org\/diversidade-mercado\/wp-json\/wp\/v2\/pages\/11\/revisions\/710"}],"wp:attachment":[{"href":"https:\/\/memo.museudapessoa.org\/diversidade-mercado\/wp-json\/wp\/v2\/media?parent=11"}],"curies":[{"name":"wp","href":"https:\/\/api.w.org\/{rel}","templated":true}]}}