{"id":235,"date":"2023-11-10T17:43:58","date_gmt":"2023-11-10T20:43:58","guid":{"rendered":"https:\/\/memo.museudapessoa.org\/diversidade-mercado\/?page_id=235"},"modified":"2023-11-14T14:07:29","modified_gmt":"2023-11-14T17:07:29","slug":"livro","status":"publish","type":"page","link":"https:\/\/memo.museudapessoa.org\/diversidade-mercado\/livro\/","title":{"rendered":"Livro"},"content":{"rendered":"\n\n<div id=\"destaque-topo\" class='carousel block-header-highlight wow fadeIn  block_5318e9db39401abae764d5270a2aa6f0 no-nav  margin-top-none margin-bottom-medium padding-top-none padding-bottom-none' style='background-color:rgba(255,255,255,0);' data-wow-delay=\"0.5s\" >\n<style>\n    .block_5318e9db39401abae764d5270a2aa6f0 h2,  .block_5318e9db39401abae764d5270a2aa6f0 h4, .block_5318e9db39401abae764d5270a2aa6f0 a, .block_5318e9db39401abae764d5270a2aa6f0 a h2, .block_5318e9db39401abae764d5270a2aa6f0 a p, .block_5318e9db39401abae764d5270a2aa6f0 p{\n      color: #da007f !important;\n  }\n    .block_5318e9db39401abae764d5270a2aa6f0 .carousel-nav__link.active:after{\n    background-color: #da007f !important;\n  }\n  .block_5318e9db39401abae764d5270a2aa6f0 .carousel-item__content .arrow svg rect{\n    fill: #da007f !important;\n  }\n<\/style>\n    <div class=\"carousel-item h-100 py-md-5 item-1  active\"\n  role=\"tabpanel\" aria-hidden=\"false\" tabindex=\"0\"\n  >\n      <div class=\"carousel-item__overlay\"\n                        style=\"background: linear-gradient(90deg, rgb(255,255,255) 20%, transparent 100%);\"\n                    ><\/div>\n                          <div class=\"parallaxParent carousel-item__image\" >\n                  <div class=\"carousel-item__image-element\" \n                style=\"background-image: url(https:\/\/memo.museudapessoa.org\/diversidade-mercado\/wp-content\/uploads\/sites\/21\/2023\/06\/tecban-aquarela-2a.png);\n                background-position: % %;\" >\n                  <\/div> \n              <\/div>\n                              <div class=\"container h-100\">\n        <div class=\"row h-100\">\n          <div class=\"col-md-8 offset-md-2 text-center d-flex justify-content-center col-md-8 align-self-center\">\n            <div class=\"carousel-item__content\">\n                                                                      <h2 class='my-3 big'>Livro<\/h2>\n                                              <\/div>\n          <\/div>\n        <\/div>\n      <\/div>  \n    <\/div>\n          <\/div>\n\n\n\n        <section class=\"conteudo\">\n          <div class=\"container\">\n            <div class=\"row\">\n              <div class=\"col-md-12 conteudo content margin-center text-md-\">\n                \n<p>No livro \u201cDiversidade no mercado de trabalho\u201d, voc\u00ea encontra casos individuais, sofridos, e relatados por vozes pessoais e intransfer\u00edveis em cinco cap\u00edtulos: transforma\u00e7\u00e3o, discrimina\u00e7\u00e3o, separa\u00e7\u00e3o, equidade e reconhecimento.<\/p>\n\n              <\/div>\n            <\/div>\n          <\/div>\n        <\/section>\n\n\n        <section class=\"conteudo\">\n          <div class=\"container\">\n            <div class=\"row\">\n              <div class=\"col-md-12 conteudo content margin-center text-md-\">\n                \n<p>Os trechos selecionados, extra\u00eddos de centenas de p\u00e1ginas de transcri\u00e7\u00f5es de depoimentos colhidos em v\u00eddeo, cumprem a fun\u00e7\u00e3o de facultar ao leitor a escuta de den\u00fancias que s\u00e3o, ao mesmo tempo e muitas vezes de forma expl\u00edcita, propostas de atitudes e a\u00e7\u00f5es destinadas a reduzir discrimina\u00e7\u00f5es e preconceitos.<\/p>\n\n              <\/div>\n            <\/div>\n          <\/div>\n        <\/section>\n\n\n        <section class=\"conteudo\">\n          <div class=\"container\">\n            <div class=\"row\">\n              <div class=\"col-md-12 conteudo content margin-center text-md-\">\n                <div class=\"block-btn text-center \">\n<a class=\"btn \" href=\"https:\/\/museudapessoa.org\/wp-content\/uploads\/2023\/02\/TecBan_MIOLO_dupla.pdf?utm_source=MUPE+COLABS+%26+EX-COLABS+%2F+2020&amp;utm_campaign=4a25ac98db-EMAIL_CAMPAIGN_2020_04_20_12_41_COPY_01&amp;utm_medium=email&amp;utm_term=0_5ea9540e43-4a25ac98db-165188000\" target=\"_blank\">Baixar o livro<\/a>\n<\/div>\n              <\/div>\n            <\/div>\n          <\/div>\n        <\/section>\n\n\n        <section class=\"conteudo\">\n          <div class=\"container\">\n            <div class=\"row\">\n              <div class=\"col-md-12 conteudo content margin-center text-md-\">\n                \n<p><\/p>\n\n              <\/div>\n            <\/div>\n          <\/div>\n        <\/section>\n\n\n        <section class=\"conteudo\">\n          <div class=\"container\">\n            <div class=\"row\">\n              <div class=\"col-md-12 conteudo content margin-center text-md-\">\n                \n<p><\/p>\n\n              <\/div>\n            <\/div>\n          <\/div>\n        <\/section>","protected":false},"excerpt":{"rendered":"<p>No livro \u201cDiversidade no mercado de trabalho\u201d, voc\u00ea encontra casos individuais, sofridos, e relatados por vozes pessoais e intransfer\u00edveis em cinco cap\u00edtulos: transforma\u00e7\u00e3o, discrimina\u00e7\u00e3o, separa\u00e7\u00e3o, equidade e reconhecimento. Os trechos selecionados, extra\u00eddos de centenas de p\u00e1ginas de transcri\u00e7\u00f5es de depoimentos&#8230;<\/p>\n","protected":false},"author":18,"featured_media":0,"parent":0,"menu_order":0,"comment_status":"closed","ping_status":"closed","template":"","meta":{"_acf_changed":false,"footnotes":""},"class_list":["post-235","page","type-page","status-publish","hentry"],"acf":[],"yoast_head":"<!-- This site is optimized with the Yoast SEO plugin v23.3 - https:\/\/yoast.com\/wordpress\/plugins\/seo\/ -->\n<title>Livro - Os desafios da diversidade no mercado de trabalho<\/title>\n<meta name=\"robots\" content=\"index, follow, max-snippet:-1, max-image-preview:large, max-video-preview:-1\" \/>\n<link rel=\"canonical\" href=\"https:\/\/memo.museudapessoa.org\/diversidade-mercado\/livro\/\" \/>\n<meta property=\"og:locale\" content=\"pt_BR\" \/>\n<meta property=\"og:type\" content=\"article\" \/>\n<meta property=\"og:title\" content=\"Livro - Os desafios da diversidade no mercado de trabalho\" \/>\n<meta property=\"og:description\" content=\"No livro \u201cDiversidade no mercado de trabalho\u201d, voc\u00ea encontra casos individuais, sofridos, e relatados por vozes pessoais e intransfer\u00edveis em cinco cap\u00edtulos: transforma\u00e7\u00e3o, discrimina\u00e7\u00e3o, separa\u00e7\u00e3o, equidade e reconhecimento. Os trechos selecionados, extra\u00eddos de centenas de p\u00e1ginas de transcri\u00e7\u00f5es de depoimentos...\" \/>\n<meta property=\"og:url\" content=\"https:\/\/memo.museudapessoa.org\/diversidade-mercado\/livro\/\" \/>\n<meta property=\"og:site_name\" content=\"Os desafios da diversidade no mercado de trabalho\" \/>\n<meta property=\"article:modified_time\" content=\"2023-11-14T17:07:29+00:00\" \/>\n<meta name=\"twitter:card\" content=\"summary_large_image\" \/>\n<script type=\"application\/ld+json\" class=\"yoast-schema-graph\">{\"@context\":\"https:\/\/schema.org\",\"@graph\":[{\"@type\":\"WebPage\",\"@id\":\"https:\/\/memo.museudapessoa.org\/diversidade-mercado\/livro\/\",\"url\":\"https:\/\/memo.museudapessoa.org\/diversidade-mercado\/livro\/\",\"name\":\"Livro - Os desafios da diversidade no mercado de trabalho\",\"isPartOf\":{\"@id\":\"https:\/\/memo.museudapessoa.org\/diversidade-mercado\/#website\"},\"datePublished\":\"2023-11-10T20:43:58+00:00\",\"dateModified\":\"2023-11-14T17:07:29+00:00\",\"breadcrumb\":{\"@id\":\"https:\/\/memo.museudapessoa.org\/diversidade-mercado\/livro\/#breadcrumb\"},\"inLanguage\":\"pt-BR\",\"potentialAction\":[{\"@type\":\"ReadAction\",\"target\":[\"https:\/\/memo.museudapessoa.org\/diversidade-mercado\/livro\/\"]}]},{\"@type\":\"BreadcrumbList\",\"@id\":\"https:\/\/memo.museudapessoa.org\/diversidade-mercado\/livro\/#breadcrumb\",\"itemListElement\":[{\"@type\":\"ListItem\",\"position\":1,\"name\":\"Home\",\"item\":\"https:\/\/memo.museudapessoa.org\/diversidade-mercado\/\"},{\"@type\":\"ListItem\",\"position\":2,\"name\":\"Livro\"}]},{\"@type\":\"WebSite\",\"@id\":\"https:\/\/memo.museudapessoa.org\/diversidade-mercado\/#website\",\"url\":\"https:\/\/memo.museudapessoa.org\/diversidade-mercado\/\",\"name\":\"Os desafios da diversidade no mercado de trabalho\",\"description\":\"\",\"potentialAction\":[{\"@type\":\"SearchAction\",\"target\":{\"@type\":\"EntryPoint\",\"urlTemplate\":\"https:\/\/memo.museudapessoa.org\/diversidade-mercado\/?s={search_term_string}\"},\"query-input\":\"required name=search_term_string\"}],\"inLanguage\":\"pt-BR\"}]}<\/script>\n<!-- \/ Yoast SEO plugin. -->","yoast_head_json":{"title":"Livro - Os desafios da diversidade no mercado de trabalho","robots":{"index":"index","follow":"follow","max-snippet":"max-snippet:-1","max-image-preview":"max-image-preview:large","max-video-preview":"max-video-preview:-1"},"canonical":"https:\/\/memo.museudapessoa.org\/diversidade-mercado\/livro\/","og_locale":"pt_BR","og_type":"article","og_title":"Livro - Os desafios da diversidade no mercado de trabalho","og_description":"No livro \u201cDiversidade no mercado de trabalho\u201d, voc\u00ea encontra casos individuais, sofridos, e relatados por vozes pessoais e intransfer\u00edveis em cinco cap\u00edtulos: transforma\u00e7\u00e3o, discrimina\u00e7\u00e3o, separa\u00e7\u00e3o, equidade e reconhecimento. Os trechos selecionados, extra\u00eddos de centenas de p\u00e1ginas de transcri\u00e7\u00f5es de depoimentos...","og_url":"https:\/\/memo.museudapessoa.org\/diversidade-mercado\/livro\/","og_site_name":"Os desafios da diversidade no mercado de trabalho","article_modified_time":"2023-11-14T17:07:29+00:00","twitter_card":"summary_large_image","schema":{"@context":"https:\/\/schema.org","@graph":[{"@type":"WebPage","@id":"https:\/\/memo.museudapessoa.org\/diversidade-mercado\/livro\/","url":"https:\/\/memo.museudapessoa.org\/diversidade-mercado\/livro\/","name":"Livro - Os desafios da diversidade no mercado de trabalho","isPartOf":{"@id":"https:\/\/memo.museudapessoa.org\/diversidade-mercado\/#website"},"datePublished":"2023-11-10T20:43:58+00:00","dateModified":"2023-11-14T17:07:29+00:00","breadcrumb":{"@id":"https:\/\/memo.museudapessoa.org\/diversidade-mercado\/livro\/#breadcrumb"},"inLanguage":"pt-BR","potentialAction":[{"@type":"ReadAction","target":["https:\/\/memo.museudapessoa.org\/diversidade-mercado\/livro\/"]}]},{"@type":"BreadcrumbList","@id":"https:\/\/memo.museudapessoa.org\/diversidade-mercado\/livro\/#breadcrumb","itemListElement":[{"@type":"ListItem","position":1,"name":"Home","item":"https:\/\/memo.museudapessoa.org\/diversidade-mercado\/"},{"@type":"ListItem","position":2,"name":"Livro"}]},{"@type":"WebSite","@id":"https:\/\/memo.museudapessoa.org\/diversidade-mercado\/#website","url":"https:\/\/memo.museudapessoa.org\/diversidade-mercado\/","name":"Os desafios da diversidade no mercado de trabalho","description":"","potentialAction":[{"@type":"SearchAction","target":{"@type":"EntryPoint","urlTemplate":"https:\/\/memo.museudapessoa.org\/diversidade-mercado\/?s={search_term_string}"},"query-input":"required name=search_term_string"}],"inLanguage":"pt-BR"}]}},"_links":{"self":[{"href":"https:\/\/memo.museudapessoa.org\/diversidade-mercado\/wp-json\/wp\/v2\/pages\/235"}],"collection":[{"href":"https:\/\/memo.museudapessoa.org\/diversidade-mercado\/wp-json\/wp\/v2\/pages"}],"about":[{"href":"https:\/\/memo.museudapessoa.org\/diversidade-mercado\/wp-json\/wp\/v2\/types\/page"}],"author":[{"embeddable":true,"href":"https:\/\/memo.museudapessoa.org\/diversidade-mercado\/wp-json\/wp\/v2\/users\/18"}],"replies":[{"embeddable":true,"href":"https:\/\/memo.museudapessoa.org\/diversidade-mercado\/wp-json\/wp\/v2\/comments?post=235"}],"version-history":[{"count":30,"href":"https:\/\/memo.museudapessoa.org\/diversidade-mercado\/wp-json\/wp\/v2\/pages\/235\/revisions"}],"predecessor-version":[{"id":347,"href":"https:\/\/memo.museudapessoa.org\/diversidade-mercado\/wp-json\/wp\/v2\/pages\/235\/revisions\/347"}],"wp:attachment":[{"href":"https:\/\/memo.museudapessoa.org\/diversidade-mercado\/wp-json\/wp\/v2\/media?parent=235"}],"curies":[{"name":"wp","href":"https:\/\/api.w.org\/{rel}","templated":true}]}}