{"id":8,"date":"2023-06-14T13:14:36","date_gmt":"2023-06-14T16:14:36","guid":{"rendered":"https:\/\/hhh.memo.museudapessoa.org\/tecban\/sobre\/"},"modified":"2023-11-14T21:26:30","modified_gmt":"2023-11-15T00:26:30","slug":"sobre","status":"publish","type":"page","link":"https:\/\/memo.museudapessoa.org\/diversidade-mercado\/sobre\/","title":{"rendered":"Sobre"},"content":{"rendered":"\n\n<div id=\"destaque-topo\" class='carousel block-header-highlight wow fadeIn  block_74e6dca405ec9e28b9807b1eca37c733 no-nav  margin-top-none margin-bottom-medium padding-top-none padding-bottom-none' style='background-color:rgba(255,255,255,0);' data-wow-delay=\"0.5s\" >\n<style>\n    .block_74e6dca405ec9e28b9807b1eca37c733 h2,  .block_74e6dca405ec9e28b9807b1eca37c733 h4, .block_74e6dca405ec9e28b9807b1eca37c733 a, .block_74e6dca405ec9e28b9807b1eca37c733 a h2, .block_74e6dca405ec9e28b9807b1eca37c733 a p, .block_74e6dca405ec9e28b9807b1eca37c733 p{\n      color: #da007f !important;\n  }\n    .block_74e6dca405ec9e28b9807b1eca37c733 .carousel-nav__link.active:after{\n    background-color: #da007f !important;\n  }\n  .block_74e6dca405ec9e28b9807b1eca37c733 .carousel-item__content .arrow svg rect{\n    fill: #da007f !important;\n  }\n<\/style>\n    <div class=\"carousel-item h-100 py-md-5 item-1  active\"\n  role=\"tabpanel\" aria-hidden=\"false\" tabindex=\"0\"\n  >\n      <div class=\"carousel-item__overlay\"\n                        style=\"background: linear-gradient(90deg, rgb(255,255,255) 20%, transparent 100%);\"\n                    ><\/div>\n                          <div class=\"parallaxParent carousel-item__image\" >\n                  <div class=\"carousel-item__image-element\" \n                style=\"background-image: url(https:\/\/memo.museudapessoa.org\/diversidade-mercado\/wp-content\/uploads\/sites\/21\/2023\/06\/tecban-aquarela-1apng.png);\n                background-position: % %;\" >\n                  <\/div> \n              <\/div>\n                              <div class=\"container h-100\">\n        <div class=\"row h-100\">\n          <div class=\"col-md-8 offset-md-2 text-center d-flex justify-content-center col-md-8 align-self-center\">\n            <div class=\"carousel-item__content\">\n                                                                      <h2 class='my-3 big'>Sobre<\/h2>\n                                              <\/div>\n          <\/div>\n        <\/div>\n      <\/div>  \n    <\/div>\n          <\/div>\n\n\n\n        <section class=\"conteudo\">\n          <div class=\"container\">\n            <div class=\"row\">\n              <div class=\"col-md-12 conteudo content margin-center text-md-\">\n                \n<p>Nesta exposi\u00e7\u00e3o digital, voc\u00ea encontrar\u00e1 o relato de viv\u00eancias de quinze pessoas atuantes no mercado de trabalho.&nbsp;<\/p>\n\n              <\/div>\n            <\/div>\n          <\/div>\n        <\/section>\n\n\n        <section class=\"conteudo\">\n          <div class=\"container\">\n            <div class=\"row\">\n              <div class=\"col-md-12 conteudo content margin-center text-md-\">\n                \n<p>Em comum, as hist\u00f3rias trazem relatos de diferentes formas de discrimina\u00e7\u00e3o, tema que estruturouo projeto \u201cHist\u00f3rias Diversas\u201d do Museu da Pessoa.<\/p>\n\n              <\/div>\n            <\/div>\n          <\/div>\n        <\/section>\n\n\n        <section class=\"conteudo\">\n          <div class=\"container\">\n            <div class=\"row\">\n              <div class=\"col-md-12 conteudo content margin-center text-md-\">\n                \n<p>Os depoimentos mostram n\u00e3o apenas as agruras de seus narradores, mas a garra, o brio e o questionamento de uma realidade que antecede e acompanha a vinda deles ao mundo e sua inser\u00e7\u00e3o numa sociedade, a priori, hostil.<\/p>\n\n              <\/div>\n            <\/div>\n          <\/div>\n        <\/section>\n\n\n<section id=\"logos\" class='footer-logos margin-top-medium margin-bottom-medium padding-top-0 padding-bottom-0' >\n  <div class=\"container\">\n    <div class=\"row justify-content-center\">\n            <div class=\"col-auto mb-5\" style=\"max-width:50%\">\n          <div class=\"row\">\n                        <div class=\"col-12 text-center\">             \n                  <p><b>Patroc\u00ednio<\/b><\/p>\n              <\/div>  \n               \n            <div class=\"col \">\n              <div class=\"row justify-content-center\">\n                                  <div class=\"col-auto align-self-center px-4 mb-4\">\n                                        <img decoding=\"async\" class=\"footer-logos__image\" src=\"https:\/\/memo.museudapessoa.org\/diversidade-mercado\/wp-content\/uploads\/sites\/21\/2024\/01\/lei-rouanet.png\" alt=\"Lei de incentivo \u00e0 cultura\" loading=\"lazy\">\n                                      <\/div>\n                                  <div class=\"col-auto align-self-center px-4 mb-4\">\n                                        <img decoding=\"async\" class=\"footer-logos__image\" src=\"https:\/\/memo.museudapessoa.org\/diversidade-mercado\/wp-content\/uploads\/sites\/21\/2023\/12\/TecBanpng.png\" alt=\"TecBan\" loading=\"lazy\">\n                                      <\/div>\n                              <\/div>\n            <\/div>\n          <\/div>\n        <\/div>\n              <div class=\"col-auto mb-5\" style=\"max-width:50%\">\n          <div class=\"row\">\n                        <div class=\"col-12 text-center\">             \n                  <p><b>Realiza\u00e7\u00e3o<\/b><\/p>\n              <\/div>  \n               \n            <div class=\"col \">\n              <div class=\"row justify-content-center\">\n                                  <div class=\"col-auto align-self-center px-4 mb-4\">\n                                        <img decoding=\"async\" class=\"footer-logos__image\" src=\"https:\/\/memo.museudapessoa.org\/diversidade-mercado\/wp-content\/uploads\/sites\/21\/2023\/08\/mupe.png\" alt=\"Museu do Pessoa\" loading=\"lazy\">\n                                      <\/div>\n                                  <div class=\"col-auto align-self-center px-4 mb-4\">\n                                        <img decoding=\"async\" class=\"footer-logos__image\" src=\"https:\/\/memo.museudapessoa.org\/diversidade-mercado\/wp-content\/uploads\/sites\/21\/2023\/12\/logo-memo-04-gov.png\" alt=\"Minist\u00e9rio da Cultura\" loading=\"lazy\">\n                                      <\/div>\n                              <\/div>\n            <\/div>\n          <\/div>\n        <\/div>\n            <\/div>\n    <\/div>\n  <\/div>\n<\/section>\n\n","protected":false},"excerpt":{"rendered":"<p>Nesta exposi\u00e7\u00e3o digital, voc\u00ea encontrar\u00e1 o relato de viv\u00eancias de quinze pessoas atuantes no mercado de trabalho.&nbsp; Em comum, as hist\u00f3rias trazem relatos de diferentes formas de discrimina\u00e7\u00e3o, tema que estruturouo projeto \u201cHist\u00f3rias Diversas\u201d do Museu da Pessoa. Os depoimentos&#8230;<\/p>\n","protected":false},"author":1,"featured_media":0,"parent":0,"menu_order":0,"comment_status":"closed","ping_status":"closed","template":"","meta":{"_acf_changed":false,"footnotes":""},"class_list":["post-8","page","type-page","status-publish","hentry"],"acf":[],"yoast_head":"<!-- This site is optimized with the Yoast SEO plugin v23.3 - https:\/\/yoast.com\/wordpress\/plugins\/seo\/ -->\n<title>Sobre - Os desafios da diversidade no mercado de trabalho<\/title>\n<meta name=\"robots\" content=\"index, follow, max-snippet:-1, max-image-preview:large, max-video-preview:-1\" \/>\n<link rel=\"canonical\" href=\"https:\/\/memo.museudapessoa.org\/diversidade-mercado\/sobre\/\" \/>\n<meta property=\"og:locale\" content=\"pt_BR\" \/>\n<meta property=\"og:type\" content=\"article\" \/>\n<meta property=\"og:title\" content=\"Sobre - Os desafios da diversidade no mercado de trabalho\" \/>\n<meta property=\"og:description\" content=\"Nesta exposi\u00e7\u00e3o digital, voc\u00ea encontrar\u00e1 o relato de viv\u00eancias de quinze pessoas atuantes no mercado de trabalho.&nbsp; Em comum, as hist\u00f3rias trazem relatos de diferentes formas de discrimina\u00e7\u00e3o, tema que estruturouo projeto \u201cHist\u00f3rias Diversas\u201d do Museu da Pessoa. Os depoimentos...\" \/>\n<meta property=\"og:url\" content=\"https:\/\/memo.museudapessoa.org\/diversidade-mercado\/sobre\/\" \/>\n<meta property=\"og:site_name\" content=\"Os desafios da diversidade no mercado de trabalho\" \/>\n<meta property=\"article:modified_time\" content=\"2023-11-15T00:26:30+00:00\" \/>\n<meta name=\"twitter:card\" content=\"summary_large_image\" \/>\n<script type=\"application\/ld+json\" class=\"yoast-schema-graph\">{\"@context\":\"https:\/\/schema.org\",\"@graph\":[{\"@type\":\"WebPage\",\"@id\":\"https:\/\/memo.museudapessoa.org\/diversidade-mercado\/sobre\/\",\"url\":\"https:\/\/memo.museudapessoa.org\/diversidade-mercado\/sobre\/\",\"name\":\"Sobre - Os desafios da diversidade no mercado de trabalho\",\"isPartOf\":{\"@id\":\"https:\/\/memo.museudapessoa.org\/diversidade-mercado\/#website\"},\"datePublished\":\"2023-06-14T16:14:36+00:00\",\"dateModified\":\"2023-11-15T00:26:30+00:00\",\"breadcrumb\":{\"@id\":\"https:\/\/memo.museudapessoa.org\/diversidade-mercado\/sobre\/#breadcrumb\"},\"inLanguage\":\"pt-BR\",\"potentialAction\":[{\"@type\":\"ReadAction\",\"target\":[\"https:\/\/memo.museudapessoa.org\/diversidade-mercado\/sobre\/\"]}]},{\"@type\":\"BreadcrumbList\",\"@id\":\"https:\/\/memo.museudapessoa.org\/diversidade-mercado\/sobre\/#breadcrumb\",\"itemListElement\":[{\"@type\":\"ListItem\",\"position\":1,\"name\":\"Home\",\"item\":\"https:\/\/memo.museudapessoa.org\/diversidade-mercado\/\"},{\"@type\":\"ListItem\",\"position\":2,\"name\":\"Sobre\"}]},{\"@type\":\"WebSite\",\"@id\":\"https:\/\/memo.museudapessoa.org\/diversidade-mercado\/#website\",\"url\":\"https:\/\/memo.museudapessoa.org\/diversidade-mercado\/\",\"name\":\"Os desafios da diversidade no mercado de trabalho\",\"description\":\"\",\"potentialAction\":[{\"@type\":\"SearchAction\",\"target\":{\"@type\":\"EntryPoint\",\"urlTemplate\":\"https:\/\/memo.museudapessoa.org\/diversidade-mercado\/?s={search_term_string}\"},\"query-input\":\"required name=search_term_string\"}],\"inLanguage\":\"pt-BR\"}]}<\/script>\n<!-- \/ Yoast SEO plugin. -->","yoast_head_json":{"title":"Sobre - Os desafios da diversidade no mercado de trabalho","robots":{"index":"index","follow":"follow","max-snippet":"max-snippet:-1","max-image-preview":"max-image-preview:large","max-video-preview":"max-video-preview:-1"},"canonical":"https:\/\/memo.museudapessoa.org\/diversidade-mercado\/sobre\/","og_locale":"pt_BR","og_type":"article","og_title":"Sobre - Os desafios da diversidade no mercado de trabalho","og_description":"Nesta exposi\u00e7\u00e3o digital, voc\u00ea encontrar\u00e1 o relato de viv\u00eancias de quinze pessoas atuantes no mercado de trabalho.&nbsp; Em comum, as hist\u00f3rias trazem relatos de diferentes formas de discrimina\u00e7\u00e3o, tema que estruturouo projeto \u201cHist\u00f3rias Diversas\u201d do Museu da Pessoa. Os depoimentos...","og_url":"https:\/\/memo.museudapessoa.org\/diversidade-mercado\/sobre\/","og_site_name":"Os desafios da diversidade no mercado de trabalho","article_modified_time":"2023-11-15T00:26:30+00:00","twitter_card":"summary_large_image","schema":{"@context":"https:\/\/schema.org","@graph":[{"@type":"WebPage","@id":"https:\/\/memo.museudapessoa.org\/diversidade-mercado\/sobre\/","url":"https:\/\/memo.museudapessoa.org\/diversidade-mercado\/sobre\/","name":"Sobre - Os desafios da diversidade no mercado de trabalho","isPartOf":{"@id":"https:\/\/memo.museudapessoa.org\/diversidade-mercado\/#website"},"datePublished":"2023-06-14T16:14:36+00:00","dateModified":"2023-11-15T00:26:30+00:00","breadcrumb":{"@id":"https:\/\/memo.museudapessoa.org\/diversidade-mercado\/sobre\/#breadcrumb"},"inLanguage":"pt-BR","potentialAction":[{"@type":"ReadAction","target":["https:\/\/memo.museudapessoa.org\/diversidade-mercado\/sobre\/"]}]},{"@type":"BreadcrumbList","@id":"https:\/\/memo.museudapessoa.org\/diversidade-mercado\/sobre\/#breadcrumb","itemListElement":[{"@type":"ListItem","position":1,"name":"Home","item":"https:\/\/memo.museudapessoa.org\/diversidade-mercado\/"},{"@type":"ListItem","position":2,"name":"Sobre"}]},{"@type":"WebSite","@id":"https:\/\/memo.museudapessoa.org\/diversidade-mercado\/#website","url":"https:\/\/memo.museudapessoa.org\/diversidade-mercado\/","name":"Os desafios da diversidade no mercado de trabalho","description":"","potentialAction":[{"@type":"SearchAction","target":{"@type":"EntryPoint","urlTemplate":"https:\/\/memo.museudapessoa.org\/diversidade-mercado\/?s={search_term_string}"},"query-input":"required name=search_term_string"}],"inLanguage":"pt-BR"}]}},"_links":{"self":[{"href":"https:\/\/memo.museudapessoa.org\/diversidade-mercado\/wp-json\/wp\/v2\/pages\/8"}],"collection":[{"href":"https:\/\/memo.museudapessoa.org\/diversidade-mercado\/wp-json\/wp\/v2\/pages"}],"about":[{"href":"https:\/\/memo.museudapessoa.org\/diversidade-mercado\/wp-json\/wp\/v2\/types\/page"}],"author":[{"embeddable":true,"href":"https:\/\/memo.museudapessoa.org\/diversidade-mercado\/wp-json\/wp\/v2\/users\/1"}],"replies":[{"embeddable":true,"href":"https:\/\/memo.museudapessoa.org\/diversidade-mercado\/wp-json\/wp\/v2\/comments?post=8"}],"version-history":[{"count":40,"href":"https:\/\/memo.museudapessoa.org\/diversidade-mercado\/wp-json\/wp\/v2\/pages\/8\/revisions"}],"predecessor-version":[{"id":407,"href":"https:\/\/memo.museudapessoa.org\/diversidade-mercado\/wp-json\/wp\/v2\/pages\/8\/revisions\/407"}],"wp:attachment":[{"href":"https:\/\/memo.museudapessoa.org\/diversidade-mercado\/wp-json\/wp\/v2\/media?parent=8"}],"curies":[{"name":"wp","href":"https:\/\/api.w.org\/{rel}","templated":true}]}}