{"id":14,"date":"2024-10-21T19:46:12","date_gmt":"2024-10-21T22:46:12","guid":{"rendered":"https:\/\/memo.museudapessoa.org\/excentricogabinetedosilencio\/linha-do-tempo\/"},"modified":"2024-10-28T12:56:34","modified_gmt":"2024-10-28T15:56:34","slug":"linha-do-tempo","status":"publish","type":"page","link":"https:\/\/memo.museudapessoa.org\/excentricogabinetedosilencio\/linha-do-tempo\/","title":{"rendered":"Linha do tempo"},"content":{"rendered":"\n<section id=\"\" class='timeline margin-top-none margin-bottom-medium padding-top-none padding-bottom-none' style='background-color:rgba(255,255,255,0);background-image: url(https:\/\/memo.museudapessoa.org\/excentricogabinetedosilencio\/wp-content\/uploads\/sites\/107\/2024\/10\/Design-sem-nome-11.png);' >\n  <div class=\"container\">\n        <div class=\"row\">\n        <div class=\"col-12 py-4\"><h2>Linha do tempo<\/h2><\/div>\n    <\/div>\n            <div class=\"row timeline__item\"> \n      <div class=\"col-md-12\">\n          <div class=\"row\">\n            <div class=\"timeline__title col-4 col-md-3 me-5\" >\n               <div class=\"wow fadeInLeft\">2017<\/div>\n            <\/div> \n            <div class=\"col timeline__content wow fadeInRight\">\n              <div class=\"row\">\n                                  <div class=\"col-12 align-self-center mb-2\">\n                    <p>A aten\u00e7\u00e3o e criticidade acerca de quest\u00f5es que tangem o tema telecomunica\u00e7\u00f5es e comunica\u00e7\u00e3o humana na perspectiva das sudezes, surge de inquieta\u00e7\u00f5es decorrentes de viv\u00eancias pessoais.<\/p>\n<p>Eis que me questionei sobre o significativo<br \/>\nrepert\u00f3rio hist\u00f3rico e patrimonial exposto em museus de tem\u00e1tica tecnologia e<br \/>\ntelecomunica\u00e7\u00f5es: Quais coisas e espa\u00e7os se relacionavam diretamente com as<br \/>\npessoas surdas? Qual hist\u00f3ria sobre as tecnologias de comunica\u00e7\u00e3o e<br \/>\ntelecomunica\u00e7\u00f5es voltada \u00e0 perspectiva da surdez estes espa\u00e7os comunicam a seus<br \/>\np\u00fablicos? Quais hist\u00f3rias s\u00e3o compartilhadas? Que pessoas integram essa hist\u00f3ria?<\/p>\n                <\/div>\n              <\/div>\n            <\/div>\n          <\/div>\n      <\/div>\n    <\/div>\n      <\/div>\n<\/section>\n\n\n","protected":false},"excerpt":{"rendered":"","protected":false},"author":319,"featured_media":0,"parent":0,"menu_order":0,"comment_status":"closed","ping_status":"closed","template":"","meta":{"_acf_changed":false,"footnotes":""},"class_list":["post-14","page","type-page","status-publish","hentry"],"acf":[],"yoast_head":"<!-- This site is optimized with the Yoast SEO plugin v23.3 - https:\/\/yoast.com\/wordpress\/plugins\/seo\/ -->\n<title>Linha do tempo - O Exc\u00eantrico Gabinete de Curiosidades: Sil\u00eancio&amp;Comunica\u00e7\u00f5es<\/title>\n<meta name=\"robots\" content=\"index, follow, max-snippet:-1, max-image-preview:large, max-video-preview:-1\" \/>\n<link rel=\"canonical\" href=\"https:\/\/memo.museudapessoa.org\/excentricogabinetedosilencio\/linha-do-tempo\/\" \/>\n<meta property=\"og:locale\" content=\"pt_BR\" \/>\n<meta property=\"og:type\" content=\"article\" \/>\n<meta property=\"og:title\" content=\"Linha do tempo - O Exc\u00eantrico Gabinete de Curiosidades: Sil\u00eancio&amp;Comunica\u00e7\u00f5es\" \/>\n<meta property=\"og:url\" content=\"https:\/\/memo.museudapessoa.org\/excentricogabinetedosilencio\/linha-do-tempo\/\" \/>\n<meta property=\"og:site_name\" content=\"O Exc\u00eantrico Gabinete de Curiosidades: Sil\u00eancio&amp;Comunica\u00e7\u00f5es\" \/>\n<meta property=\"article:modified_time\" content=\"2024-10-28T15:56:34+00:00\" \/>\n<meta name=\"twitter:card\" content=\"summary_large_image\" \/>\n<script type=\"application\/ld+json\" class=\"yoast-schema-graph\">{\"@context\":\"https:\/\/schema.org\",\"@graph\":[{\"@type\":\"WebPage\",\"@id\":\"https:\/\/memo.museudapessoa.org\/excentricogabinetedosilencio\/linha-do-tempo\/\",\"url\":\"https:\/\/memo.museudapessoa.org\/excentricogabinetedosilencio\/linha-do-tempo\/\",\"name\":\"Linha do tempo - O Exc\u00eantrico Gabinete de Curiosidades: Sil\u00eancio&amp;Comunica\u00e7\u00f5es\",\"isPartOf\":{\"@id\":\"https:\/\/memo.museudapessoa.org\/excentricogabinetedosilencio\/#website\"},\"datePublished\":\"2024-10-21T22:46:12+00:00\",\"dateModified\":\"2024-10-28T15:56:34+00:00\",\"breadcrumb\":{\"@id\":\"https:\/\/memo.museudapessoa.org\/excentricogabinetedosilencio\/linha-do-tempo\/#breadcrumb\"},\"inLanguage\":\"pt-BR\",\"potentialAction\":[{\"@type\":\"ReadAction\",\"target\":[\"https:\/\/memo.museudapessoa.org\/excentricogabinetedosilencio\/linha-do-tempo\/\"]}]},{\"@type\":\"BreadcrumbList\",\"@id\":\"https:\/\/memo.museudapessoa.org\/excentricogabinetedosilencio\/linha-do-tempo\/#breadcrumb\",\"itemListElement\":[{\"@type\":\"ListItem\",\"position\":1,\"name\":\"Home\",\"item\":\"https:\/\/memo.museudapessoa.org\/excentricogabinetedosilencio\/\"},{\"@type\":\"ListItem\",\"position\":2,\"name\":\"Linha do tempo\"}]},{\"@type\":\"WebSite\",\"@id\":\"https:\/\/memo.museudapessoa.org\/excentricogabinetedosilencio\/#website\",\"url\":\"https:\/\/memo.museudapessoa.org\/excentricogabinetedosilencio\/\",\"name\":\"O Exc\u00eantrico Gabinete de Curiosidades: Sil\u00eancio&amp;Comunica\u00e7\u00f5es\",\"description\":\"\",\"potentialAction\":[{\"@type\":\"SearchAction\",\"target\":{\"@type\":\"EntryPoint\",\"urlTemplate\":\"https:\/\/memo.museudapessoa.org\/excentricogabinetedosilencio\/?s={search_term_string}\"},\"query-input\":\"required name=search_term_string\"}],\"inLanguage\":\"pt-BR\"}]}<\/script>\n<!-- \/ Yoast SEO plugin. -->","yoast_head_json":{"title":"Linha do tempo - O Exc\u00eantrico Gabinete de Curiosidades: Sil\u00eancio&amp;Comunica\u00e7\u00f5es","robots":{"index":"index","follow":"follow","max-snippet":"max-snippet:-1","max-image-preview":"max-image-preview:large","max-video-preview":"max-video-preview:-1"},"canonical":"https:\/\/memo.museudapessoa.org\/excentricogabinetedosilencio\/linha-do-tempo\/","og_locale":"pt_BR","og_type":"article","og_title":"Linha do tempo - O Exc\u00eantrico Gabinete de Curiosidades: Sil\u00eancio&amp;Comunica\u00e7\u00f5es","og_url":"https:\/\/memo.museudapessoa.org\/excentricogabinetedosilencio\/linha-do-tempo\/","og_site_name":"O Exc\u00eantrico Gabinete de Curiosidades: Sil\u00eancio&amp;Comunica\u00e7\u00f5es","article_modified_time":"2024-10-28T15:56:34+00:00","twitter_card":"summary_large_image","schema":{"@context":"https:\/\/schema.org","@graph":[{"@type":"WebPage","@id":"https:\/\/memo.museudapessoa.org\/excentricogabinetedosilencio\/linha-do-tempo\/","url":"https:\/\/memo.museudapessoa.org\/excentricogabinetedosilencio\/linha-do-tempo\/","name":"Linha do tempo - O Exc\u00eantrico Gabinete de Curiosidades: Sil\u00eancio&amp;Comunica\u00e7\u00f5es","isPartOf":{"@id":"https:\/\/memo.museudapessoa.org\/excentricogabinetedosilencio\/#website"},"datePublished":"2024-10-21T22:46:12+00:00","dateModified":"2024-10-28T15:56:34+00:00","breadcrumb":{"@id":"https:\/\/memo.museudapessoa.org\/excentricogabinetedosilencio\/linha-do-tempo\/#breadcrumb"},"inLanguage":"pt-BR","potentialAction":[{"@type":"ReadAction","target":["https:\/\/memo.museudapessoa.org\/excentricogabinetedosilencio\/linha-do-tempo\/"]}]},{"@type":"BreadcrumbList","@id":"https:\/\/memo.museudapessoa.org\/excentricogabinetedosilencio\/linha-do-tempo\/#breadcrumb","itemListElement":[{"@type":"ListItem","position":1,"name":"Home","item":"https:\/\/memo.museudapessoa.org\/excentricogabinetedosilencio\/"},{"@type":"ListItem","position":2,"name":"Linha do tempo"}]},{"@type":"WebSite","@id":"https:\/\/memo.museudapessoa.org\/excentricogabinetedosilencio\/#website","url":"https:\/\/memo.museudapessoa.org\/excentricogabinetedosilencio\/","name":"O Exc\u00eantrico Gabinete de Curiosidades: Sil\u00eancio&amp;Comunica\u00e7\u00f5es","description":"","potentialAction":[{"@type":"SearchAction","target":{"@type":"EntryPoint","urlTemplate":"https:\/\/memo.museudapessoa.org\/excentricogabinetedosilencio\/?s={search_term_string}"},"query-input":"required name=search_term_string"}],"inLanguage":"pt-BR"}]}},"_links":{"self":[{"href":"https:\/\/memo.museudapessoa.org\/excentricogabinetedosilencio\/wp-json\/wp\/v2\/pages\/14"}],"collection":[{"href":"https:\/\/memo.museudapessoa.org\/excentricogabinetedosilencio\/wp-json\/wp\/v2\/pages"}],"about":[{"href":"https:\/\/memo.museudapessoa.org\/excentricogabinetedosilencio\/wp-json\/wp\/v2\/types\/page"}],"author":[{"embeddable":true,"href":"https:\/\/memo.museudapessoa.org\/excentricogabinetedosilencio\/wp-json\/wp\/v2\/users\/319"}],"replies":[{"embeddable":true,"href":"https:\/\/memo.museudapessoa.org\/excentricogabinetedosilencio\/wp-json\/wp\/v2\/comments?post=14"}],"version-history":[{"count":5,"href":"https:\/\/memo.museudapessoa.org\/excentricogabinetedosilencio\/wp-json\/wp\/v2\/pages\/14\/revisions"}],"predecessor-version":[{"id":56,"href":"https:\/\/memo.museudapessoa.org\/excentricogabinetedosilencio\/wp-json\/wp\/v2\/pages\/14\/revisions\/56"}],"wp:attachment":[{"href":"https:\/\/memo.museudapessoa.org\/excentricogabinetedosilencio\/wp-json\/wp\/v2\/media?parent=14"}],"curies":[{"name":"wp","href":"https:\/\/api.w.org\/{rel}","templated":true}]}}