{"id":20,"date":"2024-10-21T19:46:12","date_gmt":"2024-10-21T22:46:12","guid":{"rendered":"https:\/\/memo.museudapessoa.org\/excentricogabinetedosilencio\/home\/"},"modified":"2024-10-28T13:23:08","modified_gmt":"2024-10-28T16:23:08","slug":"inicio","status":"publish","type":"page","link":"https:\/\/memo.museudapessoa.org\/excentricogabinetedosilencio\/","title":{"rendered":"IN\u00cdCIO"},"content":{"rendered":"\n        <section class=\"conteudo\">\n          <div class=\"container\">\n            <div class=\"row\">\n              <div class=\"col-md-12 conteudo content margin-center text-md-\">\n                \n<h2 id=\"conheca-o-excentrico-gabinete\" class=\"wp-block-heading\">Conhe\u00e7a o Exc\u00eantrico Gabinete<\/h2>\n\n              <\/div>\n            <\/div>\n          <\/div>\n        <\/section>\n\n\n        <section class=\"conteudo\">\n          <div class=\"container\">\n            <div class=\"row\">\n              <div class=\"col-md-12 conteudo content margin-center text-md-\">\n                \n<p><strong>Um lugar de encontro com Coisas, pessoas, informa\u00e7\u00f5es, descobertas, saberes, experi\u00eancias, inventores, usu\u00e1rios (&#8230;).<\/strong><\/p>\n\n              <\/div>\n            <\/div>\n          <\/div>\n        <\/section>\n\n\n        <section class=\"conteudo\">\n          <div class=\"container\">\n            <div class=\"row\">\n              <div class=\"col-md-12 conteudo content margin-center text-md-\">\n                \n<p><strong>Encontro com o tempo &#8211; passado, presente e futuro.<\/strong><\/p>\n\n              <\/div>\n            <\/div>\n          <\/div>\n        <\/section>\n\n\n        <section class=\"conteudo\">\n          <div class=\"container\">\n            <div class=\"row\">\n              <div class=\"col-md-12 conteudo content margin-center text-md-\">\n                \n<p><strong>Encontro com a hist\u00f3ria, a tecnologia, o patrim\u00f4nio, a cultura, a geografia, o designer, as artes, a antropologia (&#8230;).<\/strong><strong><\/strong><\/p>\n\n              <\/div>\n            <\/div>\n          <\/div>\n        <\/section>\n\n\n        <section class=\"conteudo\">\n          <div class=\"container\">\n            <div class=\"row\">\n              <div class=\"col-md-12 conteudo content margin-center text-md-\">\n                \n<p><strong>Encontro com verdades poss\u00edveis, imaginadas e recontadas. Encontro com o que j\u00e1 \u00e9 sabido, com o que vem sendo descoberto e corrigido, bem como o que ainda nem existe.<\/strong><strong><\/strong><\/p>\n\n              <\/div>\n            <\/div>\n          <\/div>\n        <\/section>\n\n\n        <section class=\"conteudo\">\n          <div class=\"container\">\n            <div class=\"row\">\n              <div class=\"col-md-12 conteudo content margin-center text-md-\">\n                \n<p><strong>Encontro com experi\u00eancias. Encontro com o que eu sei, o que voc\u00ea sabe, o que o outro sabe, o que n\u00f3s sabemos igual ou sabemos diferente.<\/strong><strong><\/strong><\/p>\n\n              <\/div>\n            <\/div>\n          <\/div>\n        <\/section>\n\n\n        <section class=\"conteudo\">\n          <div class=\"container\">\n            <div class=\"row\">\n              <div class=\"col-md-12 conteudo content margin-center text-md-\">\n                \n<p><strong>Encontro com o que o espa\u00e7o nos oferece e o que temos a oferecer.<\/strong><strong><\/strong><\/p>\n\n              <\/div>\n            <\/div>\n          <\/div>\n        <\/section>\n\n\n        <section class=\"conteudo\">\n          <div class=\"container\">\n            <div class=\"row\">\n              <div class=\"col-md-12 conteudo content margin-center text-md-\">\n                \n<p><strong>Em uma frase, essa \u00e9 minha concep\u00e7\u00e3o sobre o que \u00e9 um museu, s\u00e3o os espa\u00e7os culturais, \u00e9 uma exposi\u00e7\u00e3o, \u00e9 o Exc\u00eantrico Gabinete de Curiosidades do Sil\u00eancio nas Comunica\u00e7\u00f5es &#8211; lugar de encontros.<\/strong> <\/p>\n\n              <\/div>\n            <\/div>\n          <\/div>\n        <\/section>\n\n\n        <section class=\"conteudo\">\n          <div class=\"container\">\n            <div class=\"row\">\n              <div class=\"col-md-12 conteudo content margin-center text-md-\">\n                \n<p><strong>Um lugar de encontros entre telecomunica\u00e7\u00f5es, comunica\u00e7\u00e3o humana &#8230; Encontro entre inventores e usu\u00e1rios.<\/strong><\/p>\n\n              <\/div>\n            <\/div>\n          <\/div>\n        <\/section>\n\n\n        <section class=\"conteudo\">\n          <div class=\"container\">\n            <div class=\"row\">\n              <div class=\"col-md-12 conteudo content margin-center text-md-\">\n                \n<p><\/p>\n\n              <\/div>\n            <\/div>\n          <\/div>\n        <\/section>\n\n\n<section id=\"historias-destaque\" class='histories-home margin-top-none margin-bottom-small padding-top-none padding-bottom-none' style='background-color:rgba(255,255,255,0);'>\n    <div class=\"container-fluid\">\n    <div class=\"row\">\n            <div class=\"history-item col-6 col-md mb-4 mb-md-3 wow fadeInUp\" data-wow-delay=\"0.0s\">\n          <a href=\"https:\/\/memo.museudapessoa.org\/excentricogabinetedosilencio\/historia-detalhe\/55257\/\">\n          <picture><source srcset='https:\/\/memo.museudapessoa.org\/app\/_lib\/file\/img\/thumb\/20220331_133314.jpg' \/>\n\t\t<img  src='https:\/\/memo.museudapessoa.org\/app\/_lib\/file\/img\/thumb\/20220331_133314.jpg' alt='G\u00eanese' loading='lazy' \/><\/picture>          <h3 class=\"title-small\">G\u00eanese<\/h3>\n          <\/a>\n      <\/div>\n          <\/div>\n  <\/div>\n<\/section>\n\n\n\n\n\n<section id=\"\" class=' margin-top-0 margin-bottom-large padding-top-0 padding-bottom-0'>\n  <div class=\"container\">\n        <div class=\"row\">\n      <div class=\"col-md-12 mb-4\">\n        <h2>Depoimentos<\/h2>\n      <\/div>\n    <\/div>\n      <div class=\"row\">\n      <div class=\"col-md-8 offset-md-2\">\n        <div class=\"home-depoiments owl-theme owl-carousel\">\n                              <div class=\"row\">\n                                      <div class=\"col-md-5 mb-4 mb-md-0\">\n                        <img decoding=\"async\" class=\"w-100\" src=\"https:\/\/memo.museudapessoa.org\/excentricogabinetedosilencio\/wp-content\/themes\/mupe\/assets\/dist\/img\/\/transparencia.png\" alt=\"Nome da pessoa\" loading=\"lazy\">\n                    <\/div>\n                                    <div class=\"col col align-self-center\">\n                    <div class=\"home-depoiments__depoiment\">\n                      <p>&#8220;Lorem ipsum dolor sit amet, consectetur adipisicing elit, sed do eiusmod tempor incididunt ut labore et dolore magna aliqua. Ut enim ad minim veniam&#8221;<\/p>\n                      <p class=\"mb-0 bold\">Nome da pessoa<\/p>\n                                          <\/div>\n                  <\/div>\n              <\/div>\n                      <\/div>\n        <!-- <div class=\"home-depoiments__nav owl-theme owl-carousel my-md-5 px-5\">\n                              <div class=\"px-md-3 home-depoiments__nav-item\">\n                  <h3 class=\"text-center title-small\">Nome da pessoa<\/h3>\n                <\/div>\n                      <\/div> -->\n      <\/div>\n    <\/div>\n  <\/div>\n<\/section>\n\n\n","protected":false},"excerpt":{"rendered":"<p>Conhe\u00e7a o Exc\u00eantrico Gabinete Um lugar de encontro com Coisas, pessoas, informa\u00e7\u00f5es, descobertas, saberes, experi\u00eancias, inventores, usu\u00e1rios (&#8230;). Encontro com o tempo &#8211; passado, presente e futuro. Encontro com a hist\u00f3ria, a tecnologia, o patrim\u00f4nio, a cultura, a geografia, o&#8230;<\/p>\n","protected":false},"author":319,"featured_media":0,"parent":0,"menu_order":0,"comment_status":"closed","ping_status":"closed","template":"","meta":{"_acf_changed":false,"footnotes":""},"class_list":["post-20","page","type-page","status-publish","hentry"],"acf":[],"yoast_head":"<!-- This site is optimized with the Yoast SEO plugin v23.3 - https:\/\/yoast.com\/wordpress\/plugins\/seo\/ -->\n<title>IN\u00cdCIO - O Exc\u00eantrico Gabinete de Curiosidades: Sil\u00eancio&amp;Comunica\u00e7\u00f5es<\/title>\n<meta name=\"robots\" content=\"index, follow, max-snippet:-1, max-image-preview:large, max-video-preview:-1\" \/>\n<link rel=\"canonical\" href=\"https:\/\/memo.museudapessoa.org\/excentricogabinetedosilencio\/\" \/>\n<meta property=\"og:locale\" content=\"pt_BR\" \/>\n<meta property=\"og:type\" content=\"article\" \/>\n<meta property=\"og:title\" content=\"IN\u00cdCIO - O Exc\u00eantrico Gabinete de Curiosidades: Sil\u00eancio&amp;Comunica\u00e7\u00f5es\" \/>\n<meta property=\"og:description\" content=\"Conhe\u00e7a o Exc\u00eantrico Gabinete Um lugar de encontro com Coisas, pessoas, informa\u00e7\u00f5es, descobertas, saberes, experi\u00eancias, inventores, usu\u00e1rios (&#8230;). Encontro com o tempo &#8211; passado, presente e futuro. Encontro com a hist\u00f3ria, a tecnologia, o patrim\u00f4nio, a cultura, a geografia, o...\" \/>\n<meta property=\"og:url\" content=\"https:\/\/memo.museudapessoa.org\/excentricogabinetedosilencio\/\" \/>\n<meta property=\"og:site_name\" content=\"O Exc\u00eantrico Gabinete de Curiosidades: Sil\u00eancio&amp;Comunica\u00e7\u00f5es\" \/>\n<meta property=\"article:modified_time\" content=\"2024-10-28T16:23:08+00:00\" \/>\n<meta name=\"twitter:card\" content=\"summary_large_image\" \/>\n<meta name=\"twitter:label1\" content=\"Est. tempo de leitura\" \/>\n\t<meta name=\"twitter:data1\" content=\"1 minuto\" \/>\n<script type=\"application\/ld+json\" class=\"yoast-schema-graph\">{\"@context\":\"https:\/\/schema.org\",\"@graph\":[{\"@type\":\"WebPage\",\"@id\":\"https:\/\/memo.museudapessoa.org\/excentricogabinetedosilencio\/\",\"url\":\"https:\/\/memo.museudapessoa.org\/excentricogabinetedosilencio\/\",\"name\":\"IN\u00cdCIO - O Exc\u00eantrico Gabinete de Curiosidades: Sil\u00eancio&amp;Comunica\u00e7\u00f5es\",\"isPartOf\":{\"@id\":\"https:\/\/memo.museudapessoa.org\/excentricogabinetedosilencio\/#website\"},\"datePublished\":\"2024-10-21T22:46:12+00:00\",\"dateModified\":\"2024-10-28T16:23:08+00:00\",\"breadcrumb\":{\"@id\":\"https:\/\/memo.museudapessoa.org\/excentricogabinetedosilencio\/#breadcrumb\"},\"inLanguage\":\"pt-BR\",\"potentialAction\":[{\"@type\":\"ReadAction\",\"target\":[\"https:\/\/memo.museudapessoa.org\/excentricogabinetedosilencio\/\"]}]},{\"@type\":\"BreadcrumbList\",\"@id\":\"https:\/\/memo.museudapessoa.org\/excentricogabinetedosilencio\/#breadcrumb\",\"itemListElement\":[{\"@type\":\"ListItem\",\"position\":1,\"name\":\"Home\",\"item\":\"https:\/\/memo.museudapessoa.org\/excentricogabinetedosilencio\/\"},{\"@type\":\"ListItem\",\"position\":2,\"name\":\"IN\u00cdCIO\"}]},{\"@type\":\"WebSite\",\"@id\":\"https:\/\/memo.museudapessoa.org\/excentricogabinetedosilencio\/#website\",\"url\":\"https:\/\/memo.museudapessoa.org\/excentricogabinetedosilencio\/\",\"name\":\"O Exc\u00eantrico Gabinete de Curiosidades: Sil\u00eancio&amp;Comunica\u00e7\u00f5es\",\"description\":\"\",\"potentialAction\":[{\"@type\":\"SearchAction\",\"target\":{\"@type\":\"EntryPoint\",\"urlTemplate\":\"https:\/\/memo.museudapessoa.org\/excentricogabinetedosilencio\/?s={search_term_string}\"},\"query-input\":\"required name=search_term_string\"}],\"inLanguage\":\"pt-BR\"}]}<\/script>\n<!-- \/ Yoast SEO plugin. -->","yoast_head_json":{"title":"IN\u00cdCIO - O Exc\u00eantrico Gabinete de Curiosidades: Sil\u00eancio&amp;Comunica\u00e7\u00f5es","robots":{"index":"index","follow":"follow","max-snippet":"max-snippet:-1","max-image-preview":"max-image-preview:large","max-video-preview":"max-video-preview:-1"},"canonical":"https:\/\/memo.museudapessoa.org\/excentricogabinetedosilencio\/","og_locale":"pt_BR","og_type":"article","og_title":"IN\u00cdCIO - O Exc\u00eantrico Gabinete de Curiosidades: Sil\u00eancio&amp;Comunica\u00e7\u00f5es","og_description":"Conhe\u00e7a o Exc\u00eantrico Gabinete Um lugar de encontro com Coisas, pessoas, informa\u00e7\u00f5es, descobertas, saberes, experi\u00eancias, inventores, usu\u00e1rios (&#8230;). Encontro com o tempo &#8211; passado, presente e futuro. Encontro com a hist\u00f3ria, a tecnologia, o patrim\u00f4nio, a cultura, a geografia, o...","og_url":"https:\/\/memo.museudapessoa.org\/excentricogabinetedosilencio\/","og_site_name":"O Exc\u00eantrico Gabinete de Curiosidades: Sil\u00eancio&amp;Comunica\u00e7\u00f5es","article_modified_time":"2024-10-28T16:23:08+00:00","twitter_card":"summary_large_image","twitter_misc":{"Est. tempo de leitura":"1 minuto"},"schema":{"@context":"https:\/\/schema.org","@graph":[{"@type":"WebPage","@id":"https:\/\/memo.museudapessoa.org\/excentricogabinetedosilencio\/","url":"https:\/\/memo.museudapessoa.org\/excentricogabinetedosilencio\/","name":"IN\u00cdCIO - O Exc\u00eantrico Gabinete de Curiosidades: Sil\u00eancio&amp;Comunica\u00e7\u00f5es","isPartOf":{"@id":"https:\/\/memo.museudapessoa.org\/excentricogabinetedosilencio\/#website"},"datePublished":"2024-10-21T22:46:12+00:00","dateModified":"2024-10-28T16:23:08+00:00","breadcrumb":{"@id":"https:\/\/memo.museudapessoa.org\/excentricogabinetedosilencio\/#breadcrumb"},"inLanguage":"pt-BR","potentialAction":[{"@type":"ReadAction","target":["https:\/\/memo.museudapessoa.org\/excentricogabinetedosilencio\/"]}]},{"@type":"BreadcrumbList","@id":"https:\/\/memo.museudapessoa.org\/excentricogabinetedosilencio\/#breadcrumb","itemListElement":[{"@type":"ListItem","position":1,"name":"Home","item":"https:\/\/memo.museudapessoa.org\/excentricogabinetedosilencio\/"},{"@type":"ListItem","position":2,"name":"IN\u00cdCIO"}]},{"@type":"WebSite","@id":"https:\/\/memo.museudapessoa.org\/excentricogabinetedosilencio\/#website","url":"https:\/\/memo.museudapessoa.org\/excentricogabinetedosilencio\/","name":"O Exc\u00eantrico Gabinete de Curiosidades: Sil\u00eancio&amp;Comunica\u00e7\u00f5es","description":"","potentialAction":[{"@type":"SearchAction","target":{"@type":"EntryPoint","urlTemplate":"https:\/\/memo.museudapessoa.org\/excentricogabinetedosilencio\/?s={search_term_string}"},"query-input":"required name=search_term_string"}],"inLanguage":"pt-BR"}]}},"_links":{"self":[{"href":"https:\/\/memo.museudapessoa.org\/excentricogabinetedosilencio\/wp-json\/wp\/v2\/pages\/20"}],"collection":[{"href":"https:\/\/memo.museudapessoa.org\/excentricogabinetedosilencio\/wp-json\/wp\/v2\/pages"}],"about":[{"href":"https:\/\/memo.museudapessoa.org\/excentricogabinetedosilencio\/wp-json\/wp\/v2\/types\/page"}],"author":[{"embeddable":true,"href":"https:\/\/memo.museudapessoa.org\/excentricogabinetedosilencio\/wp-json\/wp\/v2\/users\/319"}],"replies":[{"embeddable":true,"href":"https:\/\/memo.museudapessoa.org\/excentricogabinetedosilencio\/wp-json\/wp\/v2\/comments?post=20"}],"version-history":[{"count":12,"href":"https:\/\/memo.museudapessoa.org\/excentricogabinetedosilencio\/wp-json\/wp\/v2\/pages\/20\/revisions"}],"predecessor-version":[{"id":57,"href":"https:\/\/memo.museudapessoa.org\/excentricogabinetedosilencio\/wp-json\/wp\/v2\/pages\/20\/revisions\/57"}],"wp:attachment":[{"href":"https:\/\/memo.museudapessoa.org\/excentricogabinetedosilencio\/wp-json\/wp\/v2\/media?parent=20"}],"curies":[{"name":"wp","href":"https:\/\/api.w.org\/{rel}","templated":true}]}}