{"id":5,"date":"2024-10-21T19:46:12","date_gmt":"2024-10-21T22:46:12","guid":{"rendered":"https:\/\/memo.museudapessoa.org\/excentricogabinetedosilencio\/sobre\/"},"modified":"2024-10-28T12:47:32","modified_gmt":"2024-10-28T15:47:32","slug":"catalogo-do-excentrico-gabinete","status":"publish","type":"page","link":"https:\/\/memo.museudapessoa.org\/excentricogabinetedosilencio\/catalogo-do-excentrico-gabinete\/","title":{"rendered":"Cat\u00e1logo do Exc\u00eantrico Gabinete"},"content":{"rendered":"\n        <section class=\"conteudo\">\n          <div class=\"container\">\n            <div class=\"row\">\n              <div class=\"col-md-12 conteudo content margin-center text-md-\">\n                \n<h2 id=\"conheca-mais-sobre-essa-historia\" class=\"wp-block-heading\">Conhe\u00e7a mais sobre essa hist\u00f3ria<\/h2>\n\n              <\/div>\n            <\/div>\n          <\/div>\n        <\/section>\n\n\n        <section class=\"conteudo\">\n          <div class=\"container\">\n            <div class=\"row\">\n              <div class=\"col-md-12 conteudo content margin-center text-md-\">\n                \n<figure class=\"wp-block-embed is-type-wp-embed is-provider-fliphtml-5 wp-block-embed-fliphtml-5\"><div class=\"wp-block-embed__wrapper\">\n<iframe class=\"wp-embedded-content\" sandbox=\"allow-scripts\" security=\"restricted\" title=\"Manuscrito digital do brainstorm de cria\u00e7\u00e3o do \u201cO exc\u00eantrico Gabinete de Curiosidades do Sil\u00eancio nas Comunica\u00e7\u00f5es\u201d\" width=\"640\" height=\"360\" src=\"https:\/\/online.fliphtml5.com\/mryum\/wccd\/#?secret=zSfllZ0FPB\" data-secret=\"zSfllZ0FPB\" scrolling=\"no\" frameborder=\"0\" loading=\"lazy\"><\/iframe>\n<\/div><\/figure>\n\n              <\/div>\n            <\/div>\n          <\/div>\n        <\/section>\n\n\n        <section class=\"conteudo\">\n          <div class=\"container\">\n            <div class=\"row\">\n              <div class=\"col-md-12 conteudo content margin-center text-md-\">\n                \n<h2 id=\"equipe\" class=\"wp-block-heading\">Equipe<\/h2>\n\n              <\/div>\n            <\/div>\n          <\/div>\n        <\/section>\n\n\n        <section class=\"conteudo\">\n          <div class=\"container\">\n            <div class=\"row\">\n              <div class=\"col-md-12 conteudo content margin-center text-md-\">\n                \n<div class=\"wp-block-columns is-layout-flex wp-container-core-columns-is-layout-1 wp-block-columns-is-layout-flex\">\n<div class=\"wp-block-column is-layout-flow wp-block-column-is-layout-flow\">\n        <section class=\"conteudo\">\n          <div class=\"container\">\n            <div class=\"row\">\n              <div class=\"col-md-12 conteudo content margin-center text-md-\">\n                \n<p><\/p>\n\n              <\/div>\n            <\/div>\n          <\/div>\n        <\/section>\n\n\n        <section class=\"conteudo\">\n          <div class=\"container\">\n            <div class=\"row\">\n              <div class=\"col-md-12 conteudo content margin-center text-md-\">\n                \n<p><strong>Coordena\u00e7\u00e3o<\/strong>, <strong>Curadoria, Pesquisa e Produ\u00e7\u00e3o<\/strong><\/p>\n\n              <\/div>\n            <\/div>\n          <\/div>\n        <\/section>\n\n\n        <section class=\"conteudo\">\n          <div class=\"container\">\n            <div class=\"row\">\n              <div class=\"col-md-12 conteudo content margin-center text-md-\">\n                \n<p>Anatacha Sczesny Lochi<\/p>\n\n              <\/div>\n            <\/div>\n          <\/div>\n        <\/section>\n\n\n        <section class=\"conteudo\">\n          <div class=\"container\">\n            <div class=\"row\">\n              <div class=\"col-md-12 conteudo content margin-center text-md-\">\n                \n<p><\/p>\n\n              <\/div>\n            <\/div>\n          <\/div>\n        <\/section>\n\n\n        <section class=\"conteudo\">\n          <div class=\"container\">\n            <div class=\"row\">\n              <div class=\"col-md-12 conteudo content margin-center text-md-\">\n                \n<p><\/p>\n\n              <\/div>\n            <\/div>\n          <\/div>\n        <\/section>\n\n\n        <section class=\"conteudo\">\n          <div class=\"container\">\n            <div class=\"row\">\n              <div class=\"col-md-12 conteudo content margin-center text-md-\">\n                \n<p><strong>N\u00facleo<\/strong><\/p>\n\n              <\/div>\n            <\/div>\n          <\/div>\n        <\/section>\n\n\n        <section class=\"conteudo\">\n          <div class=\"container\">\n            <div class=\"row\">\n              <div class=\"col-md-12 conteudo content margin-center text-md-\">\n                \n<p>Elas Em Redes<\/p>\n\n              <\/div>\n            <\/div>\n          <\/div>\n        <\/section><\/div>\n<\/div>\n\n              <\/div>\n            <\/div>\n          <\/div>\n        <\/section>","protected":false},"excerpt":{"rendered":"<p>Conhe\u00e7a mais sobre essa hist\u00f3ria Equipe Coordena\u00e7\u00e3o, Curadoria, Pesquisa e Produ\u00e7\u00e3o Anatacha Sczesny Lochi N\u00facleo Elas Em Redes<\/p>\n","protected":false},"author":319,"featured_media":0,"parent":0,"menu_order":0,"comment_status":"closed","ping_status":"closed","template":"","meta":{"_acf_changed":false,"footnotes":""},"class_list":["post-5","page","type-page","status-publish","hentry"],"acf":[],"yoast_head":"<!-- This site is optimized with the Yoast SEO plugin v23.3 - https:\/\/yoast.com\/wordpress\/plugins\/seo\/ -->\n<title>Cat\u00e1logo do Exc\u00eantrico Gabinete - O Exc\u00eantrico Gabinete de Curiosidades: Sil\u00eancio&amp;Comunica\u00e7\u00f5es<\/title>\n<meta name=\"robots\" content=\"index, follow, max-snippet:-1, max-image-preview:large, max-video-preview:-1\" \/>\n<link rel=\"canonical\" href=\"https:\/\/memo.museudapessoa.org\/excentricogabinetedosilencio\/catalogo-do-excentrico-gabinete\/\" \/>\n<meta property=\"og:locale\" content=\"pt_BR\" \/>\n<meta property=\"og:type\" content=\"article\" \/>\n<meta property=\"og:title\" content=\"Cat\u00e1logo do Exc\u00eantrico Gabinete - O Exc\u00eantrico Gabinete de Curiosidades: Sil\u00eancio&amp;Comunica\u00e7\u00f5es\" \/>\n<meta property=\"og:description\" content=\"Conhe\u00e7a mais sobre essa hist\u00f3ria Equipe Coordena\u00e7\u00e3o, Curadoria, Pesquisa e Produ\u00e7\u00e3o Anatacha Sczesny Lochi N\u00facleo Elas Em Redes\" \/>\n<meta property=\"og:url\" content=\"https:\/\/memo.museudapessoa.org\/excentricogabinetedosilencio\/catalogo-do-excentrico-gabinete\/\" \/>\n<meta property=\"og:site_name\" content=\"O Exc\u00eantrico Gabinete de Curiosidades: Sil\u00eancio&amp;Comunica\u00e7\u00f5es\" \/>\n<meta property=\"article:modified_time\" content=\"2024-10-28T15:47:32+00:00\" \/>\n<meta name=\"twitter:card\" content=\"summary_large_image\" \/>\n<meta name=\"twitter:label1\" content=\"Est. tempo de leitura\" \/>\n\t<meta name=\"twitter:data1\" content=\"1 minuto\" \/>\n<script type=\"application\/ld+json\" class=\"yoast-schema-graph\">{\"@context\":\"https:\/\/schema.org\",\"@graph\":[{\"@type\":\"WebPage\",\"@id\":\"https:\/\/memo.museudapessoa.org\/excentricogabinetedosilencio\/catalogo-do-excentrico-gabinete\/\",\"url\":\"https:\/\/memo.museudapessoa.org\/excentricogabinetedosilencio\/catalogo-do-excentrico-gabinete\/\",\"name\":\"Cat\u00e1logo do Exc\u00eantrico Gabinete - O Exc\u00eantrico Gabinete de Curiosidades: Sil\u00eancio&amp;Comunica\u00e7\u00f5es\",\"isPartOf\":{\"@id\":\"https:\/\/memo.museudapessoa.org\/excentricogabinetedosilencio\/#website\"},\"datePublished\":\"2024-10-21T22:46:12+00:00\",\"dateModified\":\"2024-10-28T15:47:32+00:00\",\"breadcrumb\":{\"@id\":\"https:\/\/memo.museudapessoa.org\/excentricogabinetedosilencio\/catalogo-do-excentrico-gabinete\/#breadcrumb\"},\"inLanguage\":\"pt-BR\",\"potentialAction\":[{\"@type\":\"ReadAction\",\"target\":[\"https:\/\/memo.museudapessoa.org\/excentricogabinetedosilencio\/catalogo-do-excentrico-gabinete\/\"]}]},{\"@type\":\"BreadcrumbList\",\"@id\":\"https:\/\/memo.museudapessoa.org\/excentricogabinetedosilencio\/catalogo-do-excentrico-gabinete\/#breadcrumb\",\"itemListElement\":[{\"@type\":\"ListItem\",\"position\":1,\"name\":\"Home\",\"item\":\"https:\/\/memo.museudapessoa.org\/excentricogabinetedosilencio\/\"},{\"@type\":\"ListItem\",\"position\":2,\"name\":\"Cat\u00e1logo do Exc\u00eantrico Gabinete\"}]},{\"@type\":\"WebSite\",\"@id\":\"https:\/\/memo.museudapessoa.org\/excentricogabinetedosilencio\/#website\",\"url\":\"https:\/\/memo.museudapessoa.org\/excentricogabinetedosilencio\/\",\"name\":\"O Exc\u00eantrico Gabinete de Curiosidades: Sil\u00eancio&amp;Comunica\u00e7\u00f5es\",\"description\":\"\",\"potentialAction\":[{\"@type\":\"SearchAction\",\"target\":{\"@type\":\"EntryPoint\",\"urlTemplate\":\"https:\/\/memo.museudapessoa.org\/excentricogabinetedosilencio\/?s={search_term_string}\"},\"query-input\":\"required name=search_term_string\"}],\"inLanguage\":\"pt-BR\"}]}<\/script>\n<!-- \/ Yoast SEO plugin. -->","yoast_head_json":{"title":"Cat\u00e1logo do Exc\u00eantrico Gabinete - O Exc\u00eantrico Gabinete de Curiosidades: Sil\u00eancio&amp;Comunica\u00e7\u00f5es","robots":{"index":"index","follow":"follow","max-snippet":"max-snippet:-1","max-image-preview":"max-image-preview:large","max-video-preview":"max-video-preview:-1"},"canonical":"https:\/\/memo.museudapessoa.org\/excentricogabinetedosilencio\/catalogo-do-excentrico-gabinete\/","og_locale":"pt_BR","og_type":"article","og_title":"Cat\u00e1logo do Exc\u00eantrico Gabinete - O Exc\u00eantrico Gabinete de Curiosidades: Sil\u00eancio&amp;Comunica\u00e7\u00f5es","og_description":"Conhe\u00e7a mais sobre essa hist\u00f3ria Equipe Coordena\u00e7\u00e3o, Curadoria, Pesquisa e Produ\u00e7\u00e3o Anatacha Sczesny Lochi N\u00facleo Elas Em Redes","og_url":"https:\/\/memo.museudapessoa.org\/excentricogabinetedosilencio\/catalogo-do-excentrico-gabinete\/","og_site_name":"O Exc\u00eantrico Gabinete de Curiosidades: Sil\u00eancio&amp;Comunica\u00e7\u00f5es","article_modified_time":"2024-10-28T15:47:32+00:00","twitter_card":"summary_large_image","twitter_misc":{"Est. tempo de leitura":"1 minuto"},"schema":{"@context":"https:\/\/schema.org","@graph":[{"@type":"WebPage","@id":"https:\/\/memo.museudapessoa.org\/excentricogabinetedosilencio\/catalogo-do-excentrico-gabinete\/","url":"https:\/\/memo.museudapessoa.org\/excentricogabinetedosilencio\/catalogo-do-excentrico-gabinete\/","name":"Cat\u00e1logo do Exc\u00eantrico Gabinete - O Exc\u00eantrico Gabinete de Curiosidades: Sil\u00eancio&amp;Comunica\u00e7\u00f5es","isPartOf":{"@id":"https:\/\/memo.museudapessoa.org\/excentricogabinetedosilencio\/#website"},"datePublished":"2024-10-21T22:46:12+00:00","dateModified":"2024-10-28T15:47:32+00:00","breadcrumb":{"@id":"https:\/\/memo.museudapessoa.org\/excentricogabinetedosilencio\/catalogo-do-excentrico-gabinete\/#breadcrumb"},"inLanguage":"pt-BR","potentialAction":[{"@type":"ReadAction","target":["https:\/\/memo.museudapessoa.org\/excentricogabinetedosilencio\/catalogo-do-excentrico-gabinete\/"]}]},{"@type":"BreadcrumbList","@id":"https:\/\/memo.museudapessoa.org\/excentricogabinetedosilencio\/catalogo-do-excentrico-gabinete\/#breadcrumb","itemListElement":[{"@type":"ListItem","position":1,"name":"Home","item":"https:\/\/memo.museudapessoa.org\/excentricogabinetedosilencio\/"},{"@type":"ListItem","position":2,"name":"Cat\u00e1logo do Exc\u00eantrico Gabinete"}]},{"@type":"WebSite","@id":"https:\/\/memo.museudapessoa.org\/excentricogabinetedosilencio\/#website","url":"https:\/\/memo.museudapessoa.org\/excentricogabinetedosilencio\/","name":"O Exc\u00eantrico Gabinete de Curiosidades: Sil\u00eancio&amp;Comunica\u00e7\u00f5es","description":"","potentialAction":[{"@type":"SearchAction","target":{"@type":"EntryPoint","urlTemplate":"https:\/\/memo.museudapessoa.org\/excentricogabinetedosilencio\/?s={search_term_string}"},"query-input":"required name=search_term_string"}],"inLanguage":"pt-BR"}]}},"_links":{"self":[{"href":"https:\/\/memo.museudapessoa.org\/excentricogabinetedosilencio\/wp-json\/wp\/v2\/pages\/5"}],"collection":[{"href":"https:\/\/memo.museudapessoa.org\/excentricogabinetedosilencio\/wp-json\/wp\/v2\/pages"}],"about":[{"href":"https:\/\/memo.museudapessoa.org\/excentricogabinetedosilencio\/wp-json\/wp\/v2\/types\/page"}],"author":[{"embeddable":true,"href":"https:\/\/memo.museudapessoa.org\/excentricogabinetedosilencio\/wp-json\/wp\/v2\/users\/319"}],"replies":[{"embeddable":true,"href":"https:\/\/memo.museudapessoa.org\/excentricogabinetedosilencio\/wp-json\/wp\/v2\/comments?post=5"}],"version-history":[{"count":6,"href":"https:\/\/memo.museudapessoa.org\/excentricogabinetedosilencio\/wp-json\/wp\/v2\/pages\/5\/revisions"}],"predecessor-version":[{"id":51,"href":"https:\/\/memo.museudapessoa.org\/excentricogabinetedosilencio\/wp-json\/wp\/v2\/pages\/5\/revisions\/51"}],"wp:attachment":[{"href":"https:\/\/memo.museudapessoa.org\/excentricogabinetedosilencio\/wp-json\/wp\/v2\/media?parent=5"}],"curies":[{"name":"wp","href":"https:\/\/api.w.org\/{rel}","templated":true}]}}