{"id":8,"date":"2024-10-21T19:46:12","date_gmt":"2024-10-21T22:46:12","guid":{"rendered":"https:\/\/memo.museudapessoa.org\/excentricogabinetedosilencio\/historias\/"},"modified":"2024-10-21T19:46:12","modified_gmt":"2024-10-21T22:46:12","slug":"historias","status":"publish","type":"page","link":"https:\/\/memo.museudapessoa.org\/excentricogabinetedosilencio\/historias\/","title":{"rendered":"Hist\u00f3rias"},"content":{"rendered":"\n        <section class=\"conteudo\">\n          <div class=\"container\">\n            <div class=\"row\">\n              <div class=\"col-md-12 conteudo content margin-center text-md-\">\n                \n<h2 id=\"minhas-historias\" class=\"wp-block-heading\">Minhas hist\u00f3rias<\/h2>\n\n              <\/div>\n            <\/div>\n          <\/div>\n        <\/section>\n\n\n        <section class=\"conteudo\">\n          <div class=\"container\">\n            <div class=\"row\">\n              <div class=\"col-md-12 conteudo content margin-center text-md-\">\n                \n<p>Lorem ipsum dolor sit amet, consectetur adipisicing elit, sed do eiusmod tempor incididunt ut labore et dolore magna aliqua. Ut enim ad minim veniam, quis nostrud exercitation ullamco laboris nisi ut aliquip ex ea commodo consequat. Duis aute irure dolor in reprehenderit in voluptate velit esse cillum dolore eu fugiat nulla pariatur. Excepteur sint occaecat cupidatat non proident, sunt in culpa qui officia deserunt mollit anim id est laborum.<\/p>\n\n              <\/div>\n            <\/div>\n          <\/div>\n        <\/section>\n\n<section id=\"historias-listagem\" class='block-historias-listagem margin-top-medium margin-bottom-medium padding-top-none padding-bottom-none' style='background-color:rgba(255,255,255,0);'>\n    <div class=\"container\">\n         \n        <div class=\"row justify-content-md-center \">\n                        <div class=\"col-12 py-3\">\n                <h3>N\u00e3o existem hist\u00f3rias cadastradas no momento.<\/h3>\n            <\/div>\n                                <\/div>\n    <\/div>\n<\/section>\n\n\n","protected":false},"excerpt":{"rendered":"<p>Minhas hist\u00f3rias Lorem ipsum dolor sit amet, consectetur adipisicing elit, sed do eiusmod tempor incididunt ut labore et dolore magna aliqua. Ut enim ad minim veniam, quis nostrud exercitation ullamco laboris nisi ut aliquip ex ea commodo consequat. Duis aute&#8230;<\/p>\n","protected":false},"author":0,"featured_media":0,"parent":0,"menu_order":0,"comment_status":"closed","ping_status":"closed","template":"","meta":{"_acf_changed":false,"footnotes":""},"class_list":["post-8","page","type-page","status-publish","hentry"],"acf":[],"yoast_head":"<!-- This site is optimized with the Yoast SEO plugin v23.3 - https:\/\/yoast.com\/wordpress\/plugins\/seo\/ -->\n<title>Hist\u00f3rias - O Exc\u00eantrico Gabinete de Curiosidades: Sil\u00eancio&amp;Comunica\u00e7\u00f5es<\/title>\n<meta name=\"robots\" content=\"index, follow, max-snippet:-1, max-image-preview:large, max-video-preview:-1\" \/>\n<link rel=\"canonical\" href=\"https:\/\/memo.museudapessoa.org\/excentricogabinetedosilencio\/historias\/\" \/>\n<meta property=\"og:locale\" content=\"pt_BR\" \/>\n<meta property=\"og:type\" content=\"article\" \/>\n<meta property=\"og:title\" content=\"Hist\u00f3rias - O Exc\u00eantrico Gabinete de Curiosidades: Sil\u00eancio&amp;Comunica\u00e7\u00f5es\" \/>\n<meta property=\"og:description\" content=\"Minhas hist\u00f3rias Lorem ipsum dolor sit amet, consectetur adipisicing elit, sed do eiusmod tempor incididunt ut labore et dolore magna aliqua. Ut enim ad minim veniam, quis nostrud exercitation ullamco laboris nisi ut aliquip ex ea commodo consequat. Duis aute...\" \/>\n<meta property=\"og:url\" content=\"https:\/\/memo.museudapessoa.org\/excentricogabinetedosilencio\/historias\/\" \/>\n<meta property=\"og:site_name\" content=\"O Exc\u00eantrico Gabinete de Curiosidades: Sil\u00eancio&amp;Comunica\u00e7\u00f5es\" \/>\n<meta name=\"twitter:card\" content=\"summary_large_image\" \/>\n<script type=\"application\/ld+json\" class=\"yoast-schema-graph\">{\"@context\":\"https:\/\/schema.org\",\"@graph\":[{\"@type\":\"WebPage\",\"@id\":\"https:\/\/memo.museudapessoa.org\/excentricogabinetedosilencio\/historias\/\",\"url\":\"https:\/\/memo.museudapessoa.org\/excentricogabinetedosilencio\/historias\/\",\"name\":\"Hist\u00f3rias - O Exc\u00eantrico Gabinete de Curiosidades: Sil\u00eancio&amp;Comunica\u00e7\u00f5es\",\"isPartOf\":{\"@id\":\"https:\/\/memo.museudapessoa.org\/excentricogabinetedosilencio\/#website\"},\"datePublished\":\"2024-10-21T22:46:12+00:00\",\"dateModified\":\"2024-10-21T22:46:12+00:00\",\"breadcrumb\":{\"@id\":\"https:\/\/memo.museudapessoa.org\/excentricogabinetedosilencio\/historias\/#breadcrumb\"},\"inLanguage\":\"pt-BR\",\"potentialAction\":[{\"@type\":\"ReadAction\",\"target\":[\"https:\/\/memo.museudapessoa.org\/excentricogabinetedosilencio\/historias\/\"]}]},{\"@type\":\"BreadcrumbList\",\"@id\":\"https:\/\/memo.museudapessoa.org\/excentricogabinetedosilencio\/historias\/#breadcrumb\",\"itemListElement\":[{\"@type\":\"ListItem\",\"position\":1,\"name\":\"Home\",\"item\":\"https:\/\/memo.museudapessoa.org\/excentricogabinetedosilencio\/\"},{\"@type\":\"ListItem\",\"position\":2,\"name\":\"Hist\u00f3rias\"}]},{\"@type\":\"WebSite\",\"@id\":\"https:\/\/memo.museudapessoa.org\/excentricogabinetedosilencio\/#website\",\"url\":\"https:\/\/memo.museudapessoa.org\/excentricogabinetedosilencio\/\",\"name\":\"O Exc\u00eantrico Gabinete de Curiosidades: Sil\u00eancio&amp;Comunica\u00e7\u00f5es\",\"description\":\"\",\"potentialAction\":[{\"@type\":\"SearchAction\",\"target\":{\"@type\":\"EntryPoint\",\"urlTemplate\":\"https:\/\/memo.museudapessoa.org\/excentricogabinetedosilencio\/?s={search_term_string}\"},\"query-input\":\"required name=search_term_string\"}],\"inLanguage\":\"pt-BR\"}]}<\/script>\n<!-- \/ Yoast SEO plugin. -->","yoast_head_json":{"title":"Hist\u00f3rias - O Exc\u00eantrico Gabinete de Curiosidades: Sil\u00eancio&amp;Comunica\u00e7\u00f5es","robots":{"index":"index","follow":"follow","max-snippet":"max-snippet:-1","max-image-preview":"max-image-preview:large","max-video-preview":"max-video-preview:-1"},"canonical":"https:\/\/memo.museudapessoa.org\/excentricogabinetedosilencio\/historias\/","og_locale":"pt_BR","og_type":"article","og_title":"Hist\u00f3rias - O Exc\u00eantrico Gabinete de Curiosidades: Sil\u00eancio&amp;Comunica\u00e7\u00f5es","og_description":"Minhas hist\u00f3rias Lorem ipsum dolor sit amet, consectetur adipisicing elit, sed do eiusmod tempor incididunt ut labore et dolore magna aliqua. Ut enim ad minim veniam, quis nostrud exercitation ullamco laboris nisi ut aliquip ex ea commodo consequat. Duis aute...","og_url":"https:\/\/memo.museudapessoa.org\/excentricogabinetedosilencio\/historias\/","og_site_name":"O Exc\u00eantrico Gabinete de Curiosidades: Sil\u00eancio&amp;Comunica\u00e7\u00f5es","twitter_card":"summary_large_image","schema":{"@context":"https:\/\/schema.org","@graph":[{"@type":"WebPage","@id":"https:\/\/memo.museudapessoa.org\/excentricogabinetedosilencio\/historias\/","url":"https:\/\/memo.museudapessoa.org\/excentricogabinetedosilencio\/historias\/","name":"Hist\u00f3rias - O Exc\u00eantrico Gabinete de Curiosidades: Sil\u00eancio&amp;Comunica\u00e7\u00f5es","isPartOf":{"@id":"https:\/\/memo.museudapessoa.org\/excentricogabinetedosilencio\/#website"},"datePublished":"2024-10-21T22:46:12+00:00","dateModified":"2024-10-21T22:46:12+00:00","breadcrumb":{"@id":"https:\/\/memo.museudapessoa.org\/excentricogabinetedosilencio\/historias\/#breadcrumb"},"inLanguage":"pt-BR","potentialAction":[{"@type":"ReadAction","target":["https:\/\/memo.museudapessoa.org\/excentricogabinetedosilencio\/historias\/"]}]},{"@type":"BreadcrumbList","@id":"https:\/\/memo.museudapessoa.org\/excentricogabinetedosilencio\/historias\/#breadcrumb","itemListElement":[{"@type":"ListItem","position":1,"name":"Home","item":"https:\/\/memo.museudapessoa.org\/excentricogabinetedosilencio\/"},{"@type":"ListItem","position":2,"name":"Hist\u00f3rias"}]},{"@type":"WebSite","@id":"https:\/\/memo.museudapessoa.org\/excentricogabinetedosilencio\/#website","url":"https:\/\/memo.museudapessoa.org\/excentricogabinetedosilencio\/","name":"O Exc\u00eantrico Gabinete de Curiosidades: Sil\u00eancio&amp;Comunica\u00e7\u00f5es","description":"","potentialAction":[{"@type":"SearchAction","target":{"@type":"EntryPoint","urlTemplate":"https:\/\/memo.museudapessoa.org\/excentricogabinetedosilencio\/?s={search_term_string}"},"query-input":"required name=search_term_string"}],"inLanguage":"pt-BR"}]}},"_links":{"self":[{"href":"https:\/\/memo.museudapessoa.org\/excentricogabinetedosilencio\/wp-json\/wp\/v2\/pages\/8"}],"collection":[{"href":"https:\/\/memo.museudapessoa.org\/excentricogabinetedosilencio\/wp-json\/wp\/v2\/pages"}],"about":[{"href":"https:\/\/memo.museudapessoa.org\/excentricogabinetedosilencio\/wp-json\/wp\/v2\/types\/page"}],"replies":[{"embeddable":true,"href":"https:\/\/memo.museudapessoa.org\/excentricogabinetedosilencio\/wp-json\/wp\/v2\/comments?post=8"}],"version-history":[{"count":1,"href":"https:\/\/memo.museudapessoa.org\/excentricogabinetedosilencio\/wp-json\/wp\/v2\/pages\/8\/revisions"}],"predecessor-version":[{"id":9,"href":"https:\/\/memo.museudapessoa.org\/excentricogabinetedosilencio\/wp-json\/wp\/v2\/pages\/8\/revisions\/9"}],"wp:attachment":[{"href":"https:\/\/memo.museudapessoa.org\/excentricogabinetedosilencio\/wp-json\/wp\/v2\/media?parent=8"}],"curies":[{"name":"wp","href":"https:\/\/api.w.org\/{rel}","templated":true}]}}