{"id":17,"date":"2024-02-02T19:46:55","date_gmt":"2024-02-02T22:46:55","guid":{"rendered":"https:\/\/memo.museudapessoa.org\/forum-nucleos\/home\/"},"modified":"2025-09-11T16:12:33","modified_gmt":"2025-09-11T19:12:33","slug":"inicio","status":"publish","type":"page","link":"https:\/\/memo.museudapessoa.org\/forum-nucleos\/","title":{"rendered":"Inicio"},"content":{"rendered":"\n        <section class=\"conteudo\">\n          <div class=\"container\">\n            <div class=\"row\">\n              <div class=\"col-md-12 conteudo content margin-center text-md-\">\n                \n<h2 id=\"memorias-e-futuros-possiveis\" class=\"wp-block-heading\">Mem\u00f3rias e futuros poss\u00edveis<\/h2>\n\n              <\/div>\n            <\/div>\n          <\/div>\n        <\/section>\n\n\n        <section class=\"conteudo\">\n          <div class=\"container\">\n            <div class=\"row\">\n              <div class=\"col-md-12 conteudo content margin-center text-md-\">\n                \n<p>Voc\u00ea j\u00e1 parou para pensar no poder das hist\u00f3rias de vida para transformar o mundo?<br><br>No dia<strong> 15 de maio, das 18h \u00e0s 20h<\/strong>, o Museu da Pessoa realizou a mesa de abertura do 2\u00ba F\u00f3rum N\u00facleos com o tema: <strong>\u201cNarrar o vivido, imaginar o porvir: a pot\u00eancia das hist\u00f3rias na cria\u00e7\u00e3o de novos futuros\u201d<\/strong>. Refletirmos sobre como as mem\u00f3rias pessoais e coletivas podem inspirar novos imagin\u00e1rios sociais e moldar o presente com mais justi\u00e7a e inclus\u00e3o.<br><br>Tivemos como convidadas especiais: <\/p>\n\n              <\/div>\n            <\/div>\n          <\/div>\n        <\/section>\n\n\n        <section class=\"conteudo\">\n          <div class=\"container\">\n            <div class=\"row\">\n              <div class=\"col-md-12 conteudo content margin-center text-md-\">\n                \n<p><strong>Bianca Santana<\/strong> &#8211; Escritora, pesquisadora e diretora executiva da Casa Sueli Carneiro, refer\u00eancia nas lutas por justi\u00e7a racial e valoriza\u00e7\u00e3o das vozes negras.<\/p>\n\n              <\/div>\n            <\/div>\n          <\/div>\n        <\/section>\n\n\n        <section class=\"conteudo\">\n          <div class=\"container\">\n            <div class=\"row\">\n              <div class=\"col-md-12 conteudo content margin-center text-md-\">\n                \n<p><strong>Jaileila Menezes<\/strong> &#8211; Cearense, m\u00e3e, psic\u00f3loga e feminista. Professora UFPE e coordenadora do N\u00facleo Museu da Pessoa Ori GEPCOL.<\/p>\n\n              <\/div>\n            <\/div>\n          <\/div>\n        <\/section>\n\n\n        <section class=\"conteudo\">\n          <div class=\"container\">\n            <div class=\"row\">\n              <div class=\"col-md-12 conteudo content margin-center text-md-\">\n                \n<p><strong>Perdeu essa mesa?<\/strong><br>Ela foi incr\u00edvel! Voc\u00ea pode assistir \u00e0 grava\u00e7\u00e3o clicando no bot\u00e3o abaixo:<\/p>\n\n              <\/div>\n            <\/div>\n          <\/div>\n        <\/section>\n\n\n        <section class=\"conteudo\">\n          <div class=\"container\">\n            <div class=\"row\">\n              <div class=\"col-md-12 conteudo content margin-center text-md-\">\n                \n              <\/div>\n            <\/div>\n          <\/div>\n        <\/section>\n\n\n        <section class=\"conteudo\">\n          <div class=\"container\">\n            <div class=\"row\">\n              <div class=\"col-md-12 conteudo content margin-center text-md-\">\n                <div class=\"block-btn text-center \">\n<a class=\"btn \" href=\"https:\/\/drive.google.com\/file\/d\/1RNT3ooh92kobPi2HDFkRS9Ksg4P-YKCt\/view?usp=sharing\" target=\"_blank\">Assista \u00e0 mesa completa<\/a>\n<\/div>\n              <\/div>\n            <\/div>\n          <\/div>\n        <\/section>\n\n\n        <section class=\"conteudo\">\n          <div class=\"container\">\n            <div class=\"row\">\n              <div class=\"col-md-12 conteudo content margin-center text-md-\">\n                \n<p><\/p>\n\n              <\/div>\n            <\/div>\n          <\/div>\n        <\/section>\n\n\n        <section class=\"conteudo\">\n          <div class=\"container\">\n            <div class=\"row\">\n              <div class=\"col-md-12 conteudo content margin-center text-md-\">\n                \n<p><\/p>\n\n              <\/div>\n            <\/div>\n          <\/div>\n        <\/section>\n\n\n        <section class=\"conteudo\">\n          <div class=\"container\">\n            <div class=\"row\">\n              <div class=\"col-md-12 conteudo content margin-center text-md-\">\n                \n<p><\/p>\n\n              <\/div>\n            <\/div>\n          <\/div>\n        <\/section>\n\n\n        <section class=\"conteudo\">\n          <div class=\"container\">\n            <div class=\"row\">\n              <div class=\"col-md-12 conteudo content margin-center text-md-\">\n                \n<p><strong>Gostou da programa\u00e7\u00e3o e quer fazer parte da Rede de N\u00facleos do Museu da Pessoa?<\/strong><\/p>\n\n              <\/div>\n            <\/div>\n          <\/div>\n        <\/section>\n\n\n<div style=\"height:46px\" aria-hidden=\"true\" class=\"wp-block-spacer\"><\/div>\n\n\n\n        <section class=\"conteudo\">\n          <div class=\"container\">\n            <div class=\"row\">\n              <div class=\"col-md-12 conteudo content margin-center text-md-\">\n                <div class=\"block-btn text-center \">\n<a class=\"btn \" href=\"https:\/\/memo.museudapessoa.org\/app\/nucleos-inscricao\/\" target=\"_blank\">Quero ser um N\u00facleo Museu da Pessoa<\/a>\n<\/div>\n              <\/div>\n            <\/div>\n          <\/div>\n        <\/section>\n\n\n        <section class=\"conteudo\">\n          <div class=\"container\">\n            <div class=\"row\">\n              <div class=\"col-md-12 conteudo content margin-center text-md-\">\n                \n<p><\/p>\n\n              <\/div>\n            <\/div>\n          <\/div>\n        <\/section>\n\n\n        <section class=\"conteudo\">\n          <div class=\"container\">\n            <div class=\"row\">\n              <div class=\"col-md-12 conteudo content margin-center text-md-\">\n                \n<p><br><\/p>\n\n              <\/div>\n            <\/div>\n          <\/div>\n        <\/section>","protected":false},"excerpt":{"rendered":"<p>Mem\u00f3rias e futuros poss\u00edveis Voc\u00ea j\u00e1 parou para pensar no poder das hist\u00f3rias de vida para transformar o mundo? No dia 15 de maio, das 18h \u00e0s 20h, o Museu da Pessoa realizou a mesa de abertura do 2\u00ba F\u00f3rum&#8230;<\/p>\n","protected":false},"author":1,"featured_media":0,"parent":0,"menu_order":0,"comment_status":"closed","ping_status":"closed","template":"","meta":{"_acf_changed":false,"footnotes":""},"class_list":["post-17","page","type-page","status-publish","hentry"],"acf":[],"yoast_head":"<!-- This site is optimized with the Yoast SEO plugin v23.3 - https:\/\/yoast.com\/wordpress\/plugins\/seo\/ -->\n<title>Inicio - F\u00f3rum de n\u00facleos<\/title>\n<meta name=\"robots\" content=\"index, follow, max-snippet:-1, max-image-preview:large, max-video-preview:-1\" \/>\n<link rel=\"canonical\" href=\"https:\/\/memo.museudapessoa.org\/forum-nucleos\/\" \/>\n<meta property=\"og:locale\" content=\"pt_BR\" \/>\n<meta property=\"og:type\" content=\"article\" \/>\n<meta property=\"og:title\" content=\"Inicio - F\u00f3rum de n\u00facleos\" \/>\n<meta property=\"og:description\" content=\"Mem\u00f3rias e futuros poss\u00edveis Voc\u00ea j\u00e1 parou para pensar no poder das hist\u00f3rias de vida para transformar o mundo? No dia 15 de maio, das 18h \u00e0s 20h, o Museu da Pessoa realizou a mesa de abertura do 2\u00ba F\u00f3rum...\" \/>\n<meta property=\"og:url\" content=\"https:\/\/memo.museudapessoa.org\/forum-nucleos\/\" \/>\n<meta property=\"og:site_name\" content=\"F\u00f3rum de n\u00facleos\" \/>\n<meta property=\"article:modified_time\" content=\"2025-09-11T19:12:33+00:00\" \/>\n<meta name=\"twitter:card\" content=\"summary_large_image\" \/>\n<meta name=\"twitter:label1\" content=\"Est. tempo de leitura\" \/>\n\t<meta name=\"twitter:data1\" content=\"2 minutos\" \/>\n<script type=\"application\/ld+json\" class=\"yoast-schema-graph\">{\"@context\":\"https:\/\/schema.org\",\"@graph\":[{\"@type\":\"WebPage\",\"@id\":\"https:\/\/memo.museudapessoa.org\/forum-nucleos\/\",\"url\":\"https:\/\/memo.museudapessoa.org\/forum-nucleos\/\",\"name\":\"Inicio - F\u00f3rum de n\u00facleos\",\"isPartOf\":{\"@id\":\"https:\/\/memo.museudapessoa.org\/forum-nucleos\/#website\"},\"datePublished\":\"2024-02-02T22:46:55+00:00\",\"dateModified\":\"2025-09-11T19:12:33+00:00\",\"breadcrumb\":{\"@id\":\"https:\/\/memo.museudapessoa.org\/forum-nucleos\/#breadcrumb\"},\"inLanguage\":\"pt-BR\",\"potentialAction\":[{\"@type\":\"ReadAction\",\"target\":[\"https:\/\/memo.museudapessoa.org\/forum-nucleos\/\"]}]},{\"@type\":\"BreadcrumbList\",\"@id\":\"https:\/\/memo.museudapessoa.org\/forum-nucleos\/#breadcrumb\",\"itemListElement\":[{\"@type\":\"ListItem\",\"position\":1,\"name\":\"Home\",\"item\":\"https:\/\/memo.museudapessoa.org\/forum-nucleos\/\"},{\"@type\":\"ListItem\",\"position\":2,\"name\":\"Inicio\"}]},{\"@type\":\"WebSite\",\"@id\":\"https:\/\/memo.museudapessoa.org\/forum-nucleos\/#website\",\"url\":\"https:\/\/memo.museudapessoa.org\/forum-nucleos\/\",\"name\":\"F\u00f3rum de n\u00facleos\",\"description\":\"\",\"potentialAction\":[{\"@type\":\"SearchAction\",\"target\":{\"@type\":\"EntryPoint\",\"urlTemplate\":\"https:\/\/memo.museudapessoa.org\/forum-nucleos\/?s={search_term_string}\"},\"query-input\":\"required name=search_term_string\"}],\"inLanguage\":\"pt-BR\"}]}<\/script>\n<!-- \/ Yoast SEO plugin. -->","yoast_head_json":{"title":"Inicio - F\u00f3rum de n\u00facleos","robots":{"index":"index","follow":"follow","max-snippet":"max-snippet:-1","max-image-preview":"max-image-preview:large","max-video-preview":"max-video-preview:-1"},"canonical":"https:\/\/memo.museudapessoa.org\/forum-nucleos\/","og_locale":"pt_BR","og_type":"article","og_title":"Inicio - F\u00f3rum de n\u00facleos","og_description":"Mem\u00f3rias e futuros poss\u00edveis Voc\u00ea j\u00e1 parou para pensar no poder das hist\u00f3rias de vida para transformar o mundo? No dia 15 de maio, das 18h \u00e0s 20h, o Museu da Pessoa realizou a mesa de abertura do 2\u00ba F\u00f3rum...","og_url":"https:\/\/memo.museudapessoa.org\/forum-nucleos\/","og_site_name":"F\u00f3rum de n\u00facleos","article_modified_time":"2025-09-11T19:12:33+00:00","twitter_card":"summary_large_image","twitter_misc":{"Est. tempo de leitura":"2 minutos"},"schema":{"@context":"https:\/\/schema.org","@graph":[{"@type":"WebPage","@id":"https:\/\/memo.museudapessoa.org\/forum-nucleos\/","url":"https:\/\/memo.museudapessoa.org\/forum-nucleos\/","name":"Inicio - F\u00f3rum de n\u00facleos","isPartOf":{"@id":"https:\/\/memo.museudapessoa.org\/forum-nucleos\/#website"},"datePublished":"2024-02-02T22:46:55+00:00","dateModified":"2025-09-11T19:12:33+00:00","breadcrumb":{"@id":"https:\/\/memo.museudapessoa.org\/forum-nucleos\/#breadcrumb"},"inLanguage":"pt-BR","potentialAction":[{"@type":"ReadAction","target":["https:\/\/memo.museudapessoa.org\/forum-nucleos\/"]}]},{"@type":"BreadcrumbList","@id":"https:\/\/memo.museudapessoa.org\/forum-nucleos\/#breadcrumb","itemListElement":[{"@type":"ListItem","position":1,"name":"Home","item":"https:\/\/memo.museudapessoa.org\/forum-nucleos\/"},{"@type":"ListItem","position":2,"name":"Inicio"}]},{"@type":"WebSite","@id":"https:\/\/memo.museudapessoa.org\/forum-nucleos\/#website","url":"https:\/\/memo.museudapessoa.org\/forum-nucleos\/","name":"F\u00f3rum de n\u00facleos","description":"","potentialAction":[{"@type":"SearchAction","target":{"@type":"EntryPoint","urlTemplate":"https:\/\/memo.museudapessoa.org\/forum-nucleos\/?s={search_term_string}"},"query-input":"required name=search_term_string"}],"inLanguage":"pt-BR"}]}},"_links":{"self":[{"href":"https:\/\/memo.museudapessoa.org\/forum-nucleos\/wp-json\/wp\/v2\/pages\/17"}],"collection":[{"href":"https:\/\/memo.museudapessoa.org\/forum-nucleos\/wp-json\/wp\/v2\/pages"}],"about":[{"href":"https:\/\/memo.museudapessoa.org\/forum-nucleos\/wp-json\/wp\/v2\/types\/page"}],"author":[{"embeddable":true,"href":"https:\/\/memo.museudapessoa.org\/forum-nucleos\/wp-json\/wp\/v2\/users\/1"}],"replies":[{"embeddable":true,"href":"https:\/\/memo.museudapessoa.org\/forum-nucleos\/wp-json\/wp\/v2\/comments?post=17"}],"version-history":[{"count":277,"href":"https:\/\/memo.museudapessoa.org\/forum-nucleos\/wp-json\/wp\/v2\/pages\/17\/revisions"}],"predecessor-version":[{"id":691,"href":"https:\/\/memo.museudapessoa.org\/forum-nucleos\/wp-json\/wp\/v2\/pages\/17\/revisions\/691"}],"wp:attachment":[{"href":"https:\/\/memo.museudapessoa.org\/forum-nucleos\/wp-json\/wp\/v2\/media?parent=17"}],"curies":[{"name":"wp","href":"https:\/\/api.w.org\/{rel}","templated":true}]}}