{"id":50,"date":"2024-02-09T11:35:35","date_gmt":"2024-02-09T14:35:35","guid":{"rendered":"https:\/\/memo.museudapessoa.org\/forum-nucleos\/copia-de-inicio\/"},"modified":"2025-09-11T16:23:28","modified_gmt":"2025-09-11T19:23:28","slug":"a-rede-de-nucleos","status":"publish","type":"page","link":"https:\/\/memo.museudapessoa.org\/forum-nucleos\/a-rede-de-nucleos\/","title":{"rendered":"A Rede de N\u00facleos"},"content":{"rendered":"\n        <section class=\"conteudo\">\n          <div class=\"container\">\n            <div class=\"row\">\n              <div class=\"col-md-12 conteudo content margin-center text-md-\">\n                \n<h2 id=\"nucleos-museu-da-pessoa\" class=\"wp-block-heading\">N\u00facleos Museu da Pessoa<\/h2>\n\n              <\/div>\n            <\/div>\n          <\/div>\n        <\/section>\n\n\n        <section class=\"conteudo\">\n          <div class=\"container\">\n            <div class=\"row\">\n              <div class=\"col-md-12 conteudo content margin-center text-md-\">\n                \n<p class=\"has-text-align-left\">Os N\u00facleos Museu da Pessoa s\u00e3o organiza\u00e7\u00f5es e coletivos aut\u00f4nomos, de diferentes contextos, tem\u00e1ticas e localidades, que desenvolvem a\u00e7\u00f5es de mem\u00f3ria a partir do registro, preserva\u00e7\u00e3o e socializa\u00e7\u00e3o de hist\u00f3rias de vida.<\/p>\n\n              <\/div>\n            <\/div>\n          <\/div>\n        <\/section>\n\n\n<figure class=\"wp-block-image size-full is-resized\"><img decoding=\"async\" width=\"960\" height=\"240\" src=\"https:\/\/memo.museudapessoa.org\/forum-nucleos\/wp-content\/uploads\/sites\/29\/2024\/02\/Apresentacao-sem-titulo-6-e1708453902614.png\" alt=\"\" class=\"wp-image-236\" style=\"width:709px;height:177px\" srcset=\"https:\/\/memo.museudapessoa.org\/forum-nucleos\/wp-content\/uploads\/sites\/29\/2024\/02\/Apresentacao-sem-titulo-6-e1708453902614.png 960w, https:\/\/memo.museudapessoa.org\/forum-nucleos\/wp-content\/uploads\/sites\/29\/2024\/02\/Apresentacao-sem-titulo-6-e1708453902614-300x75.png 300w, https:\/\/memo.museudapessoa.org\/forum-nucleos\/wp-content\/uploads\/sites\/29\/2024\/02\/Apresentacao-sem-titulo-6-e1708453902614-768x192.png 768w\" sizes=\"(max-width: 960px) 100vw, 960px\" loading=\"lazy\" \/><\/figure>\n\n\n\n        <section class=\"conteudo\">\n          <div class=\"container\">\n            <div class=\"row\">\n              <div class=\"col-md-12 conteudo content margin-center text-md-\">\n                <div class=\"block-btn text-center \">\n<a class=\"btn \" href=\"https:\/\/www.nucleosmuseudapessoa.org\/c%C3%B3pia-faq\" target=\"_blank\">Conhe\u00e7a os N\u00facleos Museu da Pessoa<\/a>\n<\/div>\n              <\/div>\n            <\/div>\n          <\/div>\n        <\/section>\n\n\n        <section class=\"conteudo\">\n          <div class=\"container\">\n            <div class=\"row\">\n              <div class=\"col-md-12 conteudo content margin-center text-md-\">\n                \n<p><\/p>\n\n              <\/div>\n            <\/div>\n          <\/div>\n        <\/section>\n\n\n        <section class=\"conteudo\">\n          <div class=\"container\">\n            <div class=\"row\">\n              <div class=\"col-md-12 conteudo content margin-center text-md-\">\n                \n<h2 id=\"a-rede-nucleos\" class=\"wp-block-heading\">A Rede N\u00facleos <\/h2>\n\n              <\/div>\n            <\/div>\n          <\/div>\n        <\/section>\n\n\n        <section class=\"conteudo\">\n          <div class=\"container\">\n            <div class=\"row\">\n              <div class=\"col-md-12 conteudo content margin-center text-md-\">\n                \n<p class=\"has-text-align-left\">A Rede de N\u00facleos j\u00e1 conta com mais de 60 organiza\u00e7\u00f5es de diversos tipos, espalhadas em 16 estados brasileiros, mais um internacional localizado em Porto, Portugal.<\/p>\n\n              <\/div>\n            <\/div>\n          <\/div>\n        <\/section>\n\n\n<figure class=\"wp-block-image size-large\"><img decoding=\"async\" width=\"1024\" height=\"576\" src=\"https:\/\/memo.museudapessoa.org\/forum-nucleos\/wp-content\/uploads\/sites\/29\/2025\/05\/Mapa-1-1024x576.png\" alt=\"\" class=\"wp-image-419\" srcset=\"https:\/\/memo.museudapessoa.org\/forum-nucleos\/wp-content\/uploads\/sites\/29\/2025\/05\/Mapa-1-1024x576.png 1024w, https:\/\/memo.museudapessoa.org\/forum-nucleos\/wp-content\/uploads\/sites\/29\/2025\/05\/Mapa-1-300x169.png 300w, https:\/\/memo.museudapessoa.org\/forum-nucleos\/wp-content\/uploads\/sites\/29\/2025\/05\/Mapa-1-768x432.png 768w, https:\/\/memo.museudapessoa.org\/forum-nucleos\/wp-content\/uploads\/sites\/29\/2025\/05\/Mapa-1-1536x864.png 1536w, https:\/\/memo.museudapessoa.org\/forum-nucleos\/wp-content\/uploads\/sites\/29\/2025\/05\/Mapa-1.png 1920w\" sizes=\"(max-width: 1024px) 100vw, 1024px\" loading=\"lazy\" \/><\/figure>\n\n\n\n        <section class=\"conteudo\">\n          <div class=\"container\">\n            <div class=\"row\">\n              <div class=\"col-md-12 conteudo content margin-center text-md-\">\n                <div class=\"block-btn text-center \">\n<a class=\"btn \" href=\"https:\/\/memo.museudapessoa.org\/app\/nucleos-inscricao\/\" target=\"_blank\">Quero participar da Rede de N\u00facleos Museu da Pessoa<\/a>\n<\/div>\n              <\/div>\n            <\/div>\n          <\/div>\n        <\/section>\n\n\n        <section class=\"conteudo\">\n          <div class=\"container\">\n            <div class=\"row\">\n              <div class=\"col-md-12 conteudo content margin-center text-md-\">\n                \n<p><\/p>\n\n              <\/div>\n            <\/div>\n          <\/div>\n        <\/section>\n\n\n        <section class=\"conteudo\">\n          <div class=\"container\">\n            <div class=\"row\">\n              <div class=\"col-md-12 conteudo content margin-center text-md-\">\n                \n<p>Os n\u00facleos, ao preservar e compartilhar hist\u00f3rias de vida, fortalecem a mem\u00f3ria coletiva, promovem a valoriza\u00e7\u00e3o das culturas locais e ampliam as redes de a\u00e7\u00e3o em diferentes territ\u00f3rios. Para fortalecer ainda mais esses esfor\u00e7os e incentivar novas trocas e colabora\u00e7\u00f5es, foi criado o F\u00f3rum de N\u00facleos Museu da Pessoa.<\/p>\n\n              <\/div>\n            <\/div>\n          <\/div>\n        <\/section>\n\n\n        <section class=\"conteudo\">\n          <div class=\"container\">\n            <div class=\"row\">\n              <div class=\"col-md-12 conteudo content margin-center text-md-\">\n                \n<p><\/p>\n\n              <\/div>\n            <\/div>\n          <\/div>\n        <\/section>\n\n\n        <section class=\"conteudo\">\n          <div class=\"container\">\n            <div class=\"row\">\n              <div class=\"col-md-12 conteudo content margin-center text-md-\">\n                \n<h2 id=\"1-forum-de-nucleos-museu-da-pessoa\" class=\"wp-block-heading\">1\u00b0 F\u00d3RUM DE N\u00daCLEOS MUSEU DA PESSOA<\/h2>\n\n              <\/div>\n            <\/div>\n          <\/div>\n        <\/section>\n\n\n        <section class=\"conteudo\">\n          <div class=\"container\">\n            <div class=\"row\">\n              <div class=\"col-md-12 conteudo content margin-center text-md-\">\n                \n<p>O F\u00f3rum de N\u00facleos \u00e9 um espa\u00e7o de encontro, troca e fortalecimento entre os coletivos e organiza\u00e7\u00f5es que integram a Rede de N\u00facleos Museu da Pessoa. \u00c9 um momento dedicado \u00e0 reflex\u00e3o sobre pr\u00e1ticas de mem\u00f3ria, \u00e0 articula\u00e7\u00e3o de novas parcerias e \u00e0 amplia\u00e7\u00e3o do impacto das a\u00e7\u00f5es desenvolvidas pelos n\u00facleos em seus territ\u00f3rios.<\/p>\n\n              <\/div>\n            <\/div>\n          <\/div>\n        <\/section>\n\n\n        <section class=\"conteudo\">\n          <div class=\"container\">\n            <div class=\"row\">\n              <div class=\"col-md-12 conteudo wp-embed-aspect-16-9 wp-has-aspect-ratio content margin-center text-md-\">\n                \n<figure class=\"wp-block-embed is-type-rich is-provider-incorporar-manipulador wp-block-embed-incorporar-manipulador wp-embed-aspect-16-9 wp-has-aspect-ratio\"><div class=\"wp-block-embed__wrapper\">\n<iframe title=\"Rede de N\u00facleos Museu da Pessoa - 1\u00b0 edital de microprojetos e mesa de encerramento\" width=\"500\" height=\"281\" src=\"https:\/\/www.youtube.com\/embed\/VFBnDm2fDXs?feature=oembed\" frameborder=\"0\" allow=\"accelerometer; autoplay; clipboard-write; encrypted-media; gyroscope; picture-in-picture; web-share\" referrerpolicy=\"strict-origin-when-cross-origin\" allowfullscreen loading=\"lazy\"><\/iframe>\n<\/div><\/figure>\n\n              <\/div>\n            <\/div>\n          <\/div>\n        <\/section>\n\n\n        <section class=\"conteudo\">\n          <div class=\"container\">\n            <div class=\"row\">\n              <div class=\"col-md-12 conteudo content margin-center text-md-\">\n                \n<p>Nos dias 04 e 05 de mar\u00e7o de 2024, foi realizado o 1\u00b0 F\u00f3rum de N\u00facleos Museu da Pessoa, reunindo coletivos e organiza\u00e7\u00f5es para discutir o potencial das redes no fortalecimento das a\u00e7\u00f5es culturais e de mem\u00f3ria.<\/p>\n\n              <\/div>\n            <\/div>\n          <\/div>\n        <\/section>\n\n\n        <section class=\"conteudo\">\n          <div class=\"container\">\n            <div class=\"row\">\n              <div class=\"col-md-12 conteudo content margin-center text-md-\">\n                \n<p>Durante o evento, a mesa \u201cArticula\u00e7\u00e3o, pol\u00edticas e equipamentos p\u00fablicos em rede\u201d promoveu uma importante discuss\u00e3o sobre como redes podem ser uma pot\u00eancia para organiza\u00e7\u00f5es de diferentes portes e sobre os aprendizados das experi\u00eancias dos pontos de cultura e de mem\u00f3ria. A mesa contou com a participa\u00e7\u00e3o de C\u00e9lio Turino, historiador, escritor e servidor p\u00fablico aposentado, e Alba Dutra, mestra em Educa\u00e7\u00e3o e Coordenadora Geral da ONG Vokuim, um dos N\u00facleos Museu da Pessoa e Ponto de Mem\u00f3ria.<\/p>\n\n              <\/div>\n            <\/div>\n          <\/div>\n        <\/section>\n\n\n        <section class=\"conteudo\">\n          <div class=\"container\">\n            <div class=\"row\">\n              <div class=\"col-md-12 conteudo content margin-center text-md-\">\n                \n<p>O F\u00f3rum tamb\u00e9m marcou a apresenta\u00e7\u00e3o dos resultados dos tr\u00eas vencedores do 1\u00b0 edital de microprojetos da Rede de N\u00facleos Museu da Pessoa. Os produtos e processos desenvolvidos foram compartilhados e comentados por outros n\u00facleos da rede que atuam com tem\u00e1ticas similares.<\/p>\n\n              <\/div>\n            <\/div>\n          <\/div>\n        <\/section>\n\n\n        <section class=\"conteudo\">\n          <div class=\"container\">\n            <div class=\"row\">\n              <div class=\"col-md-12 conteudo content margin-center text-md-\">\n                \n<p>O F\u00f3rum tamb\u00e9m marcou a apresenta\u00e7\u00e3o dos resultados dos tr\u00eas vencedores do 1\u00b0 edital de microprojetos da Rede de N\u00facleos Museu da Pessoa. Os produtos e processos desenvolvidos foram compartilhados e comentados por outros n\u00facleos da rede que atuam com tem\u00e1ticas similares.<\/p>\n\n              <\/div>\n            <\/div>\n          <\/div>\n        <\/section>\n\n\n        <section class=\"conteudo\">\n          <div class=\"container\">\n            <div class=\"row\">\n              <div class=\"col-md-12 conteudo content margin-center text-md-\">\n                \n<p>Os projetos apresentados foram:<\/p>\n\n              <\/div>\n            <\/div>\n          <\/div>\n        <\/section>\n\n\n        <section class=\"conteudo\">\n          <div class=\"container\">\n            <div class=\"row\">\n              <div class=\"col-md-12 conteudo content margin-center text-md-\">\n                \n<ul class=\"wp-block-list\">\n<li><a rel=\"noreferrer noopener\" href=\"https:\/\/memorialnossagente.carrd.co\/\" target=\"_blank\">N\u00facleo Memorial Nossa Gente<\/a>, apresentado por Irian Butel, do N\u00facleo Mestres da Toada<\/li>\n<\/ul>\n\n              <\/div>\n            <\/div>\n          <\/div>\n        <\/section>\n\n\n        <section class=\"conteudo\">\n          <div class=\"container\">\n            <div class=\"row\">\n              <div class=\"col-md-12 conteudo content margin-center text-md-\">\n                \n<ul class=\"wp-block-list\">\n<li><a rel=\"noreferrer noopener\" href=\"https:\/\/instagram.com\/origepcol\" target=\"_blank\">N\u00facleo OriGepcol<\/a>, apresentado por Francinalda Rocha, do N\u00facleo BioSaber<\/li>\n<\/ul>\n\n              <\/div>\n            <\/div>\n          <\/div>\n        <\/section>\n\n\n        <section class=\"conteudo\">\n          <div class=\"container\">\n            <div class=\"row\">\n              <div class=\"col-md-12 conteudo content margin-center text-md-\">\n                \n<ul class=\"wp-block-list\">\n<li><a rel=\"noreferrer noopener\" href=\"https:\/\/www.youtube.com\/@NucleoMuseudaPessoaGuaratinga\" target=\"_blank\">N\u00facleo Guaratinga \u2013 BA<\/a>, apresentado por Marialda Silveira, do N\u00facleo Il\u00ea Ax\u00e9 Ijex\u00e1<\/li>\n<\/ul>\n\n              <\/div>\n            <\/div>\n          <\/div>\n        <\/section>\n\n\n        <section class=\"conteudo\">\n          <div class=\"container\">\n            <div class=\"row\">\n              <div class=\"col-md-12 conteudo content margin-center text-md-\">\n                <div class=\"block-btn text-center \">\n<a class=\"btn \" href=\"https:\/\/drive.google.com\/file\/d\/1wweWNvAa_p5YzAgbbRINUvrPIwh88q61\/view?usp=sharing\" target=\"_blank\">Conhe\u00e7a os projetos vencedores<\/a>\n<\/div>\n              <\/div>\n            <\/div>\n          <\/div>\n        <\/section>","protected":false},"excerpt":{"rendered":"<p>N\u00facleos Museu da Pessoa Os N\u00facleos Museu da Pessoa s\u00e3o organiza\u00e7\u00f5es e coletivos aut\u00f4nomos, de diferentes contextos, tem\u00e1ticas e localidades, que desenvolvem a\u00e7\u00f5es de mem\u00f3ria a partir do registro, preserva\u00e7\u00e3o e socializa\u00e7\u00e3o de hist\u00f3rias de vida. A Rede N\u00facleos A&#8230;<\/p>\n","protected":false},"author":50,"featured_media":0,"parent":0,"menu_order":0,"comment_status":"closed","ping_status":"closed","template":"","meta":{"_acf_changed":false,"footnotes":""},"class_list":["post-50","page","type-page","status-publish","hentry"],"acf":[],"yoast_head":"<!-- This site is optimized with the Yoast SEO plugin v23.3 - https:\/\/yoast.com\/wordpress\/plugins\/seo\/ -->\n<title>A Rede de N\u00facleos - F\u00f3rum de n\u00facleos<\/title>\n<meta name=\"robots\" content=\"index, follow, max-snippet:-1, max-image-preview:large, max-video-preview:-1\" \/>\n<link rel=\"canonical\" href=\"https:\/\/memo.museudapessoa.org\/forum-nucleos\/a-rede-de-nucleos\/\" \/>\n<meta property=\"og:locale\" content=\"pt_BR\" \/>\n<meta property=\"og:type\" content=\"article\" \/>\n<meta property=\"og:title\" content=\"A Rede de N\u00facleos - F\u00f3rum de n\u00facleos\" \/>\n<meta property=\"og:description\" content=\"N\u00facleos Museu da Pessoa Os N\u00facleos Museu da Pessoa s\u00e3o organiza\u00e7\u00f5es e coletivos aut\u00f4nomos, de diferentes contextos, tem\u00e1ticas e localidades, que desenvolvem a\u00e7\u00f5es de mem\u00f3ria a partir do registro, preserva\u00e7\u00e3o e socializa\u00e7\u00e3o de hist\u00f3rias de vida. A Rede N\u00facleos A...\" \/>\n<meta property=\"og:url\" content=\"https:\/\/memo.museudapessoa.org\/forum-nucleos\/a-rede-de-nucleos\/\" \/>\n<meta property=\"og:site_name\" content=\"F\u00f3rum de n\u00facleos\" \/>\n<meta property=\"article:modified_time\" content=\"2025-09-11T19:23:28+00:00\" \/>\n<meta property=\"og:image\" content=\"https:\/\/memo.museudapessoa.org\/forum-nucleos\/wp-content\/uploads\/sites\/29\/2024\/02\/Apresentacao-sem-titulo-6-e1708453902614.png\" \/>\n<meta name=\"twitter:card\" content=\"summary_large_image\" \/>\n<meta name=\"twitter:label1\" content=\"Est. tempo de leitura\" \/>\n\t<meta name=\"twitter:data1\" content=\"3 minutos\" \/>\n<script type=\"application\/ld+json\" class=\"yoast-schema-graph\">{\"@context\":\"https:\/\/schema.org\",\"@graph\":[{\"@type\":\"WebPage\",\"@id\":\"https:\/\/memo.museudapessoa.org\/forum-nucleos\/a-rede-de-nucleos\/\",\"url\":\"https:\/\/memo.museudapessoa.org\/forum-nucleos\/a-rede-de-nucleos\/\",\"name\":\"A Rede de N\u00facleos - F\u00f3rum de n\u00facleos\",\"isPartOf\":{\"@id\":\"https:\/\/memo.museudapessoa.org\/forum-nucleos\/#website\"},\"primaryImageOfPage\":{\"@id\":\"https:\/\/memo.museudapessoa.org\/forum-nucleos\/a-rede-de-nucleos\/#primaryimage\"},\"image\":{\"@id\":\"https:\/\/memo.museudapessoa.org\/forum-nucleos\/a-rede-de-nucleos\/#primaryimage\"},\"thumbnailUrl\":\"https:\/\/memo.museudapessoa.org\/forum-nucleos\/wp-content\/uploads\/sites\/29\/2024\/02\/Apresentacao-sem-titulo-6-e1708453902614.png\",\"datePublished\":\"2024-02-09T14:35:35+00:00\",\"dateModified\":\"2025-09-11T19:23:28+00:00\",\"breadcrumb\":{\"@id\":\"https:\/\/memo.museudapessoa.org\/forum-nucleos\/a-rede-de-nucleos\/#breadcrumb\"},\"inLanguage\":\"pt-BR\",\"potentialAction\":[{\"@type\":\"ReadAction\",\"target\":[\"https:\/\/memo.museudapessoa.org\/forum-nucleos\/a-rede-de-nucleos\/\"]}]},{\"@type\":\"ImageObject\",\"inLanguage\":\"pt-BR\",\"@id\":\"https:\/\/memo.museudapessoa.org\/forum-nucleos\/a-rede-de-nucleos\/#primaryimage\",\"url\":\"https:\/\/memo.museudapessoa.org\/forum-nucleos\/wp-content\/uploads\/sites\/29\/2024\/02\/Apresentacao-sem-titulo-6-e1708453902614.png\",\"contentUrl\":\"https:\/\/memo.museudapessoa.org\/forum-nucleos\/wp-content\/uploads\/sites\/29\/2024\/02\/Apresentacao-sem-titulo-6-e1708453902614.png\",\"width\":960,\"height\":240},{\"@type\":\"BreadcrumbList\",\"@id\":\"https:\/\/memo.museudapessoa.org\/forum-nucleos\/a-rede-de-nucleos\/#breadcrumb\",\"itemListElement\":[{\"@type\":\"ListItem\",\"position\":1,\"name\":\"Home\",\"item\":\"https:\/\/memo.museudapessoa.org\/forum-nucleos\/\"},{\"@type\":\"ListItem\",\"position\":2,\"name\":\"A Rede de N\u00facleos\"}]},{\"@type\":\"WebSite\",\"@id\":\"https:\/\/memo.museudapessoa.org\/forum-nucleos\/#website\",\"url\":\"https:\/\/memo.museudapessoa.org\/forum-nucleos\/\",\"name\":\"F\u00f3rum de n\u00facleos\",\"description\":\"\",\"potentialAction\":[{\"@type\":\"SearchAction\",\"target\":{\"@type\":\"EntryPoint\",\"urlTemplate\":\"https:\/\/memo.museudapessoa.org\/forum-nucleos\/?s={search_term_string}\"},\"query-input\":\"required name=search_term_string\"}],\"inLanguage\":\"pt-BR\"}]}<\/script>\n<!-- \/ Yoast SEO plugin. -->","yoast_head_json":{"title":"A Rede de N\u00facleos - F\u00f3rum de n\u00facleos","robots":{"index":"index","follow":"follow","max-snippet":"max-snippet:-1","max-image-preview":"max-image-preview:large","max-video-preview":"max-video-preview:-1"},"canonical":"https:\/\/memo.museudapessoa.org\/forum-nucleos\/a-rede-de-nucleos\/","og_locale":"pt_BR","og_type":"article","og_title":"A Rede de N\u00facleos - F\u00f3rum de n\u00facleos","og_description":"N\u00facleos Museu da Pessoa Os N\u00facleos Museu da Pessoa s\u00e3o organiza\u00e7\u00f5es e coletivos aut\u00f4nomos, de diferentes contextos, tem\u00e1ticas e localidades, que desenvolvem a\u00e7\u00f5es de mem\u00f3ria a partir do registro, preserva\u00e7\u00e3o e socializa\u00e7\u00e3o de hist\u00f3rias de vida. A Rede N\u00facleos A...","og_url":"https:\/\/memo.museudapessoa.org\/forum-nucleos\/a-rede-de-nucleos\/","og_site_name":"F\u00f3rum de n\u00facleos","article_modified_time":"2025-09-11T19:23:28+00:00","og_image":[{"url":"https:\/\/memo.museudapessoa.org\/forum-nucleos\/wp-content\/uploads\/sites\/29\/2024\/02\/Apresentacao-sem-titulo-6-e1708453902614.png"}],"twitter_card":"summary_large_image","twitter_misc":{"Est. tempo de leitura":"3 minutos"},"schema":{"@context":"https:\/\/schema.org","@graph":[{"@type":"WebPage","@id":"https:\/\/memo.museudapessoa.org\/forum-nucleos\/a-rede-de-nucleos\/","url":"https:\/\/memo.museudapessoa.org\/forum-nucleos\/a-rede-de-nucleos\/","name":"A Rede de N\u00facleos - F\u00f3rum de n\u00facleos","isPartOf":{"@id":"https:\/\/memo.museudapessoa.org\/forum-nucleos\/#website"},"primaryImageOfPage":{"@id":"https:\/\/memo.museudapessoa.org\/forum-nucleos\/a-rede-de-nucleos\/#primaryimage"},"image":{"@id":"https:\/\/memo.museudapessoa.org\/forum-nucleos\/a-rede-de-nucleos\/#primaryimage"},"thumbnailUrl":"https:\/\/memo.museudapessoa.org\/forum-nucleos\/wp-content\/uploads\/sites\/29\/2024\/02\/Apresentacao-sem-titulo-6-e1708453902614.png","datePublished":"2024-02-09T14:35:35+00:00","dateModified":"2025-09-11T19:23:28+00:00","breadcrumb":{"@id":"https:\/\/memo.museudapessoa.org\/forum-nucleos\/a-rede-de-nucleos\/#breadcrumb"},"inLanguage":"pt-BR","potentialAction":[{"@type":"ReadAction","target":["https:\/\/memo.museudapessoa.org\/forum-nucleos\/a-rede-de-nucleos\/"]}]},{"@type":"ImageObject","inLanguage":"pt-BR","@id":"https:\/\/memo.museudapessoa.org\/forum-nucleos\/a-rede-de-nucleos\/#primaryimage","url":"https:\/\/memo.museudapessoa.org\/forum-nucleos\/wp-content\/uploads\/sites\/29\/2024\/02\/Apresentacao-sem-titulo-6-e1708453902614.png","contentUrl":"https:\/\/memo.museudapessoa.org\/forum-nucleos\/wp-content\/uploads\/sites\/29\/2024\/02\/Apresentacao-sem-titulo-6-e1708453902614.png","width":960,"height":240},{"@type":"BreadcrumbList","@id":"https:\/\/memo.museudapessoa.org\/forum-nucleos\/a-rede-de-nucleos\/#breadcrumb","itemListElement":[{"@type":"ListItem","position":1,"name":"Home","item":"https:\/\/memo.museudapessoa.org\/forum-nucleos\/"},{"@type":"ListItem","position":2,"name":"A Rede de N\u00facleos"}]},{"@type":"WebSite","@id":"https:\/\/memo.museudapessoa.org\/forum-nucleos\/#website","url":"https:\/\/memo.museudapessoa.org\/forum-nucleos\/","name":"F\u00f3rum de n\u00facleos","description":"","potentialAction":[{"@type":"SearchAction","target":{"@type":"EntryPoint","urlTemplate":"https:\/\/memo.museudapessoa.org\/forum-nucleos\/?s={search_term_string}"},"query-input":"required name=search_term_string"}],"inLanguage":"pt-BR"}]}},"_links":{"self":[{"href":"https:\/\/memo.museudapessoa.org\/forum-nucleos\/wp-json\/wp\/v2\/pages\/50"}],"collection":[{"href":"https:\/\/memo.museudapessoa.org\/forum-nucleos\/wp-json\/wp\/v2\/pages"}],"about":[{"href":"https:\/\/memo.museudapessoa.org\/forum-nucleos\/wp-json\/wp\/v2\/types\/page"}],"author":[{"embeddable":true,"href":"https:\/\/memo.museudapessoa.org\/forum-nucleos\/wp-json\/wp\/v2\/users\/50"}],"replies":[{"embeddable":true,"href":"https:\/\/memo.museudapessoa.org\/forum-nucleos\/wp-json\/wp\/v2\/comments?post=50"}],"version-history":[{"count":17,"href":"https:\/\/memo.museudapessoa.org\/forum-nucleos\/wp-json\/wp\/v2\/pages\/50\/revisions"}],"predecessor-version":[{"id":692,"href":"https:\/\/memo.museudapessoa.org\/forum-nucleos\/wp-json\/wp\/v2\/pages\/50\/revisions\/692"}],"wp:attachment":[{"href":"https:\/\/memo.museudapessoa.org\/forum-nucleos\/wp-json\/wp\/v2\/media?parent=50"}],"curies":[{"name":"wp","href":"https:\/\/api.w.org\/{rel}","templated":true}]}}