{"id":721,"date":"2024-12-17T11:05:44","date_gmt":"2024-12-17T14:05:44","guid":{"rendered":"https:\/\/memo.museudapessoa.org\/memorias-de-serra-pelada\/?page_id=721"},"modified":"2024-12-17T11:50:47","modified_gmt":"2024-12-17T14:50:47","slug":"praca-da-bandeira","status":"publish","type":"page","link":"https:\/\/memo.museudapessoa.org\/memorias-de-serra-pelada\/lugares-de-memoria\/praca-da-bandeira\/","title":{"rendered":"Pra\u00e7a da Bandeira"},"content":{"rendered":"\n        <section class=\"conteudo\">\n          <div class=\"container\">\n            <div class=\"row\">\n              <div class=\"col-md-12 conteudo content margin-center text-md-\">\n                \n<p>A Pra\u00e7a da Bandeira foi um ponto de grande import\u00e2ncia hist\u00f3rica durante o auge do garimpo em Serra Pelada. Situada no centro da comunidade, ela era um ponto de encontro para os garimpeiros e moradores, sendo palco de negocia\u00e7\u00f5es, festas e reuni\u00f5es. O local era marcado por sua relev\u00e2ncia simb\u00f3lica, representando a uni\u00e3o e o esp\u00edrito de coletividade durante aquele per\u00edodo da hist\u00f3ria.<br><\/p>\n\n              <\/div>\n            <\/div>\n          <\/div>\n        <\/section>","protected":false},"excerpt":{"rendered":"<p>A Pra\u00e7a da Bandeira foi um ponto de grande import\u00e2ncia hist\u00f3rica durante o auge do garimpo em Serra Pelada. Situada no centro da comunidade, ela era um ponto de encontro para os garimpeiros e moradores, sendo palco de negocia\u00e7\u00f5es, festas&#8230;<\/p>\n","protected":false},"author":25,"featured_media":0,"parent":111,"menu_order":0,"comment_status":"closed","ping_status":"closed","template":"","meta":{"_acf_changed":false,"footnotes":""},"class_list":["post-721","page","type-page","status-publish","hentry"],"acf":[],"yoast_head":"<!-- This site is optimized with the Yoast SEO plugin v23.3 - https:\/\/yoast.com\/wordpress\/plugins\/seo\/ -->\n<title>Pra\u00e7a da Bandeira - Mem\u00f3rias de Serra Pelada<\/title>\n<meta name=\"robots\" content=\"index, follow, max-snippet:-1, max-image-preview:large, max-video-preview:-1\" \/>\n<link rel=\"canonical\" href=\"https:\/\/memo.museudapessoa.org\/memorias-de-serra-pelada\/lugares-de-memoria\/praca-da-bandeira\/\" \/>\n<meta property=\"og:locale\" content=\"pt_BR\" \/>\n<meta property=\"og:type\" content=\"article\" \/>\n<meta property=\"og:title\" content=\"Pra\u00e7a da Bandeira - Mem\u00f3rias de Serra Pelada\" \/>\n<meta property=\"og:description\" content=\"A Pra\u00e7a da Bandeira foi um ponto de grande import\u00e2ncia hist\u00f3rica durante o auge do garimpo em Serra Pelada. Situada no centro da comunidade, ela era um ponto de encontro para os garimpeiros e moradores, sendo palco de negocia\u00e7\u00f5es, festas...\" \/>\n<meta property=\"og:url\" content=\"https:\/\/memo.museudapessoa.org\/memorias-de-serra-pelada\/lugares-de-memoria\/praca-da-bandeira\/\" \/>\n<meta property=\"og:site_name\" content=\"Mem\u00f3rias de Serra Pelada\" \/>\n<meta property=\"article:modified_time\" content=\"2024-12-17T14:50:47+00:00\" \/>\n<meta name=\"twitter:card\" content=\"summary_large_image\" \/>\n<meta name=\"twitter:label1\" content=\"Est. tempo de leitura\" \/>\n\t<meta name=\"twitter:data1\" content=\"1 minuto\" \/>\n<script type=\"application\/ld+json\" class=\"yoast-schema-graph\">{\"@context\":\"https:\/\/schema.org\",\"@graph\":[{\"@type\":\"WebPage\",\"@id\":\"https:\/\/memo.museudapessoa.org\/memorias-de-serra-pelada\/lugares-de-memoria\/praca-da-bandeira\/\",\"url\":\"https:\/\/memo.museudapessoa.org\/memorias-de-serra-pelada\/lugares-de-memoria\/praca-da-bandeira\/\",\"name\":\"Pra\u00e7a da Bandeira - Mem\u00f3rias de Serra Pelada\",\"isPartOf\":{\"@id\":\"https:\/\/memo.museudapessoa.org\/memorias-de-serra-pelada\/#website\"},\"datePublished\":\"2024-12-17T14:05:44+00:00\",\"dateModified\":\"2024-12-17T14:50:47+00:00\",\"breadcrumb\":{\"@id\":\"https:\/\/memo.museudapessoa.org\/memorias-de-serra-pelada\/lugares-de-memoria\/praca-da-bandeira\/#breadcrumb\"},\"inLanguage\":\"pt-BR\",\"potentialAction\":[{\"@type\":\"ReadAction\",\"target\":[\"https:\/\/memo.museudapessoa.org\/memorias-de-serra-pelada\/lugares-de-memoria\/praca-da-bandeira\/\"]}]},{\"@type\":\"BreadcrumbList\",\"@id\":\"https:\/\/memo.museudapessoa.org\/memorias-de-serra-pelada\/lugares-de-memoria\/praca-da-bandeira\/#breadcrumb\",\"itemListElement\":[{\"@type\":\"ListItem\",\"position\":1,\"name\":\"Home\",\"item\":\"https:\/\/memo.museudapessoa.org\/memorias-de-serra-pelada\/\"},{\"@type\":\"ListItem\",\"position\":2,\"name\":\"Lugares de Mem\u00f3ria\",\"item\":\"https:\/\/memo.museudapessoa.org\/memorias-de-serra-pelada\/lugares-de-memoria\/\"},{\"@type\":\"ListItem\",\"position\":3,\"name\":\"Pra\u00e7a da Bandeira\"}]},{\"@type\":\"WebSite\",\"@id\":\"https:\/\/memo.museudapessoa.org\/memorias-de-serra-pelada\/#website\",\"url\":\"https:\/\/memo.museudapessoa.org\/memorias-de-serra-pelada\/\",\"name\":\"Mem\u00f3rias de Serra Pelada\",\"description\":\"\",\"potentialAction\":[{\"@type\":\"SearchAction\",\"target\":{\"@type\":\"EntryPoint\",\"urlTemplate\":\"https:\/\/memo.museudapessoa.org\/memorias-de-serra-pelada\/?s={search_term_string}\"},\"query-input\":\"required name=search_term_string\"}],\"inLanguage\":\"pt-BR\"}]}<\/script>\n<!-- \/ Yoast SEO plugin. -->","yoast_head_json":{"title":"Pra\u00e7a da Bandeira - Mem\u00f3rias de Serra Pelada","robots":{"index":"index","follow":"follow","max-snippet":"max-snippet:-1","max-image-preview":"max-image-preview:large","max-video-preview":"max-video-preview:-1"},"canonical":"https:\/\/memo.museudapessoa.org\/memorias-de-serra-pelada\/lugares-de-memoria\/praca-da-bandeira\/","og_locale":"pt_BR","og_type":"article","og_title":"Pra\u00e7a da Bandeira - Mem\u00f3rias de Serra Pelada","og_description":"A Pra\u00e7a da Bandeira foi um ponto de grande import\u00e2ncia hist\u00f3rica durante o auge do garimpo em Serra Pelada. Situada no centro da comunidade, ela era um ponto de encontro para os garimpeiros e moradores, sendo palco de negocia\u00e7\u00f5es, festas...","og_url":"https:\/\/memo.museudapessoa.org\/memorias-de-serra-pelada\/lugares-de-memoria\/praca-da-bandeira\/","og_site_name":"Mem\u00f3rias de Serra Pelada","article_modified_time":"2024-12-17T14:50:47+00:00","twitter_card":"summary_large_image","twitter_misc":{"Est. tempo de leitura":"1 minuto"},"schema":{"@context":"https:\/\/schema.org","@graph":[{"@type":"WebPage","@id":"https:\/\/memo.museudapessoa.org\/memorias-de-serra-pelada\/lugares-de-memoria\/praca-da-bandeira\/","url":"https:\/\/memo.museudapessoa.org\/memorias-de-serra-pelada\/lugares-de-memoria\/praca-da-bandeira\/","name":"Pra\u00e7a da Bandeira - Mem\u00f3rias de Serra Pelada","isPartOf":{"@id":"https:\/\/memo.museudapessoa.org\/memorias-de-serra-pelada\/#website"},"datePublished":"2024-12-17T14:05:44+00:00","dateModified":"2024-12-17T14:50:47+00:00","breadcrumb":{"@id":"https:\/\/memo.museudapessoa.org\/memorias-de-serra-pelada\/lugares-de-memoria\/praca-da-bandeira\/#breadcrumb"},"inLanguage":"pt-BR","potentialAction":[{"@type":"ReadAction","target":["https:\/\/memo.museudapessoa.org\/memorias-de-serra-pelada\/lugares-de-memoria\/praca-da-bandeira\/"]}]},{"@type":"BreadcrumbList","@id":"https:\/\/memo.museudapessoa.org\/memorias-de-serra-pelada\/lugares-de-memoria\/praca-da-bandeira\/#breadcrumb","itemListElement":[{"@type":"ListItem","position":1,"name":"Home","item":"https:\/\/memo.museudapessoa.org\/memorias-de-serra-pelada\/"},{"@type":"ListItem","position":2,"name":"Lugares de Mem\u00f3ria","item":"https:\/\/memo.museudapessoa.org\/memorias-de-serra-pelada\/lugares-de-memoria\/"},{"@type":"ListItem","position":3,"name":"Pra\u00e7a da Bandeira"}]},{"@type":"WebSite","@id":"https:\/\/memo.museudapessoa.org\/memorias-de-serra-pelada\/#website","url":"https:\/\/memo.museudapessoa.org\/memorias-de-serra-pelada\/","name":"Mem\u00f3rias de Serra Pelada","description":"","potentialAction":[{"@type":"SearchAction","target":{"@type":"EntryPoint","urlTemplate":"https:\/\/memo.museudapessoa.org\/memorias-de-serra-pelada\/?s={search_term_string}"},"query-input":"required name=search_term_string"}],"inLanguage":"pt-BR"}]}},"_links":{"self":[{"href":"https:\/\/memo.museudapessoa.org\/memorias-de-serra-pelada\/wp-json\/wp\/v2\/pages\/721"}],"collection":[{"href":"https:\/\/memo.museudapessoa.org\/memorias-de-serra-pelada\/wp-json\/wp\/v2\/pages"}],"about":[{"href":"https:\/\/memo.museudapessoa.org\/memorias-de-serra-pelada\/wp-json\/wp\/v2\/types\/page"}],"author":[{"embeddable":true,"href":"https:\/\/memo.museudapessoa.org\/memorias-de-serra-pelada\/wp-json\/wp\/v2\/users\/25"}],"replies":[{"embeddable":true,"href":"https:\/\/memo.museudapessoa.org\/memorias-de-serra-pelada\/wp-json\/wp\/v2\/comments?post=721"}],"version-history":[{"count":3,"href":"https:\/\/memo.museudapessoa.org\/memorias-de-serra-pelada\/wp-json\/wp\/v2\/pages\/721\/revisions"}],"predecessor-version":[{"id":805,"href":"https:\/\/memo.museudapessoa.org\/memorias-de-serra-pelada\/wp-json\/wp\/v2\/pages\/721\/revisions\/805"}],"up":[{"embeddable":true,"href":"https:\/\/memo.museudapessoa.org\/memorias-de-serra-pelada\/wp-json\/wp\/v2\/pages\/111"}],"wp:attachment":[{"href":"https:\/\/memo.museudapessoa.org\/memorias-de-serra-pelada\/wp-json\/wp\/v2\/media?parent=721"}],"curies":[{"name":"wp","href":"https:\/\/api.w.org\/{rel}","templated":true}]}}