{"id":727,"date":"2024-12-17T11:07:07","date_gmt":"2024-12-17T14:07:07","guid":{"rendered":"https:\/\/memo.museudapessoa.org\/memorias-de-serra-pelada\/?page_id=727"},"modified":"2024-12-17T11:51:25","modified_gmt":"2024-12-17T14:51:25","slug":"ruinas-da-colossus-3","status":"publish","type":"page","link":"https:\/\/memo.museudapessoa.org\/memorias-de-serra-pelada\/lugares-de-memoria\/ruinas-da-colossus-3\/","title":{"rendered":"Ru\u00ednas da Colossus"},"content":{"rendered":"\n        <section class=\"conteudo\">\n          <div class=\"container\">\n            <div class=\"row\">\n              <div class=\"col-md-12 conteudo content margin-center text-md-\">\n                \n<p>Colossus, uma empresa canadense chegou \u00e0 Serra Pelada em busca de ouro, em julho de 2007 a Colossus fez uma parceria com a cooperativa de minera\u00e7\u00e3o dos garimpeiros&nbsp; em serra pelada.&nbsp;<\/p>\n\n              <\/div>\n            <\/div>\n          <\/div>\n        <\/section>\n\n\n        <section class=\"conteudo\">\n          <div class=\"container\">\n            <div class=\"row\">\n              <div class=\"col-md-12 conteudo content margin-center text-md-\">\n                \n<p>&nbsp;&nbsp;&nbsp;&nbsp;&nbsp;&nbsp;Sua chegada&nbsp; em serra pelada teve renda pra comunidade onde havia muitas pessoas trabalhando de carteira assinada contratada por ela, a empresa Colossus construiu um t\u00fanel subterr\u00e2neo com uma expectativa de encontrar ouro e outros min\u00e9rios com sua chegada aqui em serra pelada ela teve durante 3 anos de pesquisa quando ela deu in\u00edcio&nbsp; a implanta\u00e7\u00e3o com uma quantidade muito grande de pessoas trabalhando homem e mulheres somente quando ele n\u00e3o achava a profiss\u00e3o que eles precisava a\u00ed ele contratava de fora muito jovens deram in\u00edcio na sua jornada de trabalho e atrav\u00e9s dela hoje s\u00e3o bem sucedido atualmente&nbsp;<\/p>\n\n              <\/div>\n            <\/div>\n          <\/div>\n        <\/section>\n\n\n        <section class=\"conteudo\">\n          <div class=\"container\">\n            <div class=\"row\">\n              <div class=\"col-md-12 conteudo content margin-center text-md-\">\n                \n<p>&nbsp;&nbsp;&nbsp;&nbsp;&nbsp;&nbsp;Ao longo do tempo a empresa colossus chegou a comunicar aos seus funcion\u00e1rios que a empresa faliu, chegando a demitir todos os seus funcion\u00e1rios, at\u00e9 hoje&nbsp; n\u00e3o foi esclarecido a fal\u00eancia da empresa,muitos funcion\u00e1rios esperam receber seus direitos trabalhista at\u00e9 hoje o que nos levam a n\u00e3o entender, porque ela era uma empresa muito rica.e de repente saiu deixando o projeto colossus intacto, garimpeiros tomaram de conta do espa\u00e7o e do que havia sobrado da empresa.&nbsp;<\/p>\n\n              <\/div>\n            <\/div>\n          <\/div>\n        <\/section>\n\n\n        <section class=\"conteudo\">\n          <div class=\"container\">\n            <div class=\"row\">\n              <div class=\"col-md-12 conteudo content margin-center text-md-\">\n                \n<p>&nbsp;&nbsp;&nbsp;&nbsp;&nbsp;&nbsp;&nbsp;&nbsp;Hoje o lugar est\u00e1 em ru\u00ednas, o lugar \u00e9 vigiado por um&nbsp; garimpeiro que mora l\u00e1 na antiga portaria da colossus. Colossus foi embora mas deixou um patrim\u00f4nio inesquec\u00edvel, hoje o lugar \u00e9 bastante conhecido pela comunidade de Serra Pelada e atrai v\u00e1rios visitantes de outras cidades que v\u00eam conhecer a hist\u00f3ria do lugar e tirar fotos. A antiga colossus tornou-se um ponto tur\u00edstico de Serra Pelada.<\/p>\n\n              <\/div>\n            <\/div>\n          <\/div>\n        <\/section>","protected":false},"excerpt":{"rendered":"<p>Colossus, uma empresa canadense chegou \u00e0 Serra Pelada em busca de ouro, em julho de 2007 a Colossus fez uma parceria com a cooperativa de minera\u00e7\u00e3o dos garimpeiros&nbsp; em serra pelada.&nbsp; &nbsp;&nbsp;&nbsp;&nbsp;&nbsp;&nbsp;Sua chegada&nbsp; em serra pelada teve renda pra comunidade&#8230;<\/p>\n","protected":false},"author":25,"featured_media":0,"parent":111,"menu_order":0,"comment_status":"closed","ping_status":"closed","template":"","meta":{"_acf_changed":false,"footnotes":""},"class_list":["post-727","page","type-page","status-publish","hentry"],"acf":[],"yoast_head":"<!-- This site is optimized with the Yoast SEO plugin v23.3 - https:\/\/yoast.com\/wordpress\/plugins\/seo\/ -->\n<title>Ru\u00ednas da Colossus - Mem\u00f3rias de Serra Pelada<\/title>\n<meta name=\"robots\" content=\"index, follow, max-snippet:-1, max-image-preview:large, max-video-preview:-1\" \/>\n<link rel=\"canonical\" href=\"https:\/\/memo.museudapessoa.org\/memorias-de-serra-pelada\/lugares-de-memoria\/ruinas-da-colossus-3\/\" \/>\n<meta property=\"og:locale\" content=\"pt_BR\" \/>\n<meta property=\"og:type\" content=\"article\" \/>\n<meta property=\"og:title\" content=\"Ru\u00ednas da Colossus - Mem\u00f3rias de Serra Pelada\" \/>\n<meta property=\"og:description\" content=\"Colossus, uma empresa canadense chegou \u00e0 Serra Pelada em busca de ouro, em julho de 2007 a Colossus fez uma parceria com a cooperativa de minera\u00e7\u00e3o dos garimpeiros&nbsp; em serra pelada.&nbsp; &nbsp;&nbsp;&nbsp;&nbsp;&nbsp;&nbsp;Sua chegada&nbsp; em serra pelada teve renda pra comunidade...\" \/>\n<meta property=\"og:url\" content=\"https:\/\/memo.museudapessoa.org\/memorias-de-serra-pelada\/lugares-de-memoria\/ruinas-da-colossus-3\/\" \/>\n<meta property=\"og:site_name\" content=\"Mem\u00f3rias de Serra Pelada\" \/>\n<meta property=\"article:modified_time\" content=\"2024-12-17T14:51:25+00:00\" \/>\n<meta name=\"twitter:card\" content=\"summary_large_image\" \/>\n<meta name=\"twitter:label1\" content=\"Est. tempo de leitura\" \/>\n\t<meta name=\"twitter:data1\" content=\"2 minutos\" \/>\n<script type=\"application\/ld+json\" class=\"yoast-schema-graph\">{\"@context\":\"https:\/\/schema.org\",\"@graph\":[{\"@type\":\"WebPage\",\"@id\":\"https:\/\/memo.museudapessoa.org\/memorias-de-serra-pelada\/lugares-de-memoria\/ruinas-da-colossus-3\/\",\"url\":\"https:\/\/memo.museudapessoa.org\/memorias-de-serra-pelada\/lugares-de-memoria\/ruinas-da-colossus-3\/\",\"name\":\"Ru\u00ednas da Colossus - Mem\u00f3rias de Serra Pelada\",\"isPartOf\":{\"@id\":\"https:\/\/memo.museudapessoa.org\/memorias-de-serra-pelada\/#website\"},\"datePublished\":\"2024-12-17T14:07:07+00:00\",\"dateModified\":\"2024-12-17T14:51:25+00:00\",\"breadcrumb\":{\"@id\":\"https:\/\/memo.museudapessoa.org\/memorias-de-serra-pelada\/lugares-de-memoria\/ruinas-da-colossus-3\/#breadcrumb\"},\"inLanguage\":\"pt-BR\",\"potentialAction\":[{\"@type\":\"ReadAction\",\"target\":[\"https:\/\/memo.museudapessoa.org\/memorias-de-serra-pelada\/lugares-de-memoria\/ruinas-da-colossus-3\/\"]}]},{\"@type\":\"BreadcrumbList\",\"@id\":\"https:\/\/memo.museudapessoa.org\/memorias-de-serra-pelada\/lugares-de-memoria\/ruinas-da-colossus-3\/#breadcrumb\",\"itemListElement\":[{\"@type\":\"ListItem\",\"position\":1,\"name\":\"Home\",\"item\":\"https:\/\/memo.museudapessoa.org\/memorias-de-serra-pelada\/\"},{\"@type\":\"ListItem\",\"position\":2,\"name\":\"Lugares de Mem\u00f3ria\",\"item\":\"https:\/\/memo.museudapessoa.org\/memorias-de-serra-pelada\/lugares-de-memoria\/\"},{\"@type\":\"ListItem\",\"position\":3,\"name\":\"Ru\u00ednas da Colossus\"}]},{\"@type\":\"WebSite\",\"@id\":\"https:\/\/memo.museudapessoa.org\/memorias-de-serra-pelada\/#website\",\"url\":\"https:\/\/memo.museudapessoa.org\/memorias-de-serra-pelada\/\",\"name\":\"Mem\u00f3rias de Serra Pelada\",\"description\":\"\",\"potentialAction\":[{\"@type\":\"SearchAction\",\"target\":{\"@type\":\"EntryPoint\",\"urlTemplate\":\"https:\/\/memo.museudapessoa.org\/memorias-de-serra-pelada\/?s={search_term_string}\"},\"query-input\":\"required name=search_term_string\"}],\"inLanguage\":\"pt-BR\"}]}<\/script>\n<!-- \/ Yoast SEO plugin. -->","yoast_head_json":{"title":"Ru\u00ednas da Colossus - Mem\u00f3rias de Serra Pelada","robots":{"index":"index","follow":"follow","max-snippet":"max-snippet:-1","max-image-preview":"max-image-preview:large","max-video-preview":"max-video-preview:-1"},"canonical":"https:\/\/memo.museudapessoa.org\/memorias-de-serra-pelada\/lugares-de-memoria\/ruinas-da-colossus-3\/","og_locale":"pt_BR","og_type":"article","og_title":"Ru\u00ednas da Colossus - Mem\u00f3rias de Serra Pelada","og_description":"Colossus, uma empresa canadense chegou \u00e0 Serra Pelada em busca de ouro, em julho de 2007 a Colossus fez uma parceria com a cooperativa de minera\u00e7\u00e3o dos garimpeiros&nbsp; em serra pelada.&nbsp; &nbsp;&nbsp;&nbsp;&nbsp;&nbsp;&nbsp;Sua chegada&nbsp; em serra pelada teve renda pra comunidade...","og_url":"https:\/\/memo.museudapessoa.org\/memorias-de-serra-pelada\/lugares-de-memoria\/ruinas-da-colossus-3\/","og_site_name":"Mem\u00f3rias de Serra Pelada","article_modified_time":"2024-12-17T14:51:25+00:00","twitter_card":"summary_large_image","twitter_misc":{"Est. tempo de leitura":"2 minutos"},"schema":{"@context":"https:\/\/schema.org","@graph":[{"@type":"WebPage","@id":"https:\/\/memo.museudapessoa.org\/memorias-de-serra-pelada\/lugares-de-memoria\/ruinas-da-colossus-3\/","url":"https:\/\/memo.museudapessoa.org\/memorias-de-serra-pelada\/lugares-de-memoria\/ruinas-da-colossus-3\/","name":"Ru\u00ednas da Colossus - Mem\u00f3rias de Serra Pelada","isPartOf":{"@id":"https:\/\/memo.museudapessoa.org\/memorias-de-serra-pelada\/#website"},"datePublished":"2024-12-17T14:07:07+00:00","dateModified":"2024-12-17T14:51:25+00:00","breadcrumb":{"@id":"https:\/\/memo.museudapessoa.org\/memorias-de-serra-pelada\/lugares-de-memoria\/ruinas-da-colossus-3\/#breadcrumb"},"inLanguage":"pt-BR","potentialAction":[{"@type":"ReadAction","target":["https:\/\/memo.museudapessoa.org\/memorias-de-serra-pelada\/lugares-de-memoria\/ruinas-da-colossus-3\/"]}]},{"@type":"BreadcrumbList","@id":"https:\/\/memo.museudapessoa.org\/memorias-de-serra-pelada\/lugares-de-memoria\/ruinas-da-colossus-3\/#breadcrumb","itemListElement":[{"@type":"ListItem","position":1,"name":"Home","item":"https:\/\/memo.museudapessoa.org\/memorias-de-serra-pelada\/"},{"@type":"ListItem","position":2,"name":"Lugares de Mem\u00f3ria","item":"https:\/\/memo.museudapessoa.org\/memorias-de-serra-pelada\/lugares-de-memoria\/"},{"@type":"ListItem","position":3,"name":"Ru\u00ednas da Colossus"}]},{"@type":"WebSite","@id":"https:\/\/memo.museudapessoa.org\/memorias-de-serra-pelada\/#website","url":"https:\/\/memo.museudapessoa.org\/memorias-de-serra-pelada\/","name":"Mem\u00f3rias de Serra Pelada","description":"","potentialAction":[{"@type":"SearchAction","target":{"@type":"EntryPoint","urlTemplate":"https:\/\/memo.museudapessoa.org\/memorias-de-serra-pelada\/?s={search_term_string}"},"query-input":"required name=search_term_string"}],"inLanguage":"pt-BR"}]}},"_links":{"self":[{"href":"https:\/\/memo.museudapessoa.org\/memorias-de-serra-pelada\/wp-json\/wp\/v2\/pages\/727"}],"collection":[{"href":"https:\/\/memo.museudapessoa.org\/memorias-de-serra-pelada\/wp-json\/wp\/v2\/pages"}],"about":[{"href":"https:\/\/memo.museudapessoa.org\/memorias-de-serra-pelada\/wp-json\/wp\/v2\/types\/page"}],"author":[{"embeddable":true,"href":"https:\/\/memo.museudapessoa.org\/memorias-de-serra-pelada\/wp-json\/wp\/v2\/users\/25"}],"replies":[{"embeddable":true,"href":"https:\/\/memo.museudapessoa.org\/memorias-de-serra-pelada\/wp-json\/wp\/v2\/comments?post=727"}],"version-history":[{"count":3,"href":"https:\/\/memo.museudapessoa.org\/memorias-de-serra-pelada\/wp-json\/wp\/v2\/pages\/727\/revisions"}],"predecessor-version":[{"id":807,"href":"https:\/\/memo.museudapessoa.org\/memorias-de-serra-pelada\/wp-json\/wp\/v2\/pages\/727\/revisions\/807"}],"up":[{"embeddable":true,"href":"https:\/\/memo.museudapessoa.org\/memorias-de-serra-pelada\/wp-json\/wp\/v2\/pages\/111"}],"wp:attachment":[{"href":"https:\/\/memo.museudapessoa.org\/memorias-de-serra-pelada\/wp-json\/wp\/v2\/media?parent=727"}],"curies":[{"name":"wp","href":"https:\/\/api.w.org\/{rel}","templated":true}]}}