{"id":751,"date":"2024-12-17T11:11:34","date_gmt":"2024-12-17T14:11:34","guid":{"rendered":"https:\/\/memo.museudapessoa.org\/memorias-de-serra-pelada\/?page_id=751"},"modified":"2024-12-17T11:22:24","modified_gmt":"2024-12-17T14:22:24","slug":"cachoeira-do-seu-helio","status":"publish","type":"page","link":"https:\/\/memo.museudapessoa.org\/memorias-de-serra-pelada\/lugares-de-memoria\/cachoeira-do-seu-helio\/","title":{"rendered":"Cachoeira do Seu H\u00e9lio"},"content":{"rendered":"\n        <section class=\"conteudo\">\n          <div class=\"container\">\n            <div class=\"row\">\n              <div class=\"col-md-12 conteudo content margin-center text-md-\">\n                \n<p>A Cachoeira do Seu H\u00e9lio \u00e9 uma cachoeira particular localizada na zona rural de Serra Pelada. \u00c9 um ambiente natural que se destaca por sua beleza e tranquilidade. Apesar de ser particular, est\u00e1 aberta para turistas sem restri\u00e7\u00e3o de dias, tornando-se um ponto de encontro para moradores e visitantes.<\/p>\n\n              <\/div>\n            <\/div>\n          <\/div>\n        <\/section>","protected":false},"excerpt":{"rendered":"<p>A Cachoeira do Seu H\u00e9lio \u00e9 uma cachoeira particular localizada na zona rural de Serra Pelada. \u00c9 um ambiente natural que se destaca por sua beleza e tranquilidade. Apesar de ser particular, est\u00e1 aberta para turistas sem restri\u00e7\u00e3o de dias,&#8230;<\/p>\n","protected":false},"author":25,"featured_media":0,"parent":111,"menu_order":0,"comment_status":"closed","ping_status":"closed","template":"","meta":{"_acf_changed":false,"footnotes":""},"class_list":["post-751","page","type-page","status-publish","hentry"],"acf":[],"yoast_head":"<!-- This site is optimized with the Yoast SEO plugin v23.3 - https:\/\/yoast.com\/wordpress\/plugins\/seo\/ -->\n<title>Cachoeira do Seu H\u00e9lio - Mem\u00f3rias de Serra Pelada<\/title>\n<meta name=\"robots\" content=\"index, follow, max-snippet:-1, max-image-preview:large, max-video-preview:-1\" \/>\n<link rel=\"canonical\" href=\"https:\/\/memo.museudapessoa.org\/memorias-de-serra-pelada\/lugares-de-memoria\/cachoeira-do-seu-helio\/\" \/>\n<meta property=\"og:locale\" content=\"pt_BR\" \/>\n<meta property=\"og:type\" content=\"article\" \/>\n<meta property=\"og:title\" content=\"Cachoeira do Seu H\u00e9lio - Mem\u00f3rias de Serra Pelada\" \/>\n<meta property=\"og:description\" content=\"A Cachoeira do Seu H\u00e9lio \u00e9 uma cachoeira particular localizada na zona rural de Serra Pelada. \u00c9 um ambiente natural que se destaca por sua beleza e tranquilidade. Apesar de ser particular, est\u00e1 aberta para turistas sem restri\u00e7\u00e3o de dias,...\" \/>\n<meta property=\"og:url\" content=\"https:\/\/memo.museudapessoa.org\/memorias-de-serra-pelada\/lugares-de-memoria\/cachoeira-do-seu-helio\/\" \/>\n<meta property=\"og:site_name\" content=\"Mem\u00f3rias de Serra Pelada\" \/>\n<meta property=\"article:modified_time\" content=\"2024-12-17T14:22:24+00:00\" \/>\n<meta name=\"twitter:card\" content=\"summary_large_image\" \/>\n<meta name=\"twitter:label1\" content=\"Est. tempo de leitura\" \/>\n\t<meta name=\"twitter:data1\" content=\"1 minuto\" \/>\n<script type=\"application\/ld+json\" class=\"yoast-schema-graph\">{\"@context\":\"https:\/\/schema.org\",\"@graph\":[{\"@type\":\"WebPage\",\"@id\":\"https:\/\/memo.museudapessoa.org\/memorias-de-serra-pelada\/lugares-de-memoria\/cachoeira-do-seu-helio\/\",\"url\":\"https:\/\/memo.museudapessoa.org\/memorias-de-serra-pelada\/lugares-de-memoria\/cachoeira-do-seu-helio\/\",\"name\":\"Cachoeira do Seu H\u00e9lio - Mem\u00f3rias de Serra Pelada\",\"isPartOf\":{\"@id\":\"https:\/\/memo.museudapessoa.org\/memorias-de-serra-pelada\/#website\"},\"datePublished\":\"2024-12-17T14:11:34+00:00\",\"dateModified\":\"2024-12-17T14:22:24+00:00\",\"breadcrumb\":{\"@id\":\"https:\/\/memo.museudapessoa.org\/memorias-de-serra-pelada\/lugares-de-memoria\/cachoeira-do-seu-helio\/#breadcrumb\"},\"inLanguage\":\"pt-BR\",\"potentialAction\":[{\"@type\":\"ReadAction\",\"target\":[\"https:\/\/memo.museudapessoa.org\/memorias-de-serra-pelada\/lugares-de-memoria\/cachoeira-do-seu-helio\/\"]}]},{\"@type\":\"BreadcrumbList\",\"@id\":\"https:\/\/memo.museudapessoa.org\/memorias-de-serra-pelada\/lugares-de-memoria\/cachoeira-do-seu-helio\/#breadcrumb\",\"itemListElement\":[{\"@type\":\"ListItem\",\"position\":1,\"name\":\"Home\",\"item\":\"https:\/\/memo.museudapessoa.org\/memorias-de-serra-pelada\/\"},{\"@type\":\"ListItem\",\"position\":2,\"name\":\"Lugares de Mem\u00f3ria\",\"item\":\"https:\/\/memo.museudapessoa.org\/memorias-de-serra-pelada\/lugares-de-memoria\/\"},{\"@type\":\"ListItem\",\"position\":3,\"name\":\"Cachoeira do Seu H\u00e9lio\"}]},{\"@type\":\"WebSite\",\"@id\":\"https:\/\/memo.museudapessoa.org\/memorias-de-serra-pelada\/#website\",\"url\":\"https:\/\/memo.museudapessoa.org\/memorias-de-serra-pelada\/\",\"name\":\"Mem\u00f3rias de Serra Pelada\",\"description\":\"\",\"potentialAction\":[{\"@type\":\"SearchAction\",\"target\":{\"@type\":\"EntryPoint\",\"urlTemplate\":\"https:\/\/memo.museudapessoa.org\/memorias-de-serra-pelada\/?s={search_term_string}\"},\"query-input\":\"required name=search_term_string\"}],\"inLanguage\":\"pt-BR\"}]}<\/script>\n<!-- \/ Yoast SEO plugin. -->","yoast_head_json":{"title":"Cachoeira do Seu H\u00e9lio - Mem\u00f3rias de Serra Pelada","robots":{"index":"index","follow":"follow","max-snippet":"max-snippet:-1","max-image-preview":"max-image-preview:large","max-video-preview":"max-video-preview:-1"},"canonical":"https:\/\/memo.museudapessoa.org\/memorias-de-serra-pelada\/lugares-de-memoria\/cachoeira-do-seu-helio\/","og_locale":"pt_BR","og_type":"article","og_title":"Cachoeira do Seu H\u00e9lio - Mem\u00f3rias de Serra Pelada","og_description":"A Cachoeira do Seu H\u00e9lio \u00e9 uma cachoeira particular localizada na zona rural de Serra Pelada. \u00c9 um ambiente natural que se destaca por sua beleza e tranquilidade. Apesar de ser particular, est\u00e1 aberta para turistas sem restri\u00e7\u00e3o de dias,...","og_url":"https:\/\/memo.museudapessoa.org\/memorias-de-serra-pelada\/lugares-de-memoria\/cachoeira-do-seu-helio\/","og_site_name":"Mem\u00f3rias de Serra Pelada","article_modified_time":"2024-12-17T14:22:24+00:00","twitter_card":"summary_large_image","twitter_misc":{"Est. tempo de leitura":"1 minuto"},"schema":{"@context":"https:\/\/schema.org","@graph":[{"@type":"WebPage","@id":"https:\/\/memo.museudapessoa.org\/memorias-de-serra-pelada\/lugares-de-memoria\/cachoeira-do-seu-helio\/","url":"https:\/\/memo.museudapessoa.org\/memorias-de-serra-pelada\/lugares-de-memoria\/cachoeira-do-seu-helio\/","name":"Cachoeira do Seu H\u00e9lio - Mem\u00f3rias de Serra Pelada","isPartOf":{"@id":"https:\/\/memo.museudapessoa.org\/memorias-de-serra-pelada\/#website"},"datePublished":"2024-12-17T14:11:34+00:00","dateModified":"2024-12-17T14:22:24+00:00","breadcrumb":{"@id":"https:\/\/memo.museudapessoa.org\/memorias-de-serra-pelada\/lugares-de-memoria\/cachoeira-do-seu-helio\/#breadcrumb"},"inLanguage":"pt-BR","potentialAction":[{"@type":"ReadAction","target":["https:\/\/memo.museudapessoa.org\/memorias-de-serra-pelada\/lugares-de-memoria\/cachoeira-do-seu-helio\/"]}]},{"@type":"BreadcrumbList","@id":"https:\/\/memo.museudapessoa.org\/memorias-de-serra-pelada\/lugares-de-memoria\/cachoeira-do-seu-helio\/#breadcrumb","itemListElement":[{"@type":"ListItem","position":1,"name":"Home","item":"https:\/\/memo.museudapessoa.org\/memorias-de-serra-pelada\/"},{"@type":"ListItem","position":2,"name":"Lugares de Mem\u00f3ria","item":"https:\/\/memo.museudapessoa.org\/memorias-de-serra-pelada\/lugares-de-memoria\/"},{"@type":"ListItem","position":3,"name":"Cachoeira do Seu H\u00e9lio"}]},{"@type":"WebSite","@id":"https:\/\/memo.museudapessoa.org\/memorias-de-serra-pelada\/#website","url":"https:\/\/memo.museudapessoa.org\/memorias-de-serra-pelada\/","name":"Mem\u00f3rias de Serra Pelada","description":"","potentialAction":[{"@type":"SearchAction","target":{"@type":"EntryPoint","urlTemplate":"https:\/\/memo.museudapessoa.org\/memorias-de-serra-pelada\/?s={search_term_string}"},"query-input":"required name=search_term_string"}],"inLanguage":"pt-BR"}]}},"_links":{"self":[{"href":"https:\/\/memo.museudapessoa.org\/memorias-de-serra-pelada\/wp-json\/wp\/v2\/pages\/751"}],"collection":[{"href":"https:\/\/memo.museudapessoa.org\/memorias-de-serra-pelada\/wp-json\/wp\/v2\/pages"}],"about":[{"href":"https:\/\/memo.museudapessoa.org\/memorias-de-serra-pelada\/wp-json\/wp\/v2\/types\/page"}],"author":[{"embeddable":true,"href":"https:\/\/memo.museudapessoa.org\/memorias-de-serra-pelada\/wp-json\/wp\/v2\/users\/25"}],"replies":[{"embeddable":true,"href":"https:\/\/memo.museudapessoa.org\/memorias-de-serra-pelada\/wp-json\/wp\/v2\/comments?post=751"}],"version-history":[{"count":3,"href":"https:\/\/memo.museudapessoa.org\/memorias-de-serra-pelada\/wp-json\/wp\/v2\/pages\/751\/revisions"}],"predecessor-version":[{"id":767,"href":"https:\/\/memo.museudapessoa.org\/memorias-de-serra-pelada\/wp-json\/wp\/v2\/pages\/751\/revisions\/767"}],"up":[{"embeddable":true,"href":"https:\/\/memo.museudapessoa.org\/memorias-de-serra-pelada\/wp-json\/wp\/v2\/pages\/111"}],"wp:attachment":[{"href":"https:\/\/memo.museudapessoa.org\/memorias-de-serra-pelada\/wp-json\/wp\/v2\/media?parent=751"}],"curies":[{"name":"wp","href":"https:\/\/api.w.org\/{rel}","templated":true}]}}