{"id":11,"date":"2023-06-22T12:20:46","date_gmt":"2023-06-22T15:20:46","guid":{"rendered":"https:\/\/hhh.memo.museudapessoa.org\/escola-massanori-karazawa\/historias\/"},"modified":"2025-06-09T15:29:39","modified_gmt":"2025-06-09T18:29:39","slug":"historias","status":"publish","type":"page","link":"https:\/\/memo.museudapessoa.org\/memoriasdoarcanjo\/historias\/","title":{"rendered":"Hist\u00f3rias"},"content":{"rendered":"\n        <section class=\"conteudo\">\n          <div class=\"container\">\n            <div class=\"row\">\n              <div class=\"col-md-12 conteudo content margin-center text-md-\">\n                \n<h2 id=\"acoes-realizadas\" class=\"wp-block-heading\">A\u00e7\u00f5es Realizadas<\/h2>\n\n              <\/div>\n            <\/div>\n          <\/div>\n        <\/section>\n\n\n        <section class=\"conteudo\">\n          <div class=\"container\">\n            <div class=\"row\">\n              <div class=\"col-md-12 conteudo content margin-center text-md-\">\n                \n<p>C\u00edrculo de Hist\u00f3rias com Professores(as)<\/p>\n\n              <\/div>\n            <\/div>\n          <\/div>\n        <\/section>\n\n\n        <section class=\"conteudo\">\n          <div class=\"container\">\n            <div class=\"row\">\n              <div class=\"col-md-12 conteudo content margin-center text-md-\">\n                \n<p>Roda de hist\u00f3rias sobre as mem\u00f3rias dos(as) professores(as) em rela\u00e7\u00e3o a sua viv\u00eancia na Escola Massanori Karazawa. A edi\u00e7\u00e3o do material dessa a\u00e7\u00e3o resultou em v\u00eddeo dispon\u00edvel em nosso canal no Youtube.<\/p>\n\n              <\/div>\n            <\/div>\n          <\/div>\n        <\/section>\n\n\n        <section class=\"conteudo\">\n          <div class=\"container\">\n            <div class=\"row\">\n              <div class=\"col-md-12 conteudo content margin-center text-md-\">\n                \n<p>Memorial da Escola<\/p>\n\n              <\/div>\n            <\/div>\n          <\/div>\n        <\/section>\n\n\n        <section class=\"conteudo\">\n          <div class=\"container\">\n            <div class=\"row\">\n              <div class=\"col-md-12 conteudo content margin-center text-md-\">\n                \n<p>Painel visual contendo informa\u00e7\u00f5es sobre a hist\u00f3ria de nossa Escola e sua rela\u00e7\u00e3o com o Bairro Col\u00f4nia Pinhal aonde estamos localizados.<\/p>\n\n              <\/div>\n            <\/div>\n          <\/div>\n        <\/section>\n\n\n        <section class=\"conteudo\">\n          <div class=\"container\">\n            <div class=\"row\">\n              <div class=\"col-md-12 conteudo content margin-center text-md-\">\n                \n<p>V\u00eddeo Document\u00e1rio &#8220;Col\u00f4nia Fukui&#8221;<\/p>\n\n              <\/div>\n            <\/div>\n          <\/div>\n        <\/section>\n\n\n        <section class=\"conteudo\">\n          <div class=\"container\">\n            <div class=\"row\">\n              <div class=\"col-md-12 conteudo content margin-center text-md-\">\n                \n<p>A partir de entrevistas com moradores antigos de nosso bairro e mais a capta\u00e7\u00e3o de imagens locais foi feita a edi\u00e7\u00e3o de um v\u00eddeo que conta a hist\u00f3ria do bairro aonde a Escola se localiza. O document\u00e1rio est\u00e1 dispon\u00edvel em nosso canal no Youtube.<\/p>\n\n              <\/div>\n            <\/div>\n          <\/div>\n        <\/section>\n\n\n        <section class=\"conteudo\">\n          <div class=\"container\">\n            <div class=\"row\">\n              <div class=\"col-md-12 conteudo content margin-center text-md-\">\n                \n<p>Exposi\u00e7\u00e3o Fotogr\u00e1fica &#8220;Col\u00f4nia Fukui&#8221;<\/p>\n\n              <\/div>\n            <\/div>\n          <\/div>\n        <\/section>\n\n\n        <section class=\"conteudo\">\n          <div class=\"container\">\n            <div class=\"row\">\n              <div class=\"col-md-12 conteudo content margin-center text-md-\">\n                \n<p>S\u00e3o 10 fotografias antigas de nosso bairro que \u00e9 uma col\u00f4nia de japoneses pertencente a cidade de S\u00e3o Miguel Arcanjo (SP). No ano de 2022 a Col\u00f4nia fez 60 anos de exist\u00eancia.<\/p>\n\n              <\/div>\n            <\/div>\n          <\/div>\n        <\/section>\n\n\n        <section class=\"conteudo\">\n          <div class=\"container\">\n            <div class=\"row\">\n              <div class=\"col-md-12 conteudo content margin-center text-md-\">\n                \n<p>Document\u00e1rio &#8220;A Apari\u00e7\u00e3o de S\u00e3o Miguel Durante a Revolu\u00e3o de 32&#8221;<\/p>\n\n              <\/div>\n            <\/div>\n          <\/div>\n        <\/section>\n\n\n        <section class=\"conteudo\">\n          <div class=\"container\">\n            <div class=\"row\">\n              <div class=\"col-md-12 conteudo content margin-center text-md-\">\n                \n<p>Atualmente a cidade de S\u00e3o Miguel Arcanjo tornou-se tema de diversos debates sobre esse assunto, devido aos aspectos religiosos sobre o tal, mas tamb\u00e9m devido ao contexto hist\u00f3rico. Esse v\u00eddeo \u00e9 uma a\u00e7\u00e3o cultural do Projeto Mem\u00f3rias do Arcanjo, produzido pela Cabur\u00e9 Produ\u00e7\u00f5es, que possui mais de 15 anos de experi\u00eancia ao lidar com a Tecnologia Social da Mem\u00f3ria. Al\u00e9m disso, para essa a\u00e7\u00e3o iremos contar com o trabalho do Professor e Historiador Eduardo Augusto dos Santos Terra. PRODU\u00c7\u00c3O: Cabur\u00e9 Artivismo Cultural CO-PRODU\u00c7\u00c3O: N\u00facleo Museu da Pessoa Massanori Karazawa Produzido com recursos federais da Lei Paulo Gustavo 195\/2022<\/p>\n\n              <\/div>\n            <\/div>\n          <\/div>\n        <\/section>\n\n\n        <section class=\"conteudo\">\n          <div class=\"container\">\n            <div class=\"row\">\n              <div class=\"col-md-12 conteudo content margin-center text-md-\">\n                \n<p>Itiner\u00e1rio Formativo Territ\u00f3rio, Territorialidades e Fronteiras Culturais<\/p>\n\n              <\/div>\n            <\/div>\n          <\/div>\n        <\/section>\n\n\n        <section class=\"conteudo\">\n          <div class=\"container\">\n            <div class=\"row\">\n              <div class=\"col-md-12 conteudo content margin-center text-md-\">\n                \n<p>Trabalho do Professor Dudu Terra juntoa estudantes da Escola Estadual Massanori Karazawa, dentro do site Google Earth, fazendo a geolocaliza\u00e7\u00e3o de espa\u00e7os e pessoas que intercruzam dados sobre locais e pessoas que contam hist\u00f3rias, saberes e fazeres relacionados com os estudantes dessa Escola. Al\u00e9m disso aparecem no mapa filmes pelo N\u00facleo Museu da Pessoa, continenetes que fazem parte das matrizes culturais brasileiras e outros territ\u00f3rios que fazem parte da identidade cultural do bairro, do pa\u00eds e que tenham algum significado para os estudantes; demonstando assim a forma\u00e7\u00e3o de nossas pessoas num contexto global.<\/p>\n\n              <\/div>\n            <\/div>\n          <\/div>\n        <\/section>","protected":false},"excerpt":{"rendered":"<p>A\u00e7\u00f5es Realizadas C\u00edrculo de Hist\u00f3rias com Professores(as) Roda de hist\u00f3rias sobre as mem\u00f3rias dos(as) professores(as) em rela\u00e7\u00e3o a sua viv\u00eancia na Escola Massanori Karazawa. A edi\u00e7\u00e3o do material dessa a\u00e7\u00e3o resultou em v\u00eddeo dispon\u00edvel em nosso canal no Youtube. Memorial&#8230;<\/p>\n","protected":false},"author":1,"featured_media":0,"parent":0,"menu_order":0,"comment_status":"closed","ping_status":"closed","template":"","meta":{"_acf_changed":false,"footnotes":""},"class_list":["post-11","page","type-page","status-publish","hentry"],"acf":[],"yoast_head":"<!-- This site is optimized with the Yoast SEO plugin v23.3 - https:\/\/yoast.com\/wordpress\/plugins\/seo\/ -->\n<title>Hist\u00f3rias - Mem\u00f3rias do Arcanjo<\/title>\n<meta name=\"robots\" content=\"index, follow, max-snippet:-1, max-image-preview:large, max-video-preview:-1\" \/>\n<link rel=\"canonical\" href=\"https:\/\/memo.museudapessoa.org\/memoriasdoarcanjo\/historias\/\" \/>\n<meta property=\"og:locale\" content=\"pt_BR\" \/>\n<meta property=\"og:type\" content=\"article\" \/>\n<meta property=\"og:title\" content=\"Hist\u00f3rias - Mem\u00f3rias do Arcanjo\" \/>\n<meta property=\"og:description\" content=\"A\u00e7\u00f5es Realizadas C\u00edrculo de Hist\u00f3rias com Professores(as) Roda de hist\u00f3rias sobre as mem\u00f3rias dos(as) professores(as) em rela\u00e7\u00e3o a sua viv\u00eancia na Escola Massanori Karazawa. A edi\u00e7\u00e3o do material dessa a\u00e7\u00e3o resultou em v\u00eddeo dispon\u00edvel em nosso canal no Youtube. Memorial...\" \/>\n<meta property=\"og:url\" content=\"https:\/\/memo.museudapessoa.org\/memoriasdoarcanjo\/historias\/\" \/>\n<meta property=\"og:site_name\" content=\"Mem\u00f3rias do Arcanjo\" \/>\n<meta property=\"article:modified_time\" content=\"2025-06-09T18:29:39+00:00\" \/>\n<meta name=\"twitter:card\" content=\"summary_large_image\" \/>\n<meta name=\"twitter:label1\" content=\"Est. reading time\" \/>\n\t<meta name=\"twitter:data1\" content=\"2 minutos\" \/>\n<script type=\"application\/ld+json\" class=\"yoast-schema-graph\">{\"@context\":\"https:\/\/schema.org\",\"@graph\":[{\"@type\":\"WebPage\",\"@id\":\"https:\/\/memo.museudapessoa.org\/memoriasdoarcanjo\/historias\/\",\"url\":\"https:\/\/memo.museudapessoa.org\/memoriasdoarcanjo\/historias\/\",\"name\":\"Hist\u00f3rias - Mem\u00f3rias do Arcanjo\",\"isPartOf\":{\"@id\":\"https:\/\/memo.museudapessoa.org\/memoriasdoarcanjo\/#website\"},\"datePublished\":\"2023-06-22T15:20:46+00:00\",\"dateModified\":\"2025-06-09T18:29:39+00:00\",\"breadcrumb\":{\"@id\":\"https:\/\/memo.museudapessoa.org\/memoriasdoarcanjo\/historias\/#breadcrumb\"},\"inLanguage\":\"pt-BR\",\"potentialAction\":[{\"@type\":\"ReadAction\",\"target\":[\"https:\/\/memo.museudapessoa.org\/memoriasdoarcanjo\/historias\/\"]}]},{\"@type\":\"BreadcrumbList\",\"@id\":\"https:\/\/memo.museudapessoa.org\/memoriasdoarcanjo\/historias\/#breadcrumb\",\"itemListElement\":[{\"@type\":\"ListItem\",\"position\":1,\"name\":\"Home\",\"item\":\"https:\/\/memo.museudapessoa.org\/memoriasdoarcanjo\/\"},{\"@type\":\"ListItem\",\"position\":2,\"name\":\"Hist\u00f3rias\"}]},{\"@type\":\"WebSite\",\"@id\":\"https:\/\/memo.museudapessoa.org\/memoriasdoarcanjo\/#website\",\"url\":\"https:\/\/memo.museudapessoa.org\/memoriasdoarcanjo\/\",\"name\":\"Mem\u00f3rias do Arcanjo\",\"description\":\"\",\"potentialAction\":[{\"@type\":\"SearchAction\",\"target\":{\"@type\":\"EntryPoint\",\"urlTemplate\":\"https:\/\/memo.museudapessoa.org\/memoriasdoarcanjo\/?s={search_term_string}\"},\"query-input\":\"required name=search_term_string\"}],\"inLanguage\":\"pt-BR\"}]}<\/script>\n<!-- \/ Yoast SEO plugin. -->","yoast_head_json":{"title":"Hist\u00f3rias - Mem\u00f3rias do Arcanjo","robots":{"index":"index","follow":"follow","max-snippet":"max-snippet:-1","max-image-preview":"max-image-preview:large","max-video-preview":"max-video-preview:-1"},"canonical":"https:\/\/memo.museudapessoa.org\/memoriasdoarcanjo\/historias\/","og_locale":"pt_BR","og_type":"article","og_title":"Hist\u00f3rias - Mem\u00f3rias do Arcanjo","og_description":"A\u00e7\u00f5es Realizadas C\u00edrculo de Hist\u00f3rias com Professores(as) Roda de hist\u00f3rias sobre as mem\u00f3rias dos(as) professores(as) em rela\u00e7\u00e3o a sua viv\u00eancia na Escola Massanori Karazawa. A edi\u00e7\u00e3o do material dessa a\u00e7\u00e3o resultou em v\u00eddeo dispon\u00edvel em nosso canal no Youtube. Memorial...","og_url":"https:\/\/memo.museudapessoa.org\/memoriasdoarcanjo\/historias\/","og_site_name":"Mem\u00f3rias do Arcanjo","article_modified_time":"2025-06-09T18:29:39+00:00","twitter_card":"summary_large_image","twitter_misc":{"Est. reading time":"2 minutos"},"schema":{"@context":"https:\/\/schema.org","@graph":[{"@type":"WebPage","@id":"https:\/\/memo.museudapessoa.org\/memoriasdoarcanjo\/historias\/","url":"https:\/\/memo.museudapessoa.org\/memoriasdoarcanjo\/historias\/","name":"Hist\u00f3rias - Mem\u00f3rias do Arcanjo","isPartOf":{"@id":"https:\/\/memo.museudapessoa.org\/memoriasdoarcanjo\/#website"},"datePublished":"2023-06-22T15:20:46+00:00","dateModified":"2025-06-09T18:29:39+00:00","breadcrumb":{"@id":"https:\/\/memo.museudapessoa.org\/memoriasdoarcanjo\/historias\/#breadcrumb"},"inLanguage":"pt-BR","potentialAction":[{"@type":"ReadAction","target":["https:\/\/memo.museudapessoa.org\/memoriasdoarcanjo\/historias\/"]}]},{"@type":"BreadcrumbList","@id":"https:\/\/memo.museudapessoa.org\/memoriasdoarcanjo\/historias\/#breadcrumb","itemListElement":[{"@type":"ListItem","position":1,"name":"Home","item":"https:\/\/memo.museudapessoa.org\/memoriasdoarcanjo\/"},{"@type":"ListItem","position":2,"name":"Hist\u00f3rias"}]},{"@type":"WebSite","@id":"https:\/\/memo.museudapessoa.org\/memoriasdoarcanjo\/#website","url":"https:\/\/memo.museudapessoa.org\/memoriasdoarcanjo\/","name":"Mem\u00f3rias do Arcanjo","description":"","potentialAction":[{"@type":"SearchAction","target":{"@type":"EntryPoint","urlTemplate":"https:\/\/memo.museudapessoa.org\/memoriasdoarcanjo\/?s={search_term_string}"},"query-input":"required name=search_term_string"}],"inLanguage":"pt-BR"}]}},"_links":{"self":[{"href":"https:\/\/memo.museudapessoa.org\/memoriasdoarcanjo\/wp-json\/wp\/v2\/pages\/11"}],"collection":[{"href":"https:\/\/memo.museudapessoa.org\/memoriasdoarcanjo\/wp-json\/wp\/v2\/pages"}],"about":[{"href":"https:\/\/memo.museudapessoa.org\/memoriasdoarcanjo\/wp-json\/wp\/v2\/types\/page"}],"author":[{"embeddable":true,"href":"https:\/\/memo.museudapessoa.org\/memoriasdoarcanjo\/wp-json\/wp\/v2\/users\/1"}],"replies":[{"embeddable":true,"href":"https:\/\/memo.museudapessoa.org\/memoriasdoarcanjo\/wp-json\/wp\/v2\/comments?post=11"}],"version-history":[{"count":8,"href":"https:\/\/memo.museudapessoa.org\/memoriasdoarcanjo\/wp-json\/wp\/v2\/pages\/11\/revisions"}],"predecessor-version":[{"id":69,"href":"https:\/\/memo.museudapessoa.org\/memoriasdoarcanjo\/wp-json\/wp\/v2\/pages\/11\/revisions\/69"}],"wp:attachment":[{"href":"https:\/\/memo.museudapessoa.org\/memoriasdoarcanjo\/wp-json\/wp\/v2\/media?parent=11"}],"curies":[{"name":"wp","href":"https:\/\/api.w.org\/{rel}","templated":true}]}}