{"id":17,"date":"2023-06-22T12:20:46","date_gmt":"2023-06-22T15:20:46","guid":{"rendered":"https:\/\/hhh.memo.museudapessoa.org\/escola-massanori-karazawa\/home\/"},"modified":"2024-11-28T16:24:01","modified_gmt":"2024-11-28T19:24:01","slug":"nosso-nucleo-museu-da-pessoa","status":"publish","type":"page","link":"https:\/\/memo.museudapessoa.org\/memoriasdoarcanjo\/","title":{"rendered":"Nosso N\u00facleo Museu da Pessoa"},"content":{"rendered":"\n\n<div id=\"destaque-topo\" class='carousel block-header-highlight wow fadeIn  block_49b2653c7ca0861b4b90ff7263b03641 has-nav  margin-top-none margin-bottom-medium padding-top-none padding-bottom-none' style='background-color:rgba(255,255,255,0);' data-wow-delay=\"0.5s\" >\n<style>\n    .block_49b2653c7ca0861b4b90ff7263b03641 h2,  .block_49b2653c7ca0861b4b90ff7263b03641 h4, .block_49b2653c7ca0861b4b90ff7263b03641 a, .block_49b2653c7ca0861b4b90ff7263b03641 a h2, .block_49b2653c7ca0861b4b90ff7263b03641 a p, .block_49b2653c7ca0861b4b90ff7263b03641 p{\n      color: #FFF !important;\n  }\n    .block_49b2653c7ca0861b4b90ff7263b03641 .carousel-nav__link.active:after{\n    background-color: #FFF !important;\n  }\n  .block_49b2653c7ca0861b4b90ff7263b03641 .carousel-item__content .arrow svg rect{\n    fill: #FFF !important;\n  }\n<\/style>\n    <div class=\"carousel-item h-100 py-md-5 item-1  active\"\n  role=\"tabpanel\" aria-hidden=\"false\" tabindex=\"0\"\n  >\n      <div class=\"carousel-item__overlay\"\n                \n          style=\"background-color:rgba(0,0,0,0.65);\"\n                    ><\/div>\n                          <div class=\"parallaxParent carousel-item__image\" >\n                  <div class=\"carousel-item__image-element\" \n                style=\"background-image: url(https:\/\/memo.museudapessoa.org\/memoriasdoarcanjo\/wp-content\/uploads\/sites\/22\/2023\/07\/Imagem-88.jpg);\n                background-position: % %;\" >\n                  <\/div> \n              <\/div>\n                              <div class=\"container h-100\">\n        <div class=\"row h-100\">\n          <div class=\"col-md-8 col-md-8 align-self-center\">\n            <div class=\"carousel-item__content\">\n                              <a target=\"_self\" href=\"https:\/\/youtu.be\/n0XM2HlOtqI\">\n                                                                        <h2 class='my-3 pe-md-5'>Document\u00e1rio em homenagem aos 60 anos da Col\u00f4nia Pinhal de S\u00e3o Miguel Arcanjo.<\/h2>\n                                                  <\/a>\n                            <\/div>\n          <\/div>\n        <\/div>\n      <\/div>  \n    <\/div>\n        <div class=\"carousel-item h-100 py-md-5 item-2  \"\n  role=\"tabpanel\" aria-hidden=\"true\" tabindex=\"-1\"\n  >\n      <div class=\"carousel-item__overlay\"\n                \n          style=\"background-color:rgba(0,0,0,0.65);\"\n                    ><\/div>\n                          <div class=\"parallaxParent carousel-item__image\" >\n                  <div class=\"carousel-item__image-element\" \n                style=\"background-image: url(https:\/\/memo.museudapessoa.org\/memoriasdoarcanjo\/wp-content\/uploads\/sites\/22\/2024\/10\/Imagem-do-WhatsApp-de-2024-10-23-as-09.04.19_5de6c8ca.jpg);\n                background-position: % %;\" >\n                  <\/div> \n              <\/div>\n                              <div class=\"container h-100\">\n        <div class=\"row h-100\">\n          <div class=\"col-md-8 col-md-8 align-self-center\">\n            <div class=\"carousel-item__content\">\n                              <a target=\"_self\" href=\"https:\/\/youtu.be\/T-EHb63_fNo?si=KgJHS-rvAUeZVdtV\">\n                                                                        <h2 class='my-3 pe-md-5'>Document\u00e1rio que discute a hist\u00f3ria oral sobre a apari\u00e7\u00e3o  do arcanjo Miguel dentro do contexto da Guerra de 1932.<\/h2>\n                                                  <\/a>\n                            <\/div>\n          <\/div>\n        <\/div>\n      <\/div>  \n    <\/div>\n        <div class=\"carousel-item h-100 py-md-5 item-3  \"\n  role=\"tabpanel\" aria-hidden=\"true\" tabindex=\"-1\"\n  >\n      <div class=\"carousel-item__overlay\"\n                \n          style=\"background-color:rgba(0,0,0,0.65);\"\n                    ><\/div>\n                          <div class=\"parallaxParent carousel-item__image\" >\n                  <div class=\"carousel-item__image-element\" \n                style=\"background-image: url(https:\/\/memo.museudapessoa.org\/memoriasdoarcanjo\/wp-content\/uploads\/sites\/22\/2023\/07\/Imagem3.png);\n                background-position: % %;\" >\n                  <\/div> \n              <\/div>\n                              <div class=\"container h-100\">\n        <div class=\"row h-100\">\n          <div class=\"col-md-8 col-md-8 align-self-center\">\n            <div class=\"carousel-item__content\">\n                              <a target=\"_self\" href=\"https:\/\/youtu.be\/9tSFVor8Mag\">\n                                                                        <h2 class='my-3 pe-md-5'>Conversa que fizemos com os professores e professoras na \u00e9poca da pandemia contando hist\u00f3rias da Massanori.<\/h2>\n                                                  <\/a>\n                            <\/div>\n          <\/div>\n        <\/div>\n      <\/div>  \n    <\/div>\n        <div class=\"carousel-item h-100 py-md-5 item-4  \"\n  role=\"tabpanel\" aria-hidden=\"true\" tabindex=\"-1\"\n  >\n      <div class=\"carousel-item__overlay\"\n                \n          style=\"background-color:rgba(0,0,0,0.65);\"\n                    ><\/div>\n                          <div class=\"parallaxParent carousel-item__image\" >\n                  <div class=\"carousel-item__image-element\" \n                style=\"background-image: url(https:\/\/memo.museudapessoa.org\/memoriasdoarcanjo\/wp-content\/uploads\/sites\/22\/2024\/10\/IMG-20231207-WA0152.jpg);\n                background-position: % %;\" >\n                  <\/div> \n              <\/div>\n                              <div class=\"container h-100\">\n        <div class=\"row h-100\">\n          <div class=\"col-md-8 col-md-8 align-self-center\">\n            <div class=\"carousel-item__content\">\n                              <a target=\"_self\" href=\"https:\/\/earth.google.com\/earth\/d\/1dTzg-3of_OIOZu5To9hf15kkAC7hXg55\">\n                                                                        <h2 class='my-3 pe-md-5'>Mapemaneto de espa\u00e7os e pessoas importantes para a forma\u00e7\u00e3o de nossa identidade cultural.<\/h2>\n                                                  <\/a>\n                            <\/div>\n          <\/div>\n        <\/div>\n      <\/div>  \n    <\/div>\n            <nav class=\"carousel-nav\">\n      <div class=\"container\">\n        <div class=\"row\">\n          <div class=\"col-md-8 mt-md-0 align-self-md-end pt-md-5 \">\n        <!-- <a aria-label=\"Destaque Anterior\" class=\"carousel-nav__arrow prev\" href=\"javascript:prevSlide(); clear();\">Destaque Anterior<\/a> -->\n            <ul>\n                          <li><a href=\"javascript:toSlide(1, '.block_49b2653c7ca0861b4b90ff7263b03641'); clear();\" class=\"carousel-nav__link link-1 active\" role=\"button\" aria-label=\"Col\u00f4nia Fukui\">Col\u00f4nia Fukui<\/a><\/li>\n                            <li><a href=\"javascript:toSlide(2, '.block_49b2653c7ca0861b4b90ff7263b03641'); clear();\" class=\"carousel-nav__link link-2 \" role=\"button\" aria-label=\"Apari\u00e7\u00e3o de S\u00e3o Miguel Durante a Revolu\u00e7\u00e3o de 32\">Apari\u00e7\u00e3o de S\u00e3o Miguel Durante a Revolu\u00e7\u00e3o de 32<\/a><\/li>\n                            <li><a href=\"javascript:toSlide(3, '.block_49b2653c7ca0861b4b90ff7263b03641'); clear();\" class=\"carousel-nav__link link-3 \" role=\"button\" aria-label=\"Roda de Hist\u00f3rias\">Roda de Hist\u00f3rias<\/a><\/li>\n                            <li><a href=\"javascript:toSlide(4, '.block_49b2653c7ca0861b4b90ff7263b03641'); clear();\" class=\"carousel-nav__link link-4 \" role=\"button\" aria-label=\"Itine\u00e1rio Territ\u00f3rio e Fronteiras Culturais\">Itine\u00e1rio Territ\u00f3rio e Fronteiras Culturais<\/a><\/li>\n                          <\/ul>\n            <!-- <a aria-label=\"Pr\u00f3ximo Destaque\" class=\"carousel-nav__arrow next\" href=\"javascript:nextSlide(); clear();\">Pr\u00f3ximo Destaque<\/a> -->\n            <\/div>\n        <\/div>\n      <\/div>\n    <\/nav>\n      <\/div>\n\n\n\n        <section class=\"conteudo\">\n          <div class=\"container\">\n            <div class=\"row\">\n              <div class=\"col-md-12 conteudo content margin-center text-md-\">\n                \n<h2 id=\"conheca-nossa-historia\" class=\"wp-block-heading\">Conhe\u00e7a nossa hist\u00f3ria<\/h2>\n\n              <\/div>\n            <\/div>\n          <\/div>\n        <\/section>\n\n\n        <section class=\"conteudo\">\n          <div class=\"container\">\n            <div class=\"row\">\n              <div class=\"col-md-12 conteudo content margin-center text-md-\">\n                \n<p>O N\u00facleo Museu da Pessoa Mem\u00f3rias do Arcanjo \u00e9 uma a\u00e7\u00e3o que surgiu em dentro da Escola Massanori Karazawa, institui\u00e7\u00e3o fundada em 1982 no Bairro Col\u00f4nia Pinhal na cidade de S\u00e3o Miguel Arcanjo, no interior de S\u00e3o Paulo. Al\u00e9m das a\u00e7\u00f5es realizadas na Escola, o N\u00facleo \u00e9 uma parceria entre a Escola e o Ponto de Cultura Cabur\u00e9 Artivismo Cultural que realiza a\u00e7\u00f5es culturais na nossa regi\u00e3o. Sejam bem vind@s!!!<\/p>\n\n              <\/div>\n            <\/div>\n          <\/div>\n        <\/section>\n\n\n\n<section id=\"\" class=' margin-top-none margin-bottom-medium padding-top-none padding-bottom-none' style='background-color:rgba(255,255,255,0);'>\n  <div class=\"container\">\n        <div class=\"row\">\n      <div class=\"col-md-12 mb-4\">\n        <h2>Depoimentos<\/h2>\n      <\/div>\n    <\/div>\n      <div class=\"row\">\n      <div class=\"col-md-8 offset-md-2\">\n        <div class=\"home-depoiments owl-theme owl-carousel\">\n                              <div class=\"row\">\n                                      <div class=\"col-md-5 mb-4 mb-md-0\">\n                        <img decoding=\"async\" class=\"w-100\" src=\"https:\/\/memo.museudapessoa.org\/memoriasdoarcanjo\/wp-content\/uploads\/sites\/22\/2023\/07\/Imagem1.png\" alt=\"Midori Nishida\" loading=\"lazy\">\n                    <\/div>\n                                    <div class=\"col col align-self-center\">\n                    <div class=\"home-depoiments__depoiment\">\n                      <p>&#8220;&#8221;Todo mundo fala que japon\u00eas pensa \u00e9 na Educa\u00e7\u00e3o dos filhos&#8221;\r\nDoc. Col\u00f4nia Fukui&#8221;<\/p>\n                      <p class=\"mb-0 bold\">Midori Nishida<\/p>\n                                          <\/div>\n                  <\/div>\n              <\/div>\n                              <div class=\"row\">\n                                      <div class=\"col-md-5 mb-4 mb-md-0\">\n                        <img decoding=\"async\" class=\"w-100\" src=\"https:\/\/memo.museudapessoa.org\/memoriasdoarcanjo\/wp-content\/uploads\/sites\/22\/2023\/07\/Imagem4.png\" alt=\"Osamu Yamashita\" loading=\"lazy\">\n                    <\/div>\n                                    <div class=\"col col align-self-center\">\n                    <div class=\"home-depoiments__depoiment\">\n                      <p>&#8220;&#8221;Muita sorte na Col\u00f4nia&#8221;\r\nDoc. Col\u00f4nia Fukui&#8221;<\/p>\n                      <p class=\"mb-0 bold\">Osamu Yamashita<\/p>\n                                          <\/div>\n                  <\/div>\n              <\/div>\n                              <div class=\"row\">\n                                      <div class=\"col-md-5 mb-4 mb-md-0\">\n                        <img decoding=\"async\" class=\"w-100\" src=\"https:\/\/memo.museudapessoa.org\/memoriasdoarcanjo\/wp-content\/uploads\/sites\/22\/2024\/10\/Imagem-do-WhatsApp-de-2024-10-23-as-09.04.18_b3b4dd60-768x1024.jpg\" alt=\"M\u00e1rcio Messias\" loading=\"lazy\">\n                    <\/div>\n                                    <div class=\"col col align-self-center\">\n                    <div class=\"home-depoiments__depoiment\">\n                      <p>&#8220;&#8221;Sobre a apari\u00e7\u00e3o, sempre ouvi falar de forma pitoresca&#8221;\r\nDoc. Apari\u00e7\u00e3o SMA 1932&#8243;<\/p>\n                      <p class=\"mb-0 bold\">M\u00e1rcio Messias<\/p>\n                                          <\/div>\n                  <\/div>\n              <\/div>\n                      <\/div>\n        <!-- <div class=\"home-depoiments__nav owl-theme owl-carousel my-md-5 px-5\">\n                              <div class=\"px-md-3 home-depoiments__nav-item\">\n                  <h3 class=\"text-center title-small\">M\u00e1rcio Messias<\/h3>\n                <\/div>\n                      <\/div> -->\n      <\/div>\n    <\/div>\n  <\/div>\n<\/section>\n\n\n","protected":false},"excerpt":{"rendered":"<p>Conhe\u00e7a nossa hist\u00f3ria O N\u00facleo Museu da Pessoa Mem\u00f3rias do Arcanjo \u00e9 uma a\u00e7\u00e3o que surgiu em dentro da Escola Massanori Karazawa, institui\u00e7\u00e3o fundada em 1982 no Bairro Col\u00f4nia Pinhal na cidade de S\u00e3o Miguel Arcanjo, no interior de S\u00e3o&#8230;<\/p>\n","protected":false},"author":1,"featured_media":0,"parent":0,"menu_order":0,"comment_status":"closed","ping_status":"closed","template":"","meta":{"_acf_changed":false,"footnotes":""},"class_list":["post-17","page","type-page","status-publish","hentry"],"acf":[],"yoast_head":"<!-- This site is optimized with the Yoast SEO plugin v23.3 - https:\/\/yoast.com\/wordpress\/plugins\/seo\/ -->\n<title>Nosso N\u00facleo Museu da Pessoa - Mem\u00f3rias do Arcanjo<\/title>\n<meta name=\"robots\" content=\"index, follow, max-snippet:-1, max-image-preview:large, max-video-preview:-1\" \/>\n<link rel=\"canonical\" href=\"https:\/\/memo.museudapessoa.org\/memoriasdoarcanjo\/\" \/>\n<meta property=\"og:locale\" content=\"pt_BR\" \/>\n<meta property=\"og:type\" content=\"article\" \/>\n<meta property=\"og:title\" content=\"Nosso N\u00facleo Museu da Pessoa - Mem\u00f3rias do Arcanjo\" \/>\n<meta property=\"og:description\" content=\"Conhe\u00e7a nossa hist\u00f3ria O N\u00facleo Museu da Pessoa Mem\u00f3rias do Arcanjo \u00e9 uma a\u00e7\u00e3o que surgiu em dentro da Escola Massanori Karazawa, institui\u00e7\u00e3o fundada em 1982 no Bairro Col\u00f4nia Pinhal na cidade de S\u00e3o Miguel Arcanjo, no interior de S\u00e3o...\" \/>\n<meta property=\"og:url\" content=\"https:\/\/memo.museudapessoa.org\/memoriasdoarcanjo\/\" \/>\n<meta property=\"og:site_name\" content=\"Mem\u00f3rias do Arcanjo\" \/>\n<meta property=\"article:modified_time\" content=\"2024-11-28T19:24:01+00:00\" \/>\n<meta name=\"twitter:card\" content=\"summary_large_image\" \/>\n<meta name=\"twitter:label1\" content=\"Est. reading time\" \/>\n\t<meta name=\"twitter:data1\" content=\"1 minuto\" \/>\n<script type=\"application\/ld+json\" class=\"yoast-schema-graph\">{\"@context\":\"https:\/\/schema.org\",\"@graph\":[{\"@type\":\"WebPage\",\"@id\":\"https:\/\/memo.museudapessoa.org\/memoriasdoarcanjo\/\",\"url\":\"https:\/\/memo.museudapessoa.org\/memoriasdoarcanjo\/\",\"name\":\"Nosso N\u00facleo Museu da Pessoa - Mem\u00f3rias do Arcanjo\",\"isPartOf\":{\"@id\":\"https:\/\/memo.museudapessoa.org\/memoriasdoarcanjo\/#website\"},\"datePublished\":\"2023-06-22T15:20:46+00:00\",\"dateModified\":\"2024-11-28T19:24:01+00:00\",\"breadcrumb\":{\"@id\":\"https:\/\/memo.museudapessoa.org\/memoriasdoarcanjo\/#breadcrumb\"},\"inLanguage\":\"pt-BR\",\"potentialAction\":[{\"@type\":\"ReadAction\",\"target\":[\"https:\/\/memo.museudapessoa.org\/memoriasdoarcanjo\/\"]}]},{\"@type\":\"BreadcrumbList\",\"@id\":\"https:\/\/memo.museudapessoa.org\/memoriasdoarcanjo\/#breadcrumb\",\"itemListElement\":[{\"@type\":\"ListItem\",\"position\":1,\"name\":\"Home\",\"item\":\"https:\/\/memo.museudapessoa.org\/memoriasdoarcanjo\/\"},{\"@type\":\"ListItem\",\"position\":2,\"name\":\"Nosso N\u00facleo Museu da Pessoa\"}]},{\"@type\":\"WebSite\",\"@id\":\"https:\/\/memo.museudapessoa.org\/memoriasdoarcanjo\/#website\",\"url\":\"https:\/\/memo.museudapessoa.org\/memoriasdoarcanjo\/\",\"name\":\"Mem\u00f3rias do Arcanjo\",\"description\":\"\",\"potentialAction\":[{\"@type\":\"SearchAction\",\"target\":{\"@type\":\"EntryPoint\",\"urlTemplate\":\"https:\/\/memo.museudapessoa.org\/memoriasdoarcanjo\/?s={search_term_string}\"},\"query-input\":\"required name=search_term_string\"}],\"inLanguage\":\"pt-BR\"}]}<\/script>\n<!-- \/ Yoast SEO plugin. -->","yoast_head_json":{"title":"Nosso N\u00facleo Museu da Pessoa - Mem\u00f3rias do Arcanjo","robots":{"index":"index","follow":"follow","max-snippet":"max-snippet:-1","max-image-preview":"max-image-preview:large","max-video-preview":"max-video-preview:-1"},"canonical":"https:\/\/memo.museudapessoa.org\/memoriasdoarcanjo\/","og_locale":"pt_BR","og_type":"article","og_title":"Nosso N\u00facleo Museu da Pessoa - Mem\u00f3rias do Arcanjo","og_description":"Conhe\u00e7a nossa hist\u00f3ria O N\u00facleo Museu da Pessoa Mem\u00f3rias do Arcanjo \u00e9 uma a\u00e7\u00e3o que surgiu em dentro da Escola Massanori Karazawa, institui\u00e7\u00e3o fundada em 1982 no Bairro Col\u00f4nia Pinhal na cidade de S\u00e3o Miguel Arcanjo, no interior de S\u00e3o...","og_url":"https:\/\/memo.museudapessoa.org\/memoriasdoarcanjo\/","og_site_name":"Mem\u00f3rias do Arcanjo","article_modified_time":"2024-11-28T19:24:01+00:00","twitter_card":"summary_large_image","twitter_misc":{"Est. reading time":"1 minuto"},"schema":{"@context":"https:\/\/schema.org","@graph":[{"@type":"WebPage","@id":"https:\/\/memo.museudapessoa.org\/memoriasdoarcanjo\/","url":"https:\/\/memo.museudapessoa.org\/memoriasdoarcanjo\/","name":"Nosso N\u00facleo Museu da Pessoa - Mem\u00f3rias do Arcanjo","isPartOf":{"@id":"https:\/\/memo.museudapessoa.org\/memoriasdoarcanjo\/#website"},"datePublished":"2023-06-22T15:20:46+00:00","dateModified":"2024-11-28T19:24:01+00:00","breadcrumb":{"@id":"https:\/\/memo.museudapessoa.org\/memoriasdoarcanjo\/#breadcrumb"},"inLanguage":"pt-BR","potentialAction":[{"@type":"ReadAction","target":["https:\/\/memo.museudapessoa.org\/memoriasdoarcanjo\/"]}]},{"@type":"BreadcrumbList","@id":"https:\/\/memo.museudapessoa.org\/memoriasdoarcanjo\/#breadcrumb","itemListElement":[{"@type":"ListItem","position":1,"name":"Home","item":"https:\/\/memo.museudapessoa.org\/memoriasdoarcanjo\/"},{"@type":"ListItem","position":2,"name":"Nosso N\u00facleo Museu da Pessoa"}]},{"@type":"WebSite","@id":"https:\/\/memo.museudapessoa.org\/memoriasdoarcanjo\/#website","url":"https:\/\/memo.museudapessoa.org\/memoriasdoarcanjo\/","name":"Mem\u00f3rias do Arcanjo","description":"","potentialAction":[{"@type":"SearchAction","target":{"@type":"EntryPoint","urlTemplate":"https:\/\/memo.museudapessoa.org\/memoriasdoarcanjo\/?s={search_term_string}"},"query-input":"required name=search_term_string"}],"inLanguage":"pt-BR"}]}},"_links":{"self":[{"href":"https:\/\/memo.museudapessoa.org\/memoriasdoarcanjo\/wp-json\/wp\/v2\/pages\/17"}],"collection":[{"href":"https:\/\/memo.museudapessoa.org\/memoriasdoarcanjo\/wp-json\/wp\/v2\/pages"}],"about":[{"href":"https:\/\/memo.museudapessoa.org\/memoriasdoarcanjo\/wp-json\/wp\/v2\/types\/page"}],"author":[{"embeddable":true,"href":"https:\/\/memo.museudapessoa.org\/memoriasdoarcanjo\/wp-json\/wp\/v2\/users\/1"}],"replies":[{"embeddable":true,"href":"https:\/\/memo.museudapessoa.org\/memoriasdoarcanjo\/wp-json\/wp\/v2\/comments?post=17"}],"version-history":[{"count":35,"href":"https:\/\/memo.museudapessoa.org\/memoriasdoarcanjo\/wp-json\/wp\/v2\/pages\/17\/revisions"}],"predecessor-version":[{"id":109,"href":"https:\/\/memo.museudapessoa.org\/memoriasdoarcanjo\/wp-json\/wp\/v2\/pages\/17\/revisions\/109"}],"wp:attachment":[{"href":"https:\/\/memo.museudapessoa.org\/memoriasdoarcanjo\/wp-json\/wp\/v2\/media?parent=17"}],"curies":[{"name":"wp","href":"https:\/\/api.w.org\/{rel}","templated":true}]}}