{"id":5,"date":"2023-06-22T12:20:46","date_gmt":"2023-06-22T15:20:46","guid":{"rendered":"https:\/\/hhh.memo.museudapessoa.org\/escola-massanori-karazawa\/midias\/"},"modified":"2023-06-22T12:20:46","modified_gmt":"2023-06-22T15:20:46","slug":"midias","status":"publish","type":"page","link":"https:\/\/memo.museudapessoa.org\/memoriasdoarcanjo\/midias\/","title":{"rendered":"M\u00eddias"},"content":{"rendered":"<section id=\"galeria-de-midia\" class=' margin-top-0 margin-bottom-large padding-top-0 padding-bottom-0'>\n  <div class=\"container\">\n    <div class=\"row\">\n              <div class=\"col-md-12\">\n          <h2>Galeria de m\u00eddia<\/h2>\n                  <\/div>\n          <\/div>\n    <div class=\"row\">\n      <div class=\"col-12\">\n      <div class=\"home-gallery \">\n                       <a data-bs-toggle=\"modal\" data-index=\"0\" href=\"#midia-1\" data-bs-target=\"#gallery-details-galeria-de-midia\"  class=\"gallery-item home-gallery__item  \">\n                  <img decoding=\"async\" src=\"https:\/\/memo.museudapessoa.org\/app\/_lib\/file\/img\/thumb\/Imagem do WhatsApp de 2024-10-23 \u00e0(s) 09.04.19_5de6c8ca(2).jpg\" alt=\"Doc Apari\u00e7\u00e3o de SMA 1932\">       \n              <\/a>\n                          <a data-bs-toggle=\"modal\" data-index=\"1\" href=\"#midia-2\" data-bs-target=\"#gallery-details-galeria-de-midia\"  class=\"gallery-item home-gallery__item  \">\n                  <img decoding=\"async\" src=\"https:\/\/memo.museudapessoa.org\/app\/_lib\/file\/img\/thumb\/Captura de tela 2024-10-23 080103.png\" alt=\"Itiner\u00e1rio Formativo Territ\u00f3rio\">       \n              <\/a>\n                          <a data-bs-toggle=\"modal\" data-index=\"2\" href=\"#midia-3\" data-bs-target=\"#gallery-details-galeria-de-midia\"  class=\"gallery-item home-gallery__item  \">\n                  <img decoding=\"async\" src=\"https:\/\/memo.museudapessoa.org\/app\/_lib\/file\/img\/thumb\/Imagem do WhatsApp de 2024-10-23 \u00e0(s) 09.04.18_b3b4dd60.jpg\" alt=\"Doc Apari\u00e7\u00e3o de SMA 1932\">       \n              <\/a>\n                          <a data-bs-toggle=\"modal\" data-index=\"3\" href=\"#midia-4\" data-bs-target=\"#gallery-details-galeria-de-midia\"  class=\"gallery-item home-gallery__item  \">\n                  <img decoding=\"async\" src=\"https:\/\/memo.museudapessoa.org\/app\/_lib\/file\/img\/thumb\/Imagem7.png\" alt=\"Entrevista Osamu Yamashita\" loading=\"lazy\">       \n              <\/a>\n                          <a data-bs-toggle=\"modal\" data-index=\"4\" href=\"#midia-5\" data-bs-target=\"#gallery-details-galeria-de-midia\"  class=\"gallery-item home-gallery__item  \">\n                  <img decoding=\"async\" src=\"https:\/\/memo.museudapessoa.org\/app\/_lib\/file\/img\/thumb\/Imagem (88).jpg\" alt=\"Casa antiga Col\u00f4nia Pinhal - S\u00e3o Miguel Arcanjo (SP)\">       \n              <\/a>\n                          <a data-bs-toggle=\"modal\" data-index=\"5\" href=\"#midia-6\" data-bs-target=\"#gallery-details-galeria-de-midia\"  class=\"gallery-item home-gallery__item  \">\n                  <img decoding=\"async\" src=\"https:\/\/memo.museudapessoa.org\/app\/_lib\/file\/img\/thumb\/Imagem4.png\" alt=\"Entrevista Osamu Yamashita\" loading=\"lazy\">       \n              <\/a>\n                          <a data-bs-toggle=\"modal\" data-index=\"6\" href=\"#midia-7\" data-bs-target=\"#gallery-details-galeria-de-midia\"  class=\"gallery-item home-gallery__item  \">\n                  <img decoding=\"async\" src=\"https:\/\/memo.museudapessoa.org\/app\/_lib\/file\/img\/thumb\/Imagem1.png\" alt=\"Entrevista Midori Nishida\" loading=\"lazy\">       \n              <\/a>\n                          <a data-bs-toggle=\"modal\" data-index=\"7\" href=\"#midia-8\" data-bs-target=\"#gallery-details-galeria-de-midia\"  class=\"gallery-item home-gallery__item  \">\n                  <img decoding=\"async\" src=\"https:\/\/memo.museudapessoa.org\/app\/_lib\/file\/img\/thumb\/Imagem (90).jpg\" alt=\"Gincana Col\u00f4nia Pinhal\">       \n              <\/a>\n                          <a data-bs-toggle=\"modal\" data-index=\"8\" href=\"#midia-9\" data-bs-target=\"#gallery-details-galeria-de-midia\"  class=\"gallery-item home-gallery__item  \">\n                  <img decoding=\"async\" src=\"https:\/\/memo.museudapessoa.org\/app\/_lib\/file\/img\/thumb\/WhatsApp Image 2021-11-21 at 06.55.55.jpeg\" alt=\"Col\u00f4nia Pinhal\">       \n              <\/a>\n                    <\/div>\n      <\/div>\n    <\/div>\n      <\/div>\n<\/section>\n\n<div id=\"gallery-details-galeria-de-midia\" class=\"modal gallery-details\" tabindex=\"-1\">\n    <button class=\"gallery-details__close\" data-bs-dismiss=\"modal\">Fechar<\/button>\n  <div class=\"modal-dialog\">\n    <div class=\"modal-content\">\n      <div class=\"gallery-details__carousel owl-theme owl-carousel\">\n                <div id=\"midia-1\" class=\"gallery-details__item\">\n              <div class=\"container-fluid\">\n                <div class=\"row\">\n                  <div class=\"col-12 mb-5 px-0 text-center gallery-details__image\">\n                                              <img decoding=\"async\" src=\"https:\/\/memo.museudapessoa.org\/app\/_lib\/file\/img\/Imagem do WhatsApp de 2024-10-23 \u00e0(s) 09.04.19_5de6c8ca(2).jpg\" alt=\"Doc Apari\u00e7\u00e3o de SMA 1932\">\n                                        <\/div>\n                <\/div>\n              <\/div>\n              <div class=\"container\">\n                <div class=\"row\">\n                  <div class=\"col-md-8 offset-md-2\">\n                    <small class=\"d-inline-block mb-3\">1 de 9<\/small> \n                        <h3 class=\"mb-3\">Doc Apari\u00e7\u00e3o de SMA 1932<\/h3>\n                      <p><\/p>\n                                        <\/div>\n                <\/div>\n              <\/div>\n          <\/div> \n                  <div id=\"midia-2\" class=\"gallery-details__item\">\n              <div class=\"container-fluid\">\n                <div class=\"row\">\n                  <div class=\"col-12 mb-5 px-0 text-center gallery-details__image\">\n                                              <img decoding=\"async\" src=\"https:\/\/memo.museudapessoa.org\/app\/_lib\/file\/img\/Captura de tela 2024-10-23 080103.png\" alt=\"Itiner\u00e1rio Formativo Territ\u00f3rio\">\n                                        <\/div>\n                <\/div>\n              <\/div>\n              <div class=\"container\">\n                <div class=\"row\">\n                  <div class=\"col-md-8 offset-md-2\">\n                    <small class=\"d-inline-block mb-3\">2 de 9<\/small> \n                        <h3 class=\"mb-3\">Itiner\u00e1rio Formativo Territ\u00f3rio<\/h3>\n                      <p><\/p>\n                                        <\/div>\n                <\/div>\n              <\/div>\n          <\/div> \n                  <div id=\"midia-3\" class=\"gallery-details__item\">\n              <div class=\"container-fluid\">\n                <div class=\"row\">\n                  <div class=\"col-12 mb-5 px-0 text-center gallery-details__image\">\n                                              <img decoding=\"async\" src=\"https:\/\/memo.museudapessoa.org\/app\/_lib\/file\/img\/Imagem do WhatsApp de 2024-10-23 \u00e0(s) 09.04.18_b3b4dd60.jpg\" alt=\"Doc Apari\u00e7\u00e3o de SMA 1932\">\n                                        <\/div>\n                <\/div>\n              <\/div>\n              <div class=\"container\">\n                <div class=\"row\">\n                  <div class=\"col-md-8 offset-md-2\">\n                    <small class=\"d-inline-block mb-3\">3 de 9<\/small> \n                        <h3 class=\"mb-3\">Doc Apari\u00e7\u00e3o de SMA 1932<\/h3>\n                      <p><\/p>\n                                        <\/div>\n                <\/div>\n              <\/div>\n          <\/div> \n                  <div id=\"midia-4\" class=\"gallery-details__item\">\n              <div class=\"container-fluid\">\n                <div class=\"row\">\n                  <div class=\"col-12 mb-5 px-0 text-center gallery-details__image\">\n                                              <img decoding=\"async\" src=\"https:\/\/memo.museudapessoa.org\/app\/_lib\/file\/img\/Imagem7.png\" alt=\"Entrevista Osamu Yamashita\" loading=\"lazy\">\n                                        <\/div>\n                <\/div>\n              <\/div>\n              <div class=\"container\">\n                <div class=\"row\">\n                  <div class=\"col-md-8 offset-md-2\">\n                    <small class=\"d-inline-block mb-3\">4 de 9<\/small> \n                        <h3 class=\"mb-3\">Entrevista Osamu Yamashita<\/h3>\n                      <p><\/p>\n                                        <\/div>\n                <\/div>\n              <\/div>\n          <\/div> \n                  <div id=\"midia-5\" class=\"gallery-details__item\">\n              <div class=\"container-fluid\">\n                <div class=\"row\">\n                  <div class=\"col-12 mb-5 px-0 text-center gallery-details__image\">\n                                              <img decoding=\"async\" src=\"https:\/\/memo.museudapessoa.org\/app\/_lib\/file\/img\/Imagem (88).jpg\" alt=\"Casa antiga Col\u00f4nia Pinhal - S\u00e3o Miguel Arcanjo (SP)\">\n                                        <\/div>\n                <\/div>\n              <\/div>\n              <div class=\"container\">\n                <div class=\"row\">\n                  <div class=\"col-md-8 offset-md-2\">\n                    <small class=\"d-inline-block mb-3\">5 de 9<\/small> \n                        <h3 class=\"mb-3\">Casa antiga Col\u00f4nia Pinhal &#8211; S\u00e3o Miguel Arcanjo (SP)<\/h3>\n                      <p><\/p>\n                                        <\/div>\n                <\/div>\n              <\/div>\n          <\/div> \n                  <div id=\"midia-6\" class=\"gallery-details__item\">\n              <div class=\"container-fluid\">\n                <div class=\"row\">\n                  <div class=\"col-12 mb-5 px-0 text-center gallery-details__image\">\n                                              <img decoding=\"async\" src=\"https:\/\/memo.museudapessoa.org\/app\/_lib\/file\/img\/Imagem4.png\" alt=\"Entrevista Osamu Yamashita\" loading=\"lazy\">\n                                        <\/div>\n                <\/div>\n              <\/div>\n              <div class=\"container\">\n                <div class=\"row\">\n                  <div class=\"col-md-8 offset-md-2\">\n                    <small class=\"d-inline-block mb-3\">6 de 9<\/small> \n                        <h3 class=\"mb-3\">Entrevista Osamu Yamashita<\/h3>\n                      <p><\/p>\n                                        <\/div>\n                <\/div>\n              <\/div>\n          <\/div> \n                  <div id=\"midia-7\" class=\"gallery-details__item\">\n              <div class=\"container-fluid\">\n                <div class=\"row\">\n                  <div class=\"col-12 mb-5 px-0 text-center gallery-details__image\">\n                                              <img decoding=\"async\" src=\"https:\/\/memo.museudapessoa.org\/app\/_lib\/file\/img\/Imagem1.png\" alt=\"Entrevista Midori Nishida\" loading=\"lazy\">\n                                        <\/div>\n                <\/div>\n              <\/div>\n              <div class=\"container\">\n                <div class=\"row\">\n                  <div class=\"col-md-8 offset-md-2\">\n                    <small class=\"d-inline-block mb-3\">7 de 9<\/small> \n                        <h3 class=\"mb-3\">Entrevista Midori Nishida<\/h3>\n                      <p><\/p>\n                                        <\/div>\n                <\/div>\n              <\/div>\n          <\/div> \n                  <div id=\"midia-8\" class=\"gallery-details__item\">\n              <div class=\"container-fluid\">\n                <div class=\"row\">\n                  <div class=\"col-12 mb-5 px-0 text-center gallery-details__image\">\n                                              <img decoding=\"async\" src=\"https:\/\/memo.museudapessoa.org\/app\/_lib\/file\/img\/Imagem (90).jpg\" alt=\"Gincana Col\u00f4nia Pinhal\">\n                                        <\/div>\n                <\/div>\n              <\/div>\n              <div class=\"container\">\n                <div class=\"row\">\n                  <div class=\"col-md-8 offset-md-2\">\n                    <small class=\"d-inline-block mb-3\">8 de 9<\/small> \n                        <h3 class=\"mb-3\">Gincana Col\u00f4nia Pinhal<\/h3>\n                      <p>Gincana da comunidade japonesa da Col\u00f4nia Pinhal de S\u00e3o Miguel Arcanjo (SP).<\/p>\n                                        <\/div>\n                <\/div>\n              <\/div>\n          <\/div> \n                  <div id=\"midia-9\" class=\"gallery-details__item\">\n              <div class=\"container-fluid\">\n                <div class=\"row\">\n                  <div class=\"col-12 mb-5 px-0 text-center gallery-details__image\">\n                                              <img decoding=\"async\" src=\"https:\/\/memo.museudapessoa.org\/app\/_lib\/file\/img\/WhatsApp Image 2021-11-21 at 06.55.55.jpeg\" alt=\"Col\u00f4nia Pinhal\">\n                                        <\/div>\n                <\/div>\n              <\/div>\n              <div class=\"container\">\n                <div class=\"row\">\n                  <div class=\"col-md-8 offset-md-2\">\n                    <small class=\"d-inline-block mb-3\">9 de 9<\/small> \n                        <h3 class=\"mb-3\">Col\u00f4nia Pinhal<\/h3>\n                      <p>Imagem de resid\u00eancia de madeira, primeiras constru\u00e7\u00f5es da Col\u00f4nia Pinhal em S\u00e3o Miguel Arcanjo (SP).<\/p>\n                                        <\/div>\n                <\/div>\n              <\/div>\n          <\/div> \n                <\/div>\n      <\/div>\n  <\/div><\/div>\n\n","protected":false},"excerpt":{"rendered":"","protected":false},"author":1,"featured_media":0,"parent":0,"menu_order":0,"comment_status":"closed","ping_status":"closed","template":"","meta":{"_acf_changed":false,"footnotes":""},"class_list":["post-5","page","type-page","status-publish","hentry"],"acf":[],"yoast_head":"<!-- This site is optimized with the Yoast SEO plugin v23.3 - https:\/\/yoast.com\/wordpress\/plugins\/seo\/ -->\n<title>M\u00eddias - Mem\u00f3rias do Arcanjo<\/title>\n<meta name=\"robots\" content=\"index, follow, max-snippet:-1, max-image-preview:large, max-video-preview:-1\" \/>\n<link rel=\"canonical\" href=\"https:\/\/memo.museudapessoa.org\/memoriasdoarcanjo\/midias\/\" \/>\n<meta property=\"og:locale\" content=\"pt_BR\" \/>\n<meta property=\"og:type\" content=\"article\" \/>\n<meta property=\"og:title\" content=\"M\u00eddias - Mem\u00f3rias do Arcanjo\" \/>\n<meta property=\"og:url\" content=\"https:\/\/memo.museudapessoa.org\/memoriasdoarcanjo\/midias\/\" \/>\n<meta property=\"og:site_name\" content=\"Mem\u00f3rias do Arcanjo\" \/>\n<meta name=\"twitter:card\" content=\"summary_large_image\" \/>\n<script type=\"application\/ld+json\" class=\"yoast-schema-graph\">{\"@context\":\"https:\/\/schema.org\",\"@graph\":[{\"@type\":\"WebPage\",\"@id\":\"https:\/\/memo.museudapessoa.org\/memoriasdoarcanjo\/midias\/\",\"url\":\"https:\/\/memo.museudapessoa.org\/memoriasdoarcanjo\/midias\/\",\"name\":\"M\u00eddias - Mem\u00f3rias do Arcanjo\",\"isPartOf\":{\"@id\":\"https:\/\/memo.museudapessoa.org\/memoriasdoarcanjo\/#website\"},\"datePublished\":\"2023-06-22T15:20:46+00:00\",\"dateModified\":\"2023-06-22T15:20:46+00:00\",\"breadcrumb\":{\"@id\":\"https:\/\/memo.museudapessoa.org\/memoriasdoarcanjo\/midias\/#breadcrumb\"},\"inLanguage\":\"pt-BR\",\"potentialAction\":[{\"@type\":\"ReadAction\",\"target\":[\"https:\/\/memo.museudapessoa.org\/memoriasdoarcanjo\/midias\/\"]}]},{\"@type\":\"BreadcrumbList\",\"@id\":\"https:\/\/memo.museudapessoa.org\/memoriasdoarcanjo\/midias\/#breadcrumb\",\"itemListElement\":[{\"@type\":\"ListItem\",\"position\":1,\"name\":\"Home\",\"item\":\"https:\/\/memo.museudapessoa.org\/memoriasdoarcanjo\/\"},{\"@type\":\"ListItem\",\"position\":2,\"name\":\"M\u00eddias\"}]},{\"@type\":\"WebSite\",\"@id\":\"https:\/\/memo.museudapessoa.org\/memoriasdoarcanjo\/#website\",\"url\":\"https:\/\/memo.museudapessoa.org\/memoriasdoarcanjo\/\",\"name\":\"Mem\u00f3rias do Arcanjo\",\"description\":\"\",\"potentialAction\":[{\"@type\":\"SearchAction\",\"target\":{\"@type\":\"EntryPoint\",\"urlTemplate\":\"https:\/\/memo.museudapessoa.org\/memoriasdoarcanjo\/?s={search_term_string}\"},\"query-input\":\"required name=search_term_string\"}],\"inLanguage\":\"pt-BR\"}]}<\/script>\n<!-- \/ Yoast SEO plugin. -->","yoast_head_json":{"title":"M\u00eddias - Mem\u00f3rias do Arcanjo","robots":{"index":"index","follow":"follow","max-snippet":"max-snippet:-1","max-image-preview":"max-image-preview:large","max-video-preview":"max-video-preview:-1"},"canonical":"https:\/\/memo.museudapessoa.org\/memoriasdoarcanjo\/midias\/","og_locale":"pt_BR","og_type":"article","og_title":"M\u00eddias - Mem\u00f3rias do Arcanjo","og_url":"https:\/\/memo.museudapessoa.org\/memoriasdoarcanjo\/midias\/","og_site_name":"Mem\u00f3rias do Arcanjo","twitter_card":"summary_large_image","schema":{"@context":"https:\/\/schema.org","@graph":[{"@type":"WebPage","@id":"https:\/\/memo.museudapessoa.org\/memoriasdoarcanjo\/midias\/","url":"https:\/\/memo.museudapessoa.org\/memoriasdoarcanjo\/midias\/","name":"M\u00eddias - Mem\u00f3rias do Arcanjo","isPartOf":{"@id":"https:\/\/memo.museudapessoa.org\/memoriasdoarcanjo\/#website"},"datePublished":"2023-06-22T15:20:46+00:00","dateModified":"2023-06-22T15:20:46+00:00","breadcrumb":{"@id":"https:\/\/memo.museudapessoa.org\/memoriasdoarcanjo\/midias\/#breadcrumb"},"inLanguage":"pt-BR","potentialAction":[{"@type":"ReadAction","target":["https:\/\/memo.museudapessoa.org\/memoriasdoarcanjo\/midias\/"]}]},{"@type":"BreadcrumbList","@id":"https:\/\/memo.museudapessoa.org\/memoriasdoarcanjo\/midias\/#breadcrumb","itemListElement":[{"@type":"ListItem","position":1,"name":"Home","item":"https:\/\/memo.museudapessoa.org\/memoriasdoarcanjo\/"},{"@type":"ListItem","position":2,"name":"M\u00eddias"}]},{"@type":"WebSite","@id":"https:\/\/memo.museudapessoa.org\/memoriasdoarcanjo\/#website","url":"https:\/\/memo.museudapessoa.org\/memoriasdoarcanjo\/","name":"Mem\u00f3rias do Arcanjo","description":"","potentialAction":[{"@type":"SearchAction","target":{"@type":"EntryPoint","urlTemplate":"https:\/\/memo.museudapessoa.org\/memoriasdoarcanjo\/?s={search_term_string}"},"query-input":"required name=search_term_string"}],"inLanguage":"pt-BR"}]}},"_links":{"self":[{"href":"https:\/\/memo.museudapessoa.org\/memoriasdoarcanjo\/wp-json\/wp\/v2\/pages\/5"}],"collection":[{"href":"https:\/\/memo.museudapessoa.org\/memoriasdoarcanjo\/wp-json\/wp\/v2\/pages"}],"about":[{"href":"https:\/\/memo.museudapessoa.org\/memoriasdoarcanjo\/wp-json\/wp\/v2\/types\/page"}],"author":[{"embeddable":true,"href":"https:\/\/memo.museudapessoa.org\/memoriasdoarcanjo\/wp-json\/wp\/v2\/users\/1"}],"replies":[{"embeddable":true,"href":"https:\/\/memo.museudapessoa.org\/memoriasdoarcanjo\/wp-json\/wp\/v2\/comments?post=5"}],"version-history":[{"count":1,"href":"https:\/\/memo.museudapessoa.org\/memoriasdoarcanjo\/wp-json\/wp\/v2\/pages\/5\/revisions"}],"predecessor-version":[{"id":6,"href":"https:\/\/memo.museudapessoa.org\/memoriasdoarcanjo\/wp-json\/wp\/v2\/pages\/5\/revisions\/6"}],"wp:attachment":[{"href":"https:\/\/memo.museudapessoa.org\/memoriasdoarcanjo\/wp-json\/wp\/v2\/media?parent=5"}],"curies":[{"name":"wp","href":"https:\/\/api.w.org\/{rel}","templated":true}]}}