{"id":8,"date":"2023-06-22T12:20:46","date_gmt":"2023-06-22T15:20:46","guid":{"rendered":"https:\/\/hhh.memo.museudapessoa.org\/escola-massanori-karazawa\/sobre\/"},"modified":"2024-10-23T09:55:07","modified_gmt":"2024-10-23T12:55:07","slug":"sobre","status":"publish","type":"page","link":"https:\/\/memo.museudapessoa.org\/memoriasdoarcanjo\/sobre\/","title":{"rendered":"Sobre"},"content":{"rendered":"\n        <section class=\"conteudo\">\n          <div class=\"container\">\n            <div class=\"row\">\n              <div class=\"col-md-12 conteudo content margin-center text-md-\">\n                \n<h2 id=\"conheca-mais-sobre-a-nossa-historia\" class=\"wp-block-heading\">Conhe\u00e7a mais sobre a nossa hist\u00f3ria<\/h2>\n\n              <\/div>\n            <\/div>\n          <\/div>\n        <\/section>\n\n\n        <section class=\"conteudo\">\n          <div class=\"container\">\n            <div class=\"row\">\n              <div class=\"col-md-12 conteudo content margin-center text-md-\">\n                \n<p>Desde o ano de 2021 come\u00e7amos a sistematizar um trabalho sobre a Tecnologia Social da Mem\u00f3ria atrav\u00e9s de uma s\u00e9rie de encontros com o Museu da Pessoa.<\/p>\n\n              <\/div>\n            <\/div>\n          <\/div>\n        <\/section>\n\n\n        <section class=\"conteudo\">\n          <div class=\"container\">\n            <div class=\"row\">\n              <div class=\"col-md-12 conteudo content margin-center text-md-\">\n                \n<p>Institui\u00e7\u00e3o reconhecida por seu trabalho sobre as hist\u00f3rias de vida de pessoas comuns que tem uma riqueza muito grande nas suas lembran\u00e7as e mem\u00f3rias.<\/p>\n\n              <\/div>\n            <\/div>\n          <\/div>\n        <\/section>\n\n\n        <section class=\"conteudo\">\n          <div class=\"container\">\n            <div class=\"row\">\n              <div class=\"col-md-12 conteudo content margin-center text-md-\">\n                \n<p><a><\/a>Passamos por um curso \u00e0 dist\u00e2ncia que muito conhecimento nos trouxe, fizemos uma s\u00e9rie de reuni\u00f5es com pessoas de diversos lugares do Brasil e agora estamos sistematizando nosso trabalhos.<\/p>\n\n              <\/div>\n            <\/div>\n          <\/div>\n        <\/section>\n\n\n        <section class=\"conteudo\">\n          <div class=\"container\">\n            <div class=\"row\">\n              <div class=\"col-md-12 conteudo content margin-center text-md-\">\n                \n<p>J\u00e1 produzimos uma Roda de Hist\u00f3rias com Professores e Professoras, organizamos uma exposi\u00e7\u00e3o fotogr\u00e1fica sobre o Bairro Col\u00f4nia Pinhal, produzimos um painel com o memorial da nossa Escola e estamos prestes a lan\u00e7ar um document\u00e1rio sobre a Col\u00f4nia Pinhal.<\/p>\n\n              <\/div>\n            <\/div>\n          <\/div>\n        <\/section>\n\n\n        <section class=\"conteudo\">\n          <div class=\"container\">\n            <div class=\"row\">\n              <div class=\"col-md-12 conteudo content margin-center text-md-\">\n                \n<h2 id=\"coordenacao\" class=\"wp-block-heading\">Coordena\u00e7\u00e3o<\/h2>\n\n              <\/div>\n            <\/div>\n          <\/div>\n        <\/section>\n\n\n        <section class=\"conteudo\">\n          <div class=\"container\">\n            <div class=\"row\">\n              <div class=\"col-md-12 conteudo content margin-center text-md-\">\n                \n<p>Eduardo Augusto dos Santos Terra<\/p>\n\n              <\/div>\n            <\/div>\n          <\/div>\n        <\/section>\n\n\n        <section class=\"conteudo\">\n          <div class=\"container\">\n            <div class=\"row\">\n              <div class=\"col-md-12 conteudo content margin-center text-md-\">\n                \n<p>Rafael Francis<\/p>\n\n              <\/div>\n            <\/div>\n          <\/div>\n        <\/section>","protected":false},"excerpt":{"rendered":"<p>Conhe\u00e7a mais sobre a nossa hist\u00f3ria Desde o ano de 2021 come\u00e7amos a sistematizar um trabalho sobre a Tecnologia Social da Mem\u00f3ria atrav\u00e9s de uma s\u00e9rie de encontros com o Museu da Pessoa. Institui\u00e7\u00e3o reconhecida por seu trabalho sobre as&#8230;<\/p>\n","protected":false},"author":1,"featured_media":0,"parent":0,"menu_order":0,"comment_status":"closed","ping_status":"closed","template":"","meta":{"_acf_changed":false,"footnotes":""},"class_list":["post-8","page","type-page","status-publish","hentry"],"acf":[],"yoast_head":"<!-- This site is optimized with the Yoast SEO plugin v23.3 - https:\/\/yoast.com\/wordpress\/plugins\/seo\/ -->\n<title>Sobre - Mem\u00f3rias do Arcanjo<\/title>\n<meta name=\"robots\" content=\"index, follow, max-snippet:-1, max-image-preview:large, max-video-preview:-1\" \/>\n<link rel=\"canonical\" href=\"https:\/\/memo.museudapessoa.org\/memoriasdoarcanjo\/sobre\/\" \/>\n<meta property=\"og:locale\" content=\"pt_BR\" \/>\n<meta property=\"og:type\" content=\"article\" \/>\n<meta property=\"og:title\" content=\"Sobre - Mem\u00f3rias do Arcanjo\" \/>\n<meta property=\"og:description\" content=\"Conhe\u00e7a mais sobre a nossa hist\u00f3ria Desde o ano de 2021 come\u00e7amos a sistematizar um trabalho sobre a Tecnologia Social da Mem\u00f3ria atrav\u00e9s de uma s\u00e9rie de encontros com o Museu da Pessoa. Institui\u00e7\u00e3o reconhecida por seu trabalho sobre as...\" \/>\n<meta property=\"og:url\" content=\"https:\/\/memo.museudapessoa.org\/memoriasdoarcanjo\/sobre\/\" \/>\n<meta property=\"og:site_name\" content=\"Mem\u00f3rias do Arcanjo\" \/>\n<meta property=\"article:modified_time\" content=\"2024-10-23T12:55:07+00:00\" \/>\n<meta name=\"twitter:card\" content=\"summary_large_image\" \/>\n<meta name=\"twitter:label1\" content=\"Est. reading time\" \/>\n\t<meta name=\"twitter:data1\" content=\"1 minuto\" \/>\n<script type=\"application\/ld+json\" class=\"yoast-schema-graph\">{\"@context\":\"https:\/\/schema.org\",\"@graph\":[{\"@type\":\"WebPage\",\"@id\":\"https:\/\/memo.museudapessoa.org\/memoriasdoarcanjo\/sobre\/\",\"url\":\"https:\/\/memo.museudapessoa.org\/memoriasdoarcanjo\/sobre\/\",\"name\":\"Sobre - Mem\u00f3rias do Arcanjo\",\"isPartOf\":{\"@id\":\"https:\/\/memo.museudapessoa.org\/memoriasdoarcanjo\/#website\"},\"datePublished\":\"2023-06-22T15:20:46+00:00\",\"dateModified\":\"2024-10-23T12:55:07+00:00\",\"breadcrumb\":{\"@id\":\"https:\/\/memo.museudapessoa.org\/memoriasdoarcanjo\/sobre\/#breadcrumb\"},\"inLanguage\":\"pt-BR\",\"potentialAction\":[{\"@type\":\"ReadAction\",\"target\":[\"https:\/\/memo.museudapessoa.org\/memoriasdoarcanjo\/sobre\/\"]}]},{\"@type\":\"BreadcrumbList\",\"@id\":\"https:\/\/memo.museudapessoa.org\/memoriasdoarcanjo\/sobre\/#breadcrumb\",\"itemListElement\":[{\"@type\":\"ListItem\",\"position\":1,\"name\":\"Home\",\"item\":\"https:\/\/memo.museudapessoa.org\/memoriasdoarcanjo\/\"},{\"@type\":\"ListItem\",\"position\":2,\"name\":\"Sobre\"}]},{\"@type\":\"WebSite\",\"@id\":\"https:\/\/memo.museudapessoa.org\/memoriasdoarcanjo\/#website\",\"url\":\"https:\/\/memo.museudapessoa.org\/memoriasdoarcanjo\/\",\"name\":\"Mem\u00f3rias do Arcanjo\",\"description\":\"\",\"potentialAction\":[{\"@type\":\"SearchAction\",\"target\":{\"@type\":\"EntryPoint\",\"urlTemplate\":\"https:\/\/memo.museudapessoa.org\/memoriasdoarcanjo\/?s={search_term_string}\"},\"query-input\":\"required name=search_term_string\"}],\"inLanguage\":\"pt-BR\"}]}<\/script>\n<!-- \/ Yoast SEO plugin. -->","yoast_head_json":{"title":"Sobre - Mem\u00f3rias do Arcanjo","robots":{"index":"index","follow":"follow","max-snippet":"max-snippet:-1","max-image-preview":"max-image-preview:large","max-video-preview":"max-video-preview:-1"},"canonical":"https:\/\/memo.museudapessoa.org\/memoriasdoarcanjo\/sobre\/","og_locale":"pt_BR","og_type":"article","og_title":"Sobre - Mem\u00f3rias do Arcanjo","og_description":"Conhe\u00e7a mais sobre a nossa hist\u00f3ria Desde o ano de 2021 come\u00e7amos a sistematizar um trabalho sobre a Tecnologia Social da Mem\u00f3ria atrav\u00e9s de uma s\u00e9rie de encontros com o Museu da Pessoa. Institui\u00e7\u00e3o reconhecida por seu trabalho sobre as...","og_url":"https:\/\/memo.museudapessoa.org\/memoriasdoarcanjo\/sobre\/","og_site_name":"Mem\u00f3rias do Arcanjo","article_modified_time":"2024-10-23T12:55:07+00:00","twitter_card":"summary_large_image","twitter_misc":{"Est. reading time":"1 minuto"},"schema":{"@context":"https:\/\/schema.org","@graph":[{"@type":"WebPage","@id":"https:\/\/memo.museudapessoa.org\/memoriasdoarcanjo\/sobre\/","url":"https:\/\/memo.museudapessoa.org\/memoriasdoarcanjo\/sobre\/","name":"Sobre - Mem\u00f3rias do Arcanjo","isPartOf":{"@id":"https:\/\/memo.museudapessoa.org\/memoriasdoarcanjo\/#website"},"datePublished":"2023-06-22T15:20:46+00:00","dateModified":"2024-10-23T12:55:07+00:00","breadcrumb":{"@id":"https:\/\/memo.museudapessoa.org\/memoriasdoarcanjo\/sobre\/#breadcrumb"},"inLanguage":"pt-BR","potentialAction":[{"@type":"ReadAction","target":["https:\/\/memo.museudapessoa.org\/memoriasdoarcanjo\/sobre\/"]}]},{"@type":"BreadcrumbList","@id":"https:\/\/memo.museudapessoa.org\/memoriasdoarcanjo\/sobre\/#breadcrumb","itemListElement":[{"@type":"ListItem","position":1,"name":"Home","item":"https:\/\/memo.museudapessoa.org\/memoriasdoarcanjo\/"},{"@type":"ListItem","position":2,"name":"Sobre"}]},{"@type":"WebSite","@id":"https:\/\/memo.museudapessoa.org\/memoriasdoarcanjo\/#website","url":"https:\/\/memo.museudapessoa.org\/memoriasdoarcanjo\/","name":"Mem\u00f3rias do Arcanjo","description":"","potentialAction":[{"@type":"SearchAction","target":{"@type":"EntryPoint","urlTemplate":"https:\/\/memo.museudapessoa.org\/memoriasdoarcanjo\/?s={search_term_string}"},"query-input":"required name=search_term_string"}],"inLanguage":"pt-BR"}]}},"_links":{"self":[{"href":"https:\/\/memo.museudapessoa.org\/memoriasdoarcanjo\/wp-json\/wp\/v2\/pages\/8"}],"collection":[{"href":"https:\/\/memo.museudapessoa.org\/memoriasdoarcanjo\/wp-json\/wp\/v2\/pages"}],"about":[{"href":"https:\/\/memo.museudapessoa.org\/memoriasdoarcanjo\/wp-json\/wp\/v2\/types\/page"}],"author":[{"embeddable":true,"href":"https:\/\/memo.museudapessoa.org\/memoriasdoarcanjo\/wp-json\/wp\/v2\/users\/1"}],"replies":[{"embeddable":true,"href":"https:\/\/memo.museudapessoa.org\/memoriasdoarcanjo\/wp-json\/wp\/v2\/comments?post=8"}],"version-history":[{"count":3,"href":"https:\/\/memo.museudapessoa.org\/memoriasdoarcanjo\/wp-json\/wp\/v2\/pages\/8\/revisions"}],"predecessor-version":[{"id":105,"href":"https:\/\/memo.museudapessoa.org\/memoriasdoarcanjo\/wp-json\/wp\/v2\/pages\/8\/revisions\/105"}],"wp:attachment":[{"href":"https:\/\/memo.museudapessoa.org\/memoriasdoarcanjo\/wp-json\/wp\/v2\/media?parent=8"}],"curies":[{"name":"wp","href":"https:\/\/api.w.org\/{rel}","templated":true}]}}