{"id":19,"date":"2023-12-06T14:48:36","date_gmt":"2023-12-06T17:48:36","guid":{"rendered":"https:\/\/memo.museudapessoa.org\/patrimonios-rio-negro\/?page_id=19"},"modified":"2023-12-13T20:25:08","modified_gmt":"2023-12-13T23:25:08","slug":"rio-negro","status":"publish","type":"page","link":"https:\/\/memo.museudapessoa.org\/patrimonios-rio-negro\/rio-negro\/","title":{"rendered":"Rio Negro"},"content":{"rendered":"\n\n<div id=\"destaque-topo\" class='carousel block-header-highlight wow fadeIn  block_01cb6db65ac2d84a07aea644b41a3ed3 no-nav  margin-top-none margin-bottom-medium padding-top-none padding-bottom-none' style='background-color:rgba(255,255,255,0);' data-wow-delay=\"0.5s\" >\n<style>\n    @media (min-width: 768px){\n    .block_01cb6db65ac2d84a07aea644b41a3ed3.carousel {\n      height: 600px;\n    }\n  }\n    .block_01cb6db65ac2d84a07aea644b41a3ed3 h2,  .block_01cb6db65ac2d84a07aea644b41a3ed3 h4, .block_01cb6db65ac2d84a07aea644b41a3ed3 a, .block_01cb6db65ac2d84a07aea644b41a3ed3 a h2, .block_01cb6db65ac2d84a07aea644b41a3ed3 a p, .block_01cb6db65ac2d84a07aea644b41a3ed3 p{\n      color: #FFF !important;\n  }\n    .block_01cb6db65ac2d84a07aea644b41a3ed3 .carousel-nav__link.active:after{\n    background-color: #FFF !important;\n  }\n  .block_01cb6db65ac2d84a07aea644b41a3ed3 .carousel-item__content .arrow svg rect{\n    fill: #FFF !important;\n  }\n<\/style>\n    <div class=\"carousel-item h-100 py-md-5 item-1  active\"\n  role=\"tabpanel\" aria-hidden=\"false\" tabindex=\"0\"\n  >\n      <div class=\"carousel-item__overlay\"\n                \n          style=\"background-color:rgba(0,0,0,0.45);\"\n                    ><\/div>\n                          <div class=\"parallaxParent carousel-item__image\" >\n                  <div class=\"carousel-item__image-element\" \n                style=\"background-image: url(https:\/\/memo.museudapessoa.org\/patrimonios-rio-negro\/wp-content\/uploads\/sites\/28\/2023\/12\/Ajustado_Comunidade-Piracema_Medio-Rio-Negro-fotor-20231211174125.png);\n                background-position: % %;\" >\n                  <\/div> \n              <\/div>\n                              <div class=\"container h-100\">\n        <div class=\"row h-100\">\n          <div class=\"col-md-8 offset-md-2 text-center d-flex justify-content-center col-md-8 align-self-center\">\n            <div class=\"carousel-item__content\">\n                                                                      <h2 class='my-3 big'>Rio Negro<\/h2>\n                                              <\/div>\n          <\/div>\n        <\/div>\n      <\/div>  \n    <\/div>\n          <\/div>\n\n\n\n        <section class=\"conteudo\">\n          <div class=\"container\">\n            <div class=\"row\">\n              <div class=\"col-md-12 conteudo content margin-center text-md-\">\n                \n<p>Localizado no noroeste do estado do Amazonas, o Rio Negro \u00e9 reconhecidamente uma das regi\u00f5es mais preservadas e biodiversas da Amaz\u00f4nia. \u00c9 tamb\u00e9m um territ\u00f3rio de enorme riqueza e diversidade sociocultural e lingu\u00edstica, com uma ocupa\u00e7\u00e3o humana que remonta h\u00e1 pelo menos 3 mil anos.<\/p>\n\n              <\/div>\n            <\/div>\n          <\/div>\n        <\/section>\n\n\n        <section class=\"conteudo\">\n          <div class=\"container\">\n            <div class=\"row\">\n              <div class=\"col-md-12 conteudo content margin-center text-md-\">\n                \n<p>Neste vasto territ\u00f3rio, que faz fronteira com a Col\u00f4mbia e com a Venezuela, convivem <strong>23 povos ind\u00edgenas<\/strong>, pertencentes a tr\u00eas diferentes fam\u00edlias lingu\u00edsticas: <strong>Arawak<\/strong>, <strong>Tukano Oriental<\/strong> e <strong>Naduhup<\/strong>. Isso apenas em territ\u00f3rio brasileiro, j\u00e1 que, do lado colombiano e venezuelano, h\u00e1 ainda outros povos dessas fam\u00edlias lingu\u00edsticas.&nbsp;<\/p>\n\n              <\/div>\n            <\/div>\n          <\/div>\n        <\/section>\n\n\n        <section class=\"conteudo\">\n          <div class=\"container\">\n            <div class=\"row\">\n              <div class=\"col-md-12 conteudo content margin-center text-md-\">\n                \n<p>Em 2018, a bacia do Rio Negro foi reconhecida como a maior \u00e1rea \u00famida do planeta dentro da Conven\u00e7\u00e3o sobre Zonas \u00damidas de Import\u00e2ncia Internacional, que representa o primeiro dos Tratados globais sobre conserva\u00e7\u00e3o. Com o reconhecimento, a regi\u00e3o foi qualificada como S\u00edtio Ramsar Rio Negro.<\/p>\n\n              <\/div>\n            <\/div>\n          <\/div>\n        <\/section>\n\n\n\n<section id=\"block-carousel\"  class=' margin-top-medium margin-bottom-medium padding-top-none padding-bottom-none' style='background-color:rgba(255,255,255,0);'>\n  <div class=\"container\">\n        <\/div>\n    <div class=\"container-fluid\">\n    <div class=\"row\">\n      <div class=\"col-md-12 px-0\">\n        <div data-items=\"2\" class=\"block-carousel owl-theme owl-carousel\">\n                          <div class=\"row\">\n                <div class=\"col-md-12 mb-4 mb-md-0\">\n                  <div class=\"block-carousel-item\">\n                                        <img decoding=\"async\" class=\"w-100\" src=\"https:\/\/memo.museudapessoa.org\/patrimonios-rio-negro\/wp-content\/uploads\/sites\/28\/2023\/12\/Embarcacao-se-deslocando-no-rio_Iauarete-2-1024x770.jpg\" alt=\"\" loading=\"lazy\">\n                                      <\/div>\n                <\/div>\n              <\/div>\n                          <div class=\"row\">\n                <div class=\"col-md-12 mb-4 mb-md-0\">\n                  <div class=\"block-carousel-item\">\n                                        <img decoding=\"async\" class=\"w-100\" src=\"https:\/\/memo.museudapessoa.org\/patrimonios-rio-negro\/wp-content\/uploads\/sites\/28\/2023\/12\/Vista-aerea-Rio-Negro-com-embarcacoes-1024x770.jpg\" alt=\"\" loading=\"lazy\">\n                                      <\/div>\n                <\/div>\n              <\/div>\n                          <div class=\"row\">\n                <div class=\"col-md-12 mb-4 mb-md-0\">\n                  <div class=\"block-carousel-item\">\n                                        <img decoding=\"async\" class=\"w-100\" src=\"https:\/\/memo.museudapessoa.org\/patrimonios-rio-negro\/wp-content\/uploads\/sites\/28\/2023\/12\/Pai-e-filho-pescando-no-rio-Negro-1024x675.jpg\" alt=\"\" loading=\"lazy\">\n                                      <\/div>\n                <\/div>\n              <\/div>\n                    <\/div>\n      <\/div>\n    <\/div>\n  <\/div>\n<\/section>\n\n\n\n\n\n        <section class=\"conteudo\">\n          <div class=\"container\">\n            <div class=\"row\">\n              <div class=\"col-md-12 conteudo content margin-center text-md-\">\n                \n<h2 id=\"territorios-e-comunidades\" class=\"wp-block-heading\"><strong><mark style=\"background-color:#fffbd8\" class=\"has-inline-color\">Territ\u00f3rios e comunidades<\/mark><\/strong><\/h2>\n\n              <\/div>\n            <\/div>\n          <\/div>\n        <\/section>\n\n\n        <section class=\"conteudo\">\n          <div class=\"container\">\n            <div class=\"row\">\n              <div class=\"col-md-12 conteudo content margin-center text-md-\">\n                \n<p>Na regi\u00e3o h\u00e1<strong> onze terras ind\u00edgenas demarcadas<\/strong>. S\u00e3o mais de <strong>800 comunidades<\/strong> <strong>ind\u00edgenas<\/strong> distribu\u00eddas ao longo de toda a extens\u00e3o do Negro e de seus afluentes e subafluentes, como os rios Uaup\u00e9s e I\u00e7ana.&nbsp;<\/p>\n\n              <\/div>\n            <\/div>\n          <\/div>\n        <\/section>\n\n\n        <section class=\"conteudo\">\n          <div class=\"container\">\n            <div class=\"row\">\n              <div class=\"col-md-12 conteudo content margin-center text-md-\">\n                \n<p>A maior parte dessas comunidades s\u00e3o multi\u00e9tnicas, e nelas convivem fam\u00edlias de diversos povos que tradicionalmente se relacionam por meio de casamentos e de outros interc\u00e2mbios materiais e cerimoniais.&nbsp;<\/p>\n\n              <\/div>\n            <\/div>\n          <\/div>\n        <\/section>\n\n\n<figure class=\"wp-block-table\"><table><thead><tr><th><\/th><th><strong>Fam\u00edlia Arawak<\/strong><\/th><th><strong>Fam\u00edlia Tukano Oriental<\/strong><\/th><th><strong>Fam\u00edlia Naduhup<\/strong><\/th><\/tr><\/thead><tbody><tr><td><strong>Regi\u00f5es predominantes<\/strong><\/td><td>Bacia do Rio I\u00e7ana e Alto e M\u00e9dio Rio Negro<\/td><td>Bacia do Rio Uaup\u00e9s e M\u00e9dio Rio Negro<\/td><td>Regi\u00f5es de interfl\u00favio na bacia do Rio Uaup\u00e9s e no M\u00e9dio Rio Negro<\/td><\/tr><tr><td><strong>Povos<\/strong><\/td><td>Baniwa<br>Kuripako<br>Bar\u00e9<br>Warekena<br>Tariano*<br><br><em>* Em tempos muito antigos se deslocaram para o rio Uaup\u00e9s, ocupando justamente a regi\u00e3o de Iauaret\u00ea, onde se localiza a Cachoeira das On\u00e7as<\/em><\/td><td>Tukano<br>Desana<br>Piratapuia (Waikhana)<br>Wanano (Kootiria)<br>Tuyuka<br>Arapasso<br>Kubeo<br>Mirititapuia<br>Bar\u00e1<br>Karapan\u00e3<br>Siriano<br>Yeb\u00e1 Mahs\u00e3<br>Barasana<br>Ide Mahs\u00e3**<br>Yuriti**<br>Tatuyo**<br>Eduria**<br><br><em>** Esses \u00faltimos habitam apenas o lado colombiano<\/em><\/td><td>Hupdah<br>Yuhupdeh<br>Nad\u00ebb<br>D\u00f4w<\/td><\/tr><\/tbody><\/table><\/figure>\n\n\n\n        <section class=\"conteudo\">\n          <div class=\"container\">\n            <div class=\"row\">\n              <div class=\"col-md-12 conteudo content margin-center text-md-\">\n                <div class=\"block-btn text-center \">\n<a class=\"btn \" href=\"https:\/\/maps.app.goo.gl\/gfieXSK8ePFBL36g7\" target=\"_blank\">Clique aqui para ver a localiza\u00e7\u00e3o dos territ\u00f3rios no mapa<\/a>\n<\/div>\n              <\/div>\n            <\/div>\n          <\/div>\n        <\/section>\n\n\n        <section class=\"conteudo\">\n          <div class=\"container\">\n            <div class=\"row\">\n              <div class=\"col-md-12 conteudo content margin-center text-md-\">\n                \n<h2 id=\"a-cultura-resiste\" class=\"wp-block-heading\"><strong><mark style=\"background-color:#fffbd8\" class=\"has-inline-color\">A cultura resiste<\/mark><\/strong><\/h2>\n\n              <\/div>\n            <\/div>\n          <\/div>\n        <\/section>\n\n\n        <section class=\"conteudo\">\n          <div class=\"container\">\n            <div class=\"row\">\n              <div class=\"col-md-12 conteudo content margin-center text-md-\">\n                \n<p>Apesar da opress\u00e3o, viol\u00eancia e transforma\u00e7\u00f5es dr\u00e1sticas vividas por esses povos ao longo da hist\u00f3ria colonial na regi\u00e3o, que remonta aos s\u00e9culos XVIII e XIX, as comunidades resistem e continuam a manter vivo aquilo que marca a identidade e d\u00e1 sentido \u00e0 exist\u00eancia individual e coletiva: o modo de vida atrelado ao rio, \u00e0 floresta e \u00e0s atividades como a pesca, ca\u00e7a e manejo das ro\u00e7as; as rela\u00e7\u00f5es e trocas inter\u00e9tnicas; as narrativas ancestrais, os benzimentos e o respeito com o territ\u00f3rio, os lugares sagrados e os seres viventes que nele habitam; a diversidade das l\u00ednguas e suas express\u00f5es.<\/p>\n\n              <\/div>\n            <\/div>\n          <\/div>\n        <\/section>\n\n\n        <section class=\"conteudo\">\n          <div class=\"container\">\n            <div class=\"row\">\n              <div class=\"col-md-12 conteudo content margin-center text-md-\">\n                \n<p>\u00c9 nesse rico contexto socioambiental que se situam as hist\u00f3rias de vida desta exposi\u00e7\u00e3o. S\u00e3o hist\u00f3rias de ind\u00edgenas de diversos povos, que foram registradas em duas regi\u00f5es diferentes do Rio Negro: o <strong>M\u00e9dio Rio Negro<\/strong>, onde foi feito o registro do <strong>Sistema Agr\u00edcola Tradicional<\/strong>, e <strong>Iauaret\u00ea<\/strong>, no alto Rio Negro, onde se localiza a <strong>Cachoeira das On\u00e7as<\/strong>.<\/p>\n\n              <\/div>\n            <\/div>\n          <\/div>\n        <\/section>\n\n\n        <section class=\"conteudo\">\n          <div class=\"container\">\n            <div class=\"row\">\n              <div class=\"col-md-12 conteudo content margin-center text-md-\">\n                \n<p class=\"has-text-align-center\">_____<\/p>\n\n              <\/div>\n            <\/div>\n          <\/div>\n        <\/section>\n\n\n        <section class=\"conteudo\">\n          <div class=\"container\">\n            <div class=\"row\">\n              <div class=\"col-md-12 conteudo content margin-center text-md-\">\n                \n<p><mark style=\"background-color:#ffffff\" class=\"has-inline-color\"><strong>Para saber mais sobre os povos ind\u00edgenas do Rio Negro, acesse a <a rel=\"noreferrer noopener\" href=\"https:\/\/pib.socioambiental.org\/pt\/Povo:Etnias_do_Rio_Negro\" target=\"_blank\">p\u00e1gina Povos Ind\u00edgenas no Brasil, do Instituto Socioambiental.<\/a><\/strong><\/mark><\/p>\n\n              <\/div>\n            <\/div>\n          <\/div>\n        <\/section>\n\n\n<div style=\"height:65px\" aria-hidden=\"true\" class=\"wp-block-spacer\"><\/div>\n\n\n\n        <section class=\"conteudo\">\n          <div class=\"container\">\n            <div class=\"row\">\n              <div class=\"col-md-12 conteudo content margin-center text-md-\">\n                \n<p><\/p>\n\n              <\/div>\n            <\/div>\n          <\/div>\n        <\/section>","protected":false},"excerpt":{"rendered":"<p>Localizado no noroeste do estado do Amazonas, o Rio Negro \u00e9 reconhecidamente uma das regi\u00f5es mais preservadas e biodiversas da Amaz\u00f4nia. \u00c9 tamb\u00e9m um territ\u00f3rio de enorme riqueza e diversidade sociocultural e lingu\u00edstica, com uma ocupa\u00e7\u00e3o humana que remonta h\u00e1&#8230;<\/p>\n","protected":false},"author":18,"featured_media":0,"parent":0,"menu_order":0,"comment_status":"closed","ping_status":"closed","template":"","meta":{"_acf_changed":false,"footnotes":""},"class_list":["post-19","page","type-page","status-publish","hentry"],"acf":[],"yoast_head":"<!-- This site is optimized with the Yoast SEO plugin v23.3 - https:\/\/yoast.com\/wordpress\/plugins\/seo\/ -->\n<title>Rio Negro - Patrim\u00f4nios do Rio Negro<\/title>\n<meta name=\"robots\" content=\"index, follow, max-snippet:-1, max-image-preview:large, max-video-preview:-1\" \/>\n<link rel=\"canonical\" href=\"https:\/\/memo.museudapessoa.org\/patrimonios-rio-negro\/rio-negro\/\" \/>\n<meta property=\"og:locale\" content=\"pt_BR\" \/>\n<meta property=\"og:type\" content=\"article\" \/>\n<meta property=\"og:title\" content=\"Rio Negro - Patrim\u00f4nios do Rio Negro\" \/>\n<meta property=\"og:description\" content=\"Localizado no noroeste do estado do Amazonas, o Rio Negro \u00e9 reconhecidamente uma das regi\u00f5es mais preservadas e biodiversas da Amaz\u00f4nia. \u00c9 tamb\u00e9m um territ\u00f3rio de enorme riqueza e diversidade sociocultural e lingu\u00edstica, com uma ocupa\u00e7\u00e3o humana que remonta h\u00e1...\" \/>\n<meta property=\"og:url\" content=\"https:\/\/memo.museudapessoa.org\/patrimonios-rio-negro\/rio-negro\/\" \/>\n<meta property=\"og:site_name\" content=\"Patrim\u00f4nios do Rio Negro\" \/>\n<meta property=\"article:modified_time\" content=\"2023-12-13T23:25:08+00:00\" \/>\n<meta name=\"twitter:card\" content=\"summary_large_image\" \/>\n<meta name=\"twitter:label1\" content=\"Est. tempo de leitura\" \/>\n\t<meta name=\"twitter:data1\" content=\"3 minutos\" \/>\n<script type=\"application\/ld+json\" class=\"yoast-schema-graph\">{\"@context\":\"https:\/\/schema.org\",\"@graph\":[{\"@type\":\"WebPage\",\"@id\":\"https:\/\/memo.museudapessoa.org\/patrimonios-rio-negro\/rio-negro\/\",\"url\":\"https:\/\/memo.museudapessoa.org\/patrimonios-rio-negro\/rio-negro\/\",\"name\":\"Rio Negro - Patrim\u00f4nios do Rio Negro\",\"isPartOf\":{\"@id\":\"https:\/\/memo.museudapessoa.org\/patrimonios-rio-negro\/#website\"},\"datePublished\":\"2023-12-06T17:48:36+00:00\",\"dateModified\":\"2023-12-13T23:25:08+00:00\",\"breadcrumb\":{\"@id\":\"https:\/\/memo.museudapessoa.org\/patrimonios-rio-negro\/rio-negro\/#breadcrumb\"},\"inLanguage\":\"pt-BR\",\"potentialAction\":[{\"@type\":\"ReadAction\",\"target\":[\"https:\/\/memo.museudapessoa.org\/patrimonios-rio-negro\/rio-negro\/\"]}]},{\"@type\":\"BreadcrumbList\",\"@id\":\"https:\/\/memo.museudapessoa.org\/patrimonios-rio-negro\/rio-negro\/#breadcrumb\",\"itemListElement\":[{\"@type\":\"ListItem\",\"position\":1,\"name\":\"Home\",\"item\":\"https:\/\/memo.museudapessoa.org\/patrimonios-rio-negro\/\"},{\"@type\":\"ListItem\",\"position\":2,\"name\":\"Rio Negro\"}]},{\"@type\":\"WebSite\",\"@id\":\"https:\/\/memo.museudapessoa.org\/patrimonios-rio-negro\/#website\",\"url\":\"https:\/\/memo.museudapessoa.org\/patrimonios-rio-negro\/\",\"name\":\"Patrim\u00f4nios do Rio Negro\",\"description\":\"\",\"potentialAction\":[{\"@type\":\"SearchAction\",\"target\":{\"@type\":\"EntryPoint\",\"urlTemplate\":\"https:\/\/memo.museudapessoa.org\/patrimonios-rio-negro\/?s={search_term_string}\"},\"query-input\":\"required name=search_term_string\"}],\"inLanguage\":\"pt-BR\"}]}<\/script>\n<!-- \/ Yoast SEO plugin. -->","yoast_head_json":{"title":"Rio Negro - Patrim\u00f4nios do Rio Negro","robots":{"index":"index","follow":"follow","max-snippet":"max-snippet:-1","max-image-preview":"max-image-preview:large","max-video-preview":"max-video-preview:-1"},"canonical":"https:\/\/memo.museudapessoa.org\/patrimonios-rio-negro\/rio-negro\/","og_locale":"pt_BR","og_type":"article","og_title":"Rio Negro - Patrim\u00f4nios do Rio Negro","og_description":"Localizado no noroeste do estado do Amazonas, o Rio Negro \u00e9 reconhecidamente uma das regi\u00f5es mais preservadas e biodiversas da Amaz\u00f4nia. \u00c9 tamb\u00e9m um territ\u00f3rio de enorme riqueza e diversidade sociocultural e lingu\u00edstica, com uma ocupa\u00e7\u00e3o humana que remonta h\u00e1...","og_url":"https:\/\/memo.museudapessoa.org\/patrimonios-rio-negro\/rio-negro\/","og_site_name":"Patrim\u00f4nios do Rio Negro","article_modified_time":"2023-12-13T23:25:08+00:00","twitter_card":"summary_large_image","twitter_misc":{"Est. tempo de leitura":"3 minutos"},"schema":{"@context":"https:\/\/schema.org","@graph":[{"@type":"WebPage","@id":"https:\/\/memo.museudapessoa.org\/patrimonios-rio-negro\/rio-negro\/","url":"https:\/\/memo.museudapessoa.org\/patrimonios-rio-negro\/rio-negro\/","name":"Rio Negro - Patrim\u00f4nios do Rio Negro","isPartOf":{"@id":"https:\/\/memo.museudapessoa.org\/patrimonios-rio-negro\/#website"},"datePublished":"2023-12-06T17:48:36+00:00","dateModified":"2023-12-13T23:25:08+00:00","breadcrumb":{"@id":"https:\/\/memo.museudapessoa.org\/patrimonios-rio-negro\/rio-negro\/#breadcrumb"},"inLanguage":"pt-BR","potentialAction":[{"@type":"ReadAction","target":["https:\/\/memo.museudapessoa.org\/patrimonios-rio-negro\/rio-negro\/"]}]},{"@type":"BreadcrumbList","@id":"https:\/\/memo.museudapessoa.org\/patrimonios-rio-negro\/rio-negro\/#breadcrumb","itemListElement":[{"@type":"ListItem","position":1,"name":"Home","item":"https:\/\/memo.museudapessoa.org\/patrimonios-rio-negro\/"},{"@type":"ListItem","position":2,"name":"Rio Negro"}]},{"@type":"WebSite","@id":"https:\/\/memo.museudapessoa.org\/patrimonios-rio-negro\/#website","url":"https:\/\/memo.museudapessoa.org\/patrimonios-rio-negro\/","name":"Patrim\u00f4nios do Rio Negro","description":"","potentialAction":[{"@type":"SearchAction","target":{"@type":"EntryPoint","urlTemplate":"https:\/\/memo.museudapessoa.org\/patrimonios-rio-negro\/?s={search_term_string}"},"query-input":"required name=search_term_string"}],"inLanguage":"pt-BR"}]}},"_links":{"self":[{"href":"https:\/\/memo.museudapessoa.org\/patrimonios-rio-negro\/wp-json\/wp\/v2\/pages\/19"}],"collection":[{"href":"https:\/\/memo.museudapessoa.org\/patrimonios-rio-negro\/wp-json\/wp\/v2\/pages"}],"about":[{"href":"https:\/\/memo.museudapessoa.org\/patrimonios-rio-negro\/wp-json\/wp\/v2\/types\/page"}],"author":[{"embeddable":true,"href":"https:\/\/memo.museudapessoa.org\/patrimonios-rio-negro\/wp-json\/wp\/v2\/users\/18"}],"replies":[{"embeddable":true,"href":"https:\/\/memo.museudapessoa.org\/patrimonios-rio-negro\/wp-json\/wp\/v2\/comments?post=19"}],"version-history":[{"count":182,"href":"https:\/\/memo.museudapessoa.org\/patrimonios-rio-negro\/wp-json\/wp\/v2\/pages\/19\/revisions"}],"predecessor-version":[{"id":1806,"href":"https:\/\/memo.museudapessoa.org\/patrimonios-rio-negro\/wp-json\/wp\/v2\/pages\/19\/revisions\/1806"}],"wp:attachment":[{"href":"https:\/\/memo.museudapessoa.org\/patrimonios-rio-negro\/wp-json\/wp\/v2\/media?parent=19"}],"curies":[{"name":"wp","href":"https:\/\/api.w.org\/{rel}","templated":true}]}}