{"id":71,"date":"2023-12-06T15:04:47","date_gmt":"2023-12-06T18:04:47","guid":{"rendered":"https:\/\/memo.museudapessoa.org\/patrimonios-rio-negro\/?page_id=71"},"modified":"2023-12-13T11:03:23","modified_gmt":"2023-12-13T14:03:23","slug":"projeto","status":"publish","type":"page","link":"https:\/\/memo.museudapessoa.org\/patrimonios-rio-negro\/projeto\/","title":{"rendered":"Projeto"},"content":{"rendered":"\n\n<div id=\"destaque-topo\" class='carousel block-header-highlight wow fadeIn  block_b46ee1f97059a6cb18bf69cda8b64425 no-nav  margin-top-none margin-bottom-medium padding-top-none padding-bottom-none' style='background-color:rgba(255,255,255,0);' data-wow-delay=\"0.5s\" >\n<style>\n    .block_b46ee1f97059a6cb18bf69cda8b64425 h2,  .block_b46ee1f97059a6cb18bf69cda8b64425 h4, .block_b46ee1f97059a6cb18bf69cda8b64425 a, .block_b46ee1f97059a6cb18bf69cda8b64425 a h2, .block_b46ee1f97059a6cb18bf69cda8b64425 a p, .block_b46ee1f97059a6cb18bf69cda8b64425 p{\n      color: #FFF !important;\n  }\n    .block_b46ee1f97059a6cb18bf69cda8b64425 .carousel-nav__link.active:after{\n    background-color: #FFF !important;\n  }\n  .block_b46ee1f97059a6cb18bf69cda8b64425 .carousel-item__content .arrow svg rect{\n    fill: #FFF !important;\n  }\n<\/style>\n    <div class=\"carousel-item h-100 py-md-5 item-1  active\"\n  role=\"tabpanel\" aria-hidden=\"false\" tabindex=\"0\"\n  >\n      <div class=\"carousel-item__overlay\"\n                \n          style=\"background-color:rgba(0,0,0,0.45);\"\n                    ><\/div>\n                          <div class=\"parallaxParent carousel-item__image\" >\n                  <div class=\"carousel-item__image-element\" \n                style=\"background-image: url(https:\/\/memo.museudapessoa.org\/patrimonios-rio-negro\/wp-content\/uploads\/sites\/28\/2023\/12\/rio-negro-1.png);\n                background-position: % %;\" >\n                  <\/div> \n              <\/div>\n                              <div class=\"container h-100\">\n        <div class=\"row h-100\">\n          <div class=\"col-md-8 offset-md-2 text-center d-flex justify-content-center col-md-8 align-self-center\">\n            <div class=\"carousel-item__content\">\n                                                                      <h2 class='my-3 big'>Projeto<\/h2>\n                                              <\/div>\n          <\/div>\n        <\/div>\n      <\/div>  \n    <\/div>\n          <\/div>\n\n\n\n        <section class=\"conteudo\">\n          <div class=\"container\">\n            <div class=\"row\">\n              <div class=\"col-md-12 conteudo content margin-center text-md-\">\n                \n<h4 class=\"wp-block-heading\"><strong>Patrim\u00f4nios do Rio Negro<\/strong> integra o projeto &#8220;Mem\u00f3ria, Territ\u00f3rios e Patrim\u00f4nios Imateriais&#8221;. <\/h4>\n\n              <\/div>\n            <\/div>\n          <\/div>\n        <\/section>\n\n\n        <section class=\"conteudo\">\n          <div class=\"container\">\n            <div class=\"row\">\n              <div class=\"col-md-12 conteudo content margin-center text-md-\">\n                \n<p>A proposta da iniciativa nasceu em 2021 com o objetivo de registrar, valorizar e disseminar mem\u00f3rias de pessoas detentoras de patrim\u00f4nios culturais imateriais reconhecidos, especialmente em territ\u00f3rios ind\u00edgenas e comunidades tradicionais das regi\u00f5es norte, nordeste e centro-oeste do pa\u00eds. <\/p>\n\n              <\/div>\n            <\/div>\n          <\/div>\n        <\/section>\n\n\n        <section class=\"conteudo\">\n          <div class=\"container\">\n            <div class=\"row\">\n              <div class=\"col-md-12 conteudo content margin-center text-md-\">\n                \n<p>\u25b6 Confira a seguir como foram as a\u00e7\u00f5es de mobiliza\u00e7\u00e3o!<\/p>\n\n              <\/div>\n            <\/div>\n          <\/div>\n        <\/section>\n\n\n        <section class=\"conteudo\">\n          <div class=\"container\">\n            <div class=\"row\">\n              <div class=\"col-md-12 conteudo content margin-center text-md-\">\n                \n<p><\/p>\n\n              <\/div>\n            <\/div>\n          <\/div>\n        <\/section>\n\n\n\n<section id=\"block-carousel\"  class=' margin-top-small margin-bottom-medium padding-top-small padding-bottom-small' style='background-color:rgba(255,255,255,0);'>\n  <div class=\"container\">\n        <\/div>\n    <div class=\"container-fluid\">\n    <div class=\"row\">\n      <div class=\"col-md-12 px-0\">\n        <div data-items=\"2\" class=\"block-carousel owl-theme owl-carousel\">\n                          <div class=\"row\">\n                <div class=\"col-md-12 mb-4 mb-md-0\">\n                  <div class=\"block-carousel-item\">\n                                        <img decoding=\"async\" class=\"w-100\" src=\"https:\/\/memo.museudapessoa.org\/patrimonios-rio-negro\/wp-content\/uploads\/sites\/28\/2023\/12\/Momento-da-formacao_Etapa-1_Medio-Rio-Negro_comunidade-Piracema-1024x768.jpg\" alt=\" Momento da forma\u00e7\u00e3o na comunidade Piracema\" loading=\"lazy\">\n                                        <div class=\"block-carousel-item__description\">\n                         Momento da forma\u00e7\u00e3o na comunidade Piracema                    <\/div>\n                                                          <\/div>\n                <\/div>\n              <\/div>\n                          <div class=\"row\">\n                <div class=\"col-md-12 mb-4 mb-md-0\">\n                  <div class=\"block-carousel-item\">\n                                        <img decoding=\"async\" class=\"w-100\" src=\"https:\/\/memo.museudapessoa.org\/patrimonios-rio-negro\/wp-content\/uploads\/sites\/28\/2023\/12\/Participantes-do-projeto-e-formadores-do-Museu_Medio-Rio-Negro_Etapa-1-1024x768.jpg\" alt=\"Participantes do projeto e formadores do Museu da Pessoa\" loading=\"lazy\">\n                                        <div class=\"block-carousel-item__description\">\n                        Participantes do projeto e formadores do Museu da Pessoa                    <\/div>\n                                                          <\/div>\n                <\/div>\n              <\/div>\n                          <div class=\"row\">\n                <div class=\"col-md-12 mb-4 mb-md-0\">\n                  <div class=\"block-carousel-item\">\n                                        <img decoding=\"async\" class=\"w-100\" src=\"https:\/\/memo.museudapessoa.org\/patrimonios-rio-negro\/wp-content\/uploads\/sites\/28\/2023\/12\/Sr.-Arlindo-e-o-formando-Lucas-com-certificado-e-folheto-de-poesias_Evento-de-culminancia_Etapa-3_Iauarete-scaled-e1702476017910-1024x980.jpg\" alt=\"Sr. Arlindo e o formando Lucas com certificado e folheto de poesias\" loading=\"lazy\">\n                                        <div class=\"block-carousel-item__description\">\n                        Sr. Arlindo e o formando Lucas com certificado e folheto de poesias                    <\/div>\n                                                          <\/div>\n                <\/div>\n              <\/div>\n                          <div class=\"row\">\n                <div class=\"col-md-12 mb-4 mb-md-0\">\n                  <div class=\"block-carousel-item\">\n                                        <img decoding=\"async\" class=\"w-100\" src=\"https:\/\/memo.museudapessoa.org\/patrimonios-rio-negro\/wp-content\/uploads\/sites\/28\/2023\/12\/Sr.-Amadeu-e-dona-Ivania-vendo-as-placas-em-sua-homenagem-expostas-durante-evento-de-culminancia_Medio-Rio-Negro-1024x682.jpg\" alt=\"Sr. Amadeu e dona Ivania vendo as placas em sua homenagem\" loading=\"lazy\">\n                                        <div class=\"block-carousel-item__description\">\n                        Sr. Amadeu e dona Ivania vendo as placas em sua homenagem                    <\/div>\n                                                          <\/div>\n                <\/div>\n              <\/div>\n                    <\/div>\n      <\/div>\n    <\/div>\n  <\/div>\n<\/section>\n\n\n\n\n\n<section id=\"block-text-multimidia\" class='block-text-multimidia block_e6fe9d83f48d571d69071ec8a6a1384e margin-top-none margin-bottom-medium padding-top-none padding-bottom-none' style='background-color:rgba(255,255,255,0);'>\n<style>\n  .block_e6fe9d83f48d571d69071ec8a6a1384e, .block_e6fe9d83f48d571d69071ec8a6a1384e h2, .block_e6fe9d83f48d571d69071ec8a6a1384e h3{\n    color:#000000  }\n<\/style>\n<div class=\"block-text-multimidia__gallery half   content-right\" style=\"opacity:1;\">\n              <\/div>\n  <div class=\"container\">\n    <div class=\"row\">\n      <div class=\"col-md-6 block-text-multimidia__content  ps-md-5 offset-md-6 py-4 py-md-5 half-content\">\n              <\/div>\n    <\/div>\n  <\/div>\n<\/section>\n\n\n\n\n<section id=\"block-text-multimidia\" class='block-text-multimidia block_1ed4d051e023c58198ac64147c19db99 margin-top-none margin-bottom-none padding-top-none padding-bottom-none' style='background-color:rgba(255,255,255,0);'>\n<style>\n  .block_1ed4d051e023c58198ac64147c19db99, .block_1ed4d051e023c58198ac64147c19db99 h2, .block_1ed4d051e023c58198ac64147c19db99 h3{\n    color:#000000  }\n<\/style>\n<div class=\"block-text-multimidia__gallery half   content-left\" style=\"opacity:1;\">\n              <\/div>\n  <div class=\"container\">\n    <div class=\"row\">\n      <div class=\"col-md-6 block-text-multimidia__content left pe-md-5 py-4 py-md-5 half-content\">\n              <\/div>\n    <\/div>\n  <\/div>\n<\/section>\n\n\n\n\n\n<section id=\"\" class=' margin-top-none margin-bottom-medium padding-top-medium padding-bottom-medium' style='background-color:rgb(255,251,216);'>\n  <div class=\"container\">\n        <div class=\"row\">\n      <div class=\"col-md-12 mb-4\">\n        <h2>Depoimentos<\/h2>\n      <\/div>\n    <\/div>\n      <div class=\"row\">\n      <div class=\"col-md-8 offset-md-2\">\n        <div class=\"home-depoiments owl-theme owl-carousel\">\n                              <div class=\"row\">\n                                      <div class=\"col-md-5 mb-4 mb-md-0\">\n                        <img decoding=\"async\" class=\"w-100\" src=\"https:\/\/memo.museudapessoa.org\/patrimonios-rio-negro\/wp-content\/uploads\/sites\/28\/2023\/12\/Josiane-1024x878.png\" alt=\"Josiane Pereira, do povo Tariano\" loading=\"lazy\">\n                    <\/div>\n                                    <div class=\"col col align-self-center\">\n                    <div class=\"home-depoiments__depoiment\">\n                      <p>&#8220;Esse projeto est\u00e1 sendo muito bom para n\u00f3s jovens. Estamos tendo a oportunidade de conhecer as hist\u00f3rias da maioria dos conhecedores aqui de Iauaret\u00ea e ainda aprendemos a fazer v\u00eddeos.&#8221;<\/p>\n                      <p class=\"mb-0 bold\">Josiane Pereira, do povo Tariano<\/p>\n                                          <\/div>\n                  <\/div>\n              <\/div>\n                              <div class=\"row\">\n                                      <div class=\"col-md-5 mb-4 mb-md-0\">\n                        <img decoding=\"async\" class=\"w-100\" src=\"https:\/\/memo.museudapessoa.org\/patrimonios-rio-negro\/wp-content\/uploads\/sites\/28\/2023\/12\/Lucas-scaled-e1702475374594-1024x1021.jpg\" alt=\"Lucas Matos, do povo Tariano\" loading=\"lazy\">\n                    <\/div>\n                                    <div class=\"col col align-self-center\">\n                    <div class=\"home-depoiments__depoiment\">\n                      <p>&#8220;Foi muito valiosa a oportunidade que tivemos de ouvir a hist\u00f3ria dos conhecedores aqui de Iauaret\u00ea. Esse projeto trouxe abertura para v\u00e1rias coisas que a gente apenas sonhava.&#8221;<\/p>\n                      <p class=\"mb-0 bold\">Lucas Matos, do povo Tariano<\/p>\n                                          <\/div>\n                  <\/div>\n              <\/div>\n                              <div class=\"row\">\n                                      <div class=\"col-md-5 mb-4 mb-md-0\">\n                        <img decoding=\"async\" class=\"w-100\" src=\"https:\/\/memo.museudapessoa.org\/patrimonios-rio-negro\/wp-content\/uploads\/sites\/28\/2023\/12\/Juscelino-1024x1024.jpg\" alt=\"Juscelino Greg\u00f3rio, do povo Baniwa\" loading=\"lazy\">\n                    <\/div>\n                                    <div class=\"col col align-self-center\">\n                    <div class=\"home-depoiments__depoiment\">\n                      <p>&#8220;Posso dizer que esse projeto com o Museu mudou a minha hist\u00f3ria, fez eu ter uma vis\u00e3o mais profunda das coisas, da vida. Por isso, eu preciso e quero continuar com esse trabalho.&#8221;<\/p>\n                      <p class=\"mb-0 bold\">Juscelino Greg\u00f3rio, do povo Baniwa<\/p>\n                                          <\/div>\n                  <\/div>\n              <\/div>\n                              <div class=\"row\">\n                                      <div class=\"col-md-5 mb-4 mb-md-0\">\n                        <img decoding=\"async\" class=\"w-100\" src=\"https:\/\/memo.museudapessoa.org\/patrimonios-rio-negro\/wp-content\/uploads\/sites\/28\/2023\/12\/Shayra-1024x1024.jpg\" alt=\"Shayra Rodrigues, do povo Bar\u00e9\" loading=\"lazy\">\n                    <\/div>\n                                    <div class=\"col col align-self-center\">\n                    <div class=\"home-depoiments__depoiment\">\n                      <p>&#8220;Um projeto que vai nos ajudar a expandir, para que outras pessoas conhe\u00e7am nossa cultura, nossos costumes, nossas hist\u00f3rias, dos nossos pais, nossos ancestrais e pra mim isso \u00e9 muito gratificante, porque a gente \u00e9 reconhecido em outros lugares.&#8221;<\/p>\n                      <p class=\"mb-0 bold\">Shayra Rodrigues, do povo Bar\u00e9<\/p>\n                                          <\/div>\n                  <\/div>\n              <\/div>\n                      <\/div>\n        <!-- <div class=\"home-depoiments__nav owl-theme owl-carousel my-md-5 px-5\">\n                              <div class=\"px-md-3 home-depoiments__nav-item\">\n                  <h3 class=\"text-center title-small\">Shayra Rodrigues, do povo Bar\u00e9<\/h3>\n                <\/div>\n                      <\/div> -->\n      <\/div>\n    <\/div>\n  <\/div>\n<\/section>\n\n\n\n\n\n        <section class=\"conteudo\">\n          <div class=\"container\">\n            <div class=\"row\">\n              <div class=\"col-md-12 conteudo content margin-center text-md-\">\n                \n<h6 class=\"wp-block-heading has-text-align-center\"><mark style=\"background-color:#ffffff;color:#92999e\" class=\"has-inline-color\"><em>O projeto \u201cPatrim\u00f4nios do Rio Negro\u201d foi executado pelo Museu da Pessoa em parceria com a Federa\u00e7\u00e3o das Organiza\u00e7\u00f5es Ind\u00edgenas do Rio Negro (FOIRN) e por meio de um <em><em>Acordo de Coopera\u00e7\u00e3o T\u00e9cnica<\/em><\/em> (<em>ACT)<\/em><\/em> com <em>o Instituto do Patrim\u00f4nio Hist\u00f3rico e Art\u00edstco Nacional (Iphan). A iniciativa foi viabilizada pela Lei de Incentivo \u00e0 Cultura do Governo Federal, com patroc\u00ednio do Instituto Cultural Vale.<\/em><\/mark><\/h6>\n\n              <\/div>\n            <\/div>\n          <\/div>\n        <\/section>\n\n\n<figure class=\"wp-block-image size-large\"><img decoding=\"async\" width=\"1024\" height=\"161\" src=\"https:\/\/memo.museudapessoa.org\/patrimonios-rio-negro\/wp-content\/uploads\/sites\/28\/2023\/12\/Cartela-Vale-IPHAN-FOIRN-2023_hor_c-2-1024x161.png\" alt=\"\" class=\"wp-image-1704\" srcset=\"https:\/\/memo.museudapessoa.org\/patrimonios-rio-negro\/wp-content\/uploads\/sites\/28\/2023\/12\/Cartela-Vale-IPHAN-FOIRN-2023_hor_c-2-1024x161.png 1024w, https:\/\/memo.museudapessoa.org\/patrimonios-rio-negro\/wp-content\/uploads\/sites\/28\/2023\/12\/Cartela-Vale-IPHAN-FOIRN-2023_hor_c-2-300x47.png 300w, https:\/\/memo.museudapessoa.org\/patrimonios-rio-negro\/wp-content\/uploads\/sites\/28\/2023\/12\/Cartela-Vale-IPHAN-FOIRN-2023_hor_c-2-768x120.png 768w, https:\/\/memo.museudapessoa.org\/patrimonios-rio-negro\/wp-content\/uploads\/sites\/28\/2023\/12\/Cartela-Vale-IPHAN-FOIRN-2023_hor_c-2-1536x241.png 1536w, https:\/\/memo.museudapessoa.org\/patrimonios-rio-negro\/wp-content\/uploads\/sites\/28\/2023\/12\/Cartela-Vale-IPHAN-FOIRN-2023_hor_c-2.png 1920w\" sizes=\"(max-width: 1024px) 100vw, 1024px\" loading=\"lazy\" \/><\/figure>\n\n\n\n<div style=\"height:60px\" aria-hidden=\"true\" class=\"wp-block-spacer\"><\/div>\n","protected":false},"excerpt":{"rendered":"<p>Patrim\u00f4nios do Rio Negro integra o projeto &#8220;Mem\u00f3ria, Territ\u00f3rios e Patrim\u00f4nios Imateriais&#8221;. A proposta da iniciativa nasceu em 2021 com o objetivo de registrar, valorizar e disseminar mem\u00f3rias de pessoas detentoras de patrim\u00f4nios culturais imateriais reconhecidos, especialmente em territ\u00f3rios ind\u00edgenas&#8230;<\/p>\n","protected":false},"author":18,"featured_media":0,"parent":0,"menu_order":0,"comment_status":"closed","ping_status":"closed","template":"","meta":{"_acf_changed":false,"footnotes":""},"class_list":["post-71","page","type-page","status-publish","hentry"],"acf":[],"yoast_head":"<!-- This site is optimized with the Yoast SEO plugin v23.3 - https:\/\/yoast.com\/wordpress\/plugins\/seo\/ -->\n<title>Projeto - Patrim\u00f4nios do Rio Negro<\/title>\n<meta name=\"robots\" content=\"index, follow, max-snippet:-1, max-image-preview:large, max-video-preview:-1\" \/>\n<link rel=\"canonical\" href=\"https:\/\/memo.museudapessoa.org\/patrimonios-rio-negro\/projeto\/\" \/>\n<meta property=\"og:locale\" content=\"pt_BR\" \/>\n<meta property=\"og:type\" content=\"article\" \/>\n<meta property=\"og:title\" content=\"Projeto - Patrim\u00f4nios do Rio Negro\" \/>\n<meta property=\"og:description\" content=\"Patrim\u00f4nios do Rio Negro integra o projeto &#8220;Mem\u00f3ria, Territ\u00f3rios e Patrim\u00f4nios Imateriais&#8221;. A proposta da iniciativa nasceu em 2021 com o objetivo de registrar, valorizar e disseminar mem\u00f3rias de pessoas detentoras de patrim\u00f4nios culturais imateriais reconhecidos, especialmente em territ\u00f3rios ind\u00edgenas...\" \/>\n<meta property=\"og:url\" content=\"https:\/\/memo.museudapessoa.org\/patrimonios-rio-negro\/projeto\/\" \/>\n<meta property=\"og:site_name\" content=\"Patrim\u00f4nios do Rio Negro\" \/>\n<meta property=\"article:modified_time\" content=\"2023-12-13T14:03:23+00:00\" \/>\n<meta property=\"og:image\" content=\"https:\/\/memo.museudapessoa.org\/patrimonios-rio-negro\/wp-content\/uploads\/sites\/28\/2023\/12\/Cartela-Vale-IPHAN-FOIRN-2023_hor_c-2-1024x161.png\" \/>\n<meta name=\"twitter:card\" content=\"summary_large_image\" \/>\n<meta name=\"twitter:label1\" content=\"Est. tempo de leitura\" \/>\n\t<meta name=\"twitter:data1\" content=\"1 minuto\" \/>\n<script type=\"application\/ld+json\" class=\"yoast-schema-graph\">{\"@context\":\"https:\/\/schema.org\",\"@graph\":[{\"@type\":\"WebPage\",\"@id\":\"https:\/\/memo.museudapessoa.org\/patrimonios-rio-negro\/projeto\/\",\"url\":\"https:\/\/memo.museudapessoa.org\/patrimonios-rio-negro\/projeto\/\",\"name\":\"Projeto - Patrim\u00f4nios do Rio Negro\",\"isPartOf\":{\"@id\":\"https:\/\/memo.museudapessoa.org\/patrimonios-rio-negro\/#website\"},\"primaryImageOfPage\":{\"@id\":\"https:\/\/memo.museudapessoa.org\/patrimonios-rio-negro\/projeto\/#primaryimage\"},\"image\":{\"@id\":\"https:\/\/memo.museudapessoa.org\/patrimonios-rio-negro\/projeto\/#primaryimage\"},\"thumbnailUrl\":\"https:\/\/memo.museudapessoa.org\/patrimonios-rio-negro\/wp-content\/uploads\/sites\/28\/2023\/12\/Cartela-Vale-IPHAN-FOIRN-2023_hor_c-2-1024x161.png\",\"datePublished\":\"2023-12-06T18:04:47+00:00\",\"dateModified\":\"2023-12-13T14:03:23+00:00\",\"breadcrumb\":{\"@id\":\"https:\/\/memo.museudapessoa.org\/patrimonios-rio-negro\/projeto\/#breadcrumb\"},\"inLanguage\":\"pt-BR\",\"potentialAction\":[{\"@type\":\"ReadAction\",\"target\":[\"https:\/\/memo.museudapessoa.org\/patrimonios-rio-negro\/projeto\/\"]}]},{\"@type\":\"ImageObject\",\"inLanguage\":\"pt-BR\",\"@id\":\"https:\/\/memo.museudapessoa.org\/patrimonios-rio-negro\/projeto\/#primaryimage\",\"url\":\"https:\/\/memo.museudapessoa.org\/patrimonios-rio-negro\/wp-content\/uploads\/sites\/28\/2023\/12\/Cartela-Vale-IPHAN-FOIRN-2023_hor_c-2.png\",\"contentUrl\":\"https:\/\/memo.museudapessoa.org\/patrimonios-rio-negro\/wp-content\/uploads\/sites\/28\/2023\/12\/Cartela-Vale-IPHAN-FOIRN-2023_hor_c-2.png\",\"width\":1920,\"height\":301},{\"@type\":\"BreadcrumbList\",\"@id\":\"https:\/\/memo.museudapessoa.org\/patrimonios-rio-negro\/projeto\/#breadcrumb\",\"itemListElement\":[{\"@type\":\"ListItem\",\"position\":1,\"name\":\"Home\",\"item\":\"https:\/\/memo.museudapessoa.org\/patrimonios-rio-negro\/\"},{\"@type\":\"ListItem\",\"position\":2,\"name\":\"Projeto\"}]},{\"@type\":\"WebSite\",\"@id\":\"https:\/\/memo.museudapessoa.org\/patrimonios-rio-negro\/#website\",\"url\":\"https:\/\/memo.museudapessoa.org\/patrimonios-rio-negro\/\",\"name\":\"Patrim\u00f4nios do Rio Negro\",\"description\":\"\",\"potentialAction\":[{\"@type\":\"SearchAction\",\"target\":{\"@type\":\"EntryPoint\",\"urlTemplate\":\"https:\/\/memo.museudapessoa.org\/patrimonios-rio-negro\/?s={search_term_string}\"},\"query-input\":\"required name=search_term_string\"}],\"inLanguage\":\"pt-BR\"}]}<\/script>\n<!-- \/ Yoast SEO plugin. -->","yoast_head_json":{"title":"Projeto - Patrim\u00f4nios do Rio Negro","robots":{"index":"index","follow":"follow","max-snippet":"max-snippet:-1","max-image-preview":"max-image-preview:large","max-video-preview":"max-video-preview:-1"},"canonical":"https:\/\/memo.museudapessoa.org\/patrimonios-rio-negro\/projeto\/","og_locale":"pt_BR","og_type":"article","og_title":"Projeto - Patrim\u00f4nios do Rio Negro","og_description":"Patrim\u00f4nios do Rio Negro integra o projeto &#8220;Mem\u00f3ria, Territ\u00f3rios e Patrim\u00f4nios Imateriais&#8221;. A proposta da iniciativa nasceu em 2021 com o objetivo de registrar, valorizar e disseminar mem\u00f3rias de pessoas detentoras de patrim\u00f4nios culturais imateriais reconhecidos, especialmente em territ\u00f3rios ind\u00edgenas...","og_url":"https:\/\/memo.museudapessoa.org\/patrimonios-rio-negro\/projeto\/","og_site_name":"Patrim\u00f4nios do Rio Negro","article_modified_time":"2023-12-13T14:03:23+00:00","og_image":[{"url":"https:\/\/memo.museudapessoa.org\/patrimonios-rio-negro\/wp-content\/uploads\/sites\/28\/2023\/12\/Cartela-Vale-IPHAN-FOIRN-2023_hor_c-2-1024x161.png"}],"twitter_card":"summary_large_image","twitter_misc":{"Est. tempo de leitura":"1 minuto"},"schema":{"@context":"https:\/\/schema.org","@graph":[{"@type":"WebPage","@id":"https:\/\/memo.museudapessoa.org\/patrimonios-rio-negro\/projeto\/","url":"https:\/\/memo.museudapessoa.org\/patrimonios-rio-negro\/projeto\/","name":"Projeto - Patrim\u00f4nios do Rio Negro","isPartOf":{"@id":"https:\/\/memo.museudapessoa.org\/patrimonios-rio-negro\/#website"},"primaryImageOfPage":{"@id":"https:\/\/memo.museudapessoa.org\/patrimonios-rio-negro\/projeto\/#primaryimage"},"image":{"@id":"https:\/\/memo.museudapessoa.org\/patrimonios-rio-negro\/projeto\/#primaryimage"},"thumbnailUrl":"https:\/\/memo.museudapessoa.org\/patrimonios-rio-negro\/wp-content\/uploads\/sites\/28\/2023\/12\/Cartela-Vale-IPHAN-FOIRN-2023_hor_c-2-1024x161.png","datePublished":"2023-12-06T18:04:47+00:00","dateModified":"2023-12-13T14:03:23+00:00","breadcrumb":{"@id":"https:\/\/memo.museudapessoa.org\/patrimonios-rio-negro\/projeto\/#breadcrumb"},"inLanguage":"pt-BR","potentialAction":[{"@type":"ReadAction","target":["https:\/\/memo.museudapessoa.org\/patrimonios-rio-negro\/projeto\/"]}]},{"@type":"ImageObject","inLanguage":"pt-BR","@id":"https:\/\/memo.museudapessoa.org\/patrimonios-rio-negro\/projeto\/#primaryimage","url":"https:\/\/memo.museudapessoa.org\/patrimonios-rio-negro\/wp-content\/uploads\/sites\/28\/2023\/12\/Cartela-Vale-IPHAN-FOIRN-2023_hor_c-2.png","contentUrl":"https:\/\/memo.museudapessoa.org\/patrimonios-rio-negro\/wp-content\/uploads\/sites\/28\/2023\/12\/Cartela-Vale-IPHAN-FOIRN-2023_hor_c-2.png","width":1920,"height":301},{"@type":"BreadcrumbList","@id":"https:\/\/memo.museudapessoa.org\/patrimonios-rio-negro\/projeto\/#breadcrumb","itemListElement":[{"@type":"ListItem","position":1,"name":"Home","item":"https:\/\/memo.museudapessoa.org\/patrimonios-rio-negro\/"},{"@type":"ListItem","position":2,"name":"Projeto"}]},{"@type":"WebSite","@id":"https:\/\/memo.museudapessoa.org\/patrimonios-rio-negro\/#website","url":"https:\/\/memo.museudapessoa.org\/patrimonios-rio-negro\/","name":"Patrim\u00f4nios do Rio Negro","description":"","potentialAction":[{"@type":"SearchAction","target":{"@type":"EntryPoint","urlTemplate":"https:\/\/memo.museudapessoa.org\/patrimonios-rio-negro\/?s={search_term_string}"},"query-input":"required name=search_term_string"}],"inLanguage":"pt-BR"}]}},"_links":{"self":[{"href":"https:\/\/memo.museudapessoa.org\/patrimonios-rio-negro\/wp-json\/wp\/v2\/pages\/71"}],"collection":[{"href":"https:\/\/memo.museudapessoa.org\/patrimonios-rio-negro\/wp-json\/wp\/v2\/pages"}],"about":[{"href":"https:\/\/memo.museudapessoa.org\/patrimonios-rio-negro\/wp-json\/wp\/v2\/types\/page"}],"author":[{"embeddable":true,"href":"https:\/\/memo.museudapessoa.org\/patrimonios-rio-negro\/wp-json\/wp\/v2\/users\/18"}],"replies":[{"embeddable":true,"href":"https:\/\/memo.museudapessoa.org\/patrimonios-rio-negro\/wp-json\/wp\/v2\/comments?post=71"}],"version-history":[{"count":185,"href":"https:\/\/memo.museudapessoa.org\/patrimonios-rio-negro\/wp-json\/wp\/v2\/pages\/71\/revisions"}],"predecessor-version":[{"id":1741,"href":"https:\/\/memo.museudapessoa.org\/patrimonios-rio-negro\/wp-json\/wp\/v2\/pages\/71\/revisions\/1741"}],"wp:attachment":[{"href":"https:\/\/memo.museudapessoa.org\/patrimonios-rio-negro\/wp-json\/wp\/v2\/media?parent=71"}],"curies":[{"name":"wp","href":"https:\/\/api.w.org\/{rel}","templated":true}]}}