{"id":5,"date":"2024-10-21T17:06:20","date_gmt":"2024-10-21T20:06:20","guid":{"rendered":"https:\/\/memo.museudapessoa.org\/testesesc01\/sobre\/"},"modified":"2024-10-21T17:06:20","modified_gmt":"2024-10-21T20:06:20","slug":"sobre","status":"publish","type":"page","link":"https:\/\/memo.museudapessoa.org\/testesesc01\/sobre\/","title":{"rendered":"Sobre"},"content":{"rendered":"\n        <section class=\"conteudo\">\n          <div class=\"container\">\n            <div class=\"row\">\n              <div class=\"col-md-12 conteudo content margin- text-md-\">\n                \n<h2 id=\"conheca-mais-sobre-a-nossa-historia\" class=\"wp-block-heading\">Conhe\u00e7a mais sobre a nossa hist\u00f3ria<\/h2>\n\n              <\/div>\n            <\/div>\n          <\/div>\n        <\/section>\n\n\n        <section class=\"conteudo\">\n          <div class=\"container\">\n            <div class=\"row\">\n              <div class=\"col-md-12 conteudo content margin- text-md-\">\n                \n<p>Lorem ipsum dolor sit amet, consectetur adipisicing elit, sed do eiusmod tempor incididunt ut labore et dolore magna aliqua. Ut enim ad minim veniam, quis nostrud exercitation ullamco laboris nisi ut aliquip ex ea commodo consequat. Duis aute irure dolor in reprehenderit in voluptate velit esse cillum dolore eu fugiat nulla pariatur. Excepteur sint occaecat cupidatat non proident, sunt in culpa qui officia deserunt mollit anim id est laborum.<\/p>\n\n              <\/div>\n            <\/div>\n          <\/div>\n        <\/section>\n\n\n        <section class=\"conteudo\">\n          <div class=\"container\">\n            <div class=\"row\">\n              <div class=\"col-md-12 conteudo content margin- text-md-\">\n                \n<h2 id=\"equipe\" class=\"wp-block-heading\">Equipe<\/h2>\n\n              <\/div>\n            <\/div>\n          <\/div>\n        <\/section>\n\n\n        <section class=\"conteudo\">\n          <div class=\"container\">\n            <div class=\"row\">\n              <div class=\"col-md-12 conteudo content margin- text-md-\">\n                \n<div class=\"wp-block-columns is-layout-flex wp-container-core-columns-is-layout-1 wp-block-columns-is-layout-flex\">\n<div class=\"wp-block-column is-layout-flow wp-block-column-is-layout-flow\">\n        <section class=\"conteudo\">\n          <div class=\"container\">\n            <div class=\"row\">\n              <div class=\"col-md-12 conteudo content margin- text-md-\">\n                \n<p><strong>Supervis\u00e3o editorial<\/strong><\/p>\n\n              <\/div>\n            <\/div>\n          <\/div>\n        <\/section>\n\n\n        <section class=\"conteudo\">\n          <div class=\"container\">\n            <div class=\"row\">\n              <div class=\"col-md-12 conteudo content margin- text-md-\">\n                \n<p>Integrante<\/p>\n\n              <\/div>\n            <\/div>\n          <\/div>\n        <\/section>\n\n\n        <section class=\"conteudo\">\n          <div class=\"container\">\n            <div class=\"row\">\n              <div class=\"col-md-12 conteudo content margin- text-md-\">\n                \n<p><strong>Coordena\u00e7\u00e3o de projeto<\/strong><\/p>\n\n              <\/div>\n            <\/div>\n          <\/div>\n        <\/section>\n\n\n        <section class=\"conteudo\">\n          <div class=\"container\">\n            <div class=\"row\">\n              <div class=\"col-md-12 conteudo content margin- text-md-\">\n                \n<p>Integrante<\/p>\n\n              <\/div>\n            <\/div>\n          <\/div>\n        <\/section>\n\n\n        <section class=\"conteudo\">\n          <div class=\"container\">\n            <div class=\"row\">\n              <div class=\"col-md-12 conteudo content margin- text-md-\">\n                \n<p><strong>Curadoria<\/strong><\/p>\n\n              <\/div>\n            <\/div>\n          <\/div>\n        <\/section>\n\n\n        <section class=\"conteudo\">\n          <div class=\"container\">\n            <div class=\"row\">\n              <div class=\"col-md-12 conteudo content margin- text-md-\">\n                \n<p>Integrante<br>Integrante<\/p>\n\n              <\/div>\n            <\/div>\n          <\/div>\n        <\/section>\n\n\n        <section class=\"conteudo\">\n          <div class=\"container\">\n            <div class=\"row\">\n              <div class=\"col-md-12 conteudo content margin- text-md-\">\n                \n<p><strong>Capta\u00e7\u00e3o e edi\u00e7\u00e3o audiovisual<\/strong><\/p>\n\n              <\/div>\n            <\/div>\n          <\/div>\n        <\/section>\n\n\n        <section class=\"conteudo\">\n          <div class=\"container\">\n            <div class=\"row\">\n              <div class=\"col-md-12 conteudo content margin- text-md-\">\n                \n<p>Integrante<br>Integrante<\/p>\n\n              <\/div>\n            <\/div>\n          <\/div>\n        <\/section>\n\n\n        <section class=\"conteudo\">\n          <div class=\"container\">\n            <div class=\"row\">\n              <div class=\"col-md-12 conteudo content margin- text-md-\">\n                \n<p><strong>Desenvolvimento de tecnologia<\/strong><\/p>\n\n              <\/div>\n            <\/div>\n          <\/div>\n        <\/section>\n\n\n        <section class=\"conteudo\">\n          <div class=\"container\">\n            <div class=\"row\">\n              <div class=\"col-md-12 conteudo content margin- text-md-\">\n                \n<p>Integrante<br>Integrante<br>Integrante<\/p>\n\n              <\/div>\n            <\/div>\n          <\/div>\n        <\/section>\n\n\n        <section class=\"conteudo\">\n          <div class=\"container\">\n            <div class=\"row\">\n              <div class=\"col-md-12 conteudo content margin- text-md-\">\n                \n<p><strong>Organiza\u00e7\u00e3o do acervo<\/strong><\/p>\n\n              <\/div>\n            <\/div>\n          <\/div>\n        <\/section>\n\n\n        <section class=\"conteudo\">\n          <div class=\"container\">\n            <div class=\"row\">\n              <div class=\"col-md-12 conteudo content margin- text-md-\">\n                \n<p>Integrante <br>Integrante <\/p>\n\n              <\/div>\n            <\/div>\n          <\/div>\n        <\/section>\n\n\n        <section class=\"conteudo\">\n          <div class=\"container\">\n            <div class=\"row\">\n              <div class=\"col-md-12 conteudo content margin- text-md-\">\n                \n<p><strong>Produ\u00e7\u00e3o<\/strong><\/p>\n\n              <\/div>\n            <\/div>\n          <\/div>\n        <\/section>\n\n\n        <section class=\"conteudo\">\n          <div class=\"container\">\n            <div class=\"row\">\n              <div class=\"col-md-12 conteudo content margin- text-md-\">\n                \n<p>Integrante<br>Integrante<\/p>\n\n              <\/div>\n            <\/div>\n          <\/div>\n        <\/section><\/div>\n<\/div>\n\n              <\/div>\n            <\/div>\n          <\/div>\n        <\/section>","protected":false},"excerpt":{"rendered":"<p>Conhe\u00e7a mais sobre a nossa hist\u00f3ria Lorem ipsum dolor sit amet, consectetur adipisicing elit, sed do eiusmod tempor incididunt ut labore et dolore magna aliqua. Ut enim ad minim veniam, quis nostrud exercitation ullamco laboris nisi ut aliquip ex ea&#8230;<\/p>\n","protected":false},"author":0,"featured_media":0,"parent":0,"menu_order":0,"comment_status":"closed","ping_status":"closed","template":"","meta":{"_acf_changed":false,"footnotes":""},"class_list":["post-5","page","type-page","status-publish","hentry"],"acf":[],"yoast_head":"<!-- This site is optimized with the Yoast SEO plugin v23.3 - https:\/\/yoast.com\/wordpress\/plugins\/seo\/ -->\n<title>Sobre - Teste<\/title>\n<meta name=\"robots\" content=\"index, follow, max-snippet:-1, max-image-preview:large, max-video-preview:-1\" \/>\n<link rel=\"canonical\" href=\"https:\/\/memo.museudapessoa.org\/testesesc01\/sobre\/\" \/>\n<meta property=\"og:locale\" content=\"pt_BR\" \/>\n<meta property=\"og:type\" content=\"article\" \/>\n<meta property=\"og:title\" content=\"Sobre - Teste\" \/>\n<meta property=\"og:description\" content=\"Conhe\u00e7a mais sobre a nossa hist\u00f3ria Lorem ipsum dolor sit amet, consectetur adipisicing elit, sed do eiusmod tempor incididunt ut labore et dolore magna aliqua. Ut enim ad minim veniam, quis nostrud exercitation ullamco laboris nisi ut aliquip ex ea...\" \/>\n<meta property=\"og:url\" content=\"https:\/\/memo.museudapessoa.org\/testesesc01\/sobre\/\" \/>\n<meta property=\"og:site_name\" content=\"Teste\" \/>\n<meta name=\"twitter:card\" content=\"summary_large_image\" \/>\n<meta name=\"twitter:label1\" content=\"Est. tempo de leitura\" \/>\n\t<meta name=\"twitter:data1\" content=\"1 minuto\" \/>\n<script type=\"application\/ld+json\" class=\"yoast-schema-graph\">{\"@context\":\"https:\/\/schema.org\",\"@graph\":[{\"@type\":\"WebPage\",\"@id\":\"https:\/\/memo.museudapessoa.org\/testesesc01\/sobre\/\",\"url\":\"https:\/\/memo.museudapessoa.org\/testesesc01\/sobre\/\",\"name\":\"Sobre - Teste\",\"isPartOf\":{\"@id\":\"https:\/\/memo.museudapessoa.org\/testesesc01\/#website\"},\"datePublished\":\"2024-10-21T20:06:20+00:00\",\"dateModified\":\"2024-10-21T20:06:20+00:00\",\"breadcrumb\":{\"@id\":\"https:\/\/memo.museudapessoa.org\/testesesc01\/sobre\/#breadcrumb\"},\"inLanguage\":\"pt-BR\",\"potentialAction\":[{\"@type\":\"ReadAction\",\"target\":[\"https:\/\/memo.museudapessoa.org\/testesesc01\/sobre\/\"]}]},{\"@type\":\"BreadcrumbList\",\"@id\":\"https:\/\/memo.museudapessoa.org\/testesesc01\/sobre\/#breadcrumb\",\"itemListElement\":[{\"@type\":\"ListItem\",\"position\":1,\"name\":\"In\u00edcio\",\"item\":\"https:\/\/memo.museudapessoa.org\/testesesc01\/\"},{\"@type\":\"ListItem\",\"position\":2,\"name\":\"Sobre\"}]},{\"@type\":\"WebSite\",\"@id\":\"https:\/\/memo.museudapessoa.org\/testesesc01\/#website\",\"url\":\"https:\/\/memo.museudapessoa.org\/testesesc01\/\",\"name\":\"Teste\",\"description\":\"\",\"potentialAction\":[{\"@type\":\"SearchAction\",\"target\":{\"@type\":\"EntryPoint\",\"urlTemplate\":\"https:\/\/memo.museudapessoa.org\/testesesc01\/?s={search_term_string}\"},\"query-input\":\"required name=search_term_string\"}],\"inLanguage\":\"pt-BR\"}]}<\/script>\n<!-- \/ Yoast SEO plugin. -->","yoast_head_json":{"title":"Sobre - Teste","robots":{"index":"index","follow":"follow","max-snippet":"max-snippet:-1","max-image-preview":"max-image-preview:large","max-video-preview":"max-video-preview:-1"},"canonical":"https:\/\/memo.museudapessoa.org\/testesesc01\/sobre\/","og_locale":"pt_BR","og_type":"article","og_title":"Sobre - Teste","og_description":"Conhe\u00e7a mais sobre a nossa hist\u00f3ria Lorem ipsum dolor sit amet, consectetur adipisicing elit, sed do eiusmod tempor incididunt ut labore et dolore magna aliqua. Ut enim ad minim veniam, quis nostrud exercitation ullamco laboris nisi ut aliquip ex ea...","og_url":"https:\/\/memo.museudapessoa.org\/testesesc01\/sobre\/","og_site_name":"Teste","twitter_card":"summary_large_image","twitter_misc":{"Est. tempo de leitura":"1 minuto"},"schema":{"@context":"https:\/\/schema.org","@graph":[{"@type":"WebPage","@id":"https:\/\/memo.museudapessoa.org\/testesesc01\/sobre\/","url":"https:\/\/memo.museudapessoa.org\/testesesc01\/sobre\/","name":"Sobre - Teste","isPartOf":{"@id":"https:\/\/memo.museudapessoa.org\/testesesc01\/#website"},"datePublished":"2024-10-21T20:06:20+00:00","dateModified":"2024-10-21T20:06:20+00:00","breadcrumb":{"@id":"https:\/\/memo.museudapessoa.org\/testesesc01\/sobre\/#breadcrumb"},"inLanguage":"pt-BR","potentialAction":[{"@type":"ReadAction","target":["https:\/\/memo.museudapessoa.org\/testesesc01\/sobre\/"]}]},{"@type":"BreadcrumbList","@id":"https:\/\/memo.museudapessoa.org\/testesesc01\/sobre\/#breadcrumb","itemListElement":[{"@type":"ListItem","position":1,"name":"In\u00edcio","item":"https:\/\/memo.museudapessoa.org\/testesesc01\/"},{"@type":"ListItem","position":2,"name":"Sobre"}]},{"@type":"WebSite","@id":"https:\/\/memo.museudapessoa.org\/testesesc01\/#website","url":"https:\/\/memo.museudapessoa.org\/testesesc01\/","name":"Teste","description":"","potentialAction":[{"@type":"SearchAction","target":{"@type":"EntryPoint","urlTemplate":"https:\/\/memo.museudapessoa.org\/testesesc01\/?s={search_term_string}"},"query-input":"required name=search_term_string"}],"inLanguage":"pt-BR"}]}},"_links":{"self":[{"href":"https:\/\/memo.museudapessoa.org\/testesesc01\/wp-json\/wp\/v2\/pages\/5"}],"collection":[{"href":"https:\/\/memo.museudapessoa.org\/testesesc01\/wp-json\/wp\/v2\/pages"}],"about":[{"href":"https:\/\/memo.museudapessoa.org\/testesesc01\/wp-json\/wp\/v2\/types\/page"}],"replies":[{"embeddable":true,"href":"https:\/\/memo.museudapessoa.org\/testesesc01\/wp-json\/wp\/v2\/comments?post=5"}],"version-history":[{"count":1,"href":"https:\/\/memo.museudapessoa.org\/testesesc01\/wp-json\/wp\/v2\/pages\/5\/revisions"}],"predecessor-version":[{"id":6,"href":"https:\/\/memo.museudapessoa.org\/testesesc01\/wp-json\/wp\/v2\/pages\/5\/revisions\/6"}],"wp:attachment":[{"href":"https:\/\/memo.museudapessoa.org\/testesesc01\/wp-json\/wp\/v2\/media?parent=5"}],"curies":[{"name":"wp","href":"https:\/\/api.w.org\/{rel}","templated":true}]}}