{"id":60,"date":"2023-10-30T18:59:36","date_gmt":"2023-10-30T21:59:36","guid":{"rendered":"https:\/\/memo.museudapessoa.org\/vidas-em-custura\/?page_id=60"},"modified":"2023-12-13T14:30:10","modified_gmt":"2023-12-13T17:30:10","slug":"educativo","status":"publish","type":"page","link":"https:\/\/memo.museudapessoa.org\/vidas-em-costura\/educativo\/","title":{"rendered":"Educativo"},"content":{"rendered":"\n\n<div id=\"destaque-topo\" class='carousel block-header-highlight wow fadeIn  block_62933cce7186ccb923e68666f0a59b01 no-nav  margin-top-none margin-bottom-medium padding-top-none padding-bottom-none' style='background-color:rgba(255,255,255,0);' data-wow-delay=\"1.5s\" >\n<style>\n    .block_62933cce7186ccb923e68666f0a59b01 h2,  .block_62933cce7186ccb923e68666f0a59b01 h4, .block_62933cce7186ccb923e68666f0a59b01 a, .block_62933cce7186ccb923e68666f0a59b01 a h2, .block_62933cce7186ccb923e68666f0a59b01 a p, .block_62933cce7186ccb923e68666f0a59b01 p{\n      color: #FFF !important;\n  }\n    .block_62933cce7186ccb923e68666f0a59b01 .carousel-nav__link.active:after{\n    background-color: #FFF !important;\n  }\n  .block_62933cce7186ccb923e68666f0a59b01 .carousel-item__content .arrow svg rect{\n    fill: #FFF !important;\n  }\n<\/style>\n    <div class=\"carousel-item h-100 py-md-5 item-1  active\"\n  role=\"tabpanel\" aria-hidden=\"false\" tabindex=\"0\"\n  >\n      <div class=\"carousel-item__overlay\"\n                \n          style=\"background-color:rgba(0,0,0,0);\"\n                    ><\/div>\n                          <div class=\"parallaxParent carousel-item__image\" >\n                  <div class=\"carousel-item__image-element\" \n                style=\"background-image: url(https:\/\/memo.museudapessoa.org\/vidas-em-costura\/wp-content\/uploads\/sites\/27\/2023\/11\/40d87c6c4d96d7c9ebc9106d4f92da86-scaled-e1700685586247.jpg);\n                background-position: % %;\" >\n                  <\/div> \n              <\/div>\n                              <div class=\"container h-100\">\n        <div class=\"row h-100\">\n          <div class=\"col-md-8 col-md-8 align-self-center\">\n            <div class=\"carousel-item__content\">\n                                                                              <\/div>\n          <\/div>\n        <\/div>\n      <\/div>  \n    <\/div>\n          <\/div>\n\n\n\n        <section class=\"conteudo\">\n          <div class=\"container\">\n            <div class=\"row\">\n              <div class=\"col-md-12 conteudo content margin-center text-md-left\">\n                \n<h2 id=\"roteiro-educativo\" class=\"wp-block-heading\">Roteiro Educativo<\/h2>\n\n              <\/div>\n            <\/div>\n          <\/div>\n        <\/section>\n\n\n        <section class=\"conteudo\">\n          <div class=\"container\">\n            <div class=\"row\">\n              <div class=\"col-md-12 conteudo content margin-center text-md-left\">\n                \n<div class=\"wp-block-columns is-layout-flex wp-container-core-columns-is-layout-1 wp-block-columns-is-layout-flex\">\n<div class=\"wp-block-column is-layout-flow wp-block-column-is-layout-flow\">\n<figure class=\"wp-block-image size-large is-resized\"><img decoding=\"async\" src=\"https:\/\/memo.museudapessoa.org\/vidas-em-costura\/wp-content\/uploads\/sites\/27\/2023\/11\/VEC_EDUCATIVO-1_pages-to-jpg-0001-725x1024.jpg\" alt=\"\" class=\"wp-image-1420\" width=\"431\" height=\"608\" srcset=\"https:\/\/memo.museudapessoa.org\/vidas-em-costura\/wp-content\/uploads\/sites\/27\/2023\/11\/VEC_EDUCATIVO-1_pages-to-jpg-0001-725x1024.jpg 725w, https:\/\/memo.museudapessoa.org\/vidas-em-costura\/wp-content\/uploads\/sites\/27\/2023\/11\/VEC_EDUCATIVO-1_pages-to-jpg-0001-212x300.jpg 212w, https:\/\/memo.museudapessoa.org\/vidas-em-costura\/wp-content\/uploads\/sites\/27\/2023\/11\/VEC_EDUCATIVO-1_pages-to-jpg-0001-768x1085.jpg 768w, https:\/\/memo.museudapessoa.org\/vidas-em-costura\/wp-content\/uploads\/sites\/27\/2023\/11\/VEC_EDUCATIVO-1_pages-to-jpg-0001-1087x1536.jpg 1087w, https:\/\/memo.museudapessoa.org\/vidas-em-costura\/wp-content\/uploads\/sites\/27\/2023\/11\/VEC_EDUCATIVO-1_pages-to-jpg-0001.jpg 1241w\" sizes=\"(max-width: 431px) 100vw, 431px\" loading=\"lazy\" \/><\/figure>\n\n\n\n        <section class=\"conteudo\">\n          <div class=\"container\">\n            <div class=\"row\">\n              <div class=\"col-md-12 conteudo content margin-center text-md-left\">\n                <div class=\"block-btn text-center \">\n<a class=\"btn \" href=\"https:\/\/memo.museudapessoa.org\/vidas-em-costura\/wp-content\/uploads\/sites\/27\/2023\/12\/vec-roteiro-educativo.pdf\" target=\"_blank\">Roteiro Educativo Vidas em Costura<\/a>\n<\/div>\n              <\/div>\n            <\/div>\n          <\/div>\n        <\/section><\/div>\n\n\n\n<div class=\"wp-block-column is-layout-flow wp-block-column-is-layout-flow\">\n        <section class=\"conteudo\">\n          <div class=\"container\">\n            <div class=\"row\">\n              <div class=\"col-md-12 conteudo content margin-center text-md-left\">\n                \n<p>Este material \u00e9 composto de propostas articuladas em torno do cen\u00e1rio da moda e da costura e o universo t\u00eaxtil com propostas on-line, atrav\u00e9s da investiga\u00e7\u00e3o e acesso de relatos de vida das 12 personagens entrevistadas no \u00e2mbito do projeto Vidas em Costura. <\/p>\n\n              <\/div>\n            <\/div>\n          <\/div>\n        <\/section>\n\n\n        <section class=\"conteudo\">\n          <div class=\"container\">\n            <div class=\"row\">\n              <div class=\"col-md-12 conteudo content margin-center text-md-left\">\n                \n<p>Uma hist\u00f3ria de vida pode mudar seu jeito de ver o mundo, bem como pode nos ensinar a respeito de diversas quest\u00f5es importantes na contemporaneidade como, aqui no caso: a centralidade da quest\u00e3o ambiental para a ind\u00fastria t\u00eaxtil e de moda; como as roupas influem na constru\u00e7\u00e3o de nossa identidade e nossas rela\u00e7\u00f5es sociais; como as vestimentas s\u00e3o objetos da hist\u00f3ria da sociedade, do estilo de \u00e9poca e das formas de produ\u00e7\u00e3o artesanal e industrial, entre outros assuntos.<\/p>\n\n              <\/div>\n            <\/div>\n          <\/div>\n        <\/section>\n\n\n        <section class=\"conteudo\">\n          <div class=\"container\">\n            <div class=\"row\">\n              <div class=\"col-md-12 conteudo content margin-center text-md-left\">\n                \n<p>As tr\u00eas propostas did\u00e1ticas foram organizadas no que chamamos de <em>Roteiros de trabalho<\/em>, cuja din\u00e2mica vem sendo apresentada nos materiais educativos desenvolvidos em parceria entre a <em>Cultura Escrita<\/em> e o <em>Museu da Pessoa<\/em>. Eles podem ser desenvolvidos em conjunto com outros materiais, seja na escola ou em projetos educativos de forma a ampliar o repert\u00f3rio dos estudantes.<\/p>\n\n              <\/div>\n            <\/div>\n          <\/div>\n        <\/section>\n\n\n        <section class=\"conteudo\">\n          <div class=\"container\">\n            <div class=\"row\">\n              <div class=\"col-md-12 conteudo content margin-center text-md-left\">\n                \n<p>Buscamos adequar cada proposta em conformidade com as linhas da Base Nacional Comum Curricular (BNCC). Indicamos a utiliza\u00e7\u00e3o deste material eminentemente para o Ensino Fundamental Anos Finais e, ao t\u00e9rmino de cada <em>Roteiro<\/em>, apontamos aos leitores quais as abordagens disciplinares e interdisciplinares que vemos como adequadas &#8211; sempre, \u00e9 claro, respeitando a autonomia did\u00e1tica de cada educador.<\/p>\n\n              <\/div>\n            <\/div>\n          <\/div>\n        <\/section><\/div>\n<\/div>\n\n              <\/div>\n            <\/div>\n          <\/div>\n        <\/section>","protected":false},"excerpt":{"rendered":"<p>Roteiro Educativo Este material \u00e9 composto de propostas articuladas em torno do cen\u00e1rio da moda e da costura e o universo t\u00eaxtil com propostas on-line, atrav\u00e9s da investiga\u00e7\u00e3o e acesso de relatos de vida das 12 personagens entrevistadas no \u00e2mbito&#8230;<\/p>\n","protected":false},"author":47,"featured_media":0,"parent":0,"menu_order":0,"comment_status":"closed","ping_status":"closed","template":"","meta":{"_acf_changed":false,"footnotes":""},"class_list":["post-60","page","type-page","status-publish","hentry"],"acf":[],"yoast_head":"<!-- This site is optimized with the Yoast SEO plugin v23.3 - https:\/\/yoast.com\/wordpress\/plugins\/seo\/ -->\n<title>Educativo - Vidas em Costura<\/title>\n<meta name=\"robots\" content=\"noindex, follow, max-snippet:-1, max-image-preview:large, max-video-preview:-1\" \/>\n<meta property=\"og:locale\" content=\"pt_BR\" \/>\n<meta property=\"og:type\" content=\"article\" \/>\n<meta property=\"og:title\" content=\"Educativo - Vidas em Costura\" \/>\n<meta property=\"og:description\" content=\"Roteiro Educativo Este material \u00e9 composto de propostas articuladas em torno do cen\u00e1rio da moda e da costura e o universo t\u00eaxtil com propostas on-line, atrav\u00e9s da investiga\u00e7\u00e3o e acesso de relatos de vida das 12 personagens entrevistadas no \u00e2mbito...\" \/>\n<meta property=\"og:url\" content=\"https:\/\/memo.museudapessoa.org\/vidas-em-costura\/educativo\/\" \/>\n<meta property=\"og:site_name\" content=\"Vidas em Costura\" \/>\n<meta property=\"article:modified_time\" content=\"2023-12-13T17:30:10+00:00\" \/>\n<meta property=\"og:image\" content=\"https:\/\/memo.museudapessoa.org\/vidas-em-costura\/wp-content\/uploads\/sites\/27\/2023\/11\/VEC_EDUCATIVO-1_pages-to-jpg-0001-725x1024.jpg\" \/>\n<meta name=\"twitter:card\" content=\"summary_large_image\" \/>\n<meta name=\"twitter:label1\" content=\"Est. tempo de leitura\" \/>\n\t<meta name=\"twitter:data1\" content=\"1 minuto\" \/>\n<script type=\"application\/ld+json\" class=\"yoast-schema-graph\">{\"@context\":\"https:\/\/schema.org\",\"@graph\":[{\"@type\":\"WebPage\",\"@id\":\"https:\/\/memo.museudapessoa.org\/vidas-em-costura\/educativo\/\",\"url\":\"https:\/\/memo.museudapessoa.org\/vidas-em-costura\/educativo\/\",\"name\":\"Educativo - Vidas em Costura\",\"isPartOf\":{\"@id\":\"https:\/\/memo.museudapessoa.org\/vidas-em-costura\/#website\"},\"primaryImageOfPage\":{\"@id\":\"https:\/\/memo.museudapessoa.org\/vidas-em-costura\/educativo\/#primaryimage\"},\"image\":{\"@id\":\"https:\/\/memo.museudapessoa.org\/vidas-em-costura\/educativo\/#primaryimage\"},\"thumbnailUrl\":\"https:\/\/memo.museudapessoa.org\/vidas-em-costura\/wp-content\/uploads\/sites\/27\/2023\/11\/VEC_EDUCATIVO-1_pages-to-jpg-0001-725x1024.jpg\",\"datePublished\":\"2023-10-30T21:59:36+00:00\",\"dateModified\":\"2023-12-13T17:30:10+00:00\",\"breadcrumb\":{\"@id\":\"https:\/\/memo.museudapessoa.org\/vidas-em-costura\/educativo\/#breadcrumb\"},\"inLanguage\":\"pt-BR\",\"potentialAction\":[{\"@type\":\"ReadAction\",\"target\":[\"https:\/\/memo.museudapessoa.org\/vidas-em-costura\/educativo\/\"]}]},{\"@type\":\"ImageObject\",\"inLanguage\":\"pt-BR\",\"@id\":\"https:\/\/memo.museudapessoa.org\/vidas-em-costura\/educativo\/#primaryimage\",\"url\":\"https:\/\/memo.museudapessoa.org\/vidas-em-costura\/wp-content\/uploads\/sites\/27\/2023\/11\/VEC_EDUCATIVO-1_pages-to-jpg-0001.jpg\",\"contentUrl\":\"https:\/\/memo.museudapessoa.org\/vidas-em-costura\/wp-content\/uploads\/sites\/27\/2023\/11\/VEC_EDUCATIVO-1_pages-to-jpg-0001.jpg\",\"width\":1241,\"height\":1754},{\"@type\":\"BreadcrumbList\",\"@id\":\"https:\/\/memo.museudapessoa.org\/vidas-em-costura\/educativo\/#breadcrumb\",\"itemListElement\":[{\"@type\":\"ListItem\",\"position\":1,\"name\":\"Home\",\"item\":\"https:\/\/memo.museudapessoa.org\/vidas-em-costura\/\"},{\"@type\":\"ListItem\",\"position\":2,\"name\":\"Educativo\"}]},{\"@type\":\"WebSite\",\"@id\":\"https:\/\/memo.museudapessoa.org\/vidas-em-costura\/#website\",\"url\":\"https:\/\/memo.museudapessoa.org\/vidas-em-costura\/\",\"name\":\"Vidas em Costura\",\"description\":\"\",\"potentialAction\":[{\"@type\":\"SearchAction\",\"target\":{\"@type\":\"EntryPoint\",\"urlTemplate\":\"https:\/\/memo.museudapessoa.org\/vidas-em-costura\/?s={search_term_string}\"},\"query-input\":\"required name=search_term_string\"}],\"inLanguage\":\"pt-BR\"}]}<\/script>\n<!-- \/ Yoast SEO plugin. -->","yoast_head_json":{"title":"Educativo - Vidas em Costura","robots":{"index":"noindex","follow":"follow","max-snippet":"max-snippet:-1","max-image-preview":"max-image-preview:large","max-video-preview":"max-video-preview:-1"},"og_locale":"pt_BR","og_type":"article","og_title":"Educativo - Vidas em Costura","og_description":"Roteiro Educativo Este material \u00e9 composto de propostas articuladas em torno do cen\u00e1rio da moda e da costura e o universo t\u00eaxtil com propostas on-line, atrav\u00e9s da investiga\u00e7\u00e3o e acesso de relatos de vida das 12 personagens entrevistadas no \u00e2mbito...","og_url":"https:\/\/memo.museudapessoa.org\/vidas-em-costura\/educativo\/","og_site_name":"Vidas em Costura","article_modified_time":"2023-12-13T17:30:10+00:00","og_image":[{"url":"https:\/\/memo.museudapessoa.org\/vidas-em-costura\/wp-content\/uploads\/sites\/27\/2023\/11\/VEC_EDUCATIVO-1_pages-to-jpg-0001-725x1024.jpg"}],"twitter_card":"summary_large_image","twitter_misc":{"Est. tempo de leitura":"1 minuto"},"schema":{"@context":"https:\/\/schema.org","@graph":[{"@type":"WebPage","@id":"https:\/\/memo.museudapessoa.org\/vidas-em-costura\/educativo\/","url":"https:\/\/memo.museudapessoa.org\/vidas-em-costura\/educativo\/","name":"Educativo - Vidas em Costura","isPartOf":{"@id":"https:\/\/memo.museudapessoa.org\/vidas-em-costura\/#website"},"primaryImageOfPage":{"@id":"https:\/\/memo.museudapessoa.org\/vidas-em-costura\/educativo\/#primaryimage"},"image":{"@id":"https:\/\/memo.museudapessoa.org\/vidas-em-costura\/educativo\/#primaryimage"},"thumbnailUrl":"https:\/\/memo.museudapessoa.org\/vidas-em-costura\/wp-content\/uploads\/sites\/27\/2023\/11\/VEC_EDUCATIVO-1_pages-to-jpg-0001-725x1024.jpg","datePublished":"2023-10-30T21:59:36+00:00","dateModified":"2023-12-13T17:30:10+00:00","breadcrumb":{"@id":"https:\/\/memo.museudapessoa.org\/vidas-em-costura\/educativo\/#breadcrumb"},"inLanguage":"pt-BR","potentialAction":[{"@type":"ReadAction","target":["https:\/\/memo.museudapessoa.org\/vidas-em-costura\/educativo\/"]}]},{"@type":"ImageObject","inLanguage":"pt-BR","@id":"https:\/\/memo.museudapessoa.org\/vidas-em-costura\/educativo\/#primaryimage","url":"https:\/\/memo.museudapessoa.org\/vidas-em-costura\/wp-content\/uploads\/sites\/27\/2023\/11\/VEC_EDUCATIVO-1_pages-to-jpg-0001.jpg","contentUrl":"https:\/\/memo.museudapessoa.org\/vidas-em-costura\/wp-content\/uploads\/sites\/27\/2023\/11\/VEC_EDUCATIVO-1_pages-to-jpg-0001.jpg","width":1241,"height":1754},{"@type":"BreadcrumbList","@id":"https:\/\/memo.museudapessoa.org\/vidas-em-costura\/educativo\/#breadcrumb","itemListElement":[{"@type":"ListItem","position":1,"name":"Home","item":"https:\/\/memo.museudapessoa.org\/vidas-em-costura\/"},{"@type":"ListItem","position":2,"name":"Educativo"}]},{"@type":"WebSite","@id":"https:\/\/memo.museudapessoa.org\/vidas-em-costura\/#website","url":"https:\/\/memo.museudapessoa.org\/vidas-em-costura\/","name":"Vidas em Costura","description":"","potentialAction":[{"@type":"SearchAction","target":{"@type":"EntryPoint","urlTemplate":"https:\/\/memo.museudapessoa.org\/vidas-em-costura\/?s={search_term_string}"},"query-input":"required name=search_term_string"}],"inLanguage":"pt-BR"}]}},"_links":{"self":[{"href":"https:\/\/memo.museudapessoa.org\/vidas-em-costura\/wp-json\/wp\/v2\/pages\/60"}],"collection":[{"href":"https:\/\/memo.museudapessoa.org\/vidas-em-costura\/wp-json\/wp\/v2\/pages"}],"about":[{"href":"https:\/\/memo.museudapessoa.org\/vidas-em-costura\/wp-json\/wp\/v2\/types\/page"}],"author":[{"embeddable":true,"href":"https:\/\/memo.museudapessoa.org\/vidas-em-costura\/wp-json\/wp\/v2\/users\/47"}],"replies":[{"embeddable":true,"href":"https:\/\/memo.museudapessoa.org\/vidas-em-costura\/wp-json\/wp\/v2\/comments?post=60"}],"version-history":[{"count":171,"href":"https:\/\/memo.museudapessoa.org\/vidas-em-costura\/wp-json\/wp\/v2\/pages\/60\/revisions"}],"predecessor-version":[{"id":1515,"href":"https:\/\/memo.museudapessoa.org\/vidas-em-costura\/wp-json\/wp\/v2\/pages\/60\/revisions\/1515"}],"wp:attachment":[{"href":"https:\/\/memo.museudapessoa.org\/vidas-em-costura\/wp-json\/wp\/v2\/media?parent=60"}],"curies":[{"name":"wp","href":"https:\/\/api.w.org\/{rel}","templated":true}]}}