{"id":29,"date":"2023-08-02T11:01:55","date_gmt":"2023-08-02T14:01:55","guid":{"rendered":"https:\/\/hhh.memo.museudapessoa.org\/vidas-indigenas-maranhao\/?page_id=29"},"modified":"2024-09-18T18:07:30","modified_gmt":"2024-09-18T21:07:30","slug":"kaapor","status":"publish","type":"page","link":"https:\/\/memo.museudapessoa.org\/vidas-indigenas-maranhao\/kaapor\/","title":{"rendered":"Ka&#8217;apor"},"content":{"rendered":"\n\n<div id=\"destaque-topo\" class='carousel block-header-highlight wow fadeIn  block_41aff309481ece51d7e8181f104994f3 no-nav  margin-top-none margin-bottom-medium padding-top-none padding-bottom-none' style='background-color:rgba(255,255,255,0);' data-wow-delay=\"1.5s\" >\n<style>\n    .block_41aff309481ece51d7e8181f104994f3 h2,  .block_41aff309481ece51d7e8181f104994f3 h4, .block_41aff309481ece51d7e8181f104994f3 a, .block_41aff309481ece51d7e8181f104994f3 a h2, .block_41aff309481ece51d7e8181f104994f3 a p, .block_41aff309481ece51d7e8181f104994f3 p{\n      color: #FFF !important;\n  }\n    .block_41aff309481ece51d7e8181f104994f3 .carousel-nav__link.active:after{\n    background-color: #FFF !important;\n  }\n  .block_41aff309481ece51d7e8181f104994f3 .carousel-item__content .arrow svg rect{\n    fill: #FFF !important;\n  }\n<\/style>\n    <div class=\"carousel-item h-100 py-md-5 item-1  active\"\n  role=\"tabpanel\" aria-hidden=\"false\" tabindex=\"0\"\n  >\n      <div class=\"carousel-item__overlay\"\n                \n          style=\"background-color:rgba(0,0,0,0);\"\n                    ><\/div>\n                          <div class=\"parallaxParent carousel-item__image\" >\n                  <div class=\"carousel-item__image-element\" \n                style=\"background-image: url(https:\/\/memo.museudapessoa.org\/vidas-indigenas-maranhao\/wp-content\/uploads\/sites\/24\/2024\/01\/03-banner_Ka-apor_memo-vidas-indigenas-maranhao.jpg);\n                background-position: % %;\" >\n                  <\/div> \n              <\/div>\n                              <div class=\"container h-100\">\n        <div class=\"row h-100\">\n          <div class=\"col-md-8 col-md-8 align-self-center\">\n            <div class=\"carousel-item__content\">\n                                                                              <\/div>\n          <\/div>\n        <\/div>\n      <\/div>  \n    <\/div>\n          <\/div>\n\n\n\n        <section class=\"conteudo\">\n          <div class=\"container\">\n            <div class=\"row\">\n              <div class=\"col-md-12 conteudo content margin-center text-md-\">\n                \n<p>Os Ka\u2019apor vivem no norte do Maranh\u00e3o, na Terra Ind\u00edgena Alto Turia\u00e7u. Desde o final dos anos 1980, sua \u00e1rea tem sido amea\u00e7ada e devastada ilegalmente para a cria\u00e7\u00e3o de cidades, campos de arroz e pastagens por agricultores, fazendeiros, madeireiros e pol\u00edticos locais.<\/p>\n\n              <\/div>\n            <\/div>\n          <\/div>\n        <\/section>\n\n\n        <section class=\"conteudo\">\n          <div class=\"container\">\n            <div class=\"row\">\n              <div class=\"col-md-12 conteudo content margin-center text-md-\">\n                \n<p>Desde 1600, h\u00e1 registros de contatos dos Ka\u2019apor com a sociedade luso-brasileira, mas o estabelecimento do contato prolongado, ou \u201cpacifica\u00e7\u00e3o\u201d, data de 1928. Diante das amea\u00e7as vividas pelos Ka\u2019apor, contudo, esse momento de paz tem sido minado e um novo estilo de guerra tem se desenvolvido no local.&nbsp; Saiba mais sobre a hist\u00f3ria dos Ka\u2019apor <a href=\"https:\/\/pib.socioambiental.org\/pt\/Povo:Ka%E2%80%99apor\">aqui<\/a>.<\/p>\n\n              <\/div>\n            <\/div>\n          <\/div>\n        <\/section>\n\n<section id=\"historias-categorias\" class=' margin-top-medium margin-bottom-medium padding-top-none padding-bottom-none' style='background-color:rgba(255,255,255,0);'>\n  <div class=\"container\">\n    <div class=\"row pb-5 justify-content-center history-category__btns\" role=\"tablist\">\n          <div class=\"col-12\">\n        <h2 class=\"mb-0\"><\/h2>\n      <\/div>\n        <\/div>\n          <div id='' \n      role=\"tabpanel\" aria-labelledby=\"link-categoria-1\" aria-hidden=\"false\"\n      class=\"history-category history-category- item-1 active\"\n          style=\"display:block;\"          >\n          <div class=\"row justify-content-center\">\n                                           <div class=\"col-md-3 history-item mb-5 mb-md-4 wow fadeInUp\" data-wow-delay=\"0.1s\">\n                  <a href=\"https:\/\/memo.museudapessoa.org\/vidas-indigenas-maranhao\/historia-detalhe\/46344\/kaapor\/1\">\n                      <picture><source srcset='https:\/\/memo.museudapessoa.org\/app\/_lib\/file\/img\/thumb\/DSCN7407(1).JPG' \/>\n\t\t<img  src='https:\/\/memo.museudapessoa.org\/app\/_lib\/file\/img\/thumb\/DSCN7407(1).JPG' alt='A for\u00e7a da mulher ind\u00edgena' \/><\/picture>                      <p class=\"bold history-item__title mb-0\">\n                            A for\u00e7a da mulher ind\u00edgena                      <\/p>\n                  <\/a>\n                                      <p class=\"small\">Rosilene Temb\u00e9<\/p>\n                    <!-- <a target=\"_blank\" href=\"https:\/\/museudapessoa.org\/historias\/pessoadetalhe\/?id=78501\" class=\"history-item__char\"><\/a>  -->\n                                 <\/div> \n                             <div class=\"col-md-3 history-item mb-5 mb-md-4 wow fadeInUp\" data-wow-delay=\"0.2s\">\n                  <a href=\"https:\/\/memo.museudapessoa.org\/vidas-indigenas-maranhao\/historia-detalhe\/46343\/kaapor\/1\">\n                      <picture><source srcset='https:\/\/memo.museudapessoa.org\/app\/_lib\/file\/img\/thumb\/Irakadju%20Kaapor(1).png' \/>\n\t\t<img  src='https:\/\/memo.museudapessoa.org\/app\/_lib\/file\/img\/thumb\/Irakadju%20Kaapor(1).png' alt='Cacique Sagrado' \/><\/picture>                      <p class=\"bold history-item__title mb-0\">\n                            Cacique Sagrado                      <\/p>\n                  <\/a>\n                                      <p class=\"small\">Irakadju Ka&#8217;apor<\/p>\n                    <!-- <a target=\"_blank\" href=\"https:\/\/museudapessoa.org\/historias\/pessoadetalhe\/?id=78500\" class=\"history-item__char\"><\/a>  -->\n                                 <\/div> \n                             <div class=\"col-md-3 history-item mb-5 mb-md-4 wow fadeInUp\" data-wow-delay=\"0.3s\">\n                  <a href=\"https:\/\/memo.museudapessoa.org\/vidas-indigenas-maranhao\/historia-detalhe\/46352\/kaapor\/1\">\n                      <picture><source srcset='https:\/\/memo.museudapessoa.org\/app\/_lib\/file\/img\/thumb\/Gen\u00e9sio%20Kaapor(1).png' \/>\n\t\t<img  src='https:\/\/memo.museudapessoa.org\/app\/_lib\/file\/img\/thumb\/Gen\u00e9sio%20Kaapor(1).png' alt='O rei do tamborim' \/><\/picture>                      <p class=\"bold history-item__title mb-0\">\n                            O rei do tamborim                      <\/p>\n                  <\/a>\n                                      <p class=\"small\">Gen\u00e9sio Ka&#8217;apor<\/p>\n                    <!-- <a target=\"_blank\" href=\"https:\/\/museudapessoa.org\/historias\/pessoadetalhe\/?id=78505\" class=\"history-item__char\"><\/a>  -->\n                                 <\/div> \n                             <div class=\"col-md-3 history-item mb-5 mb-md-4 wow fadeInUp\" data-wow-delay=\"0.4s\">\n                  <a href=\"https:\/\/memo.museudapessoa.org\/vidas-indigenas-maranhao\/historia-detalhe\/46365\/kaapor\/1\">\n                      <picture><source srcset='https:\/\/memo.museudapessoa.org\/app\/_lib\/file\/img\/thumb\/Chai%20Kaapor(1).JPG' \/>\n\t\t<img  src='https:\/\/memo.museudapessoa.org\/app\/_lib\/file\/img\/thumb\/Chai%20Kaapor(1).JPG' alt='O tamu\u2019i Cha\u00ed' \/><\/picture>                      <p class=\"bold history-item__title mb-0\">\n                            O tamu\u2019i Cha\u00ed                      <\/p>\n                  <\/a>\n                                      <p class=\"small\">Chai Ka&#8217;apor<\/p>\n                    <!-- <a target=\"_blank\" href=\"https:\/\/museudapessoa.org\/historias\/pessoadetalhe\/?id=78506\" class=\"history-item__char\"><\/a>  -->\n                                 <\/div> \n                             <div class=\"col-md-3 history-item mb-5 mb-md-4 wow fadeInUp\" data-wow-delay=\"0.1s\">\n                  <a href=\"https:\/\/memo.museudapessoa.org\/vidas-indigenas-maranhao\/historia-detalhe\/46366\/kaapor\/1\">\n                      <picture><source srcset='https:\/\/memo.museudapessoa.org\/app\/_lib\/file\/img\/thumb\/Maria%20Lucia%20Kaapor(1).png' \/>\n\t\t<img  src='https:\/\/memo.museudapessoa.org\/app\/_lib\/file\/img\/thumb\/Maria%20Lucia%20Kaapor(1).png' alt='Os segredos da flauta' \/><\/picture>                      <p class=\"bold history-item__title mb-0\">\n                            Os segredos da flauta                      <\/p>\n                  <\/a>\n                                      <p class=\"small\">Maria L\u00facia Ka&#8217;apor<\/p>\n                    <!-- <a target=\"_blank\" href=\"https:\/\/museudapessoa.org\/historias\/pessoadetalhe\/?id=78507\" class=\"history-item__char\"><\/a>  -->\n                                 <\/div> \n                             <div class=\"col-md-3 history-item mb-5 mb-md-4 wow fadeInUp\" data-wow-delay=\"0.2s\">\n                  <a href=\"https:\/\/memo.museudapessoa.org\/vidas-indigenas-maranhao\/historia-detalhe\/46367\/kaapor\/1\">\n                      <picture><source srcset='https:\/\/memo.museudapessoa.org\/app\/_lib\/file\/img\/thumb\/Rerino%20Kaapor(1).png' \/>\n\t\t<img  src='https:\/\/memo.museudapessoa.org\/app\/_lib\/file\/img\/thumb\/Rerino%20Kaapor(1).png' alt='A flauta sagrada' \/><\/picture>                      <p class=\"bold history-item__title mb-0\">\n                            A flauta sagrada                      <\/p>\n                  <\/a>\n                                      <p class=\"small\">Rerinho Ka&#8217;apor<\/p>\n                    <!-- <a target=\"_blank\" href=\"https:\/\/museudapessoa.org\/historias\/pessoadetalhe\/?id=78509\" class=\"history-item__char\"><\/a>  -->\n                                 <\/div> \n                             <div class=\"col-md-3 history-item mb-5 mb-md-4 wow fadeInUp\" data-wow-delay=\"0.3s\">\n                  <a href=\"https:\/\/memo.museudapessoa.org\/vidas-indigenas-maranhao\/historia-detalhe\/46368\/kaapor\/1\">\n                      <picture><source srcset='https:\/\/memo.museudapessoa.org\/app\/_lib\/file\/img\/thumb\/Chuper\u00e1%20Kaapor(1).png' \/>\n\t\t<img  src='https:\/\/memo.museudapessoa.org\/app\/_lib\/file\/img\/thumb\/Chuper\u00e1%20Kaapor(1).png' alt='A cantoria traz for\u00e7a da floresta' \/><\/picture>                      <p class=\"bold history-item__title mb-0\">\n                            A cantoria traz for\u00e7a da floresta                      <\/p>\n                  <\/a>\n                                      <p class=\"small\">Chuper\u00e1 Ka&#8217;aapor<\/p>\n                    <!-- <a target=\"_blank\" href=\"https:\/\/museudapessoa.org\/historias\/pessoadetalhe\/?id=78510\" class=\"history-item__char\"><\/a>  -->\n                                 <\/div> \n                             <div class=\"col-md-3 history-item mb-5 mb-md-4 wow fadeInUp\" data-wow-delay=\"0.4s\">\n                  <a href=\"https:\/\/memo.museudapessoa.org\/vidas-indigenas-maranhao\/historia-detalhe\/46369\/kaapor\/1\">\n                      <picture><source srcset='https:\/\/memo.museudapessoa.org\/app\/_lib\/file\/img\/thumb\/Mirixi%20Kaapor(1).png' \/>\n\t\t<img  src='https:\/\/memo.museudapessoa.org\/app\/_lib\/file\/img\/thumb\/Mirixi%20Kaapor(1).png' alt='Mulher de vit\u00f3ria' \/><\/picture>                      <p class=\"bold history-item__title mb-0\">\n                            Mulher de vit\u00f3ria                      <\/p>\n                  <\/a>\n                                      <p class=\"small\">Mirixi Putere Ka&#8217;apor<\/p>\n                    <!-- <a target=\"_blank\" href=\"https:\/\/museudapessoa.org\/historias\/pessoadetalhe\/?id=78511\" class=\"history-item__char\"><\/a>  -->\n                                 <\/div> \n                             <div class=\"col-md-3 history-item mb-5 mb-md-4 wow fadeInUp\" data-wow-delay=\"0.1s\">\n                  <a href=\"https:\/\/memo.museudapessoa.org\/vidas-indigenas-maranhao\/historia-detalhe\/46370\/kaapor\/1\">\n                      <picture><source srcset='https:\/\/memo.museudapessoa.org\/app\/_lib\/file\/img\/thumb\/Filomena%20Kaapor(1).png' \/>\n\t\t<img  src='https:\/\/memo.museudapessoa.org\/app\/_lib\/file\/img\/thumb\/Filomena%20Kaapor(1).png' alt='A Paj\u00e9 contadora de hist\u00f3rias' \/><\/picture>                      <p class=\"bold history-item__title mb-0\">\n                            A Paj\u00e9 contadora de hist\u00f3rias                      <\/p>\n                  <\/a>\n                                      <p class=\"small\">Filomena Ka&#8217;apor<\/p>\n                    <!-- <a target=\"_blank\" href=\"https:\/\/museudapessoa.org\/historias\/pessoadetalhe\/?id=78512\" class=\"history-item__char\"><\/a>  -->\n                                 <\/div> \n                             <div class=\"col-md-3 history-item mb-5 mb-md-4 wow fadeInUp\" data-wow-delay=\"0.2s\">\n                  <a href=\"https:\/\/memo.museudapessoa.org\/vidas-indigenas-maranhao\/historia-detalhe\/46371\/kaapor\/1\">\n                      <picture><source srcset='https:\/\/memo.museudapessoa.org\/app\/_lib\/file\/img\/thumb\/Valdemar%20Kaapor(1).JPG' \/>\n\t\t<img  src='https:\/\/memo.museudapessoa.org\/app\/_lib\/file\/img\/thumb\/Valdemar%20Kaapor(1).JPG' alt='Defensor do territ\u00f3rio' \/><\/picture>                      <p class=\"bold history-item__title mb-0\">\n                            Defensor do territ\u00f3rio                      <\/p>\n                  <\/a>\n                                      <p class=\"small\">Valdemar Ka&#8217;apor<\/p>\n                    <!-- <a target=\"_blank\" href=\"https:\/\/museudapessoa.org\/historias\/pessoadetalhe\/?id=78513\" class=\"history-item__char\"><\/a>  -->\n                                 <\/div> \n                             <div class=\"col-md-3 history-item mb-5 mb-md-4 wow fadeInUp\" data-wow-delay=\"0.3s\">\n                  <a href=\"https:\/\/memo.museudapessoa.org\/vidas-indigenas-maranhao\/historia-detalhe\/46372\/kaapor\/1\">\n                      <picture><source srcset='https:\/\/memo.museudapessoa.org\/app\/_lib\/file\/img\/thumb\/Karari%20Kaapor(1).png' \/>\n\t\t<img  src='https:\/\/memo.museudapessoa.org\/app\/_lib\/file\/img\/thumb\/Karari%20Kaapor(1).png' alt='O Homem que enfrentou o Curupira' \/><\/picture>                      <p class=\"bold history-item__title mb-0\">\n                            O Homem que enfrentou o Curupira                      <\/p>\n                  <\/a>\n                                      <p class=\"small\">Karari Ka&#8217;apor<\/p>\n                    <!-- <a target=\"_blank\" href=\"https:\/\/museudapessoa.org\/historias\/pessoadetalhe\/?id=78514\" class=\"history-item__char\"><\/a>  -->\n                                 <\/div> \n                             <div class=\"col-md-3 history-item mb-5 mb-md-4 wow fadeInUp\" data-wow-delay=\"0.4s\">\n                  <a href=\"https:\/\/memo.museudapessoa.org\/vidas-indigenas-maranhao\/historia-detalhe\/46374\/kaapor\/1\">\n                      <picture><source srcset='https:\/\/memo.museudapessoa.org\/app\/_lib\/file\/img\/thumb\/Joao%20da%20Mata%20Kaapor(1).png' \/>\n\t\t<img  src='https:\/\/memo.museudapessoa.org\/app\/_lib\/file\/img\/thumb\/Joao%20da%20Mata%20Kaapor(1).png' alt='O ca\u00e7ador da anta' \/><\/picture>                      <p class=\"bold history-item__title mb-0\">\n                            O ca\u00e7ador da anta                      <\/p>\n                  <\/a>\n                                      <p class=\"small\">Jo\u00e3o Ka&#8217;apor<\/p>\n                    <!-- <a target=\"_blank\" href=\"https:\/\/museudapessoa.org\/historias\/pessoadetalhe\/?id=78516\" class=\"history-item__char\"><\/a>  -->\n                                 <\/div> \n                             <div class=\"col-md-3 history-item mb-5 mb-md-4 wow fadeInUp\" data-wow-delay=\"0.1s\">\n                  <a href=\"https:\/\/memo.museudapessoa.org\/vidas-indigenas-maranhao\/historia-detalhe\/46375\/kaapor\/1\">\n                      <picture><source srcset='https:\/\/memo.museudapessoa.org\/app\/_lib\/file\/img\/thumb\/Iranuke%20Kaapor(1).JPG' \/>\n\t\t<img  src='https:\/\/memo.museudapessoa.org\/app\/_lib\/file\/img\/thumb\/Iranuke%20Kaapor(1).JPG' alt='On\u00e7as s\u00e3o fortes, mas somos tamb\u00e9m' \/><\/picture>                      <p class=\"bold history-item__title mb-0\">\n                            On\u00e7as s\u00e3o fortes, mas somos tamb\u00e9m                      <\/p>\n                  <\/a>\n                                      <p class=\"small\">Iranuke Ka&#8217;apor<\/p>\n                    <!-- <a target=\"_blank\" href=\"https:\/\/museudapessoa.org\/historias\/pessoadetalhe\/?id=78508\" class=\"history-item__char\"><\/a>  -->\n                                 <\/div> \n                             <div class=\"col-md-3 history-item mb-5 mb-md-4 wow fadeInUp\" data-wow-delay=\"0.2s\">\n                  <a href=\"https:\/\/memo.museudapessoa.org\/vidas-indigenas-maranhao\/historia-detalhe\/46373\/kaapor\/1\">\n                      <picture><source srcset='https:\/\/memo.museudapessoa.org\/app\/_lib\/file\/img\/thumb\/Ximi%20Kaapor(1).png' \/>\n\t\t<img  src='https:\/\/memo.museudapessoa.org\/app\/_lib\/file\/img\/thumb\/Ximi%20Kaapor(1).png' alt='O doutor das plantas' \/><\/picture>                      <p class=\"bold history-item__title mb-0\">\n                            O doutor das plantas                      <\/p>\n                  <\/a>\n                                      <p class=\"small\">Ximi Ka&#8217;apor<\/p>\n                    <!-- <a target=\"_blank\" href=\"https:\/\/museudapessoa.org\/historias\/pessoadetalhe\/?id=78515\" class=\"history-item__char\"><\/a>  -->\n                                 <\/div> \n                            <\/div>\n          <\/div>\n      <\/div>\n<\/section>\n\n\n\n        <section class=\"conteudo\">\n          <div class=\"container\">\n            <div class=\"row\">\n              <div class=\"col-md-12 conteudo content margin-center text-md-\">\n                \n<p>Confira abaixo o document\u00e1rio desenvolvido pelos jovens ind\u00edgenas.<\/p>\n\n              <\/div>\n            <\/div>\n          <\/div>\n        <\/section>\n\n\n        <section class=\"conteudo\">\n          <div class=\"container\">\n            <div class=\"row\">\n              <div class=\"col-md-12 conteudo content margin-center text-md-\">\n                \n<h2 id=\"documentario\" class=\"wp-block-heading\">Document\u00e1rio<\/h2>\n\n              <\/div>\n            <\/div>\n          <\/div>\n        <\/section>\n\n\n        <section class=\"conteudo\">\n          <div class=\"container\">\n            <div class=\"row\">\n              <div class=\"col-md-12 conteudo wp-embed-aspect-16-9 wp-has-aspect-ratio content margin-center text-md-\">\n                \n<figure class=\"wp-block-embed is-type-video is-provider-youtube wp-block-embed-youtube wp-embed-aspect-16-9 wp-has-aspect-ratio\"><div class=\"wp-block-embed__wrapper\">\n<iframe title=\"Vidas Ind\u00edgenas Maranh\u00e3o - Document\u00e1rio povo Ka&#039;apor\" width=\"500\" height=\"281\" src=\"https:\/\/www.youtube.com\/embed\/EFNvW0tEj70?feature=oembed\" frameborder=\"0\" allow=\"accelerometer; autoplay; clipboard-write; encrypted-media; gyroscope; picture-in-picture; web-share\" referrerpolicy=\"strict-origin-when-cross-origin\" allowfullscreen loading=\"lazy\"><\/iframe>\n<\/div><\/figure>\n\n              <\/div>\n            <\/div>\n          <\/div>\n        <\/section>","protected":false},"excerpt":{"rendered":"<p>Os Ka\u2019apor vivem no norte do Maranh\u00e3o, na Terra Ind\u00edgena Alto Turia\u00e7u. Desde o final dos anos 1980, sua \u00e1rea tem sido amea\u00e7ada e devastada ilegalmente para a cria\u00e7\u00e3o de cidades, campos de arroz e pastagens por agricultores, fazendeiros, madeireiros&#8230;<\/p>\n","protected":false},"author":4,"featured_media":0,"parent":0,"menu_order":0,"comment_status":"closed","ping_status":"closed","template":"","meta":{"_acf_changed":false,"footnotes":""},"class_list":["post-29","page","type-page","status-publish","hentry"],"acf":[],"yoast_head":"<!-- This site is optimized with the Yoast SEO plugin v23.3 - https:\/\/yoast.com\/wordpress\/plugins\/seo\/ -->\n<title>Ka&#039;apor - VIDAS IND\u00cdGENAS MARANH\u00c3O<\/title>\n<meta name=\"robots\" content=\"index, follow, max-snippet:-1, max-image-preview:large, max-video-preview:-1\" \/>\n<link rel=\"canonical\" href=\"https:\/\/memo.museudapessoa.org\/vidas-indigenas-maranhao\/kaapor\/\" \/>\n<meta property=\"og:locale\" content=\"pt_BR\" \/>\n<meta property=\"og:type\" content=\"article\" \/>\n<meta property=\"og:title\" content=\"Ka&#039;apor - VIDAS IND\u00cdGENAS MARANH\u00c3O\" \/>\n<meta property=\"og:description\" content=\"Os Ka\u2019apor vivem no norte do Maranh\u00e3o, na Terra Ind\u00edgena Alto Turia\u00e7u. Desde o final dos anos 1980, sua \u00e1rea tem sido amea\u00e7ada e devastada ilegalmente para a cria\u00e7\u00e3o de cidades, campos de arroz e pastagens por agricultores, fazendeiros, madeireiros...\" \/>\n<meta property=\"og:url\" content=\"https:\/\/memo.museudapessoa.org\/vidas-indigenas-maranhao\/kaapor\/\" \/>\n<meta property=\"og:site_name\" content=\"VIDAS IND\u00cdGENAS MARANH\u00c3O\" \/>\n<meta property=\"article:modified_time\" content=\"2024-09-18T21:07:30+00:00\" \/>\n<meta name=\"twitter:card\" content=\"summary_large_image\" \/>\n<meta name=\"twitter:label1\" content=\"Est. tempo de leitura\" \/>\n\t<meta name=\"twitter:data1\" content=\"1 minuto\" \/>\n<script type=\"application\/ld+json\" class=\"yoast-schema-graph\">{\"@context\":\"https:\/\/schema.org\",\"@graph\":[{\"@type\":\"WebPage\",\"@id\":\"https:\/\/memo.museudapessoa.org\/vidas-indigenas-maranhao\/kaapor\/\",\"url\":\"https:\/\/memo.museudapessoa.org\/vidas-indigenas-maranhao\/kaapor\/\",\"name\":\"Ka'apor - VIDAS IND\u00cdGENAS MARANH\u00c3O\",\"isPartOf\":{\"@id\":\"https:\/\/memo.museudapessoa.org\/vidas-indigenas-maranhao\/#website\"},\"datePublished\":\"2023-08-02T14:01:55+00:00\",\"dateModified\":\"2024-09-18T21:07:30+00:00\",\"breadcrumb\":{\"@id\":\"https:\/\/memo.museudapessoa.org\/vidas-indigenas-maranhao\/kaapor\/#breadcrumb\"},\"inLanguage\":\"pt-BR\",\"potentialAction\":[{\"@type\":\"ReadAction\",\"target\":[\"https:\/\/memo.museudapessoa.org\/vidas-indigenas-maranhao\/kaapor\/\"]}]},{\"@type\":\"BreadcrumbList\",\"@id\":\"https:\/\/memo.museudapessoa.org\/vidas-indigenas-maranhao\/kaapor\/#breadcrumb\",\"itemListElement\":[{\"@type\":\"ListItem\",\"position\":1,\"name\":\"Home\",\"item\":\"https:\/\/memo.museudapessoa.org\/vidas-indigenas-maranhao\/\"},{\"@type\":\"ListItem\",\"position\":2,\"name\":\"Ka&#8217;apor\"}]},{\"@type\":\"WebSite\",\"@id\":\"https:\/\/memo.museudapessoa.org\/vidas-indigenas-maranhao\/#website\",\"url\":\"https:\/\/memo.museudapessoa.org\/vidas-indigenas-maranhao\/\",\"name\":\"VIDAS IND\u00cdGENAS MARANH\u00c3O\",\"description\":\"\",\"potentialAction\":[{\"@type\":\"SearchAction\",\"target\":{\"@type\":\"EntryPoint\",\"urlTemplate\":\"https:\/\/memo.museudapessoa.org\/vidas-indigenas-maranhao\/?s={search_term_string}\"},\"query-input\":\"required name=search_term_string\"}],\"inLanguage\":\"pt-BR\"}]}<\/script>\n<!-- \/ Yoast SEO plugin. -->","yoast_head_json":{"title":"Ka'apor - VIDAS IND\u00cdGENAS MARANH\u00c3O","robots":{"index":"index","follow":"follow","max-snippet":"max-snippet:-1","max-image-preview":"max-image-preview:large","max-video-preview":"max-video-preview:-1"},"canonical":"https:\/\/memo.museudapessoa.org\/vidas-indigenas-maranhao\/kaapor\/","og_locale":"pt_BR","og_type":"article","og_title":"Ka'apor - VIDAS IND\u00cdGENAS MARANH\u00c3O","og_description":"Os Ka\u2019apor vivem no norte do Maranh\u00e3o, na Terra Ind\u00edgena Alto Turia\u00e7u. Desde o final dos anos 1980, sua \u00e1rea tem sido amea\u00e7ada e devastada ilegalmente para a cria\u00e7\u00e3o de cidades, campos de arroz e pastagens por agricultores, fazendeiros, madeireiros...","og_url":"https:\/\/memo.museudapessoa.org\/vidas-indigenas-maranhao\/kaapor\/","og_site_name":"VIDAS IND\u00cdGENAS MARANH\u00c3O","article_modified_time":"2024-09-18T21:07:30+00:00","twitter_card":"summary_large_image","twitter_misc":{"Est. tempo de leitura":"1 minuto"},"schema":{"@context":"https:\/\/schema.org","@graph":[{"@type":"WebPage","@id":"https:\/\/memo.museudapessoa.org\/vidas-indigenas-maranhao\/kaapor\/","url":"https:\/\/memo.museudapessoa.org\/vidas-indigenas-maranhao\/kaapor\/","name":"Ka'apor - VIDAS IND\u00cdGENAS MARANH\u00c3O","isPartOf":{"@id":"https:\/\/memo.museudapessoa.org\/vidas-indigenas-maranhao\/#website"},"datePublished":"2023-08-02T14:01:55+00:00","dateModified":"2024-09-18T21:07:30+00:00","breadcrumb":{"@id":"https:\/\/memo.museudapessoa.org\/vidas-indigenas-maranhao\/kaapor\/#breadcrumb"},"inLanguage":"pt-BR","potentialAction":[{"@type":"ReadAction","target":["https:\/\/memo.museudapessoa.org\/vidas-indigenas-maranhao\/kaapor\/"]}]},{"@type":"BreadcrumbList","@id":"https:\/\/memo.museudapessoa.org\/vidas-indigenas-maranhao\/kaapor\/#breadcrumb","itemListElement":[{"@type":"ListItem","position":1,"name":"Home","item":"https:\/\/memo.museudapessoa.org\/vidas-indigenas-maranhao\/"},{"@type":"ListItem","position":2,"name":"Ka&#8217;apor"}]},{"@type":"WebSite","@id":"https:\/\/memo.museudapessoa.org\/vidas-indigenas-maranhao\/#website","url":"https:\/\/memo.museudapessoa.org\/vidas-indigenas-maranhao\/","name":"VIDAS IND\u00cdGENAS MARANH\u00c3O","description":"","potentialAction":[{"@type":"SearchAction","target":{"@type":"EntryPoint","urlTemplate":"https:\/\/memo.museudapessoa.org\/vidas-indigenas-maranhao\/?s={search_term_string}"},"query-input":"required name=search_term_string"}],"inLanguage":"pt-BR"}]}},"_links":{"self":[{"href":"https:\/\/memo.museudapessoa.org\/vidas-indigenas-maranhao\/wp-json\/wp\/v2\/pages\/29"}],"collection":[{"href":"https:\/\/memo.museudapessoa.org\/vidas-indigenas-maranhao\/wp-json\/wp\/v2\/pages"}],"about":[{"href":"https:\/\/memo.museudapessoa.org\/vidas-indigenas-maranhao\/wp-json\/wp\/v2\/types\/page"}],"author":[{"embeddable":true,"href":"https:\/\/memo.museudapessoa.org\/vidas-indigenas-maranhao\/wp-json\/wp\/v2\/users\/4"}],"replies":[{"embeddable":true,"href":"https:\/\/memo.museudapessoa.org\/vidas-indigenas-maranhao\/wp-json\/wp\/v2\/comments?post=29"}],"version-history":[{"count":36,"href":"https:\/\/memo.museudapessoa.org\/vidas-indigenas-maranhao\/wp-json\/wp\/v2\/pages\/29\/revisions"}],"predecessor-version":[{"id":716,"href":"https:\/\/memo.museudapessoa.org\/vidas-indigenas-maranhao\/wp-json\/wp\/v2\/pages\/29\/revisions\/716"}],"wp:attachment":[{"href":"https:\/\/memo.museudapessoa.org\/vidas-indigenas-maranhao\/wp-json\/wp\/v2\/media?parent=29"}],"curies":[{"name":"wp","href":"https:\/\/api.w.org\/{rel}","templated":true}]}}