{"id":35,"date":"2023-08-02T11:06:45","date_gmt":"2023-08-02T14:06:45","guid":{"rendered":"https:\/\/hhh.memo.museudapessoa.org\/vidas-indigenas-maranhao\/?page_id=35"},"modified":"2024-01-16T13:02:26","modified_gmt":"2024-01-16T16:02:26","slug":"floresta-de-historias","status":"publish","type":"page","link":"https:\/\/memo.museudapessoa.org\/vidas-indigenas-maranhao\/floresta-de-historias\/","title":{"rendered":"Floresta de hist\u00f3rias"},"content":{"rendered":"\n\n<div id=\"destaque-topo\" class='carousel block-header-highlight wow fadeIn  block_05cb8562c42e68133f2653b7a538c4e9 no-nav  margin-top-none margin-bottom-medium padding-top-none padding-bottom-none' style='background-color:rgba(255,255,255,0);' data-wow-delay=\"1.5s\" >\n<style>\n    .block_05cb8562c42e68133f2653b7a538c4e9 h2,  .block_05cb8562c42e68133f2653b7a538c4e9 h4, .block_05cb8562c42e68133f2653b7a538c4e9 a, .block_05cb8562c42e68133f2653b7a538c4e9 a h2, .block_05cb8562c42e68133f2653b7a538c4e9 a p, .block_05cb8562c42e68133f2653b7a538c4e9 p{\n      color: #FFF !important;\n  }\n    .block_05cb8562c42e68133f2653b7a538c4e9 .carousel-nav__link.active:after{\n    background-color: #FFF !important;\n  }\n  .block_05cb8562c42e68133f2653b7a538c4e9 .carousel-item__content .arrow svg rect{\n    fill: #FFF !important;\n  }\n<\/style>\n    <div class=\"carousel-item h-100 py-md-5 item-1  active\"\n  role=\"tabpanel\" aria-hidden=\"false\" tabindex=\"0\"\n  >\n      <div class=\"carousel-item__overlay\"\n                \n          style=\"background-color:rgba(0,0,0,0.06);\"\n                    ><\/div>\n                          <div class=\"parallaxParent carousel-item__image\" >\n                  <div class=\"carousel-item__image-element\" \n                style=\"background-image: url(https:\/\/memo.museudapessoa.org\/vidas-indigenas-maranhao\/wp-content\/uploads\/sites\/24\/2024\/01\/06-banner_florestas-de-historias_memo-vidas-indigenas-maranhao.jpg);\n                background-position: % %;\" >\n                  <\/div> \n              <\/div>\n                              <div class=\"container h-100\">\n        <div class=\"row h-100\">\n          <div class=\"col-md-8 col-md-8 align-self-center\">\n            <div class=\"carousel-item__content\">\n                                                                              <\/div>\n          <\/div>\n        <\/div>\n      <\/div>  \n    <\/div>\n          <\/div>\n\n\n\n<div style=\"height:40px\" aria-hidden=\"true\" class=\"wp-block-spacer\"><\/div>\n\n\n\n        <section class=\"conteudo\">\n          <div class=\"container\">\n            <div class=\"row\">\n              <div class=\"col-md-12 conteudo content margin-center text-md-\">\n                \n<p><strong>\u201cDar valor \u00e0 vida de cada \u00e1rvore, de cada pessoa e de suas hist\u00f3rias\u201d. <\/strong>Essa foi a fala de Vitor Guajajara, um dos participantes do projeto. <\/p>\n\n              <\/div>\n            <\/div>\n          <\/div>\n        <\/section>\n\n\n        <section class=\"conteudo\">\n          <div class=\"container\">\n            <div class=\"row\">\n              <div class=\"col-md-12 conteudo content margin-center text-md-\">\n                \n<p>Entrar em um museu n\u00e3o significa necessariamente ocupar um espa\u00e7o f\u00edsico. Ali\u00e1s, as hist\u00f3rias dos povos ind\u00edgenas tamb\u00e9m est\u00e3o escritas nas florestas. Nesse sentido, a Floresta de Hist\u00f3rias foi uma iniciativa criada durante o projeto Vidas Ind\u00edgenas Maranh\u00e3o para promover a musealiza\u00e7\u00e3o territorial.<\/p>\n\n              <\/div>\n            <\/div>\n          <\/div>\n        <\/section>\n\n\n        <section class=\"conteudo\">\n          <div class=\"container\">\n            <div class=\"row\">\n              <div class=\"col-md-12 conteudo content margin-center text-md-\">\n                \n<p>Durante a realiza\u00e7\u00e3o do projeto Vidas Ind\u00edgenas Maranh\u00e3o, a cada aula de hist\u00f3ria de vida, os anci\u00e3os, detentores do conhecimento, eram vistos como \u00e1rvores de conhecimentos, grandes baob\u00e1s de hist\u00f3rias, sama\u00famas de curas dos anci\u00e3os de diferentes povos. Diante disso, os Guardi\u00f5es da Mem\u00f3ria decidiram fazer uma homenagem em vida aos seus anci\u00e3os, plantando uma \u00e1rvore que representasse a sua hist\u00f3ria. Depois de cursarem oficinas de poesias, os participantes ainda incrementaram a iniciativa com poemas e textos que contavam as hist\u00f3rias de seus anci\u00e3os.<\/p>\n\n              <\/div>\n            <\/div>\n          <\/div>\n        <\/section>\n\n\n        <section class=\"conteudo\">\n          <div class=\"container\">\n            <div class=\"row\">\n              <div class=\"col-md-12 conteudo content margin-center text-md-\">\n                \n<p>E, assim, quando o projeto atingiu sua culmin\u00e2ncia, foi inaugurada a Floresta de Hist\u00f3rias, onde havia uma \u00e1rvore plantada para cada anci\u00e3o junto com a sua hist\u00f3ria, para que as terras ind\u00edgenas se tornassem tamb\u00e9m um pedacinho do Museu dessas pessoas. Por meio dessa a\u00e7\u00e3o, as comunidades preservam suas hist\u00f3rias, associando a preserva\u00e7\u00e3o da mem\u00f3ria \u00e0 preserva\u00e7\u00e3o ambiental.<\/p>\n\n              <\/div>\n            <\/div>\n          <\/div>\n        <\/section>\n\n\n\n<section id=\"block-carousel\"  class=' margin-top-none margin-bottom-medium padding-top-none padding-bottom-none' style='background-color:rgba(255,255,255,0);'>\n  <div class=\"container\">\n        <\/div>\n    <div class=\"container-fluid\">\n    <div class=\"row\">\n      <div class=\"col-md-12 px-0\">\n        <div data-items=\"2\" class=\"block-carousel owl-theme owl-carousel\">\n                          <div class=\"row\">\n                <div class=\"col-md-12 mb-4 mb-md-0\">\n                  <div class=\"block-carousel-item\">\n                                        <img decoding=\"async\" class=\"w-100\" src=\"https:\/\/memo.museudapessoa.org\/vidas-indigenas-maranhao\/wp-content\/uploads\/sites\/24\/2023\/08\/plantio_caru2-1024x768.jpg\" alt=\"\" loading=\"lazy\">\n                                      <\/div>\n                <\/div>\n              <\/div>\n                          <div class=\"row\">\n                <div class=\"col-md-12 mb-4 mb-md-0\">\n                  <div class=\"block-carousel-item\">\n                                        <img decoding=\"async\" class=\"w-100\" src=\"https:\/\/memo.museudapessoa.org\/vidas-indigenas-maranhao\/wp-content\/uploads\/sites\/24\/2023\/08\/placa-floresta_paje_kaapor-e1691435320835-1024x570.jpg\" alt=\"\" loading=\"lazy\">\n                                      <\/div>\n                <\/div>\n              <\/div>\n                          <div class=\"row\">\n                <div class=\"col-md-12 mb-4 mb-md-0\">\n                  <div class=\"block-carousel-item\">\n                                        <img decoding=\"async\" class=\"w-100\" src=\"https:\/\/memo.museudapessoa.org\/vidas-indigenas-maranhao\/wp-content\/uploads\/sites\/24\/2023\/08\/plantio_caru1-e1691435246736-1024x474.jpg\" alt=\"\" loading=\"lazy\">\n                                      <\/div>\n                <\/div>\n              <\/div>\n                    <\/div>\n      <\/div>\n    <\/div>\n  <\/div>\n<\/section>\n\n\n","protected":false},"excerpt":{"rendered":"<p>\u201cDar valor \u00e0 vida de cada \u00e1rvore, de cada pessoa e de suas hist\u00f3rias\u201d. Essa foi a fala de Vitor Guajajara, um dos participantes do projeto. Entrar em um museu n\u00e3o significa necessariamente ocupar um espa\u00e7o f\u00edsico. Ali\u00e1s, as hist\u00f3rias&#8230;<\/p>\n","protected":false},"author":4,"featured_media":0,"parent":0,"menu_order":0,"comment_status":"closed","ping_status":"closed","template":"","meta":{"_acf_changed":false,"footnotes":""},"class_list":["post-35","page","type-page","status-publish","hentry"],"acf":[],"yoast_head":"<!-- This site is optimized with the Yoast SEO plugin v23.3 - https:\/\/yoast.com\/wordpress\/plugins\/seo\/ -->\n<title>Floresta de hist\u00f3rias - VIDAS IND\u00cdGENAS MARANH\u00c3O<\/title>\n<meta name=\"robots\" content=\"index, follow, max-snippet:-1, max-image-preview:large, max-video-preview:-1\" \/>\n<link rel=\"canonical\" href=\"https:\/\/memo.museudapessoa.org\/vidas-indigenas-maranhao\/floresta-de-historias\/\" \/>\n<meta property=\"og:locale\" content=\"pt_BR\" \/>\n<meta property=\"og:type\" content=\"article\" \/>\n<meta property=\"og:title\" content=\"Floresta de hist\u00f3rias - VIDAS IND\u00cdGENAS MARANH\u00c3O\" \/>\n<meta property=\"og:description\" content=\"\u201cDar valor \u00e0 vida de cada \u00e1rvore, de cada pessoa e de suas hist\u00f3rias\u201d. Essa foi a fala de Vitor Guajajara, um dos participantes do projeto. Entrar em um museu n\u00e3o significa necessariamente ocupar um espa\u00e7o f\u00edsico. Ali\u00e1s, as hist\u00f3rias...\" \/>\n<meta property=\"og:url\" content=\"https:\/\/memo.museudapessoa.org\/vidas-indigenas-maranhao\/floresta-de-historias\/\" \/>\n<meta property=\"og:site_name\" content=\"VIDAS IND\u00cdGENAS MARANH\u00c3O\" \/>\n<meta property=\"article:modified_time\" content=\"2024-01-16T16:02:26+00:00\" \/>\n<meta name=\"twitter:card\" content=\"summary_large_image\" \/>\n<meta name=\"twitter:label1\" content=\"Est. tempo de leitura\" \/>\n\t<meta name=\"twitter:data1\" content=\"1 minuto\" \/>\n<script type=\"application\/ld+json\" class=\"yoast-schema-graph\">{\"@context\":\"https:\/\/schema.org\",\"@graph\":[{\"@type\":\"WebPage\",\"@id\":\"https:\/\/memo.museudapessoa.org\/vidas-indigenas-maranhao\/floresta-de-historias\/\",\"url\":\"https:\/\/memo.museudapessoa.org\/vidas-indigenas-maranhao\/floresta-de-historias\/\",\"name\":\"Floresta de hist\u00f3rias - VIDAS IND\u00cdGENAS MARANH\u00c3O\",\"isPartOf\":{\"@id\":\"https:\/\/memo.museudapessoa.org\/vidas-indigenas-maranhao\/#website\"},\"datePublished\":\"2023-08-02T14:06:45+00:00\",\"dateModified\":\"2024-01-16T16:02:26+00:00\",\"breadcrumb\":{\"@id\":\"https:\/\/memo.museudapessoa.org\/vidas-indigenas-maranhao\/floresta-de-historias\/#breadcrumb\"},\"inLanguage\":\"pt-BR\",\"potentialAction\":[{\"@type\":\"ReadAction\",\"target\":[\"https:\/\/memo.museudapessoa.org\/vidas-indigenas-maranhao\/floresta-de-historias\/\"]}]},{\"@type\":\"BreadcrumbList\",\"@id\":\"https:\/\/memo.museudapessoa.org\/vidas-indigenas-maranhao\/floresta-de-historias\/#breadcrumb\",\"itemListElement\":[{\"@type\":\"ListItem\",\"position\":1,\"name\":\"Home\",\"item\":\"https:\/\/memo.museudapessoa.org\/vidas-indigenas-maranhao\/\"},{\"@type\":\"ListItem\",\"position\":2,\"name\":\"Floresta de hist\u00f3rias\"}]},{\"@type\":\"WebSite\",\"@id\":\"https:\/\/memo.museudapessoa.org\/vidas-indigenas-maranhao\/#website\",\"url\":\"https:\/\/memo.museudapessoa.org\/vidas-indigenas-maranhao\/\",\"name\":\"VIDAS IND\u00cdGENAS MARANH\u00c3O\",\"description\":\"\",\"potentialAction\":[{\"@type\":\"SearchAction\",\"target\":{\"@type\":\"EntryPoint\",\"urlTemplate\":\"https:\/\/memo.museudapessoa.org\/vidas-indigenas-maranhao\/?s={search_term_string}\"},\"query-input\":\"required name=search_term_string\"}],\"inLanguage\":\"pt-BR\"}]}<\/script>\n<!-- \/ Yoast SEO plugin. -->","yoast_head_json":{"title":"Floresta de hist\u00f3rias - VIDAS IND\u00cdGENAS MARANH\u00c3O","robots":{"index":"index","follow":"follow","max-snippet":"max-snippet:-1","max-image-preview":"max-image-preview:large","max-video-preview":"max-video-preview:-1"},"canonical":"https:\/\/memo.museudapessoa.org\/vidas-indigenas-maranhao\/floresta-de-historias\/","og_locale":"pt_BR","og_type":"article","og_title":"Floresta de hist\u00f3rias - VIDAS IND\u00cdGENAS MARANH\u00c3O","og_description":"\u201cDar valor \u00e0 vida de cada \u00e1rvore, de cada pessoa e de suas hist\u00f3rias\u201d. Essa foi a fala de Vitor Guajajara, um dos participantes do projeto. Entrar em um museu n\u00e3o significa necessariamente ocupar um espa\u00e7o f\u00edsico. Ali\u00e1s, as hist\u00f3rias...","og_url":"https:\/\/memo.museudapessoa.org\/vidas-indigenas-maranhao\/floresta-de-historias\/","og_site_name":"VIDAS IND\u00cdGENAS MARANH\u00c3O","article_modified_time":"2024-01-16T16:02:26+00:00","twitter_card":"summary_large_image","twitter_misc":{"Est. tempo de leitura":"1 minuto"},"schema":{"@context":"https:\/\/schema.org","@graph":[{"@type":"WebPage","@id":"https:\/\/memo.museudapessoa.org\/vidas-indigenas-maranhao\/floresta-de-historias\/","url":"https:\/\/memo.museudapessoa.org\/vidas-indigenas-maranhao\/floresta-de-historias\/","name":"Floresta de hist\u00f3rias - VIDAS IND\u00cdGENAS MARANH\u00c3O","isPartOf":{"@id":"https:\/\/memo.museudapessoa.org\/vidas-indigenas-maranhao\/#website"},"datePublished":"2023-08-02T14:06:45+00:00","dateModified":"2024-01-16T16:02:26+00:00","breadcrumb":{"@id":"https:\/\/memo.museudapessoa.org\/vidas-indigenas-maranhao\/floresta-de-historias\/#breadcrumb"},"inLanguage":"pt-BR","potentialAction":[{"@type":"ReadAction","target":["https:\/\/memo.museudapessoa.org\/vidas-indigenas-maranhao\/floresta-de-historias\/"]}]},{"@type":"BreadcrumbList","@id":"https:\/\/memo.museudapessoa.org\/vidas-indigenas-maranhao\/floresta-de-historias\/#breadcrumb","itemListElement":[{"@type":"ListItem","position":1,"name":"Home","item":"https:\/\/memo.museudapessoa.org\/vidas-indigenas-maranhao\/"},{"@type":"ListItem","position":2,"name":"Floresta de hist\u00f3rias"}]},{"@type":"WebSite","@id":"https:\/\/memo.museudapessoa.org\/vidas-indigenas-maranhao\/#website","url":"https:\/\/memo.museudapessoa.org\/vidas-indigenas-maranhao\/","name":"VIDAS IND\u00cdGENAS MARANH\u00c3O","description":"","potentialAction":[{"@type":"SearchAction","target":{"@type":"EntryPoint","urlTemplate":"https:\/\/memo.museudapessoa.org\/vidas-indigenas-maranhao\/?s={search_term_string}"},"query-input":"required name=search_term_string"}],"inLanguage":"pt-BR"}]}},"_links":{"self":[{"href":"https:\/\/memo.museudapessoa.org\/vidas-indigenas-maranhao\/wp-json\/wp\/v2\/pages\/35"}],"collection":[{"href":"https:\/\/memo.museudapessoa.org\/vidas-indigenas-maranhao\/wp-json\/wp\/v2\/pages"}],"about":[{"href":"https:\/\/memo.museudapessoa.org\/vidas-indigenas-maranhao\/wp-json\/wp\/v2\/types\/page"}],"author":[{"embeddable":true,"href":"https:\/\/memo.museudapessoa.org\/vidas-indigenas-maranhao\/wp-json\/wp\/v2\/users\/4"}],"replies":[{"embeddable":true,"href":"https:\/\/memo.museudapessoa.org\/vidas-indigenas-maranhao\/wp-json\/wp\/v2\/comments?post=35"}],"version-history":[{"count":60,"href":"https:\/\/memo.museudapessoa.org\/vidas-indigenas-maranhao\/wp-json\/wp\/v2\/pages\/35\/revisions"}],"predecessor-version":[{"id":660,"href":"https:\/\/memo.museudapessoa.org\/vidas-indigenas-maranhao\/wp-json\/wp\/v2\/pages\/35\/revisions\/660"}],"wp:attachment":[{"href":"https:\/\/memo.museudapessoa.org\/vidas-indigenas-maranhao\/wp-json\/wp\/v2\/media?parent=35"}],"curies":[{"name":"wp","href":"https:\/\/api.w.org\/{rel}","templated":true}]}}